{"id":20693,"date":"2014-09-09T23:29:07","date_gmt":"2014-09-09T23:29:07","guid":{"rendered":"https:\/\/borflex-rex.ch\/infrastruttura-2\/"},"modified":"2016-11-10T21:33:34","modified_gmt":"2016-11-10T21:33:34","slug":"schienen-infrastruktur","status":"publish","type":"page","link":"https:\/\/borflex-rex.ch\/de\/schienen-infrastruktur\/","title":{"rendered":"Schieneninfrastruktur | Bahn\u00fcberg\u00e4nge, Gleisbettung &#038; Gleiskomponenten"},"content":{"rendered":"<p>[vc_row][vc_column][vc_empty_space height=&#8221;20px&#8221;][vc_custom_heading text=&#8221;Schieneninfrastruktur&#8221; font_container=&#8221;tag:h1|text_align:left&#8221; use_theme_fonts=&#8221;yes&#8221;][vc_custom_heading text=&#8221;Bahn\u00fcberg\u00e4nge, Schotterlose Gleisbettung &amp; Gleiskomponenten&#8221; font_container=&#8221;tag:h4|text_align:left|color:%23ffffff&#8221; use_theme_fonts=&#8221;yes&#8221;][\/vc_column][\/vc_row][vc_row][vc_column width=&#8221;2\/3&#8243;][vc_column_text] Bei unseren Produkten f\u00fcr die Bahninfrastruktur verbindet sich innovative Materialverwendung mit Schweizer Qualit\u00e4t. Informieren Sie sich hier \u00fcber unsere Produkte im Bereich der Bahninfrastruktur, wie z.B. Bahn\u00fcberg\u00e4nge, schotterlose Gleisbettung und verschiedene andere Gleiskomponenten. [\/vc_column_text][\/vc_column][vc_column width=&#8221;1\/3&#8243;][vc_column_text] Navigieren Sie hier zu unseren Produktkategorien im Schieneninfrastruktur Segment<\/p>\n<ul style=\"list-style-type: circle;\">\n<li><a href=\"#level-crossing\">Bahn\u00fcberg\u00e4nge<\/a><\/li>\n<li><a href=\"#ballastless-tracks\">Schotterlose Gleisbettung<\/a><\/li>\n<li><a href=\"https:\/\/borflex-rex.ch\/de\/rail-infrastruktur\/track-components\/\">Gleiskomponenten<\/a><\/li>\n<\/ul>\n<p>[\/vc_column_text][\/vc_column][\/vc_row][vc_row][vc_column][vc_column_text]<\/p>\n<h2 id=\"level-crossing\"><img loading=\"lazy\" class=\"alignright wp-image-21834 size-thumbnail\" title=\"Rubber Level Crossing - Rail Infrastructure\" src=\"https:\/\/borflex-rex.ch\/wp-content\/uploads\/2016\/07\/DSCN0476-150x150.jpg\" alt=\"Rubber Level Crossing - Rail Infrastructure\" width=\"150\" height=\"150\" srcset=\"https:\/\/borflex-rex.ch\/wp-content\/uploads\/2016\/07\/DSCN0476-150x150.jpg 150w, https:\/\/borflex-rex.ch\/wp-content\/uploads\/2016\/07\/DSCN0476-42x42.jpg 42w\" sizes=\"(max-width: 150px) 100vw, 150px\" \/><a href=\"https:\/\/borflex-rex.ch\/de\/schienen-infrastruktur\/bahnuebergang\/\">Bahn\u00fcberg\u00e4nge &#8211; Schieneninfrastruktur<\/a><\/h2>\n<p>Wir bieten Ihnen innovative und individuelle L\u00f6sungen f\u00fcr Ihren Bahn\u00fcbergang an. Dabei k\u00f6nnen je nach Bedarf verschiedene Materialien zum Einsatz kommen, z.B. Gummi, GFK oder eine Kombination aus Gummi und Beton. Bitte schauen Sie sich die \u00dcbersicht der einzelnen Produkte mit den jeweiligen Vorteilen und den Anwendungsf\u00e4llen an. [\/vc_column_text][\/vc_column][\/vc_row][vc_row][vc_column][vc_row_inner equal_height=&#8221;yes&#8221; content_placement=&#8221;top&#8221; gap=&#8221;4&#8243;][vc_column_inner width=&#8221;1\/3&#8243;][vc_custom_heading text=&#8221;Gummi-Beton-Bahn\u00fcbergang (RUBE)&#8221; font_container=&#8221;tag:h3|text_align:center&#8221; use_theme_fonts=&#8221;yes&#8221; link=&#8221;url:https%3A%2F%2Fborflex-rex.ch%2Fde%2Fschienen-infrastruktur%2Fbahnuebergang%2Fgummi-beton-bahnuebergang%2F||&#8221;][vc_single_image image=&#8221;21840&#8243; alignment=&#8221;center&#8221; css_animation=&#8221;appear&#8221;][vc_column_text] Das neue Swisscross RUBE\u00ae Model von vereint die Vorteile von Gummi und Beton-Bahn\u00fcberg\u00e4nge. [\/vc_column_text][vc_btn title=&#8221;Mehr Informationen&#8230;&#8221; align=&#8221;center&#8221; i_icon_fontawesome=&#8221;fa fa-lightbulb-o&#8221; css_animation=&#8221;left-to-right&#8221; link=&#8221;url:https%3A%2F%2Fborflex-rex.ch%2Fde%2Fschienen-infrastruktur%2Fbahnuebergang%2Fgummi-beton-bahnuebergang%2F||&#8221; add_icon=&#8221;true&#8221; button_block=&#8221;true&#8221;][\/vc_column_inner][vc_column_inner width=&#8221;1\/3&#8243;][vc_custom_heading text=&#8221;Gummi-Bahn\u00fcbergang (HD)&#8221; font_container=&#8221;tag:h3|text_align:center&#8221; use_theme_fonts=&#8221;yes&#8221; link=&#8221;url:https%3A%2F%2Fborflex-rex.ch%2Fde%2Fschienen-infrastruktur%2Fbahnuebergang%2Fgummi-bahnuebergang%2F||&#8221;][vc_single_image image=&#8221;21850&#8243; alignment=&#8221;center&#8221; css_animation=&#8221;appear&#8221;][vc_column_text] Ideal f\u00fcr Hochbelastungs-Schienen: Gute Belastungstoleranz, Vibrationsd\u00e4mpfung und Ger\u00e4uschreduzierung. [\/vc_column_text][vc_btn title=&#8221;Mehr Informationen&#8230;&#8221; align=&#8221;center&#8221; i_icon_fontawesome=&#8221;fa fa-lightbulb-o&#8221; css_animation=&#8221;left-to-right&#8221; link=&#8221;url:https%3A%2F%2Fborflex-rex.ch%2Fde%2Fschienen-infrastruktur%2Fbahnuebergang%2Fgummi-bahnuebergang%2F||&#8221; add_icon=&#8221;true&#8221; button_block=&#8221;true&#8221;][\/vc_column_inner][vc_column_inner width=&#8221;1\/3&#8243;][vc_custom_heading text=&#8221;Kunstharz Bahn\u00fcbergang (GFK)&#8221; font_container=&#8221;tag:h3|text_align:center&#8221; use_theme_fonts=&#8221;yes&#8221; link=&#8221;url:https%3A%2F%2Fborflex-rex.ch%2Fde%2Fschienen-infrastruktur%2Fbahnuebergang%2Fkunstharz-bahnuebergang%2F||&#8221;][vc_single_image image=&#8221;21861&#8243; alignment=&#8221;center&#8221; css_animation=&#8221;appear&#8221;][vc_column_text] Der Kunstharz-Bahn\u00fcbergang for Fu\u00dfg\u00e4nger- und Service-Bahn\u00fcberg\u00e4nge. Rutschschutz und resistenz gegen korrosive Umgebungen. [\/vc_column_text][vc_btn title=&#8221;Mehr Informationen&#8230;&#8221; align=&#8221;center&#8221; i_icon_fontawesome=&#8221;fa fa-lightbulb-o&#8221; css_animation=&#8221;left-to-right&#8221; link=&#8221;url:https%3A%2F%2Fborflex-rex.ch%2Fde%2Fschienen-infrastruktur%2Fbahnuebergang%2Fkunstharz-bahnuebergang%2F||&#8221; add_icon=&#8221;true&#8221; button_block=&#8221;true&#8221;][\/vc_column_inner][\/vc_row_inner][\/vc_column][\/vc_row][vc_row content_placement=&#8221;middle&#8221;][vc_column][vc_column_text]<\/p>\n<h2 id=\"ballastless-tracks\"><img loading=\"lazy\" class=\"alignright wp-image-21798 size-thumbnail\" title=\"Ballastless Tracks - Rail Infrastructure\" src=\"https:\/\/borflex-rex.ch\/wp-content\/uploads\/2016\/07\/Tunnell-1024x1024-150x150.jpg\" alt=\"Ballastless Tracks - Rails Infrastructure\" width=\"150\" height=\"150\" srcset=\"https:\/\/borflex-rex.ch\/wp-content\/uploads\/2016\/07\/Tunnell-1024x1024-150x150.jpg 150w, https:\/\/borflex-rex.ch\/wp-content\/uploads\/2016\/07\/Tunnell-1024x1024-42x42.jpg 42w\" sizes=\"(max-width: 150px) 100vw, 150px\" \/><a href=\"https:\/\/borflex-rex.ch\/de\/schienen-infrastruktur\/schotterlose-gleisbettung\/\">Schotterlose Gleisbettung &#8211; Schieneninfrastruktur<\/a><\/h2>\n<p>Die Verwendung von elastischen Polstern mit mikrozellularen Gummiprofilen mit hervorragenden statischen und dynamischen Charakteristiken, haben unsere Produkte im Bereich der Gleisbettung weltweit zum Einsatz gebracht. [\/vc_column_text][\/vc_column][\/vc_row][vc_row][vc_column][vc_row_inner equal_height=&#8221;yes&#8221; content_placement=&#8221;top&#8221; gap=&#8221;4&#8243;][vc_column_inner width=&#8221;1\/3&#8243;][vc_custom_heading text=&#8221;Gummif\u00fc\u00dfe f\u00fcr Bi-Block Bahnschwellen ohne Verbindungsst\u00fcck&#8221; font_container=&#8221;tag:h3|text_align:center&#8221; use_theme_fonts=&#8221;yes&#8221; link=&#8221;url:https%3A%2F%2Fborflex-rex.ch%2Fde%2Fschienen-infrastruktur%2Fschotterlose-gleisbettung%2Fgummifuesse-bahnschwellen-ohne-verbindungsstueck%2F||&#8221;][vc_single_image image=&#8221;21799&#8243; alignment=&#8221;center&#8221; css_animation=&#8221;appear&#8221;][vc_column_text] Gummif\u00fc\u00dfe f\u00fcr Bi-Block Bahnschwellen ohne Verbindungsst\u00fcck vom LVT-Typ wurden in der Transalpinen Bahnstrecke eingesetzt. [\/vc_column_text][vc_btn title=&#8221;Mehr Informationen&#8230;&#8221; align=&#8221;center&#8221; i_icon_fontawesome=&#8221;fa fa-lightbulb-o&#8221; css_animation=&#8221;left-to-right&#8221; link=&#8221;url:https%3A%2F%2Fborflex-rex.ch%2Fde%2Fschienen-infrastruktur%2Fschotterlose-gleisbettung%2Fgummifuesse-bahnschwellen-ohne-verbindungsstueck%2F||&#8221; add_icon=&#8221;true&#8221; button_block=&#8221;true&#8221;][\/vc_column_inner][vc_column_inner width=&#8221;1\/3&#8243;][vc_custom_heading text=&#8221;Gummif\u00fc\u00dfe f\u00fcr Bi-Block Bahnschwellen mit Verbindungsst\u00fcck&#8221; font_container=&#8221;tag:h3|text_align:center&#8221; use_theme_fonts=&#8221;yes&#8221; link=&#8221;url:https%3A%2F%2Fborflex-rex.ch%2Fde%2Fschienen-infrastruktur%2Fschotterlose-gleisbettung%2Fgummifuesse-bahnschwellen-mit-verbindungsstueck%2F||&#8221;][vc_single_image image=&#8221;21815&#8243; alignment=&#8221;center&#8221; css_animation=&#8221;appear&#8221;][vc_column_text] Gummif\u00fc\u00dfe f\u00fcr Bi-Block Bahnschwellen mit Verbindungsst\u00fcck wurden in vielen schweizer Tunnelprojekten und weltweit in Stra\u00dfenbahnprojekten eingesetzt. [\/vc_column_text][vc_btn title=&#8221;Mehr Informationen&#8230;&#8221; align=&#8221;center&#8221; i_icon_fontawesome=&#8221;fa fa-lightbulb-o&#8221; css_animation=&#8221;left-to-right&#8221; link=&#8221;url:https%3A%2F%2Fborflex-rex.ch%2Fde%2Fschienen-infrastruktur%2Fschotterlose-gleisbettung%2Fgummifuesse-bahnschwellen-mit-verbindungsstueck%2F||&#8221; add_icon=&#8221;true&#8221; button_block=&#8221;true&#8221;][\/vc_column_inner][vc_column_inner width=&#8221;1\/3&#8243;][vc_custom_heading text=&#8221;Gummif\u00fc\u00dfe und Polster f\u00fcr Stra\u00dfen- und U-bahn&#8221; font_container=&#8221;tag:h3|text_align:center&#8221; use_theme_fonts=&#8221;yes&#8221; link=&#8221;url:https%3A%2F%2Fborflex-rex.ch%2Fde%2Fschienen-infrastruktur%2Fschotterlose-gleisbettung%2Fgummifuesse-und-polster-strassenbahn-u-bahn%2F||&#8221;][vc_single_image image=&#8221;21133&#8243; alignment=&#8221;center&#8221; css_animation=&#8221;appear&#8221;][vc_column_text] Gleisbettung mit Gummif\u00fc\u00dfe und Polster f\u00fcr Stra\u00dfen- und U-bahnprojekten bei denen statische und dynamische Steifheit wichtig ist. [\/vc_column_text][vc_btn title=&#8221;Mehr Informationen&#8230;&#8221; align=&#8221;center&#8221; i_icon_fontawesome=&#8221;fa fa-lightbulb-o&#8221; css_animation=&#8221;left-to-right&#8221; link=&#8221;url:https%3A%2F%2Fborflex-rex.ch%2Fde%2Fschienen-infrastruktur%2Fschotterlose-gleisbettung%2Fgummifuesse-und-polster-strassenbahn-u-bahn%2F||&#8221; add_icon=&#8221;true&#8221; button_block=&#8221;true&#8221;][\/vc_column_inner][\/vc_row_inner][\/vc_column][\/vc_row][vc_row content_placement=&#8221;middle&#8221;][vc_column][vc_column_text]<\/p>\n<h2 id=\"track-components\"><img loading=\"lazy\" class=\"alignright wp-image-21135 size-thumbnail\" title=\"Railpads - Rail Infrastructure\" src=\"https:\/\/borflex-rex.ch\/wp-content\/uploads\/2014\/07\/A1-150x150.jpg\" alt=\"Railpads - Rails Infrastructure\" width=\"150\" height=\"150\" srcset=\"https:\/\/borflex-rex.ch\/wp-content\/uploads\/2014\/07\/A1-150x150.jpg 150w, https:\/\/borflex-rex.ch\/wp-content\/uploads\/2014\/07\/A1-42x42.jpg 42w\" sizes=\"(max-width: 150px) 100vw, 150px\" \/><\/h2>\n<h2><a href=\"https:\/\/borflex-rex.ch\/de\/schienen-infrastruktur\/gleiskomponenten\/\">Gleiskomponenten \u00a0&#8211; Schieneninfrastruktur<\/a><\/h2>\n<p>Wir unterst\u00fctzen und f\u00f6rdern unsere Ingenieure bei der Auswahl und Weiterentwicklung der Materialen. Unsere weitreichende Simulationssysteme und voll ausgestatteten Labore sind speziell auf die Analyse und Optimierungsvorgaben unserer Kunden ausgelegt. Wir arbeiten in enger Kooperation mit den weltweit anerkannten Instituten aus der Eisenbahn-Industrie. [\/vc_column_text][\/vc_column][\/vc_row][vc_row][vc_column][vc_row_inner equal_height=&#8221;yes&#8221; content_placement=&#8221;top&#8221; gap=&#8221;4&#8243;][vc_column_inner width=&#8221;1\/4&#8243;][vc_custom_heading text=&#8221;Gleispolster und Grundplatten&#8221; font_container=&#8221;tag:h3|text_align:center&#8221; use_theme_fonts=&#8221;yes&#8221; link=&#8221;url:https%3A%2F%2Fborflex-rex.ch%2Fde%2Fschienen-infrastruktur%2Fgleiskomponenten%2Fgleispolster-grundplatten%2F|title:Gleispolster%20und%20Grundplatten|&#8221;][vc_single_image image=&#8221;19638&#8243; alignment=&#8221;center&#8221; css_animation=&#8221;appear&#8221;][vc_column_text] Unsere Gleispolster und Grundplatten aus hochwertigem Gummi reduzieren die Schockenergie von vorbeifahrenden Z\u00fcgen. [\/vc_column_text][vc_btn title=&#8221;Mehr Informationen&#8230;&#8221; align=&#8221;center&#8221; i_icon_fontawesome=&#8221;fa fa-lightbulb-o&#8221; css_animation=&#8221;left-to-right&#8221; link=&#8221;url:https%3A%2F%2Fborflex-rex.ch%2Fde%2Fschienen-infrastruktur%2Fgleiskomponenten%2Fgleispolster-grundplatten%2F||&#8221; add_icon=&#8221;true&#8221; button_block=&#8221;true&#8221;][\/vc_column_inner][vc_column_inner width=&#8221;1\/4&#8243;][vc_custom_heading text=&#8221;Schienenschall-schutz&#8221; font_container=&#8221;tag:h3|text_align:center&#8221; use_theme_fonts=&#8221;yes&#8221; link=&#8221;url:https%3A%2F%2Fborflex-rex.ch%2Fde%2Fschienen-infrastruktur%2Fgleiskomponenten%2Fschienenschallschutz%2F|title:Schienenschallschutz|&#8221;][vc_single_image image=&#8221;21137&#8243; alignment=&#8221;center&#8221; css_animation=&#8221;appear&#8221;][vc_column_text] Reduzieren Sie die Ger\u00e4uschentwicklung durch unser speziellen Schienschallschutz-Produkte bis\u00a0 zu 5 Dezibel. [\/vc_column_text][vc_btn title=&#8221;Mehr Informationen&#8230;&#8221; align=&#8221;center&#8221; i_icon_fontawesome=&#8221;fa fa-lightbulb-o&#8221; css_animation=&#8221;left-to-right&#8221; link=&#8221;url:https%3A%2F%2Fborflex-rex.ch%2Fde%2Fschienen-infrastruktur%2Fgleiskomponenten%2Fschienenschallschutz%2F||&#8221; add_icon=&#8221;true&#8221; button_block=&#8221;true&#8221;][\/vc_column_inner][vc_column_inner width=&#8221;1\/4&#8243;][vc_custom_heading text=&#8221;Schienenkissen&#8221; font_container=&#8221;tag:h3|text_align:center&#8221; use_theme_fonts=&#8221;yes&#8221; link=&#8221;url:https%3A%2F%2Fborflex-rex.ch%2Fde%2Fschienen-infrastruktur%2Fgleiskomponenten%2Fschienenkissen%2F|title:Schienenkissen|&#8221;][vc_single_image image=&#8221;21141&#8243; alignment=&#8221;center&#8221; css_animation=&#8221;appear&#8221;][vc_column_text] Schienenkissen aus speziellen Gummi-Agglomeraten verringern die L\u00e4rm-Emissionen der Schienen betr\u00e4chtlich. [\/vc_column_text][vc_btn title=&#8221;Mehr Informationen&#8230;&#8221; align=&#8221;center&#8221; i_icon_fontawesome=&#8221;fa fa-lightbulb-o&#8221; css_animation=&#8221;left-to-right&#8221; link=&#8221;url:https%3A%2F%2Fborflex-rex.ch%2Fde%2Fschienen-infrastruktur%2Fgleiskomponenten%2Fschienenkissen%2F||&#8221; add_icon=&#8221;true&#8221; button_block=&#8221;true&#8221;][\/vc_column_inner][vc_column_inner width=&#8221;1\/4&#8243;][vc_custom_heading text=&#8221;Unterschotter-platten&#8221; font_container=&#8221;tag:h3|text_align:center&#8221; use_theme_fonts=&#8221;yes&#8221; link=&#8221;url:https%3A%2F%2Fborflex-rex.ch%2Fde%2Fschienen-infrastruktur%2Fgleiskomponenten%2Funterschotterplatten%2F|title:Unterschotterplatten|&#8221;][vc_single_image image=&#8221;21140&#8243; alignment=&#8221;center&#8221; css_animation=&#8221;appear&#8221;][vc_column_text]<\/p>\n<p>Die Unterschotterplatten sind aus Gummi-Polyurethan Mischungen hergestellt und speziell f\u00fcr Eisenbahnkonstruktionen getestet.<\/p>\n<p>[\/vc_column_text][vc_btn title=&#8221;Mehr Informationen&#8230;&#8221; align=&#8221;center&#8221; i_icon_fontawesome=&#8221;fa fa-lightbulb-o&#8221; css_animation=&#8221;left-to-right&#8221; link=&#8221;url:https%3A%2F%2Fborflex-rex.ch%2Fde%2Fschienen-infrastruktur%2Fgleiskomponenten%2Funterschotterplatten%2F||&#8221; add_icon=&#8221;true&#8221; button_block=&#8221;true&#8221;][\/vc_column_inner][\/vc_row_inner][\/vc_column][\/vc_row][vc_row][vc_column][\/vc_column][\/vc_row]<\/p>\n","protected":false},"excerpt":{"rendered":"<p>[vc_row][vc_column][vc_empty_space height=&#8221;20px&#8221;][vc_custom_heading text=&#8221;Schieneninfrastruktur&#8221; font_container=&#8221;tag:h1|text_align:left&#8221; use_theme_fonts=&#8221;yes&#8221;][vc_custom_heading text=&#8221;Bahn\u00fcberg\u00e4nge, Schotterlose Gleisbettung &amp; Gleiskomponenten&#8221; font_container=&#8221;tag:h4|text_align:left|color:%23ffffff&#8221; use_theme_fonts=&#8221;yes&#8221;][\/vc_column][\/vc_row][vc_row][vc_column width=&#8221;2\/3&#8243;][vc_column_text] Bei unseren Produkten f\u00fcr die Bahninfrastruktur verbindet sich innovative Materialverwendung mit Schweizer Qualit\u00e4t. Informieren Sie sich hier \u00fcber unsere Produkte im Bereich der Bahninfrastruktur, wie z.B. Bahn\u00fcberg\u00e4nge, schotterlose Gleisbettung und verschiedene andere Gleiskomponenten. [\/vc_column_text][\/vc_column][vc_column width=&#8221;1\/3&#8243;][vc_column_text] Navigieren Sie hier zu unseren Produktkategorien im [&hellip;]<\/p>\n","protected":false},"author":23,"featured_media":0,"parent":0,"menu_order":0,"comment_status":"closed","ping_status":"closed","template":"","meta":[],"yoast_head":"<!-- This site is optimized with the Yoast SEO plugin v17.3 - https:\/\/yoast.com\/wordpress\/plugins\/seo\/ -->\n<title>Schieneninfrastruktur Innovations von REX Articoli Tecnici SA<\/title>\n<meta name=\"description\" content=\"Unsere Schieneninfrastruktur Produkte wie Bahn\u00fcberg\u00e4nge, Schottergleise und Schienenkomponenten kombinieren unseren innovativen Materialeinsatz mit schweizer Qualit\u00e4t.\" \/>\n<meta name=\"robots\" content=\"index, follow, max-snippet:-1, max-image-preview:large, max-video-preview:-1\" \/>\n<link rel=\"canonical\" href=\"https:\/\/borflex-rex.ch\/de\/schienen-infrastruktur\/\" \/>\n<meta property=\"og:locale\" content=\"de_DE\" \/>\n<meta property=\"og:type\" content=\"article\" \/>\n<meta property=\"og:title\" content=\"Schieneninfrastruktur Innovations von REX Articoli Tecnici SA\" \/>\n<meta property=\"og:description\" content=\"Unsere Schieneninfrastruktur Produkte wie Bahn\u00fcberg\u00e4nge, Schottergleise und Schienenkomponenten kombinieren unseren innovativen Materialeinsatz mit schweizer Qualit\u00e4t.\" \/>\n<meta property=\"og:url\" content=\"https:\/\/borflex-rex.ch\/de\/schienen-infrastruktur\/\" \/>\n<meta property=\"og:site_name\" content=\"Borflex Rex SA\" \/>\n<meta property=\"article:publisher\" content=\"https:\/\/www.facebook.com\/Rex-Articoli-Tecnici-SA-538626436317023\/?fref=ts\" \/>\n<meta property=\"article:modified_time\" content=\"2016-11-10T21:33:34+00:00\" \/>\n<meta property=\"og:image\" content=\"https:\/\/borflex-rex.ch\/wp-content\/uploads\/2016\/07\/DSCN0476-150x150.jpg\" \/>\n<meta name=\"twitter:label1\" content=\"Gesch\u00e4tzte Lesezeit\" \/>\n\t<meta name=\"twitter:data1\" content=\"7\u00a0Minuten\" \/>\n<script type=\"application\/ld+json\" class=\"yoast-schema-graph\">{\"@context\":\"https:\/\/schema.org\",\"@graph\":[{\"@type\":\"Organization\",\"@id\":\"https:\/\/borflex-rex.ch\/de\/#organization\",\"name\":\"Borflex Rex SA\",\"url\":\"https:\/\/borflex-rex.ch\/de\/\",\"sameAs\":[\"https:\/\/www.facebook.com\/Rex-Articoli-Tecnici-SA-538626436317023\/?fref=ts\",\"https:\/\/www.linkedin.com\/company\/rex-articoli-tecnici-sa\",\"https:\/\/www.youtube.com\/channel\/UC5bX_Xfx-7axBmeRH-N7JXQ\"],\"logo\":{\"@type\":\"ImageObject\",\"@id\":\"https:\/\/borflex-rex.ch\/de\/#logo\",\"inLanguage\":\"de\",\"url\":\"https:\/\/borflex-rex.ch\/wp-content\/uploads\/2016\/05\/Rex-Logo.png\",\"contentUrl\":\"https:\/\/borflex-rex.ch\/wp-content\/uploads\/2016\/05\/Rex-Logo.png\",\"width\":172,\"height\":50,\"caption\":\"Borflex Rex SA\"},\"image\":{\"@id\":\"https:\/\/borflex-rex.ch\/de\/#logo\"}},{\"@type\":\"WebSite\",\"@id\":\"https:\/\/borflex-rex.ch\/de\/#website\",\"url\":\"https:\/\/borflex-rex.ch\/de\/\",\"name\":\"Borflex Rex SA\",\"description\":\"\",\"publisher\":{\"@id\":\"https:\/\/borflex-rex.ch\/de\/#organization\"},\"potentialAction\":[{\"@type\":\"SearchAction\",\"target\":{\"@type\":\"EntryPoint\",\"urlTemplate\":\"https:\/\/borflex-rex.ch\/de\/?s={search_term_string}\"},\"query-input\":\"required name=search_term_string\"}],\"inLanguage\":\"de\"},{\"@type\":\"ImageObject\",\"@id\":\"https:\/\/borflex-rex.ch\/de\/schienen-infrastruktur\/#primaryimage\",\"inLanguage\":\"de\",\"url\":\"https:\/\/borflex-rex.ch\/wp-content\/uploads\/2016\/07\/DSCN0476.jpg\",\"contentUrl\":\"https:\/\/borflex-rex.ch\/wp-content\/uploads\/2016\/07\/DSCN0476.jpg\",\"width\":600,\"height\":418,\"caption\":\"Rubber Level Crossing - Rails Infrastructure\"},{\"@type\":\"WebPage\",\"@id\":\"https:\/\/borflex-rex.ch\/de\/schienen-infrastruktur\/#webpage\",\"url\":\"https:\/\/borflex-rex.ch\/de\/schienen-infrastruktur\/\",\"name\":\"Schieneninfrastruktur Innovations von REX Articoli Tecnici SA\",\"isPartOf\":{\"@id\":\"https:\/\/borflex-rex.ch\/de\/#website\"},\"primaryImageOfPage\":{\"@id\":\"https:\/\/borflex-rex.ch\/de\/schienen-infrastruktur\/#primaryimage\"},\"datePublished\":\"2014-09-09T23:29:07+00:00\",\"dateModified\":\"2016-11-10T21:33:34+00:00\",\"description\":\"Unsere Schieneninfrastruktur Produkte wie Bahn\\u00fcberg\\u00e4nge, Schottergleise und Schienenkomponenten kombinieren unseren innovativen Materialeinsatz mit schweizer Qualit\\u00e4t.\",\"breadcrumb\":{\"@id\":\"https:\/\/borflex-rex.ch\/de\/schienen-infrastruktur\/#breadcrumb\"},\"inLanguage\":\"de\",\"potentialAction\":[{\"@type\":\"ReadAction\",\"target\":[\"https:\/\/borflex-rex.ch\/de\/schienen-infrastruktur\/\"]}]},{\"@type\":\"BreadcrumbList\",\"@id\":\"https:\/\/borflex-rex.ch\/de\/schienen-infrastruktur\/#breadcrumb\",\"itemListElement\":[{\"@type\":\"ListItem\",\"position\":1,\"name\":\"Home\",\"item\":\"https:\/\/borflex-rex.ch\/de\/\"},{\"@type\":\"ListItem\",\"position\":2,\"name\":\"Schieneninfrastruktur | Bahn\\u00fcberg\\u00e4nge, Gleisbettung &#038; Gleiskomponenten\"}]}]}<\/script>\n<!-- \/ Yoast SEO plugin. -->","yoast_head_json":{"title":"Schieneninfrastruktur Innovations von REX Articoli Tecnici SA","description":"Unsere Schieneninfrastruktur Produkte wie Bahn\u00fcberg\u00e4nge, Schottergleise und Schienenkomponenten kombinieren unseren innovativen Materialeinsatz mit schweizer Qualit\u00e4t.","robots":{"index":"index","follow":"follow","max-snippet":"max-snippet:-1","max-image-preview":"max-image-preview:large","max-video-preview":"max-video-preview:-1"},"canonical":"https:\/\/borflex-rex.ch\/de\/schienen-infrastruktur\/","og_locale":"de_DE","og_type":"article","og_title":"Schieneninfrastruktur Innovations von REX Articoli Tecnici SA","og_description":"Unsere Schieneninfrastruktur Produkte wie Bahn\u00fcberg\u00e4nge, Schottergleise und Schienenkomponenten kombinieren unseren innovativen Materialeinsatz mit schweizer Qualit\u00e4t.","og_url":"https:\/\/borflex-rex.ch\/de\/schienen-infrastruktur\/","og_site_name":"Borflex Rex SA","article_publisher":"https:\/\/www.facebook.com\/Rex-Articoli-Tecnici-SA-538626436317023\/?fref=ts","article_modified_time":"2016-11-10T21:33:34+00:00","og_image":[{"url":"https:\/\/borflex-rex.ch\/wp-content\/uploads\/2016\/07\/DSCN0476-150x150.jpg"}],"twitter_misc":{"Gesch\u00e4tzte Lesezeit":"7\u00a0Minuten"},"schema":{"@context":"https:\/\/schema.org","@graph":[{"@type":"Organization","@id":"https:\/\/borflex-rex.ch\/de\/#organization","name":"Borflex Rex SA","url":"https:\/\/borflex-rex.ch\/de\/","sameAs":["https:\/\/www.facebook.com\/Rex-Articoli-Tecnici-SA-538626436317023\/?fref=ts","https:\/\/www.linkedin.com\/company\/rex-articoli-tecnici-sa","https:\/\/www.youtube.com\/channel\/UC5bX_Xfx-7axBmeRH-N7JXQ"],"logo":{"@type":"ImageObject","@id":"https:\/\/borflex-rex.ch\/de\/#logo","inLanguage":"de","url":"https:\/\/borflex-rex.ch\/wp-content\/uploads\/2016\/05\/Rex-Logo.png","contentUrl":"https:\/\/borflex-rex.ch\/wp-content\/uploads\/2016\/05\/Rex-Logo.png","width":172,"height":50,"caption":"Borflex Rex SA"},"image":{"@id":"https:\/\/borflex-rex.ch\/de\/#logo"}},{"@type":"WebSite","@id":"https:\/\/borflex-rex.ch\/de\/#website","url":"https:\/\/borflex-rex.ch\/de\/","name":"Borflex Rex SA","description":"","publisher":{"@id":"https:\/\/borflex-rex.ch\/de\/#organization"},"potentialAction":[{"@type":"SearchAction","target":{"@type":"EntryPoint","urlTemplate":"https:\/\/borflex-rex.ch\/de\/?s={search_term_string}"},"query-input":"required name=search_term_string"}],"inLanguage":"de"},{"@type":"ImageObject","@id":"https:\/\/borflex-rex.ch\/de\/schienen-infrastruktur\/#primaryimage","inLanguage":"de","url":"https:\/\/borflex-rex.ch\/wp-content\/uploads\/2016\/07\/DSCN0476.jpg","contentUrl":"https:\/\/borflex-rex.ch\/wp-content\/uploads\/2016\/07\/DSCN0476.jpg","width":600,"height":418,"caption":"Rubber Level Crossing - Rails Infrastructure"},{"@type":"WebPage","@id":"https:\/\/borflex-rex.ch\/de\/schienen-infrastruktur\/#webpage","url":"https:\/\/borflex-rex.ch\/de\/schienen-infrastruktur\/","name":"Schieneninfrastruktur Innovations von REX Articoli Tecnici SA","isPartOf":{"@id":"https:\/\/borflex-rex.ch\/de\/#website"},"primaryImageOfPage":{"@id":"https:\/\/borflex-rex.ch\/de\/schienen-infrastruktur\/#primaryimage"},"datePublished":"2014-09-09T23:29:07+00:00","dateModified":"2016-11-10T21:33:34+00:00","description":"Unsere Schieneninfrastruktur Produkte wie Bahn\u00fcberg\u00e4nge, Schottergleise und Schienenkomponenten kombinieren unseren innovativen Materialeinsatz mit schweizer Qualit\u00e4t.","breadcrumb":{"@id":"https:\/\/borflex-rex.ch\/de\/schienen-infrastruktur\/#breadcrumb"},"inLanguage":"de","potentialAction":[{"@type":"ReadAction","target":["https:\/\/borflex-rex.ch\/de\/schienen-infrastruktur\/"]}]},{"@type":"BreadcrumbList","@id":"https:\/\/borflex-rex.ch\/de\/schienen-infrastruktur\/#breadcrumb","itemListElement":[{"@type":"ListItem","position":1,"name":"Home","item":"https:\/\/borflex-rex.ch\/de\/"},{"@type":"ListItem","position":2,"name":"Schieneninfrastruktur | Bahn\u00fcberg\u00e4nge, Gleisbettung &#038; Gleiskomponenten"}]}]}},"_links":{"self":[{"href":"https:\/\/borflex-rex.ch\/de\/wp-json\/wp\/v2\/pages\/20693"}],"collection":[{"href":"https:\/\/borflex-rex.ch\/de\/wp-json\/wp\/v2\/pages"}],"about":[{"href":"https:\/\/borflex-rex.ch\/de\/wp-json\/wp\/v2\/types\/page"}],"author":[{"embeddable":true,"href":"https:\/\/borflex-rex.ch\/de\/wp-json\/wp\/v2\/users\/23"}],"replies":[{"embeddable":true,"href":"https:\/\/borflex-rex.ch\/de\/wp-json\/wp\/v2\/comments?post=20693"}],"version-history":[{"count":0,"href":"https:\/\/borflex-rex.ch\/de\/wp-json\/wp\/v2\/pages\/20693\/revisions"}],"wp:attachment":[{"href":"https:\/\/borflex-rex.ch\/de\/wp-json\/wp\/v2\/media?parent=20693"}],"curies":[{"name":"wp","href":"https:\/\/api.w.org\/{rel}","templated":true}]}}