{"id":20835,"date":"2014-09-10T01:15:47","date_gmt":"2014-09-10T01:15:47","guid":{"rendered":"http:\/\/rex2016.wpengine.com\/material-combinations-2\/"},"modified":"2020-04-16T22:01:59","modified_gmt":"2020-04-16T21:01:59","slug":"werkstoffkombinationen","status":"publish","type":"page","link":"https:\/\/borflex-rex.ch\/de\/werkstoffkombinationen\/","title":{"rendered":"Werkstoffkombinationen"},"content":{"rendered":"\t\t<div data-elementor-type=\"wp-page\" data-elementor-id=\"20835\" class=\"elementor elementor-20835 elementor-1283\" data-elementor-settings=\"[]\">\n\t\t\t\t\t\t<div class=\"elementor-inner\">\n\t\t\t\t\t\t\t<div class=\"elementor-section-wrap\">\n\t\t\t\t\t\t\t<section class=\"elementor-section elementor-top-section elementor-element elementor-element-59d33fe elementor-section-boxed elementor-section-height-default elementor-section-height-default\" data-id=\"59d33fe\" data-element_type=\"section\">\n\t\t\t\t\t\t<div class=\"elementor-container elementor-column-gap-default\">\n\t\t\t\t\t\t\t<div class=\"elementor-row\">\n\t\t\t\t\t<div class=\"elementor-column elementor-col-100 elementor-top-column elementor-element elementor-element-42fd7e7\" data-id=\"42fd7e7\" data-element_type=\"column\">\n\t\t\t<div class=\"elementor-column-wrap elementor-element-populated\">\n\t\t\t\t\t\t\t<div class=\"elementor-widget-wrap\">\n\t\t\t\t\t\t<div class=\"elementor-element elementor-element-e2aaa9f elementor-widget elementor-widget-heading\" data-id=\"e2aaa9f\" data-element_type=\"widget\" data-widget_type=\"heading.default\">\n\t\t\t\t<div class=\"elementor-widget-container\">\n\t\t\t<h2 class=\"elementor-heading-title elementor-size-default\">Werkstoffkombinationen<\/h2>\t\t<\/div>\n\t\t\t\t<\/div>\n\t\t\t\t\t\t<\/div>\n\t\t\t\t\t<\/div>\n\t\t<\/div>\n\t\t\t\t\t\t\t\t<\/div>\n\t\t\t\t\t<\/div>\n\t\t<\/section>\n\t\t\t\t<section class=\"elementor-section elementor-top-section elementor-element elementor-element-6d361f9 elementor-section-boxed elementor-section-height-default elementor-section-height-default\" data-id=\"6d361f9\" data-element_type=\"section\">\n\t\t\t\t\t\t<div class=\"elementor-container elementor-column-gap-default\">\n\t\t\t\t\t\t\t<div class=\"elementor-row\">\n\t\t\t\t\t<div class=\"elementor-column elementor-col-50 elementor-top-column elementor-element elementor-element-c590a09\" data-id=\"c590a09\" data-element_type=\"column\">\n\t\t\t<div class=\"elementor-column-wrap elementor-element-populated\">\n\t\t\t\t\t\t\t<div class=\"elementor-widget-wrap\">\n\t\t\t\t\t\t<div class=\"elementor-element elementor-element-1abdad6 elementor-widget elementor-widget-text-editor\" data-id=\"1abdad6\" data-element_type=\"widget\" data-widget_type=\"text-editor.default\">\n\t\t\t\t<div class=\"elementor-widget-container\">\n\t\t\t\t\t\t\t\t<div class=\"elementor-text-editor elementor-clearfix\">\n\t\t\t\t<p>Rex Articoli Tecnici SA entwickelt eigene Rezepturen, die von den zust\u00e4ndigen Beh\u00f6rden genehmigt werden. So steht eine grosse Menge bereits zertifizierter Mischung u.a. f\u00fcr den Kontakt mit Trinkwasser (<strong>UBA<\/strong>, <strong>W-270<\/strong>, <strong>WRC BS 6920<\/strong> und andere), mit Lebensmitteln (<strong>FDA konform<\/strong>), sowie mit speziellenFlammschutzeigenschaften(<strong>EN 45545<\/strong>, <strong>DIN 5510<\/strong>, <strong>NFF 16101<\/strong>, u.a.) zur Verf\u00fcgung.<\/p>\n<div id=\"gtx-trans\" style=\"position: absolute; left: 511px; top: 86px;\">\n<div class=\"gtx-trans-icon\">\u00a0<\/div>\n<\/div>\n\t\t\t\t\t<\/div>\n\t\t\t\t\t\t<\/div>\n\t\t\t\t<\/div>\n\t\t\t\t\t\t<\/div>\n\t\t\t\t\t<\/div>\n\t\t<\/div>\n\t\t\t\t<div class=\"elementor-column elementor-col-50 elementor-top-column elementor-element elementor-element-bbfaaa1\" data-id=\"bbfaaa1\" data-element_type=\"column\">\n\t\t\t<div class=\"elementor-column-wrap elementor-element-populated\">\n\t\t\t\t\t\t\t<div class=\"elementor-widget-wrap\">\n\t\t\t\t\t\t<div class=\"elementor-element elementor-element-440204a elementor-widget elementor-widget-image\" data-id=\"440204a\" data-element_type=\"widget\" data-widget_type=\"image.default\">\n\t\t\t\t<div class=\"elementor-widget-container\">\n\t\t\t\t\t\t\t\t<div class=\"elementor-image\">\n\t\t\t\t\t\t\t\t\t\t\t\t<img width=\"249\" height=\"250\" src=\"https:\/\/borflex-rex.ch\/wp-content\/uploads\/2019\/12\/materiali-1.jpg\" class=\"attachment-large size-large\" alt=\"\" loading=\"lazy\" srcset=\"https:\/\/borflex-rex.ch\/wp-content\/uploads\/2019\/12\/materiali-1.jpg 249w, https:\/\/borflex-rex.ch\/wp-content\/uploads\/2019\/12\/materiali-1-150x150.jpg 150w\" sizes=\"(max-width: 249px) 100vw, 249px\" \/>\t\t\t\t\t\t\t\t\t\t\t\t\t\t<\/div>\n\t\t\t\t\t\t<\/div>\n\t\t\t\t<\/div>\n\t\t\t\t\t\t<\/div>\n\t\t\t\t\t<\/div>\n\t\t<\/div>\n\t\t\t\t\t\t\t\t<\/div>\n\t\t\t\t\t<\/div>\n\t\t<\/section>\n\t\t\t\t\t\t<\/div>\n\t\t\t\t\t\t<\/div>\n\t\t\t\t\t<\/div>\n\t\t","protected":false},"excerpt":{"rendered":"<p>Werkstoffkombinationen Rex Articoli Tecnici SA entwickelt eigene Rezepturen, die von den zust\u00e4ndigen Beh\u00f6rden genehmigt werden. So steht eine grosse Menge bereits zertifizierter Mischung u.a. f\u00fcr den Kontakt mit Trinkwasser (UBA, W-270, WRC BS 6920 und andere), mit Lebensmitteln (FDA konform), sowie mit speziellenFlammschutzeigenschaften(EN 45545, DIN 5510, NFF 16101, u.a.) zur Verf\u00fcgung. \u00a0<\/p>\n","protected":false},"author":23,"featured_media":0,"parent":0,"menu_order":0,"comment_status":"closed","ping_status":"closed","template":"","meta":[],"yoast_head":"<!-- This site is optimized with the Yoast SEO plugin v17.3 - https:\/\/yoast.com\/wordpress\/plugins\/seo\/ -->\n<title>Material Combinations | REX Articoli Tecnici SA<\/title>\n<meta name=\"description\" content=\"Material Combinations is one of the most distinguishing features of REX Articoli Tecnici SA. Visit our website to learn more.\" \/>\n<meta name=\"robots\" content=\"index, follow, max-snippet:-1, max-image-preview:large, max-video-preview:-1\" \/>\n<link rel=\"canonical\" href=\"https:\/\/borflex-rex.ch\/de\/werkstoffkombinationen\/\" \/>\n<meta property=\"og:locale\" content=\"de_DE\" \/>\n<meta property=\"og:type\" content=\"article\" \/>\n<meta property=\"og:title\" content=\"Material Combinations | REX Articoli Tecnici SA\" \/>\n<meta property=\"og:description\" content=\"Material Combinations is one of the most distinguishing features of REX Articoli Tecnici SA. Visit our website to learn more.\" \/>\n<meta property=\"og:url\" content=\"https:\/\/borflex-rex.ch\/de\/werkstoffkombinationen\/\" \/>\n<meta property=\"og:site_name\" content=\"Borflex Rex SA\" \/>\n<meta property=\"article:publisher\" content=\"https:\/\/www.facebook.com\/Rex-Articoli-Tecnici-SA-538626436317023\/?fref=ts\" \/>\n<meta property=\"article:modified_time\" content=\"2020-04-16T21:01:59+00:00\" \/>\n<meta property=\"og:image\" content=\"https:\/\/borflex-rex.ch\/wp-content\/uploads\/2019\/12\/materiali-1.jpg\" \/>\n<script type=\"application\/ld+json\" class=\"yoast-schema-graph\">{\"@context\":\"https:\/\/schema.org\",\"@graph\":[{\"@type\":\"Organization\",\"@id\":\"https:\/\/borflex-rex.ch\/de\/#organization\",\"name\":\"Borflex Rex SA\",\"url\":\"https:\/\/borflex-rex.ch\/de\/\",\"sameAs\":[\"https:\/\/www.facebook.com\/Rex-Articoli-Tecnici-SA-538626436317023\/?fref=ts\",\"https:\/\/www.linkedin.com\/company\/rex-articoli-tecnici-sa\",\"https:\/\/www.youtube.com\/channel\/UC5bX_Xfx-7axBmeRH-N7JXQ\"],\"logo\":{\"@type\":\"ImageObject\",\"@id\":\"https:\/\/borflex-rex.ch\/de\/#logo\",\"inLanguage\":\"de\",\"url\":\"https:\/\/borflex-rex.ch\/wp-content\/uploads\/2016\/05\/Rex-Logo.png\",\"contentUrl\":\"https:\/\/borflex-rex.ch\/wp-content\/uploads\/2016\/05\/Rex-Logo.png\",\"width\":172,\"height\":50,\"caption\":\"Borflex Rex SA\"},\"image\":{\"@id\":\"https:\/\/borflex-rex.ch\/de\/#logo\"}},{\"@type\":\"WebSite\",\"@id\":\"https:\/\/borflex-rex.ch\/de\/#website\",\"url\":\"https:\/\/borflex-rex.ch\/de\/\",\"name\":\"Borflex Rex SA\",\"description\":\"\",\"publisher\":{\"@id\":\"https:\/\/borflex-rex.ch\/de\/#organization\"},\"potentialAction\":[{\"@type\":\"SearchAction\",\"target\":{\"@type\":\"EntryPoint\",\"urlTemplate\":\"https:\/\/borflex-rex.ch\/de\/?s={search_term_string}\"},\"query-input\":\"required name=search_term_string\"}],\"inLanguage\":\"de\"},{\"@type\":\"ImageObject\",\"@id\":\"https:\/\/borflex-rex.ch\/de\/werkstoffkombinationen\/#primaryimage\",\"inLanguage\":\"de\",\"url\":\"https:\/\/borflex-rex.ch\/wp-content\/uploads\/2019\/12\/materiali-1.jpg\",\"contentUrl\":\"https:\/\/borflex-rex.ch\/wp-content\/uploads\/2019\/12\/materiali-1.jpg\",\"width\":249,\"height\":250},{\"@type\":\"WebPage\",\"@id\":\"https:\/\/borflex-rex.ch\/de\/werkstoffkombinationen\/#webpage\",\"url\":\"https:\/\/borflex-rex.ch\/de\/werkstoffkombinationen\/\",\"name\":\"Material Combinations | REX Articoli Tecnici SA\",\"isPartOf\":{\"@id\":\"https:\/\/borflex-rex.ch\/de\/#website\"},\"primaryImageOfPage\":{\"@id\":\"https:\/\/borflex-rex.ch\/de\/werkstoffkombinationen\/#primaryimage\"},\"datePublished\":\"2014-09-10T01:15:47+00:00\",\"dateModified\":\"2020-04-16T21:01:59+00:00\",\"description\":\"Material Combinations is one of the most distinguishing features of REX Articoli Tecnici SA. Visit our website to learn more.\",\"breadcrumb\":{\"@id\":\"https:\/\/borflex-rex.ch\/de\/werkstoffkombinationen\/#breadcrumb\"},\"inLanguage\":\"de\",\"potentialAction\":[{\"@type\":\"ReadAction\",\"target\":[\"https:\/\/borflex-rex.ch\/de\/werkstoffkombinationen\/\"]}]},{\"@type\":\"BreadcrumbList\",\"@id\":\"https:\/\/borflex-rex.ch\/de\/werkstoffkombinationen\/#breadcrumb\",\"itemListElement\":[{\"@type\":\"ListItem\",\"position\":1,\"name\":\"Home\",\"item\":\"https:\/\/borflex-rex.ch\/de\/\"},{\"@type\":\"ListItem\",\"position\":2,\"name\":\"Werkstoffkombinationen\"}]}]}<\/script>\n<!-- \/ Yoast SEO plugin. -->","yoast_head_json":{"title":"Material Combinations | REX Articoli Tecnici SA","description":"Material Combinations is one of the most distinguishing features of REX Articoli Tecnici SA. Visit our website to learn more.","robots":{"index":"index","follow":"follow","max-snippet":"max-snippet:-1","max-image-preview":"max-image-preview:large","max-video-preview":"max-video-preview:-1"},"canonical":"https:\/\/borflex-rex.ch\/de\/werkstoffkombinationen\/","og_locale":"de_DE","og_type":"article","og_title":"Material Combinations | REX Articoli Tecnici SA","og_description":"Material Combinations is one of the most distinguishing features of REX Articoli Tecnici SA. Visit our website to learn more.","og_url":"https:\/\/borflex-rex.ch\/de\/werkstoffkombinationen\/","og_site_name":"Borflex Rex SA","article_publisher":"https:\/\/www.facebook.com\/Rex-Articoli-Tecnici-SA-538626436317023\/?fref=ts","article_modified_time":"2020-04-16T21:01:59+00:00","og_image":[{"url":"https:\/\/borflex-rex.ch\/wp-content\/uploads\/2019\/12\/materiali-1.jpg"}],"schema":{"@context":"https:\/\/schema.org","@graph":[{"@type":"Organization","@id":"https:\/\/borflex-rex.ch\/de\/#organization","name":"Borflex Rex SA","url":"https:\/\/borflex-rex.ch\/de\/","sameAs":["https:\/\/www.facebook.com\/Rex-Articoli-Tecnici-SA-538626436317023\/?fref=ts","https:\/\/www.linkedin.com\/company\/rex-articoli-tecnici-sa","https:\/\/www.youtube.com\/channel\/UC5bX_Xfx-7axBmeRH-N7JXQ"],"logo":{"@type":"ImageObject","@id":"https:\/\/borflex-rex.ch\/de\/#logo","inLanguage":"de","url":"https:\/\/borflex-rex.ch\/wp-content\/uploads\/2016\/05\/Rex-Logo.png","contentUrl":"https:\/\/borflex-rex.ch\/wp-content\/uploads\/2016\/05\/Rex-Logo.png","width":172,"height":50,"caption":"Borflex Rex SA"},"image":{"@id":"https:\/\/borflex-rex.ch\/de\/#logo"}},{"@type":"WebSite","@id":"https:\/\/borflex-rex.ch\/de\/#website","url":"https:\/\/borflex-rex.ch\/de\/","name":"Borflex Rex SA","description":"","publisher":{"@id":"https:\/\/borflex-rex.ch\/de\/#organization"},"potentialAction":[{"@type":"SearchAction","target":{"@type":"EntryPoint","urlTemplate":"https:\/\/borflex-rex.ch\/de\/?s={search_term_string}"},"query-input":"required name=search_term_string"}],"inLanguage":"de"},{"@type":"ImageObject","@id":"https:\/\/borflex-rex.ch\/de\/werkstoffkombinationen\/#primaryimage","inLanguage":"de","url":"https:\/\/borflex-rex.ch\/wp-content\/uploads\/2019\/12\/materiali-1.jpg","contentUrl":"https:\/\/borflex-rex.ch\/wp-content\/uploads\/2019\/12\/materiali-1.jpg","width":249,"height":250},{"@type":"WebPage","@id":"https:\/\/borflex-rex.ch\/de\/werkstoffkombinationen\/#webpage","url":"https:\/\/borflex-rex.ch\/de\/werkstoffkombinationen\/","name":"Material Combinations | REX Articoli Tecnici SA","isPartOf":{"@id":"https:\/\/borflex-rex.ch\/de\/#website"},"primaryImageOfPage":{"@id":"https:\/\/borflex-rex.ch\/de\/werkstoffkombinationen\/#primaryimage"},"datePublished":"2014-09-10T01:15:47+00:00","dateModified":"2020-04-16T21:01:59+00:00","description":"Material Combinations is one of the most distinguishing features of REX Articoli Tecnici SA. Visit our website to learn more.","breadcrumb":{"@id":"https:\/\/borflex-rex.ch\/de\/werkstoffkombinationen\/#breadcrumb"},"inLanguage":"de","potentialAction":[{"@type":"ReadAction","target":["https:\/\/borflex-rex.ch\/de\/werkstoffkombinationen\/"]}]},{"@type":"BreadcrumbList","@id":"https:\/\/borflex-rex.ch\/de\/werkstoffkombinationen\/#breadcrumb","itemListElement":[{"@type":"ListItem","position":1,"name":"Home","item":"https:\/\/borflex-rex.ch\/de\/"},{"@type":"ListItem","position":2,"name":"Werkstoffkombinationen"}]}]}},"_links":{"self":[{"href":"https:\/\/borflex-rex.ch\/de\/wp-json\/wp\/v2\/pages\/20835"}],"collection":[{"href":"https:\/\/borflex-rex.ch\/de\/wp-json\/wp\/v2\/pages"}],"about":[{"href":"https:\/\/borflex-rex.ch\/de\/wp-json\/wp\/v2\/types\/page"}],"author":[{"embeddable":true,"href":"https:\/\/borflex-rex.ch\/de\/wp-json\/wp\/v2\/users\/23"}],"replies":[{"embeddable":true,"href":"https:\/\/borflex-rex.ch\/de\/wp-json\/wp\/v2\/comments?post=20835"}],"version-history":[{"count":4,"href":"https:\/\/borflex-rex.ch\/de\/wp-json\/wp\/v2\/pages\/20835\/revisions"}],"predecessor-version":[{"id":34039,"href":"https:\/\/borflex-rex.ch\/de\/wp-json\/wp\/v2\/pages\/20835\/revisions\/34039"}],"wp:attachment":[{"href":"https:\/\/borflex-rex.ch\/de\/wp-json\/wp\/v2\/media?parent=20835"}],"curies":[{"name":"wp","href":"https:\/\/api.w.org\/{rel}","templated":true}]}}