{"id":21079,"date":"2015-06-04T10:00:28","date_gmt":"2015-06-04T10:00:28","guid":{"rendered":"http:\/\/rex2016.wpengine.com\/?page_id=21079"},"modified":"2017-01-19T20:10:32","modified_gmt":"2017-01-19T20:10:32","slug":"swisscross","status":"publish","type":"page","link":"https:\/\/borflex-rex.ch\/de\/swisscross\/","title":{"rendered":"Bahn\u00fcberg\u00e4nge Swisscross"},"content":{"rendered":"<p>[vc_row][vc_column css=&#8221;.vc_custom_1461890325097{padding-left: 4px !important;}&#8221;][vc_column_text]<\/p>\n<p style=\"color: #fff; font-size: 12pt;\">Die REX SWISSCROSS Bahn\u00fcberg\u00e4nge zeichnen sich durch ihre hohe Widerstandsf\u00e4higkeit und ihre einfache und schnelle Montage aus. Die einzelnen Module (\u00e0 1.2 m) lassen sich zu einer beliebigen L\u00e4nge zusammenf\u00fcgen. Dank der speziellen Verzahnung entsteht, ohne eine zus\u00e4tzliche Querverspannung, eine solide, robuste und ebene Plattform. Die Module sind f\u00fcr Gleis-Unterhaltsarbeiten segmentweise demontierbar.<\/p>\n<p style=\"color: #fff; font-size: 12pt;\">Die SWISSCROSS Bahn\u00fcberg\u00e4nge verf\u00fcgen \u00fcber die BAV Betriebsbewilligung und sind f\u00fcr die g\u00e4ngigen Spurweiten 1000, 1435, 1524 mm erh\u00e4ltlich.<\/p>\n<p>&nbsp;<\/p>\n<table>\n<tbody>\n<tr>\n<td width=\"198\">\n<p style=\"text-align: center; color: #fff; font-size: 12pt;\"><strong>REX SWISSCROSS RUBE<\/strong><\/p>\n<p><img loading=\"lazy\" class=\" size-medium wp-image-19659 alignleft\" src=\"http:\/\/rex2016.wpengine.com\/wp-content\/uploads\/2014\/07\/003-300x300.jpg\" alt=\"Kautschuk-Beton\" width=\"300\" height=\"300\" srcset=\"https:\/\/borflex-rex.ch\/wp-content\/uploads\/2014\/07\/003-300x300.jpg 300w, https:\/\/borflex-rex.ch\/wp-content\/uploads\/2014\/07\/003-150x150.jpg 150w, https:\/\/borflex-rex.ch\/wp-content\/uploads\/2014\/07\/003-42x42.jpg 42w, https:\/\/borflex-rex.ch\/wp-content\/uploads\/2014\/07\/003.jpg 640w\" sizes=\"(max-width: 300px) 100vw, 300px\" \/><\/p>\n<\/td>\n<td style=\"color: #fff; font-size: 12pt;\" width=\"283\">Der REX SWISSCROSS RUBE verbindet die Vorteile von Beton- und Gummi-Bahn\u00fcberg\u00e4ngen in einem modular aufgebauten System. Die Kombination von Beton und Gummielementen vereint die Tragkraft, Lebensdauer und Stabilit\u00e4t von Beton-Bahn\u00fcberg\u00e4ngen mit der Vibrationsd\u00e4mpfung, dem guten L\u00e4rmschutz, sowie dem gutem Verhalten bei Frost und Regen von Gummi-Bahn\u00fcberg\u00e4ngen in einem System.<\/td>\n<\/tr>\n<tr>\n<td width=\"198\">\n<p style=\"text-align: center; color: #fff; font-size: 12pt;\"><strong>REX SWISSCORSS HD<\/strong><\/p>\n<p><img loading=\"lazy\" class=\" size-medium wp-image-19672 alignleft\" src=\"http:\/\/rex2016.wpengine.com\/wp-content\/uploads\/2014\/07\/001-300x300.jpg\" alt=\"Gummi\" width=\"300\" height=\"300\" srcset=\"https:\/\/borflex-rex.ch\/wp-content\/uploads\/2014\/07\/001-300x300.jpg 300w, https:\/\/borflex-rex.ch\/wp-content\/uploads\/2014\/07\/001-150x150.jpg 150w, https:\/\/borflex-rex.ch\/wp-content\/uploads\/2014\/07\/001-42x42.jpg 42w, https:\/\/borflex-rex.ch\/wp-content\/uploads\/2014\/07\/001.jpg 640w\" sizes=\"(max-width: 300px) 100vw, 300px\" \/><\/p>\n<\/td>\n<td style=\"color: #fff; font-size: 12pt;\" width=\"283\">Der SWISSCROSS HD ist aus Gummi gefertigt und besteht aus einer inneren Schicht aus Recyclinggummi und aus einer abrieb- und rutschfesten \u00e4usseren Schicht. Dank dieser robusten Konstruktion ist der SWISSCROSS HD mit Fahrzeugen mit \u00fcber 35t Gesamtgewicht befahrbar. Sonderl\u00f6sungen f\u00fcr Weichen und Kreuzungen k\u00f6nnen auf Anfrage angeboten werden.<\/td>\n<\/tr>\n<tr>\n<td width=\"198\">\n<p style=\"text-align: center; color: #fff; font-size: 12pt;\"><strong>REX SWISSCROSS GFK<\/strong><\/p>\n<p><img loading=\"lazy\" class=\" size-medium wp-image-19667 alignleft\" src=\"http:\/\/rex2016.wpengine.com\/wp-content\/uploads\/2014\/07\/002-300x300.jpg\" alt=\"Harz\" width=\"300\" height=\"300\" srcset=\"https:\/\/borflex-rex.ch\/wp-content\/uploads\/2014\/07\/002-300x300.jpg 300w, https:\/\/borflex-rex.ch\/wp-content\/uploads\/2014\/07\/002-150x150.jpg 150w, https:\/\/borflex-rex.ch\/wp-content\/uploads\/2014\/07\/002-42x42.jpg 42w, https:\/\/borflex-rex.ch\/wp-content\/uploads\/2014\/07\/002.jpg 640w\" sizes=\"(max-width: 300px) 100vw, 300px\" \/><\/p>\n<\/td>\n<td style=\"color: #fff; font-size: 12pt;\" width=\"283\">Der SWISSCROSS GFK ist aus Kunstharz gefertigt und als Gitterrost oder geschlossene Platten lieferbar. Die Kunstharzelemente sind flammwidrig und erf\u00fcllen die Normen bez\u00fcglich Rauchemissionen. Deshalb eignen sich die SWISSCROSS GFK besonders als Dienstwege in Bahnh\u00f6fen und als Fluchtwege in U-Bahnen, Tunnels und Kunstbauten. Die Variante mit verst\u00e4rkten Platten kann auch an Stellen mit geringem Verkehrsaufkommen (Wartungs- und Landwirtschaftsfahrzeuge) eingesetzt werden. Das \u201eAntivib-System\u201c d\u00e4mpft die Uebertragung von Schwingungen und verl\u00e4ngert somit die Lebensdauer und Betriebssicherheit des \u00dcbergangs.<\/td>\n<\/tr>\n<\/tbody>\n<\/table>\n<p>[\/vc_column_text][\/vc_column][\/vc_row][vc_row][vc_column][vc_column_text]<\/p>\n<p style=\"text-align: center;\"><span style=\"font-size: 12pt; color: #ffffff;\"><strong>Laterale Elemente zu SWISSCROSS RUBE und SWISSCROSS HD<\/strong><\/span><\/p>\n<p>[\/vc_column_text][\/vc_column][\/vc_row][vc_row][vc_column width=&#8221;1\/2&#8243;][vc_column_text]<img loading=\"lazy\" class=\" size-medium wp-image-21101 alignleft\" src=\"http:\/\/rex2016.wpengine.com\/wp-content\/uploads\/2015\/06\/gumi-300x189.png\" alt=\"lateral-im-gumi\" width=\"300\" height=\"189\" srcset=\"https:\/\/borflex-rex.ch\/wp-content\/uploads\/2015\/06\/gumi-300x189.png 300w, https:\/\/borflex-rex.ch\/wp-content\/uploads\/2015\/06\/gumi-160x100.png 160w, https:\/\/borflex-rex.ch\/wp-content\/uploads\/2015\/06\/gumi.png 551w\" sizes=\"(max-width: 300px) 100vw, 300px\" \/><\/p>\n<p>&nbsp;<\/p>\n<p>&nbsp;<\/p>\n<p>&nbsp;<\/p>\n<p>&nbsp;<\/p>\n<p>&nbsp;<\/p>\n<p>&nbsp;<\/p>\n<p><img loading=\"lazy\" class=\" size-medium wp-image-21102 alignleft\" src=\"http:\/\/rex2016.wpengine.com\/wp-content\/uploads\/2015\/06\/gummibeton-300x204.png\" alt=\"laterel-im-gummi-beton\" width=\"300\" height=\"204\" srcset=\"https:\/\/borflex-rex.ch\/wp-content\/uploads\/2015\/06\/gummibeton-300x204.png 300w, https:\/\/borflex-rex.ch\/wp-content\/uploads\/2015\/06\/gummibeton.png 505w\" sizes=\"(max-width: 300px) 100vw, 300px\" \/><\/p>\n<p>&nbsp;<\/p>\n<p>&nbsp;<\/p>\n<p>&nbsp;<\/p>\n<p>&nbsp;<\/p>\n<p>[\/vc_column_text][\/vc_column][vc_column width=&#8221;1\/2&#8243;][vc_column_text]<span style=\"font-size: 12pt; color: #ffffff;\">Um die SWISSCROSS Bahn\u00fcberg\u00e4nge optimal in den Strassenverlauf einzupassen, stehen seitliche Elemente (zwischen Schiene und Strasse) zur Verf\u00fcgung. Die lateralen Elemente sind in Gummi und f\u00fcr den SWISSCROSS RUBE auch in Gummi\/Beton Ausf\u00fchrungen erh\u00e4ltlich. Da die Elemente einfach zu montieren und demontieren sind, erm\u00f6glicht diese Montageart, Wartungsarbeiten an den Gleisen auszuf\u00fchren, ohne den Asphalt aufreissen zu m\u00fcssen. Zum strassenseitigen Abschluss wird ein Beton-Bordstein oder ein Metallprofil eingesetzt, dass die optimale Lagerung der Elemente garantiert.<\/span>[\/vc_column_text][\/vc_column][\/vc_row][vc_row][vc_column css=&#8221;.vc_custom_1461890386195{padding-left: 4px !important;}&#8221;][vc_column_text]<span style=\"font-size: 12pt; color: #ffffff;\">Wir beraten Sie gerne, um den optimalen Bahn\u00fcbergang f\u00fcr den jeweiligen Verwendungszweck auszuw\u00e4hlen. Um eine massgeschneiderte L\u00f6sung anbieten zu k\u00f6nnen, begutachten und vermessen unsere Techniker jeweils den Einsatzort. F\u00fcr die Ausf\u00fchrung arbeiten wir mit den f\u00fchrenden Gleisbaufirmen zusammen. In jedem Fall werden die Montagearbeiten durch REX Techniker vor Ort \u00fcberwacht.<\/span>[\/vc_column_text][\/vc_column][\/vc_row]<\/p>\n","protected":false},"excerpt":{"rendered":"<p>[vc_row][vc_column css=&#8221;.vc_custom_1461890325097{padding-left: 4px !important;}&#8221;][vc_column_text] Die REX SWISSCROSS Bahn\u00fcberg\u00e4nge zeichnen sich durch ihre hohe Widerstandsf\u00e4higkeit und ihre einfache und schnelle Montage aus. Die einzelnen Module (\u00e0 1.2 m) lassen sich zu einer beliebigen L\u00e4nge zusammenf\u00fcgen. Dank der speziellen Verzahnung entsteht, ohne eine zus\u00e4tzliche Querverspannung, eine solide, robuste und ebene Plattform. Die Module sind f\u00fcr Gleis-Unterhaltsarbeiten segmentweise [&hellip;]<\/p>\n","protected":false},"author":23,"featured_media":0,"parent":0,"menu_order":0,"comment_status":"closed","ping_status":"closed","template":"","meta":[],"yoast_head":"<!-- This site is optimized with the Yoast SEO plugin v17.3 - https:\/\/yoast.com\/wordpress\/plugins\/seo\/ -->\n<title>Bahn\u00fcberg\u00e4nge Swisscross<\/title>\n<meta name=\"description\" content=\"Die REX SWISSCROSS Bahn\u00fcberg\u00e4nge zeichnen sich durch ihre hohe Widerstandsf\u00e4higkeit und ihre einfache und schnelle Montage aus.\" \/>\n<meta name=\"robots\" content=\"index, follow, max-snippet:-1, max-image-preview:large, max-video-preview:-1\" \/>\n<link rel=\"canonical\" href=\"https:\/\/borflex-rex.ch\/de\/swisscross\/\" \/>\n<meta property=\"og:locale\" content=\"de_DE\" \/>\n<meta property=\"og:type\" content=\"article\" \/>\n<meta property=\"og:title\" content=\"Bahn\u00fcberg\u00e4nge Swisscross\" \/>\n<meta property=\"og:description\" content=\"Die REX SWISSCROSS Bahn\u00fcberg\u00e4nge zeichnen sich durch ihre hohe Widerstandsf\u00e4higkeit und ihre einfache und schnelle Montage aus.\" \/>\n<meta property=\"og:url\" content=\"https:\/\/borflex-rex.ch\/de\/swisscross\/\" \/>\n<meta property=\"og:site_name\" content=\"Borflex Rex SA\" \/>\n<meta property=\"article:publisher\" content=\"https:\/\/www.facebook.com\/Rex-Articoli-Tecnici-SA-538626436317023\/?fref=ts\" \/>\n<meta property=\"article:modified_time\" content=\"2017-01-19T20:10:32+00:00\" \/>\n<meta property=\"og:image\" content=\"http:\/\/rex2016.wpengine.com\/wp-content\/uploads\/2014\/07\/003-300x300.jpg\" \/>\n<meta name=\"twitter:label1\" content=\"Gesch\u00e4tzte Lesezeit\" \/>\n\t<meta name=\"twitter:data1\" content=\"3\u00a0Minuten\" \/>\n<script type=\"application\/ld+json\" class=\"yoast-schema-graph\">{\"@context\":\"https:\/\/schema.org\",\"@graph\":[{\"@type\":\"Organization\",\"@id\":\"https:\/\/borflex-rex.ch\/de\/#organization\",\"name\":\"Borflex Rex SA\",\"url\":\"https:\/\/borflex-rex.ch\/de\/\",\"sameAs\":[\"https:\/\/www.facebook.com\/Rex-Articoli-Tecnici-SA-538626436317023\/?fref=ts\",\"https:\/\/www.linkedin.com\/company\/rex-articoli-tecnici-sa\",\"https:\/\/www.youtube.com\/channel\/UC5bX_Xfx-7axBmeRH-N7JXQ\"],\"logo\":{\"@type\":\"ImageObject\",\"@id\":\"https:\/\/borflex-rex.ch\/de\/#logo\",\"inLanguage\":\"de\",\"url\":\"https:\/\/borflex-rex.ch\/wp-content\/uploads\/2016\/05\/Rex-Logo.png\",\"contentUrl\":\"https:\/\/borflex-rex.ch\/wp-content\/uploads\/2016\/05\/Rex-Logo.png\",\"width\":172,\"height\":50,\"caption\":\"Borflex Rex SA\"},\"image\":{\"@id\":\"https:\/\/borflex-rex.ch\/de\/#logo\"}},{\"@type\":\"WebSite\",\"@id\":\"https:\/\/borflex-rex.ch\/de\/#website\",\"url\":\"https:\/\/borflex-rex.ch\/de\/\",\"name\":\"Borflex Rex SA\",\"description\":\"\",\"publisher\":{\"@id\":\"https:\/\/borflex-rex.ch\/de\/#organization\"},\"potentialAction\":[{\"@type\":\"SearchAction\",\"target\":{\"@type\":\"EntryPoint\",\"urlTemplate\":\"https:\/\/borflex-rex.ch\/de\/?s={search_term_string}\"},\"query-input\":\"required name=search_term_string\"}],\"inLanguage\":\"de\"},{\"@type\":\"ImageObject\",\"@id\":\"https:\/\/borflex-rex.ch\/de\/swisscross\/#primaryimage\",\"inLanguage\":\"de\",\"url\":\"http:\/\/rex2016.wpengine.com\/wp-content\/uploads\/2014\/07\/003-300x300.jpg\",\"contentUrl\":\"http:\/\/rex2016.wpengine.com\/wp-content\/uploads\/2014\/07\/003-300x300.jpg\"},{\"@type\":\"WebPage\",\"@id\":\"https:\/\/borflex-rex.ch\/de\/swisscross\/#webpage\",\"url\":\"https:\/\/borflex-rex.ch\/de\/swisscross\/\",\"name\":\"Bahn\\u00fcberg\\u00e4nge Swisscross\",\"isPartOf\":{\"@id\":\"https:\/\/borflex-rex.ch\/de\/#website\"},\"primaryImageOfPage\":{\"@id\":\"https:\/\/borflex-rex.ch\/de\/swisscross\/#primaryimage\"},\"datePublished\":\"2015-06-04T10:00:28+00:00\",\"dateModified\":\"2017-01-19T20:10:32+00:00\",\"description\":\"Die REX SWISSCROSS Bahn\\u00fcberg\\u00e4nge zeichnen sich durch ihre hohe Widerstandsf\\u00e4higkeit und ihre einfache und schnelle Montage aus.\",\"breadcrumb\":{\"@id\":\"https:\/\/borflex-rex.ch\/de\/swisscross\/#breadcrumb\"},\"inLanguage\":\"de\",\"potentialAction\":[{\"@type\":\"ReadAction\",\"target\":[\"https:\/\/borflex-rex.ch\/de\/swisscross\/\"]}]},{\"@type\":\"BreadcrumbList\",\"@id\":\"https:\/\/borflex-rex.ch\/de\/swisscross\/#breadcrumb\",\"itemListElement\":[{\"@type\":\"ListItem\",\"position\":1,\"name\":\"Home\",\"item\":\"https:\/\/borflex-rex.ch\/de\/\"},{\"@type\":\"ListItem\",\"position\":2,\"name\":\"Bahn\\u00fcberg\\u00e4nge Swisscross\"}]}]}<\/script>\n<!-- \/ Yoast SEO plugin. -->","yoast_head_json":{"title":"Bahn\u00fcberg\u00e4nge Swisscross","description":"Die REX SWISSCROSS Bahn\u00fcberg\u00e4nge zeichnen sich durch ihre hohe Widerstandsf\u00e4higkeit und ihre einfache und schnelle Montage aus.","robots":{"index":"index","follow":"follow","max-snippet":"max-snippet:-1","max-image-preview":"max-image-preview:large","max-video-preview":"max-video-preview:-1"},"canonical":"https:\/\/borflex-rex.ch\/de\/swisscross\/","og_locale":"de_DE","og_type":"article","og_title":"Bahn\u00fcberg\u00e4nge Swisscross","og_description":"Die REX SWISSCROSS Bahn\u00fcberg\u00e4nge zeichnen sich durch ihre hohe Widerstandsf\u00e4higkeit und ihre einfache und schnelle Montage aus.","og_url":"https:\/\/borflex-rex.ch\/de\/swisscross\/","og_site_name":"Borflex Rex SA","article_publisher":"https:\/\/www.facebook.com\/Rex-Articoli-Tecnici-SA-538626436317023\/?fref=ts","article_modified_time":"2017-01-19T20:10:32+00:00","og_image":[{"url":"http:\/\/rex2016.wpengine.com\/wp-content\/uploads\/2014\/07\/003-300x300.jpg"}],"twitter_misc":{"Gesch\u00e4tzte Lesezeit":"3\u00a0Minuten"},"schema":{"@context":"https:\/\/schema.org","@graph":[{"@type":"Organization","@id":"https:\/\/borflex-rex.ch\/de\/#organization","name":"Borflex Rex SA","url":"https:\/\/borflex-rex.ch\/de\/","sameAs":["https:\/\/www.facebook.com\/Rex-Articoli-Tecnici-SA-538626436317023\/?fref=ts","https:\/\/www.linkedin.com\/company\/rex-articoli-tecnici-sa","https:\/\/www.youtube.com\/channel\/UC5bX_Xfx-7axBmeRH-N7JXQ"],"logo":{"@type":"ImageObject","@id":"https:\/\/borflex-rex.ch\/de\/#logo","inLanguage":"de","url":"https:\/\/borflex-rex.ch\/wp-content\/uploads\/2016\/05\/Rex-Logo.png","contentUrl":"https:\/\/borflex-rex.ch\/wp-content\/uploads\/2016\/05\/Rex-Logo.png","width":172,"height":50,"caption":"Borflex Rex SA"},"image":{"@id":"https:\/\/borflex-rex.ch\/de\/#logo"}},{"@type":"WebSite","@id":"https:\/\/borflex-rex.ch\/de\/#website","url":"https:\/\/borflex-rex.ch\/de\/","name":"Borflex Rex SA","description":"","publisher":{"@id":"https:\/\/borflex-rex.ch\/de\/#organization"},"potentialAction":[{"@type":"SearchAction","target":{"@type":"EntryPoint","urlTemplate":"https:\/\/borflex-rex.ch\/de\/?s={search_term_string}"},"query-input":"required name=search_term_string"}],"inLanguage":"de"},{"@type":"ImageObject","@id":"https:\/\/borflex-rex.ch\/de\/swisscross\/#primaryimage","inLanguage":"de","url":"http:\/\/rex2016.wpengine.com\/wp-content\/uploads\/2014\/07\/003-300x300.jpg","contentUrl":"http:\/\/rex2016.wpengine.com\/wp-content\/uploads\/2014\/07\/003-300x300.jpg"},{"@type":"WebPage","@id":"https:\/\/borflex-rex.ch\/de\/swisscross\/#webpage","url":"https:\/\/borflex-rex.ch\/de\/swisscross\/","name":"Bahn\u00fcberg\u00e4nge Swisscross","isPartOf":{"@id":"https:\/\/borflex-rex.ch\/de\/#website"},"primaryImageOfPage":{"@id":"https:\/\/borflex-rex.ch\/de\/swisscross\/#primaryimage"},"datePublished":"2015-06-04T10:00:28+00:00","dateModified":"2017-01-19T20:10:32+00:00","description":"Die REX SWISSCROSS Bahn\u00fcberg\u00e4nge zeichnen sich durch ihre hohe Widerstandsf\u00e4higkeit und ihre einfache und schnelle Montage aus.","breadcrumb":{"@id":"https:\/\/borflex-rex.ch\/de\/swisscross\/#breadcrumb"},"inLanguage":"de","potentialAction":[{"@type":"ReadAction","target":["https:\/\/borflex-rex.ch\/de\/swisscross\/"]}]},{"@type":"BreadcrumbList","@id":"https:\/\/borflex-rex.ch\/de\/swisscross\/#breadcrumb","itemListElement":[{"@type":"ListItem","position":1,"name":"Home","item":"https:\/\/borflex-rex.ch\/de\/"},{"@type":"ListItem","position":2,"name":"Bahn\u00fcberg\u00e4nge Swisscross"}]}]}},"_links":{"self":[{"href":"https:\/\/borflex-rex.ch\/de\/wp-json\/wp\/v2\/pages\/21079"}],"collection":[{"href":"https:\/\/borflex-rex.ch\/de\/wp-json\/wp\/v2\/pages"}],"about":[{"href":"https:\/\/borflex-rex.ch\/de\/wp-json\/wp\/v2\/types\/page"}],"author":[{"embeddable":true,"href":"https:\/\/borflex-rex.ch\/de\/wp-json\/wp\/v2\/users\/23"}],"replies":[{"embeddable":true,"href":"https:\/\/borflex-rex.ch\/de\/wp-json\/wp\/v2\/comments?post=21079"}],"version-history":[{"count":0,"href":"https:\/\/borflex-rex.ch\/de\/wp-json\/wp\/v2\/pages\/21079\/revisions"}],"wp:attachment":[{"href":"https:\/\/borflex-rex.ch\/de\/wp-json\/wp\/v2\/media?parent=21079"}],"curies":[{"name":"wp","href":"https:\/\/api.w.org\/{rel}","templated":true}]}}