{"id":21092,"date":"2015-06-04T11:56:17","date_gmt":"2015-06-04T11:56:17","guid":{"rendered":"http:\/\/rex2016.wpengine.com\/?page_id=21092"},"modified":"2016-04-29T15:48:44","modified_gmt":"2016-04-29T15:48:44","slug":"schwingungsdampfer-federungen","status":"publish","type":"page","link":"https:\/\/borflex-rex.ch\/de\/schwingungsdampfer-federungen\/","title":{"rendered":"Schwingungsd\u00e4mpfer \/ Federungen"},"content":{"rendered":"<p>[vc_row][vc_column css=&#8221;.vc_custom_1461248423884{padding-left: 4px !important;}&#8221;][vc_column_text]<span style=\"font-size: 12pt; color: #ffffff;\">aREX entwickelt und produziert Schwingungsd\u00e4mpfer f\u00fcr Schienenfahrzeuge und befasst sich intensiv mit t der Ausbreitung und D\u00e4mpfung von Schwingungen. Dazu produziert REX spezielle Gummi-Metall-Elemente, wie zum Beispiel f\u00fcr Auflagen, Schwingungs- und Stossd\u00e4mpfer. Die Oberfl\u00e4chenbehandlung des Metalls vermindert deren Korrosion auch unter extremen Bedingungen. Die eingesetzten Werkstoffe werden bei REX entwickelt und im Hinblick auf ihre Anwendung st\u00e4ndig optimiert.<\/span><\/p>\n<p>&nbsp;<\/p>\n<table>\n<tbody>\n<tr>\n<td width=\"241\">\n<p style=\"text-align: center;\"><span style=\"color: #ffffff; font-size: 12pt;\"><strong>Schwingungsd\u00e4mpfer <\/strong><\/span><\/p>\n<p><img loading=\"lazy\" class=\"aligncenter size-medium wp-image-21111\" src=\"http:\/\/rex2016.wpengine.com\/wp-content\/uploads\/2015\/06\/A-300x300.jpg\" alt=\" Schwingungsd\u00e4mpfer\" width=\"300\" height=\"300\" srcset=\"https:\/\/borflex-rex.ch\/wp-content\/uploads\/2015\/06\/A-300x300.jpg 300w, https:\/\/borflex-rex.ch\/wp-content\/uploads\/2015\/06\/A-150x150.jpg 150w, https:\/\/borflex-rex.ch\/wp-content\/uploads\/2015\/06\/A-42x42.jpg 42w, https:\/\/borflex-rex.ch\/wp-content\/uploads\/2015\/06\/A.jpg 600w\" sizes=\"(max-width: 300px) 100vw, 300px\" \/><\/td>\n<td width=\"241\"><span style=\"color: #ffffff; font-size: 12pt;\">Speziell dimensionierte Gummi- und Gummi-Metall-Elemente ergeben optimale L\u00f6sungen f\u00fcr die Anwendung in Drehgestellen.<\/span><\/td>\n<\/tr>\n<tr>\n<td width=\"241\">\n<p style=\"text-align: center;\"><span style=\"color: #ffffff; font-size: 12pt;\"><strong>Spezialfederungen<\/strong><\/span><\/p>\n<p style=\"text-align: center;\"><img loading=\"lazy\" class=\"aligncenter size-medium wp-image-21112\" src=\"http:\/\/rex2016.wpengine.com\/wp-content\/uploads\/2015\/06\/C-300x300.jpg\" alt=\"Spezialfederungen\" width=\"300\" height=\"300\" srcset=\"https:\/\/borflex-rex.ch\/wp-content\/uploads\/2015\/06\/C-300x300.jpg 300w, https:\/\/borflex-rex.ch\/wp-content\/uploads\/2015\/06\/C-150x150.jpg 150w, https:\/\/borflex-rex.ch\/wp-content\/uploads\/2015\/06\/C-42x42.jpg 42w, https:\/\/borflex-rex.ch\/wp-content\/uploads\/2015\/06\/C.jpg 600w\" sizes=\"(max-width: 300px) 100vw, 300px\" \/><\/p>\n<p>&nbsp;<\/td>\n<td width=\"241\"><span style=\"color: #ffffff; font-size: 12pt;\">Spezielle Federungssysteme werden bei Niederflurwagen und Wagen f\u00fcr Schienensysteme mit engen Kurvenradien eingesetzt.<\/span><\/td>\n<\/tr>\n<tr>\n<td width=\"241\">\n<p style=\"text-align: center;\"><span style=\"font-size: 12pt; color: #ffffff;\"><strong>Elastische Kupplungen<\/strong><\/span><\/p>\n<p style=\"text-align: center;\"><img loading=\"lazy\" class=\"aligncenter size-medium wp-image-21113\" src=\"http:\/\/rex2016.wpengine.com\/wp-content\/uploads\/2015\/06\/elast_kup-300x300.jpg\" alt=\"elastische kupplungen\" width=\"300\" height=\"300\" srcset=\"https:\/\/borflex-rex.ch\/wp-content\/uploads\/2015\/06\/elast_kup-300x300.jpg 300w, https:\/\/borflex-rex.ch\/wp-content\/uploads\/2015\/06\/elast_kup-150x150.jpg 150w, https:\/\/borflex-rex.ch\/wp-content\/uploads\/2015\/06\/elast_kup-42x42.jpg 42w, https:\/\/borflex-rex.ch\/wp-content\/uploads\/2015\/06\/elast_kup.jpg 600w\" sizes=\"(max-width: 300px) 100vw, 300px\" \/><\/p>\n<p>&nbsp;<\/td>\n<td width=\"241\"><span style=\"color: #ffffff; font-size: 12pt;\">Elastische Kupplungen und Drehmomentst\u00fctzen werden bei REX nach den Projektanforderungen und technischen Spezifikationen der Kunden entwickelt und produziert.<\/span><\/td>\n<\/tr>\n<tr>\n<td width=\"241\">\n<p style=\"text-align: center;\"><span style=\"font-size: 12pt; color: #ffffff;\"><strong>Zuganker-D\u00e4mpfelemente<\/strong><\/span><\/p>\n<p><img loading=\"lazy\" class=\"aligncenter size-medium wp-image-21114\" src=\"http:\/\/rex2016.wpengine.com\/wp-content\/uploads\/2015\/06\/E-300x300.jpg\" alt=\"Zuganker-D\u00e4mpfelemente\" width=\"300\" height=\"300\" srcset=\"https:\/\/borflex-rex.ch\/wp-content\/uploads\/2015\/06\/E-300x300.jpg 300w, https:\/\/borflex-rex.ch\/wp-content\/uploads\/2015\/06\/E-150x150.jpg 150w, https:\/\/borflex-rex.ch\/wp-content\/uploads\/2015\/06\/E-42x42.jpg 42w, https:\/\/borflex-rex.ch\/wp-content\/uploads\/2015\/06\/E.jpg 600w\" sizes=\"(max-width: 300px) 100vw, 300px\" \/><\/td>\n<td width=\"241\"><span style=\"color: #ffffff; font-size: 12pt;\">Zuganker-D\u00e4mpfelemente sind hohen statischen und dynamischen Belastungen ausgesetzt. Zur Sicherstellung der Qualit\u00e4t werden praktische Pr\u00fcfungen in Zusammenarbeit mit externen Pr\u00fcfinstituten ausgef\u00fchrt.<\/span><\/td>\n<\/tr>\n<tr>\n<td width=\"241\">\n<p style=\"text-align: center;\"><span style=\"color: #ffffff; font-size: 12pt;\"><strong>Schwingungsd\u00e4mpfer<\/strong><\/span><\/p>\n<p><strong><img loading=\"lazy\" class=\"aligncenter size-medium wp-image-21115\" src=\"http:\/\/rex2016.wpengine.com\/wp-content\/uploads\/2015\/06\/F-300x300.jpg\" alt=\"Schwingungsd\u00e4mpfer_f\" width=\"300\" height=\"300\" srcset=\"https:\/\/borflex-rex.ch\/wp-content\/uploads\/2015\/06\/F-300x300.jpg 300w, https:\/\/borflex-rex.ch\/wp-content\/uploads\/2015\/06\/F-150x150.jpg 150w, https:\/\/borflex-rex.ch\/wp-content\/uploads\/2015\/06\/F-42x42.jpg 42w, https:\/\/borflex-rex.ch\/wp-content\/uploads\/2015\/06\/F.jpg 600w\" sizes=\"(max-width: 300px) 100vw, 300px\" \/>\u00a0<\/strong><\/p>\n<p>&nbsp;<\/td>\n<td width=\"241\"><span style=\"color: #ffffff; font-size: 12pt;\">Da bei REX die Entwicklung und Produktion sehr eng, im selben Haus zusammenarbeiten, k\u00f6nnten Schwingungsd\u00e4mpfer f\u00fcr spezielle Anwendungen effizient entwickelt und produziert werden.<\/span><\/td>\n<\/tr>\n<\/tbody>\n<\/table>\n<p>[\/vc_column_text][\/vc_column][\/vc_row]<\/p>\n","protected":false},"excerpt":{"rendered":"<p>[vc_row][vc_column css=&#8221;.vc_custom_1461248423884{padding-left: 4px !important;}&#8221;][vc_column_text]aREX entwickelt und produziert Schwingungsd\u00e4mpfer f\u00fcr Schienenfahrzeuge und befasst sich intensiv mit t der Ausbreitung und D\u00e4mpfung von Schwingungen. Dazu produziert REX spezielle Gummi-Metall-Elemente, wie zum Beispiel f\u00fcr Auflagen, Schwingungs- und Stossd\u00e4mpfer. Die Oberfl\u00e4chenbehandlung des Metalls vermindert deren Korrosion auch unter extremen Bedingungen. Die eingesetzten Werkstoffe werden bei REX entwickelt und im [&hellip;]<\/p>\n","protected":false},"author":23,"featured_media":0,"parent":0,"menu_order":0,"comment_status":"closed","ping_status":"open","template":"","meta":[],"yoast_head":"<!-- This site is optimized with the Yoast SEO plugin v17.3 - https:\/\/yoast.com\/wordpress\/plugins\/seo\/ -->\n<title>Schwingungsd\u00e4mpfer \/ Federungen<\/title>\n<meta name=\"description\" content=\"aREX entwickelt und produziert Schwingungsd\u00e4mpfer f\u00fcr Schienenfahrzeuge und befasst sich intensiv mit t der Ausbreitung und D\u00e4mpfung von Schwingungen.\" \/>\n<meta name=\"robots\" content=\"index, follow, max-snippet:-1, max-image-preview:large, max-video-preview:-1\" \/>\n<link rel=\"canonical\" href=\"https:\/\/borflex-rex.ch\/de\/schwingungsdampfer-federungen\/\" \/>\n<meta property=\"og:locale\" content=\"de_DE\" \/>\n<meta property=\"og:type\" content=\"article\" \/>\n<meta property=\"og:title\" content=\"Schwingungsd\u00e4mpfer \/ Federungen\" \/>\n<meta property=\"og:description\" content=\"aREX entwickelt und produziert Schwingungsd\u00e4mpfer f\u00fcr Schienenfahrzeuge und befasst sich intensiv mit t der Ausbreitung und D\u00e4mpfung von Schwingungen.\" \/>\n<meta property=\"og:url\" content=\"https:\/\/borflex-rex.ch\/de\/schwingungsdampfer-federungen\/\" \/>\n<meta property=\"og:site_name\" content=\"Borflex Rex SA\" \/>\n<meta property=\"article:publisher\" content=\"https:\/\/www.facebook.com\/Rex-Articoli-Tecnici-SA-538626436317023\/?fref=ts\" \/>\n<meta property=\"article:modified_time\" content=\"2016-04-29T15:48:44+00:00\" \/>\n<meta property=\"og:image\" content=\"http:\/\/rex2016.wpengine.com\/wp-content\/uploads\/2015\/06\/A-300x300.jpg\" \/>\n<meta name=\"twitter:label1\" content=\"Gesch\u00e4tzte Lesezeit\" \/>\n\t<meta name=\"twitter:data1\" content=\"1\u00a0Minute\" \/>\n<script type=\"application\/ld+json\" class=\"yoast-schema-graph\">{\"@context\":\"https:\/\/schema.org\",\"@graph\":[{\"@type\":\"Organization\",\"@id\":\"https:\/\/borflex-rex.ch\/de\/#organization\",\"name\":\"Borflex Rex SA\",\"url\":\"https:\/\/borflex-rex.ch\/de\/\",\"sameAs\":[\"https:\/\/www.facebook.com\/Rex-Articoli-Tecnici-SA-538626436317023\/?fref=ts\",\"https:\/\/www.linkedin.com\/company\/rex-articoli-tecnici-sa\",\"https:\/\/www.youtube.com\/channel\/UC5bX_Xfx-7axBmeRH-N7JXQ\"],\"logo\":{\"@type\":\"ImageObject\",\"@id\":\"https:\/\/borflex-rex.ch\/de\/#logo\",\"inLanguage\":\"de\",\"url\":\"https:\/\/borflex-rex.ch\/wp-content\/uploads\/2016\/05\/Rex-Logo.png\",\"contentUrl\":\"https:\/\/borflex-rex.ch\/wp-content\/uploads\/2016\/05\/Rex-Logo.png\",\"width\":172,\"height\":50,\"caption\":\"Borflex Rex SA\"},\"image\":{\"@id\":\"https:\/\/borflex-rex.ch\/de\/#logo\"}},{\"@type\":\"WebSite\",\"@id\":\"https:\/\/borflex-rex.ch\/de\/#website\",\"url\":\"https:\/\/borflex-rex.ch\/de\/\",\"name\":\"Borflex Rex SA\",\"description\":\"\",\"publisher\":{\"@id\":\"https:\/\/borflex-rex.ch\/de\/#organization\"},\"potentialAction\":[{\"@type\":\"SearchAction\",\"target\":{\"@type\":\"EntryPoint\",\"urlTemplate\":\"https:\/\/borflex-rex.ch\/de\/?s={search_term_string}\"},\"query-input\":\"required name=search_term_string\"}],\"inLanguage\":\"de\"},{\"@type\":\"ImageObject\",\"@id\":\"https:\/\/borflex-rex.ch\/de\/schwingungsdampfer-federungen\/#primaryimage\",\"inLanguage\":\"de\",\"url\":\"http:\/\/rex2016.wpengine.com\/wp-content\/uploads\/2015\/06\/A-300x300.jpg\",\"contentUrl\":\"http:\/\/rex2016.wpengine.com\/wp-content\/uploads\/2015\/06\/A-300x300.jpg\"},{\"@type\":\"WebPage\",\"@id\":\"https:\/\/borflex-rex.ch\/de\/schwingungsdampfer-federungen\/#webpage\",\"url\":\"https:\/\/borflex-rex.ch\/de\/schwingungsdampfer-federungen\/\",\"name\":\"Schwingungsd\\u00e4mpfer \/ Federungen\",\"isPartOf\":{\"@id\":\"https:\/\/borflex-rex.ch\/de\/#website\"},\"primaryImageOfPage\":{\"@id\":\"https:\/\/borflex-rex.ch\/de\/schwingungsdampfer-federungen\/#primaryimage\"},\"datePublished\":\"2015-06-04T11:56:17+00:00\",\"dateModified\":\"2016-04-29T15:48:44+00:00\",\"description\":\"aREX entwickelt und produziert Schwingungsd\\u00e4mpfer f\\u00fcr Schienenfahrzeuge und befasst sich intensiv mit t der Ausbreitung und D\\u00e4mpfung von Schwingungen.\",\"breadcrumb\":{\"@id\":\"https:\/\/borflex-rex.ch\/de\/schwingungsdampfer-federungen\/#breadcrumb\"},\"inLanguage\":\"de\",\"potentialAction\":[{\"@type\":\"ReadAction\",\"target\":[\"https:\/\/borflex-rex.ch\/de\/schwingungsdampfer-federungen\/\"]}]},{\"@type\":\"BreadcrumbList\",\"@id\":\"https:\/\/borflex-rex.ch\/de\/schwingungsdampfer-federungen\/#breadcrumb\",\"itemListElement\":[{\"@type\":\"ListItem\",\"position\":1,\"name\":\"Home\",\"item\":\"https:\/\/borflex-rex.ch\/de\/\"},{\"@type\":\"ListItem\",\"position\":2,\"name\":\"Schwingungsd\\u00e4mpfer \/ Federungen\"}]}]}<\/script>\n<!-- \/ Yoast SEO plugin. -->","yoast_head_json":{"title":"Schwingungsd\u00e4mpfer \/ Federungen","description":"aREX entwickelt und produziert Schwingungsd\u00e4mpfer f\u00fcr Schienenfahrzeuge und befasst sich intensiv mit t der Ausbreitung und D\u00e4mpfung von Schwingungen.","robots":{"index":"index","follow":"follow","max-snippet":"max-snippet:-1","max-image-preview":"max-image-preview:large","max-video-preview":"max-video-preview:-1"},"canonical":"https:\/\/borflex-rex.ch\/de\/schwingungsdampfer-federungen\/","og_locale":"de_DE","og_type":"article","og_title":"Schwingungsd\u00e4mpfer \/ Federungen","og_description":"aREX entwickelt und produziert Schwingungsd\u00e4mpfer f\u00fcr Schienenfahrzeuge und befasst sich intensiv mit t der Ausbreitung und D\u00e4mpfung von Schwingungen.","og_url":"https:\/\/borflex-rex.ch\/de\/schwingungsdampfer-federungen\/","og_site_name":"Borflex Rex SA","article_publisher":"https:\/\/www.facebook.com\/Rex-Articoli-Tecnici-SA-538626436317023\/?fref=ts","article_modified_time":"2016-04-29T15:48:44+00:00","og_image":[{"url":"http:\/\/rex2016.wpengine.com\/wp-content\/uploads\/2015\/06\/A-300x300.jpg"}],"twitter_misc":{"Gesch\u00e4tzte Lesezeit":"1\u00a0Minute"},"schema":{"@context":"https:\/\/schema.org","@graph":[{"@type":"Organization","@id":"https:\/\/borflex-rex.ch\/de\/#organization","name":"Borflex Rex SA","url":"https:\/\/borflex-rex.ch\/de\/","sameAs":["https:\/\/www.facebook.com\/Rex-Articoli-Tecnici-SA-538626436317023\/?fref=ts","https:\/\/www.linkedin.com\/company\/rex-articoli-tecnici-sa","https:\/\/www.youtube.com\/channel\/UC5bX_Xfx-7axBmeRH-N7JXQ"],"logo":{"@type":"ImageObject","@id":"https:\/\/borflex-rex.ch\/de\/#logo","inLanguage":"de","url":"https:\/\/borflex-rex.ch\/wp-content\/uploads\/2016\/05\/Rex-Logo.png","contentUrl":"https:\/\/borflex-rex.ch\/wp-content\/uploads\/2016\/05\/Rex-Logo.png","width":172,"height":50,"caption":"Borflex Rex SA"},"image":{"@id":"https:\/\/borflex-rex.ch\/de\/#logo"}},{"@type":"WebSite","@id":"https:\/\/borflex-rex.ch\/de\/#website","url":"https:\/\/borflex-rex.ch\/de\/","name":"Borflex Rex SA","description":"","publisher":{"@id":"https:\/\/borflex-rex.ch\/de\/#organization"},"potentialAction":[{"@type":"SearchAction","target":{"@type":"EntryPoint","urlTemplate":"https:\/\/borflex-rex.ch\/de\/?s={search_term_string}"},"query-input":"required name=search_term_string"}],"inLanguage":"de"},{"@type":"ImageObject","@id":"https:\/\/borflex-rex.ch\/de\/schwingungsdampfer-federungen\/#primaryimage","inLanguage":"de","url":"http:\/\/rex2016.wpengine.com\/wp-content\/uploads\/2015\/06\/A-300x300.jpg","contentUrl":"http:\/\/rex2016.wpengine.com\/wp-content\/uploads\/2015\/06\/A-300x300.jpg"},{"@type":"WebPage","@id":"https:\/\/borflex-rex.ch\/de\/schwingungsdampfer-federungen\/#webpage","url":"https:\/\/borflex-rex.ch\/de\/schwingungsdampfer-federungen\/","name":"Schwingungsd\u00e4mpfer \/ Federungen","isPartOf":{"@id":"https:\/\/borflex-rex.ch\/de\/#website"},"primaryImageOfPage":{"@id":"https:\/\/borflex-rex.ch\/de\/schwingungsdampfer-federungen\/#primaryimage"},"datePublished":"2015-06-04T11:56:17+00:00","dateModified":"2016-04-29T15:48:44+00:00","description":"aREX entwickelt und produziert Schwingungsd\u00e4mpfer f\u00fcr Schienenfahrzeuge und befasst sich intensiv mit t der Ausbreitung und D\u00e4mpfung von Schwingungen.","breadcrumb":{"@id":"https:\/\/borflex-rex.ch\/de\/schwingungsdampfer-federungen\/#breadcrumb"},"inLanguage":"de","potentialAction":[{"@type":"ReadAction","target":["https:\/\/borflex-rex.ch\/de\/schwingungsdampfer-federungen\/"]}]},{"@type":"BreadcrumbList","@id":"https:\/\/borflex-rex.ch\/de\/schwingungsdampfer-federungen\/#breadcrumb","itemListElement":[{"@type":"ListItem","position":1,"name":"Home","item":"https:\/\/borflex-rex.ch\/de\/"},{"@type":"ListItem","position":2,"name":"Schwingungsd\u00e4mpfer \/ Federungen"}]}]}},"_links":{"self":[{"href":"https:\/\/borflex-rex.ch\/de\/wp-json\/wp\/v2\/pages\/21092"}],"collection":[{"href":"https:\/\/borflex-rex.ch\/de\/wp-json\/wp\/v2\/pages"}],"about":[{"href":"https:\/\/borflex-rex.ch\/de\/wp-json\/wp\/v2\/types\/page"}],"author":[{"embeddable":true,"href":"https:\/\/borflex-rex.ch\/de\/wp-json\/wp\/v2\/users\/23"}],"replies":[{"embeddable":true,"href":"https:\/\/borflex-rex.ch\/de\/wp-json\/wp\/v2\/comments?post=21092"}],"version-history":[{"count":0,"href":"https:\/\/borflex-rex.ch\/de\/wp-json\/wp\/v2\/pages\/21092\/revisions"}],"wp:attachment":[{"href":"https:\/\/borflex-rex.ch\/de\/wp-json\/wp\/v2\/media?parent=21092"}],"curies":[{"name":"wp","href":"https:\/\/api.w.org\/{rel}","templated":true}]}}