{"id":21801,"date":"2016-07-22T06:18:09","date_gmt":"2016-07-22T06:18:09","guid":{"rendered":"https:\/\/borflex-rex.ch\/de\/?page_id=21801"},"modified":"2016-08-20T16:33:57","modified_gmt":"2016-08-20T16:33:57","slug":"schotterlose-gleisbettung","status":"publish","type":"page","link":"https:\/\/borflex-rex.ch\/de\/schienen-infrastruktur\/schotterlose-gleisbettung\/","title":{"rendered":"Schotterlose Gleisbettung &#8211; Product Overview"},"content":{"rendered":"<p>[vc_row][vc_column][vc_empty_space height=&#8221;20px&#8221;][vc_column_text]<\/p>\n<h1>Schotterlose Gleisbettung \u2013 Produkt\u00fcbersicht<\/h1>\n<p>In der Schweiz wurden die ersten schotterlose Gleisbettung 1978 mit den Gummiprodukten von Borflex Rex SA gebaut. Seither hat dieser Sektor in der Eisenbahnindustrie ein gro\u00dfes Wachstum erfahren &#8211; sowohl in der Schweiz als auch international. Dies hat die Suche und Entwicklung von neuen, optimierten L\u00f6sungen und Anwendungen gef\u00f6rdert. <br \/>Borflex Rex SA hat zur Implementation von schweizer und internationalen Projekten beigetragen. Die Verwendung von elastischen Gummif\u00fc\u00dfen, mit speziellen mikrozellularen Polstern gew\u00e4hrt unseren Produkten au\u00dfergew\u00f6hnliche statische und dynamische Eigenschaften. Das hat unsere Produkte zu einem \u00fcberragenden Erfolg in der Branche verholfen. Unsere Projekte umfassen die Hochgeschwindigkeitsz\u00fcge, U-Bahnen und urbane Stra\u00dfenbahnen.<\/p>\n<p>Klicken Sie hier um zur\u00a0<a href=\"https:\/\/borflex-rex.ch\/de\/schienen-infrastruktur\/\">Schieneninfrastruktur \u00dcbersicht<\/a> zur\u00fcckzukehren.<\/p>\n<p>[\/vc_column_text][\/vc_column][\/vc_row][vc_row][vc_column][vc_custom_heading text=&#8221;Gummif\u00fc\u00dfe f\u00fcr Bi-Block Bahnschwellen ohne Verbindungsst\u00fcck | Schotterlose Gleisbettung&#8221; use_theme_fonts=&#8221;yes&#8221; link=&#8221;url:https%3A%2F%2Fborflex-rex.ch%2Fde%2Fschienen-infrastruktur%2Fschotterlose-gleisbettung%2Fgummifuesse-bahnschwellen-ohne-verbindungsstueck%2F||&#8221;][vc_row_inner][vc_column_inner width=&#8221;1\/2&#8243;][vc_single_image image=&#8221;21799&#8243; img_size=&#8221;large&#8221;][\/vc_column_inner][vc_column_inner width=&#8221;1\/2&#8243;][vc_column_text] Gummif\u00fc\u00dfe f\u00fcr Bi-Block Bahnschwellen ohne Verbindungsst\u00fcck des LVT Typs wurden in den Projekten der Transalpinen Gleisstrecke erfolgreich eingesetzt (Zimmerberg, L\u00f6tschberg and Gotthard). Unsere innovativen Bahnschwellen werden auch im Ausland weit verbreitet eingesetzt (The Channel Tunnel, Hong Kong, Taiwan, Brazil and the USA). [\/vc_column_text][vc_btn title=&#8221;Zur Produktbeschreibung&#8221; align=&#8221;center&#8221; css_animation=&#8221;left-to-right&#8221; link=&#8221;url:https%3A%2F%2Fborflex-rex.ch%2Fde%2Fschienen-infrastruktur%2Fschotterlose-gleisbettung%2Fgummifuesse-bahnschwellen-ohne-verbindungsstueck%2F||&#8221; button_block=&#8221;true&#8221;][\/vc_column_inner][\/vc_row_inner][\/vc_column][\/vc_row][vc_row][vc_column][vc_custom_heading text=&#8221;Gummif\u00fc\u00dfe f\u00fcr Bi-Block Bahnschwellen mit Verbindungsst\u00fcck| Schotterlose Gleisbettung&#8221; use_theme_fonts=&#8221;yes&#8221; link=&#8221;url:https%3A%2F%2Fborflex-rex.ch%2Fde%2Fschienen-infrastruktur%2Fschotterlose-gleisbettung%2Fgummifuesse-bahnschwellen-mit-verbindungsstueck%2F|title:Biblock%20Sleeper%20Tracks%20with%20Connection%20Bar|&#8221;][vc_row_inner][vc_column_inner width=&#8221;1\/2&#8243;][vc_single_image image=&#8221;21815&#8243; img_size=&#8221;large&#8221; css_animation=&#8221;appear&#8221;][\/vc_column_inner][vc_column_inner width=&#8221;1\/2&#8243;][vc_column_text] Unsere Gummif\u00fc\u00dfe und Polster f\u00fcr wurde eingangs f\u00fcr Bi-Block Bahnschwellen mit Verbindungsst\u00fcck entwickelt und wurden seither in verschiedenen schweizer Tunnel, Konstruktionen (B\u00f6tzberg, Grauholz, Mattestetten-Rothrist) und Bahnh\u00f6fen (Z\u00fcrich, Kloten and Lausanne) eingesetzt. Weltweit wurden die Elemente in den Gro\u00dfprojekten der Metrolinien in Brasilien, \u00c4gypten, Griechenland, Frankrich and Italien verbaut. [\/vc_column_text][vc_btn title=&#8221;Zur Produktbeschreibung&#8221; align=&#8221;center&#8221; css_animation=&#8221;left-to-right&#8221; link=&#8221;url:https%3A%2F%2Fborflex-rex.ch%2Fde%2Fschienen-infrastruktur%2Fschotterlose-gleisbettung%2Fgummifuesse-bahnschwellen-mit-verbindungsstueck%2F||&#8221; button_block=&#8221;true&#8221;][\/vc_column_inner][\/vc_row_inner][\/vc_column][\/vc_row][vc_row][vc_column][vc_custom_heading text=&#8221;Gummif\u00fc\u00dfe und Polster f\u00fcr Stra\u00dfen- und U-bahn | Schotterlose Gleisbettung&#8221; use_theme_fonts=&#8221;yes&#8221; link=&#8221;url:https%3A%2F%2Fborflex-rex.ch%2Fde%2Fschienen-infrastruktur%2Fschotterlose-gleisbettung%2Fgummifuesse-und-polster-strassenbahn-u-bahn%2F||&#8221;][vc_row_inner][vc_column_inner width=&#8221;1\/2&#8243;][vc_single_image image=&#8221;19685&#8243; img_size=&#8221;large&#8221; css_animation=&#8221;appear&#8221;][\/vc_column_inner][vc_column_inner width=&#8221;1\/2&#8243;][vc_column_text] Borflex Rex SA produziert Gummif\u00fc\u00dfe und mikrozellulare Polster mit statischer und dynamischer Steifheit, die au\u00dfergew\u00f6hnlich interessant f\u00fcr unsere Kunden im Bereich der Gleisbettung f\u00fcr Stra\u00dfen- und U-bahn sind. Hohe Vibrationsd\u00e4mpfung wird durch spezielle Gummipolster und optimierte Profile erreicht. Unsere Simulations- und Test-Labore bieten Ihnen individuelle L\u00f6sungen f\u00fcr Ihre Anforderung an die Gleisbettung. [\/vc_column_text][vc_btn title=&#8221;Zur Produktbeschreibung&#8221; align=&#8221;center&#8221; css_animation=&#8221;left-to-right&#8221; link=&#8221;url:https%3A%2F%2Fborflex-rex.ch%2Fde%2Fschienen-infrastruktur%2Fschotterlose-gleisbettung%2Fgummifuesse-und-polster-strassenbahn-u-bahn%2F||&#8221; button_block=&#8221;true&#8221;][\/vc_column_inner][\/vc_row_inner][\/vc_column][\/vc_row]<\/p>\n","protected":false},"excerpt":{"rendered":"<p>[vc_row][vc_column][vc_empty_space height=&#8221;20px&#8221;][vc_column_text] Schotterlose Gleisbettung \u2013 Produkt\u00fcbersicht In der Schweiz wurden die ersten schotterlose Gleisbettung 1978 mit den Gummiprodukten von Borflex Rex SA gebaut. Seither hat dieser Sektor in der Eisenbahnindustrie ein gro\u00dfes Wachstum erfahren &#8211; sowohl in der Schweiz als auch international. Dies hat die Suche und Entwicklung von neuen, optimierten L\u00f6sungen und Anwendungen gef\u00f6rdert. [&hellip;]<\/p>\n","protected":false},"author":23,"featured_media":0,"parent":20693,"menu_order":0,"comment_status":"closed","ping_status":"closed","template":"","meta":[],"yoast_head":"<!-- This site is optimized with the Yoast SEO plugin v17.3 - https:\/\/yoast.com\/wordpress\/plugins\/seo\/ -->\n<title>Schotterlose Gleisbettung von REX Articoli Tecnici SA<\/title>\n<meta name=\"description\" content=\"Unsere Gummif\u00fc\u00dfe und Polster f\u00fcr eine schotterlose Gleisbettung kann f\u00fcr Gleisschwellen mit oder ohne Verbindungsst\u00fcck produziert werden.\" \/>\n<meta name=\"robots\" content=\"index, follow, max-snippet:-1, max-image-preview:large, max-video-preview:-1\" \/>\n<link rel=\"canonical\" href=\"https:\/\/borflex-rex.ch\/de\/schienen-infrastruktur\/schotterlose-gleisbettung\/\" \/>\n<meta property=\"og:locale\" content=\"de_DE\" \/>\n<meta property=\"og:type\" content=\"article\" \/>\n<meta property=\"og:title\" content=\"Schotterlose Gleisbettung von REX Articoli Tecnici SA\" \/>\n<meta property=\"og:description\" content=\"Unsere Gummif\u00fc\u00dfe und Polster f\u00fcr eine schotterlose Gleisbettung kann f\u00fcr Gleisschwellen mit oder ohne Verbindungsst\u00fcck produziert werden.\" \/>\n<meta property=\"og:url\" content=\"https:\/\/borflex-rex.ch\/de\/schienen-infrastruktur\/schotterlose-gleisbettung\/\" \/>\n<meta property=\"og:site_name\" content=\"Borflex Rex SA\" \/>\n<meta property=\"article:publisher\" content=\"https:\/\/www.facebook.com\/Rex-Articoli-Tecnici-SA-538626436317023\/?fref=ts\" \/>\n<meta property=\"article:modified_time\" content=\"2016-08-20T16:33:57+00:00\" \/>\n<meta name=\"twitter:label1\" content=\"Gesch\u00e4tzte Lesezeit\" \/>\n\t<meta name=\"twitter:data1\" content=\"3\u00a0Minuten\" \/>\n<script type=\"application\/ld+json\" class=\"yoast-schema-graph\">{\"@context\":\"https:\/\/schema.org\",\"@graph\":[{\"@type\":\"Organization\",\"@id\":\"https:\/\/borflex-rex.ch\/de\/#organization\",\"name\":\"Borflex Rex SA\",\"url\":\"https:\/\/borflex-rex.ch\/de\/\",\"sameAs\":[\"https:\/\/www.facebook.com\/Rex-Articoli-Tecnici-SA-538626436317023\/?fref=ts\",\"https:\/\/www.linkedin.com\/company\/rex-articoli-tecnici-sa\",\"https:\/\/www.youtube.com\/channel\/UC5bX_Xfx-7axBmeRH-N7JXQ\"],\"logo\":{\"@type\":\"ImageObject\",\"@id\":\"https:\/\/borflex-rex.ch\/de\/#logo\",\"inLanguage\":\"de\",\"url\":\"https:\/\/borflex-rex.ch\/wp-content\/uploads\/2016\/05\/Rex-Logo.png\",\"contentUrl\":\"https:\/\/borflex-rex.ch\/wp-content\/uploads\/2016\/05\/Rex-Logo.png\",\"width\":172,\"height\":50,\"caption\":\"Borflex Rex SA\"},\"image\":{\"@id\":\"https:\/\/borflex-rex.ch\/de\/#logo\"}},{\"@type\":\"WebSite\",\"@id\":\"https:\/\/borflex-rex.ch\/de\/#website\",\"url\":\"https:\/\/borflex-rex.ch\/de\/\",\"name\":\"Borflex Rex SA\",\"description\":\"\",\"publisher\":{\"@id\":\"https:\/\/borflex-rex.ch\/de\/#organization\"},\"potentialAction\":[{\"@type\":\"SearchAction\",\"target\":{\"@type\":\"EntryPoint\",\"urlTemplate\":\"https:\/\/borflex-rex.ch\/de\/?s={search_term_string}\"},\"query-input\":\"required name=search_term_string\"}],\"inLanguage\":\"de\"},{\"@type\":\"WebPage\",\"@id\":\"https:\/\/borflex-rex.ch\/de\/schienen-infrastruktur\/schotterlose-gleisbettung\/#webpage\",\"url\":\"https:\/\/borflex-rex.ch\/de\/schienen-infrastruktur\/schotterlose-gleisbettung\/\",\"name\":\"Schotterlose Gleisbettung von REX Articoli Tecnici SA\",\"isPartOf\":{\"@id\":\"https:\/\/borflex-rex.ch\/de\/#website\"},\"datePublished\":\"2016-07-22T06:18:09+00:00\",\"dateModified\":\"2016-08-20T16:33:57+00:00\",\"description\":\"Unsere Gummif\\u00fc\\u00dfe und Polster f\\u00fcr eine schotterlose Gleisbettung kann f\\u00fcr Gleisschwellen mit oder ohne Verbindungsst\\u00fcck produziert werden.\",\"breadcrumb\":{\"@id\":\"https:\/\/borflex-rex.ch\/de\/schienen-infrastruktur\/schotterlose-gleisbettung\/#breadcrumb\"},\"inLanguage\":\"de\",\"potentialAction\":[{\"@type\":\"ReadAction\",\"target\":[\"https:\/\/borflex-rex.ch\/de\/schienen-infrastruktur\/schotterlose-gleisbettung\/\"]}]},{\"@type\":\"BreadcrumbList\",\"@id\":\"https:\/\/borflex-rex.ch\/de\/schienen-infrastruktur\/schotterlose-gleisbettung\/#breadcrumb\",\"itemListElement\":[{\"@type\":\"ListItem\",\"position\":1,\"name\":\"Home\",\"item\":\"https:\/\/borflex-rex.ch\/de\/\"},{\"@type\":\"ListItem\",\"position\":2,\"name\":\"Schieneninfrastruktur | Bahn\\u00fcberg\\u00e4nge, Gleisbettung &#038; Gleiskomponenten\",\"item\":\"https:\/\/borflex-rex.ch\/de\/schienen-infrastruktur\/\"},{\"@type\":\"ListItem\",\"position\":3,\"name\":\"Schotterlose Gleisbettung &#8211; Product Overview\"}]}]}<\/script>\n<!-- \/ Yoast SEO plugin. -->","yoast_head_json":{"title":"Schotterlose Gleisbettung von REX Articoli Tecnici SA","description":"Unsere Gummif\u00fc\u00dfe und Polster f\u00fcr eine schotterlose Gleisbettung kann f\u00fcr Gleisschwellen mit oder ohne Verbindungsst\u00fcck produziert werden.","robots":{"index":"index","follow":"follow","max-snippet":"max-snippet:-1","max-image-preview":"max-image-preview:large","max-video-preview":"max-video-preview:-1"},"canonical":"https:\/\/borflex-rex.ch\/de\/schienen-infrastruktur\/schotterlose-gleisbettung\/","og_locale":"de_DE","og_type":"article","og_title":"Schotterlose Gleisbettung von REX Articoli Tecnici SA","og_description":"Unsere Gummif\u00fc\u00dfe und Polster f\u00fcr eine schotterlose Gleisbettung kann f\u00fcr Gleisschwellen mit oder ohne Verbindungsst\u00fcck produziert werden.","og_url":"https:\/\/borflex-rex.ch\/de\/schienen-infrastruktur\/schotterlose-gleisbettung\/","og_site_name":"Borflex Rex SA","article_publisher":"https:\/\/www.facebook.com\/Rex-Articoli-Tecnici-SA-538626436317023\/?fref=ts","article_modified_time":"2016-08-20T16:33:57+00:00","twitter_misc":{"Gesch\u00e4tzte Lesezeit":"3\u00a0Minuten"},"schema":{"@context":"https:\/\/schema.org","@graph":[{"@type":"Organization","@id":"https:\/\/borflex-rex.ch\/de\/#organization","name":"Borflex Rex SA","url":"https:\/\/borflex-rex.ch\/de\/","sameAs":["https:\/\/www.facebook.com\/Rex-Articoli-Tecnici-SA-538626436317023\/?fref=ts","https:\/\/www.linkedin.com\/company\/rex-articoli-tecnici-sa","https:\/\/www.youtube.com\/channel\/UC5bX_Xfx-7axBmeRH-N7JXQ"],"logo":{"@type":"ImageObject","@id":"https:\/\/borflex-rex.ch\/de\/#logo","inLanguage":"de","url":"https:\/\/borflex-rex.ch\/wp-content\/uploads\/2016\/05\/Rex-Logo.png","contentUrl":"https:\/\/borflex-rex.ch\/wp-content\/uploads\/2016\/05\/Rex-Logo.png","width":172,"height":50,"caption":"Borflex Rex SA"},"image":{"@id":"https:\/\/borflex-rex.ch\/de\/#logo"}},{"@type":"WebSite","@id":"https:\/\/borflex-rex.ch\/de\/#website","url":"https:\/\/borflex-rex.ch\/de\/","name":"Borflex Rex SA","description":"","publisher":{"@id":"https:\/\/borflex-rex.ch\/de\/#organization"},"potentialAction":[{"@type":"SearchAction","target":{"@type":"EntryPoint","urlTemplate":"https:\/\/borflex-rex.ch\/de\/?s={search_term_string}"},"query-input":"required name=search_term_string"}],"inLanguage":"de"},{"@type":"WebPage","@id":"https:\/\/borflex-rex.ch\/de\/schienen-infrastruktur\/schotterlose-gleisbettung\/#webpage","url":"https:\/\/borflex-rex.ch\/de\/schienen-infrastruktur\/schotterlose-gleisbettung\/","name":"Schotterlose Gleisbettung von REX Articoli Tecnici SA","isPartOf":{"@id":"https:\/\/borflex-rex.ch\/de\/#website"},"datePublished":"2016-07-22T06:18:09+00:00","dateModified":"2016-08-20T16:33:57+00:00","description":"Unsere Gummif\u00fc\u00dfe und Polster f\u00fcr eine schotterlose Gleisbettung kann f\u00fcr Gleisschwellen mit oder ohne Verbindungsst\u00fcck produziert werden.","breadcrumb":{"@id":"https:\/\/borflex-rex.ch\/de\/schienen-infrastruktur\/schotterlose-gleisbettung\/#breadcrumb"},"inLanguage":"de","potentialAction":[{"@type":"ReadAction","target":["https:\/\/borflex-rex.ch\/de\/schienen-infrastruktur\/schotterlose-gleisbettung\/"]}]},{"@type":"BreadcrumbList","@id":"https:\/\/borflex-rex.ch\/de\/schienen-infrastruktur\/schotterlose-gleisbettung\/#breadcrumb","itemListElement":[{"@type":"ListItem","position":1,"name":"Home","item":"https:\/\/borflex-rex.ch\/de\/"},{"@type":"ListItem","position":2,"name":"Schieneninfrastruktur | Bahn\u00fcberg\u00e4nge, Gleisbettung &#038; Gleiskomponenten","item":"https:\/\/borflex-rex.ch\/de\/schienen-infrastruktur\/"},{"@type":"ListItem","position":3,"name":"Schotterlose Gleisbettung &#8211; Product Overview"}]}]}},"_links":{"self":[{"href":"https:\/\/borflex-rex.ch\/de\/wp-json\/wp\/v2\/pages\/21801"}],"collection":[{"href":"https:\/\/borflex-rex.ch\/de\/wp-json\/wp\/v2\/pages"}],"about":[{"href":"https:\/\/borflex-rex.ch\/de\/wp-json\/wp\/v2\/types\/page"}],"author":[{"embeddable":true,"href":"https:\/\/borflex-rex.ch\/de\/wp-json\/wp\/v2\/users\/23"}],"replies":[{"embeddable":true,"href":"https:\/\/borflex-rex.ch\/de\/wp-json\/wp\/v2\/comments?post=21801"}],"version-history":[{"count":0,"href":"https:\/\/borflex-rex.ch\/de\/wp-json\/wp\/v2\/pages\/21801\/revisions"}],"up":[{"embeddable":true,"href":"https:\/\/borflex-rex.ch\/de\/wp-json\/wp\/v2\/pages\/20693"}],"wp:attachment":[{"href":"https:\/\/borflex-rex.ch\/de\/wp-json\/wp\/v2\/media?parent=21801"}],"curies":[{"name":"wp","href":"https:\/\/api.w.org\/{rel}","templated":true}]}}