{"id":21851,"date":"2016-07-25T20:41:07","date_gmt":"2016-07-25T20:41:07","guid":{"rendered":"https:\/\/borflex-rex.ch\/de\/?page_id=21851"},"modified":"2016-08-20T16:40:13","modified_gmt":"2016-08-20T16:40:13","slug":"gummi-bahnuebergang","status":"publish","type":"page","link":"https:\/\/borflex-rex.ch\/de\/schienen-infrastruktur\/bahnuebergang\/gummi-bahnuebergang\/","title":{"rendered":"Gummi Bahn\u00fcbergang (HD)"},"content":{"rendered":"<p>[vc_row][vc_column][vc_empty_space height=&#8221;20px&#8221;][vc_custom_heading text=&#8221;Gummi Bahn\u00fcbergang (HD)&#8221; font_container=&#8221;tag:h1|text_align:left&#8221; use_theme_fonts=&#8221;yes&#8221;][\/vc_column][\/vc_row][vc_row][vc_column width=&#8221;2\/3&#8243;][vc_column_text]<\/p>\n<p>Ideal f\u00fcr Hochbelastungs-Schienen: H\u00e4lt Fahrzeuge bis zu 35 Tonnen problemlos aus. Die Passage zwischen dem Asphalt und externen \u00dcberg\u00e4ngen kann durch einen verst\u00e4rkten Betonschutz gesch\u00fctzt werden und ist bei uns direkt erh\u00e4ltlich. Dadurch erh\u00e4lt dieser Typ Bahn\u00fcbergang noch mehr Stabilit\u00e4t und Haltbarkeit. Die speziellen Verbindungsstellen machen die Plattform dar\u00fcber hinaus hoch stabil, langlebig und gleichm\u00e4\u00dfig. Der Bahn\u00fcbergang ist besonders resistent gegen Vibration und absorbiert ein Maximum an Ger\u00e4uschen.<\/p>\n<p>Klicken Sie hier f\u00fcr eine <a href=\"https:\/\/borflex-rex.ch\/de\/schienen-infrastruktur\/bahnuebergang\/\">\u00dcbersicht \u00fcber unsere Bahn\u00fcberg\u00e4nge<\/a>.<\/p>\n<p>[\/vc_column_text][\/vc_column][vc_column width=&#8221;1\/3&#8243;][vc_single_image image=&#8221;21850&#8243; img_size=&#8221;medium&#8221; alignment=&#8221;center&#8221;][\/vc_column][\/vc_row][vc_row][vc_column width=&#8221;1\/2&#8243;][vc_custom_heading text=&#8221;Anwendungsf\u00e4lle&#8221; use_theme_fonts=&#8221;yes&#8221;][vc_column_text]<\/p>\n<p>Der Swisscross HD Gummi-Bahn\u00fcbergang f\u00fcr den &#8220;Ger\u00e4uscharme und Hochbelastungs&#8221;-Anwendungsfall<\/p>\n<ul>\n<li>Minimale Vibration und Ger\u00e4uschemission<\/li>\n<li>F\u00fcr Schwere Fahrzeuge \u00fcber 35 Tonnen<\/li>\n<li>Hohe Stabilit\u00e4t und Langlebigkeit<\/li>\n<\/ul>\n<p>[\/vc_column_text][vc_cta h2=&#8221;Kontaktieren Sie uns jetzt zu:&#8221; h4=&#8221;Gummi Bahn\u00fcbergang&#8221; color=&#8221;green&#8221; add_button=&#8221;bottom&#8221; btn_title=&#8221;Informationen anfordern&#8221; btn_align=&#8221;center&#8221; btn_i_icon_fontawesome=&#8221;fa fa-arrow-circle-right&#8221; add_icon=&#8221;top&#8221; i_icon_fontawesome=&#8221;fa fa-envelope-o&#8221; i_color=&#8221;green&#8221; i_background_style=&#8221;rounded&#8221; btn_link=&#8221;url:https%3A%2F%2Fborflex-rex.ch%2Fcontacts%2F||&#8221; btn_button_block=&#8221;true&#8221; i_on_border=&#8221;true&#8221; i_link=&#8221;url:https%3A%2F%2Fborflex-rex.ch%2Fcontacts%2F||&#8221; btn_add_icon=&#8221;true&#8221; css=&#8221;.vc_custom_1471711206324{background-color: #ffffff !important;}&#8221;][\/vc_cta][\/vc_column][vc_column width=&#8221;1\/2&#8243;][vc_custom_heading text=&#8221;Vorteile&#8221; use_theme_fonts=&#8221;yes&#8221;][vc_column_text]<\/p>\n<ul>\n<li>Gute Vibrationsd\u00e4mpfung und L\u00e4rmreduktion<\/li>\n<li>Gute Belastungsresistenz bis zu 35 Tonnen<\/li>\n<li>Schnelle und rationale Montage<\/li>\n<li>Elektrische Isolation zwischen den zwei Schienen<\/li>\n<li>F\u00fcr Guache 1000mm und 1435mm<\/li>\n<li>Elemente f\u00fcr enge Kurven-Radii vorhanden<\/li>\n<li>In der Schweiz genehmigt<\/li>\n<\/ul>\n<p>[\/vc_column_text][\/vc_column][\/vc_row][vc_row][vc_column][vc_gallery interval=&#8221;5&#8243; images=&#8221;21850,21849,21848,19672,21847&#8243; img_size=&#8221;large&#8221;][\/vc_column][\/vc_row]<\/p>\n","protected":false},"excerpt":{"rendered":"<p>[vc_row][vc_column][vc_empty_space height=&#8221;20px&#8221;][vc_custom_heading text=&#8221;Gummi Bahn\u00fcbergang (HD)&#8221; font_container=&#8221;tag:h1|text_align:left&#8221; use_theme_fonts=&#8221;yes&#8221;][\/vc_column][\/vc_row][vc_row][vc_column width=&#8221;2\/3&#8243;][vc_column_text] Ideal f\u00fcr Hochbelastungs-Schienen: H\u00e4lt Fahrzeuge bis zu 35 Tonnen problemlos aus. Die Passage zwischen dem Asphalt und externen \u00dcberg\u00e4ngen kann durch einen verst\u00e4rkten Betonschutz gesch\u00fctzt werden und ist bei uns direkt erh\u00e4ltlich. Dadurch erh\u00e4lt dieser Typ Bahn\u00fcbergang noch mehr Stabilit\u00e4t und Haltbarkeit. Die speziellen Verbindungsstellen machen die [&hellip;]<\/p>\n","protected":false},"author":23,"featured_media":21850,"parent":21980,"menu_order":0,"comment_status":"closed","ping_status":"open","template":"","meta":[],"yoast_head":"<!-- This site is optimized with the Yoast SEO plugin v17.3 - https:\/\/yoast.com\/wordpress\/plugins\/seo\/ -->\n<title>Swisscross Gummi-Bahn\u00fcbergang by REX Articoli Tecnici SA<\/title>\n<meta name=\"description\" content=\"Unser Gummi-Bahn\u00fcbergang ist ideal f\u00fcr schwere Fahrzeuge bis zu 35 Tonnen und f\u00fcr maximale Ger\u00e4uschreduktion. Mehr Informationen finden Sie hier.\" \/>\n<meta name=\"robots\" content=\"index, follow, max-snippet:-1, max-image-preview:large, max-video-preview:-1\" \/>\n<link rel=\"canonical\" href=\"https:\/\/borflex-rex.ch\/de\/schienen-infrastruktur\/bahnuebergang\/gummi-bahnuebergang\/\" \/>\n<meta property=\"og:locale\" content=\"de_DE\" \/>\n<meta property=\"og:type\" content=\"article\" \/>\n<meta property=\"og:title\" content=\"Swisscross Gummi-Bahn\u00fcbergang by REX Articoli Tecnici SA\" \/>\n<meta property=\"og:description\" content=\"Unser Gummi-Bahn\u00fcbergang ist ideal f\u00fcr schwere Fahrzeuge bis zu 35 Tonnen und f\u00fcr maximale Ger\u00e4uschreduktion. Mehr Informationen finden Sie hier.\" \/>\n<meta property=\"og:url\" content=\"https:\/\/borflex-rex.ch\/de\/schienen-infrastruktur\/bahnuebergang\/gummi-bahnuebergang\/\" \/>\n<meta property=\"og:site_name\" content=\"Borflex Rex SA\" \/>\n<meta property=\"article:publisher\" content=\"https:\/\/www.facebook.com\/Rex-Articoli-Tecnici-SA-538626436317023\/?fref=ts\" \/>\n<meta property=\"article:modified_time\" content=\"2016-08-20T16:40:13+00:00\" \/>\n<meta property=\"og:image\" content=\"https:\/\/borflex-rex.ch\/wp-content\/uploads\/2016\/07\/HD.jpg\" \/>\n\t<meta property=\"og:image:width\" content=\"400\" \/>\n\t<meta property=\"og:image:height\" content=\"256\" \/>\n<meta name=\"twitter:label1\" content=\"Gesch\u00e4tzte Lesezeit\" \/>\n\t<meta name=\"twitter:data1\" content=\"2\u00a0Minuten\" \/>\n<script type=\"application\/ld+json\" class=\"yoast-schema-graph\">{\"@context\":\"https:\/\/schema.org\",\"@graph\":[{\"@type\":\"Organization\",\"@id\":\"https:\/\/borflex-rex.ch\/de\/#organization\",\"name\":\"Borflex Rex SA\",\"url\":\"https:\/\/borflex-rex.ch\/de\/\",\"sameAs\":[\"https:\/\/www.facebook.com\/Rex-Articoli-Tecnici-SA-538626436317023\/?fref=ts\",\"https:\/\/www.linkedin.com\/company\/rex-articoli-tecnici-sa\",\"https:\/\/www.youtube.com\/channel\/UC5bX_Xfx-7axBmeRH-N7JXQ\"],\"logo\":{\"@type\":\"ImageObject\",\"@id\":\"https:\/\/borflex-rex.ch\/de\/#logo\",\"inLanguage\":\"de\",\"url\":\"https:\/\/borflex-rex.ch\/wp-content\/uploads\/2016\/05\/Rex-Logo.png\",\"contentUrl\":\"https:\/\/borflex-rex.ch\/wp-content\/uploads\/2016\/05\/Rex-Logo.png\",\"width\":172,\"height\":50,\"caption\":\"Borflex Rex SA\"},\"image\":{\"@id\":\"https:\/\/borflex-rex.ch\/de\/#logo\"}},{\"@type\":\"WebSite\",\"@id\":\"https:\/\/borflex-rex.ch\/de\/#website\",\"url\":\"https:\/\/borflex-rex.ch\/de\/\",\"name\":\"Borflex Rex SA\",\"description\":\"\",\"publisher\":{\"@id\":\"https:\/\/borflex-rex.ch\/de\/#organization\"},\"potentialAction\":[{\"@type\":\"SearchAction\",\"target\":{\"@type\":\"EntryPoint\",\"urlTemplate\":\"https:\/\/borflex-rex.ch\/de\/?s={search_term_string}\"},\"query-input\":\"required name=search_term_string\"}],\"inLanguage\":\"de\"},{\"@type\":\"ImageObject\",\"@id\":\"https:\/\/borflex-rex.ch\/de\/schienen-infrastruktur\/bahnuebergang\/gummi-bahnuebergang\/#primaryimage\",\"inLanguage\":\"de\",\"url\":\"https:\/\/borflex-rex.ch\/wp-content\/uploads\/2016\/07\/HD.jpg\",\"contentUrl\":\"https:\/\/borflex-rex.ch\/wp-content\/uploads\/2016\/07\/HD.jpg\",\"width\":400,\"height\":256,\"caption\":\"Rubber Level Crossing\"},{\"@type\":\"WebPage\",\"@id\":\"https:\/\/borflex-rex.ch\/de\/schienen-infrastruktur\/bahnuebergang\/gummi-bahnuebergang\/#webpage\",\"url\":\"https:\/\/borflex-rex.ch\/de\/schienen-infrastruktur\/bahnuebergang\/gummi-bahnuebergang\/\",\"name\":\"Swisscross Gummi-Bahn\\u00fcbergang by REX Articoli Tecnici SA\",\"isPartOf\":{\"@id\":\"https:\/\/borflex-rex.ch\/de\/#website\"},\"primaryImageOfPage\":{\"@id\":\"https:\/\/borflex-rex.ch\/de\/schienen-infrastruktur\/bahnuebergang\/gummi-bahnuebergang\/#primaryimage\"},\"datePublished\":\"2016-07-25T20:41:07+00:00\",\"dateModified\":\"2016-08-20T16:40:13+00:00\",\"description\":\"Unser Gummi-Bahn\\u00fcbergang ist ideal f\\u00fcr schwere Fahrzeuge bis zu 35 Tonnen und f\\u00fcr maximale Ger\\u00e4uschreduktion. Mehr Informationen finden Sie hier.\",\"breadcrumb\":{\"@id\":\"https:\/\/borflex-rex.ch\/de\/schienen-infrastruktur\/bahnuebergang\/gummi-bahnuebergang\/#breadcrumb\"},\"inLanguage\":\"de\",\"potentialAction\":[{\"@type\":\"ReadAction\",\"target\":[\"https:\/\/borflex-rex.ch\/de\/schienen-infrastruktur\/bahnuebergang\/gummi-bahnuebergang\/\"]}]},{\"@type\":\"BreadcrumbList\",\"@id\":\"https:\/\/borflex-rex.ch\/de\/schienen-infrastruktur\/bahnuebergang\/gummi-bahnuebergang\/#breadcrumb\",\"itemListElement\":[{\"@type\":\"ListItem\",\"position\":1,\"name\":\"Home\",\"item\":\"https:\/\/borflex-rex.ch\/de\/\"},{\"@type\":\"ListItem\",\"position\":2,\"name\":\"Schieneninfrastruktur | Bahn\\u00fcberg\\u00e4nge, Gleisbettung &#038; Gleiskomponenten\",\"item\":\"https:\/\/borflex-rex.ch\/de\/schienen-infrastruktur\/\"},{\"@type\":\"ListItem\",\"position\":3,\"name\":\"Bahn\\u00fcbergang\",\"item\":\"https:\/\/borflex-rex.ch\/de\/schienen-infrastruktur\/bahnuebergang\/\"},{\"@type\":\"ListItem\",\"position\":4,\"name\":\"Gummi Bahn\\u00fcbergang (HD)\"}]}]}<\/script>\n<!-- \/ Yoast SEO plugin. -->","yoast_head_json":{"title":"Swisscross Gummi-Bahn\u00fcbergang by REX Articoli Tecnici SA","description":"Unser Gummi-Bahn\u00fcbergang ist ideal f\u00fcr schwere Fahrzeuge bis zu 35 Tonnen und f\u00fcr maximale Ger\u00e4uschreduktion. Mehr Informationen finden Sie hier.","robots":{"index":"index","follow":"follow","max-snippet":"max-snippet:-1","max-image-preview":"max-image-preview:large","max-video-preview":"max-video-preview:-1"},"canonical":"https:\/\/borflex-rex.ch\/de\/schienen-infrastruktur\/bahnuebergang\/gummi-bahnuebergang\/","og_locale":"de_DE","og_type":"article","og_title":"Swisscross Gummi-Bahn\u00fcbergang by REX Articoli Tecnici SA","og_description":"Unser Gummi-Bahn\u00fcbergang ist ideal f\u00fcr schwere Fahrzeuge bis zu 35 Tonnen und f\u00fcr maximale Ger\u00e4uschreduktion. Mehr Informationen finden Sie hier.","og_url":"https:\/\/borflex-rex.ch\/de\/schienen-infrastruktur\/bahnuebergang\/gummi-bahnuebergang\/","og_site_name":"Borflex Rex SA","article_publisher":"https:\/\/www.facebook.com\/Rex-Articoli-Tecnici-SA-538626436317023\/?fref=ts","article_modified_time":"2016-08-20T16:40:13+00:00","og_image":[{"width":400,"height":256,"url":"https:\/\/borflex-rex.ch\/wp-content\/uploads\/2016\/07\/HD.jpg","type":"image\/jpeg"}],"twitter_misc":{"Gesch\u00e4tzte Lesezeit":"2\u00a0Minuten"},"schema":{"@context":"https:\/\/schema.org","@graph":[{"@type":"Organization","@id":"https:\/\/borflex-rex.ch\/de\/#organization","name":"Borflex Rex SA","url":"https:\/\/borflex-rex.ch\/de\/","sameAs":["https:\/\/www.facebook.com\/Rex-Articoli-Tecnici-SA-538626436317023\/?fref=ts","https:\/\/www.linkedin.com\/company\/rex-articoli-tecnici-sa","https:\/\/www.youtube.com\/channel\/UC5bX_Xfx-7axBmeRH-N7JXQ"],"logo":{"@type":"ImageObject","@id":"https:\/\/borflex-rex.ch\/de\/#logo","inLanguage":"de","url":"https:\/\/borflex-rex.ch\/wp-content\/uploads\/2016\/05\/Rex-Logo.png","contentUrl":"https:\/\/borflex-rex.ch\/wp-content\/uploads\/2016\/05\/Rex-Logo.png","width":172,"height":50,"caption":"Borflex Rex SA"},"image":{"@id":"https:\/\/borflex-rex.ch\/de\/#logo"}},{"@type":"WebSite","@id":"https:\/\/borflex-rex.ch\/de\/#website","url":"https:\/\/borflex-rex.ch\/de\/","name":"Borflex Rex SA","description":"","publisher":{"@id":"https:\/\/borflex-rex.ch\/de\/#organization"},"potentialAction":[{"@type":"SearchAction","target":{"@type":"EntryPoint","urlTemplate":"https:\/\/borflex-rex.ch\/de\/?s={search_term_string}"},"query-input":"required name=search_term_string"}],"inLanguage":"de"},{"@type":"ImageObject","@id":"https:\/\/borflex-rex.ch\/de\/schienen-infrastruktur\/bahnuebergang\/gummi-bahnuebergang\/#primaryimage","inLanguage":"de","url":"https:\/\/borflex-rex.ch\/wp-content\/uploads\/2016\/07\/HD.jpg","contentUrl":"https:\/\/borflex-rex.ch\/wp-content\/uploads\/2016\/07\/HD.jpg","width":400,"height":256,"caption":"Rubber Level Crossing"},{"@type":"WebPage","@id":"https:\/\/borflex-rex.ch\/de\/schienen-infrastruktur\/bahnuebergang\/gummi-bahnuebergang\/#webpage","url":"https:\/\/borflex-rex.ch\/de\/schienen-infrastruktur\/bahnuebergang\/gummi-bahnuebergang\/","name":"Swisscross Gummi-Bahn\u00fcbergang by REX Articoli Tecnici SA","isPartOf":{"@id":"https:\/\/borflex-rex.ch\/de\/#website"},"primaryImageOfPage":{"@id":"https:\/\/borflex-rex.ch\/de\/schienen-infrastruktur\/bahnuebergang\/gummi-bahnuebergang\/#primaryimage"},"datePublished":"2016-07-25T20:41:07+00:00","dateModified":"2016-08-20T16:40:13+00:00","description":"Unser Gummi-Bahn\u00fcbergang ist ideal f\u00fcr schwere Fahrzeuge bis zu 35 Tonnen und f\u00fcr maximale Ger\u00e4uschreduktion. Mehr Informationen finden Sie hier.","breadcrumb":{"@id":"https:\/\/borflex-rex.ch\/de\/schienen-infrastruktur\/bahnuebergang\/gummi-bahnuebergang\/#breadcrumb"},"inLanguage":"de","potentialAction":[{"@type":"ReadAction","target":["https:\/\/borflex-rex.ch\/de\/schienen-infrastruktur\/bahnuebergang\/gummi-bahnuebergang\/"]}]},{"@type":"BreadcrumbList","@id":"https:\/\/borflex-rex.ch\/de\/schienen-infrastruktur\/bahnuebergang\/gummi-bahnuebergang\/#breadcrumb","itemListElement":[{"@type":"ListItem","position":1,"name":"Home","item":"https:\/\/borflex-rex.ch\/de\/"},{"@type":"ListItem","position":2,"name":"Schieneninfrastruktur | Bahn\u00fcberg\u00e4nge, Gleisbettung &#038; Gleiskomponenten","item":"https:\/\/borflex-rex.ch\/de\/schienen-infrastruktur\/"},{"@type":"ListItem","position":3,"name":"Bahn\u00fcbergang","item":"https:\/\/borflex-rex.ch\/de\/schienen-infrastruktur\/bahnuebergang\/"},{"@type":"ListItem","position":4,"name":"Gummi Bahn\u00fcbergang (HD)"}]}]}},"_links":{"self":[{"href":"https:\/\/borflex-rex.ch\/de\/wp-json\/wp\/v2\/pages\/21851"}],"collection":[{"href":"https:\/\/borflex-rex.ch\/de\/wp-json\/wp\/v2\/pages"}],"about":[{"href":"https:\/\/borflex-rex.ch\/de\/wp-json\/wp\/v2\/types\/page"}],"author":[{"embeddable":true,"href":"https:\/\/borflex-rex.ch\/de\/wp-json\/wp\/v2\/users\/23"}],"replies":[{"embeddable":true,"href":"https:\/\/borflex-rex.ch\/de\/wp-json\/wp\/v2\/comments?post=21851"}],"version-history":[{"count":0,"href":"https:\/\/borflex-rex.ch\/de\/wp-json\/wp\/v2\/pages\/21851\/revisions"}],"up":[{"embeddable":true,"href":"https:\/\/borflex-rex.ch\/de\/wp-json\/wp\/v2\/pages\/21980"}],"wp:featuredmedia":[{"embeddable":true,"href":"https:\/\/borflex-rex.ch\/de\/wp-json\/wp\/v2\/media\/21850"}],"wp:attachment":[{"href":"https:\/\/borflex-rex.ch\/de\/wp-json\/wp\/v2\/media?parent=21851"}],"curies":[{"name":"wp","href":"https:\/\/api.w.org\/{rel}","templated":true}]}}