{"id":21863,"date":"2016-07-25T21:11:19","date_gmt":"2016-07-25T21:11:19","guid":{"rendered":"https:\/\/borflex-rex.ch\/de\/?page_id=21863"},"modified":"2020-01-09T16:26:49","modified_gmt":"2020-01-09T15:26:49","slug":"kunstharz-bahnuebergang","status":"publish","type":"page","link":"https:\/\/borflex-rex.ch\/de\/schienen-infrastruktur\/bahnuebergang\/kunstharz-bahnuebergang\/","title":{"rendered":"Kunstharz Bahn\u00fcbergang (GFK)"},"content":{"rendered":"<p>[vc_row][vc_column][vc_empty_space height=&#8221;20px&#8221;][vc_custom_heading text=&#8221;GFK: Dienst-, Flucht- und Gehwege&#8221; font_container=&#8221;tag:h1|text_align:left&#8221; use_theme_fonts=&#8221;yes&#8221;][vc_empty_space height=&#8221;20px&#8221;][vc_video link=&#8221;https:\/\/www.youtube.com\/watch?v=RmT4d1VShZE&#8221;][\/vc_column][\/vc_row][vc_row][vc_column width=&#8221;2\/3&#8243;][vc_column_text]<\/p>\n<p>Der Swisscross Kunstharz Bahnu\u0308bergang mit einer geschlossenen- oder mit einer Gitteroberfl\u00e4che ist<\/p>\n<p>besonders fu\u0308r Dienstwege (in Bahnh\u00f6fen und Wartungsbereichen) und fu\u0308r Fluchtwege in Tunnels geeignet.<\/p>\n<p>Das neue Montagesystem f\u00fcr die GFK \u00dcberg\u00e4nge vereinfacht die Vorbereitungen und verk\u00fcrzt den Einbau erheblich. In nur 3 Schritten von der Planung zum Einbau des \u00dcbergangs. Nach dem Laser-Scan des zum Einbau vorgesehen Bereiches, berechnet die AKS-Software alle Details und Sie erhalten alle Teile vorgefertigt incl. der Montageanleitung. Sollte nach einiger Zeit ein Teile ersetzt werden, k\u00f6nnen Sie es einfach nachbestellen.<\/p>\n<p>[\/vc_column_text][\/vc_column][vc_column width=&#8221;1\/3&#8243;][vc_single_image image=&#8221;19667&#8243; img_size=&#8221;medium&#8221; alignment=&#8221;center&#8221;][\/vc_column][\/vc_row][vc_row][vc_column width=&#8221;1\/2&#8243;][vc_custom_heading text=&#8221;Anwendungsf\u00e4lle&#8221; use_theme_fonts=&#8221;yes&#8221;][vc_column_text]<\/p>\n<p>Swisscross HD der Harz-Bahn\u00fcbergang &#8220;Service Crossing&#8221;<\/p>\n<ul>\n<li>F\u00fcr Fu\u00dfg\u00e4nger\u00fcberwege<\/li>\n<li>Feuerbest\u00e4ndig und selbstverl\u00f6schend<\/li>\n<\/ul>\n<div id=\"gtx-trans\" style=\"position: absolute; left: 303px; top: 102px;\">\n<div class=\"gtx-trans-icon\">\u00a0<\/div>\n<\/div>\n<p>[\/vc_column_text][vc_cta h2=&#8221;Kontaktieren Sie uns jetz zu:&#8221; h4=&#8221;GFK: Dienst-, Flucht- und Gehwege&#8221; color=&#8221;green&#8221; add_button=&#8221;bottom&#8221; btn_title=&#8221;Informationen anfordern&#8221; btn_align=&#8221;center&#8221; btn_i_icon_fontawesome=&#8221;fa fa-arrow-circle-right&#8221; add_icon=&#8221;top&#8221; i_icon_fontawesome=&#8221;fa fa-envelope-o&#8221; i_color=&#8221;green&#8221; i_background_style=&#8221;rounded&#8221; btn_link=&#8221;url:https%3A%2F%2Fborflex-rex.ch%2Fde%2Fkontakt%2F|&#8221; btn_button_block=&#8221;true&#8221; i_on_border=&#8221;true&#8221; i_link=&#8221;url:https%3A%2F%2Fborflex-rex.ch%2Fde%2Fkontakt%2F|&#8221; btn_add_icon=&#8221;true&#8221; css=&#8221;.vc_custom_1578583358381{background-color: #ffffff !important;}&#8221;][\/vc_cta][\/vc_column][vc_column width=&#8221;1\/2&#8243;][vc_custom_heading text=&#8221;Vorteile&#8221; use_theme_fonts=&#8221;yes&#8221;][vc_column_text]<\/p>\n<ul>\n<li>Anti-Rutsch Belag<\/li>\n<li>UV-stabil, selbstl\u00f6schendes Material, gute Feuerresistenz<\/li>\n<li>Gute Resistenz in normalen korrosiven Umgebungen<\/li>\n<li>Maximale Gewichtsbelastung in Kilogramm mit einer Dicke von 38 mm = 400 kg\/m2<\/li>\n<li>Maximale Gewichtsbelastung in Kilogramm mit einer Dicke von 50 mm = 800 kg\/m2<\/li>\n<\/ul>\n<p>[\/vc_column_text][\/vc_column][\/vc_row][vc_row][vc_column][vc_column_text]<\/p>\n<p>[\/vc_column_text][\/vc_column][\/vc_row][vc_row][vc_column][vc_video link=&#8221;https:\/\/www.youtube.com\/watch?v=99WtOndZHQg&amp;feature=youtu.be&#8221; title=&#8221;Assembly of REX Swisscross GFK Resin Level Crossing&#8221;][\/vc_column][\/vc_row]<\/p>\n","protected":false},"excerpt":{"rendered":"<p>[vc_row][vc_column][vc_empty_space height=&#8221;20px&#8221;][vc_custom_heading text=&#8221;GFK: Dienst-, Flucht- und Gehwege&#8221; font_container=&#8221;tag:h1|text_align:left&#8221; use_theme_fonts=&#8221;yes&#8221;][vc_empty_space height=&#8221;20px&#8221;][vc_video link=&#8221;https:\/\/www.youtube.com\/watch?v=RmT4d1VShZE&#8221;][\/vc_column][\/vc_row][vc_row][vc_column width=&#8221;2\/3&#8243;][vc_column_text] Der Swisscross Kunstharz Bahnu\u0308bergang mit einer geschlossenen- oder mit einer Gitteroberfl\u00e4che ist besonders fu\u0308r Dienstwege (in Bahnh\u00f6fen und Wartungsbereichen) und fu\u0308r Fluchtwege in Tunnels geeignet. Das neue Montagesystem f\u00fcr die GFK \u00dcberg\u00e4nge vereinfacht die Vorbereitungen und verk\u00fcrzt den Einbau erheblich. In nur 3 [&hellip;]<\/p>\n","protected":false},"author":23,"featured_media":21601,"parent":21980,"menu_order":0,"comment_status":"closed","ping_status":"closed","template":"","meta":[],"yoast_head":"<!-- This site is optimized with the Yoast SEO plugin v17.3 - https:\/\/yoast.com\/wordpress\/plugins\/seo\/ -->\n<title>Kunstharz Bahn\u00fcbergang by REX Articoli Tecnici SA f\u00fcr Personenverkehr<\/title>\n<meta name=\"description\" content=\"Swisscross Kunstharz Bahn\u00fcbergang ist besonders geeignet f\u00fcr Service-\u00dcberg\u00e4nge in Bahnh\u00f6fen, Fluchtwege in U-Bahnen sowie an Tunnelausg\u00e4ngen.\" \/>\n<meta name=\"robots\" content=\"index, follow, max-snippet:-1, max-image-preview:large, max-video-preview:-1\" \/>\n<link rel=\"canonical\" href=\"https:\/\/borflex-rex.ch\/de\/schienen-infrastruktur\/bahnuebergang\/kunstharz-bahnuebergang\/\" \/>\n<meta property=\"og:locale\" content=\"de_DE\" \/>\n<meta property=\"og:type\" content=\"article\" \/>\n<meta property=\"og:title\" content=\"Kunstharz Bahn\u00fcbergang by REX Articoli Tecnici SA f\u00fcr Personenverkehr\" \/>\n<meta property=\"og:description\" content=\"Swisscross Kunstharz Bahn\u00fcbergang ist besonders geeignet f\u00fcr Service-\u00dcberg\u00e4nge in Bahnh\u00f6fen, Fluchtwege in U-Bahnen sowie an Tunnelausg\u00e4ngen.\" \/>\n<meta property=\"og:url\" content=\"https:\/\/borflex-rex.ch\/de\/schienen-infrastruktur\/bahnuebergang\/kunstharz-bahnuebergang\/\" \/>\n<meta property=\"og:site_name\" content=\"Borflex Rex SA\" \/>\n<meta property=\"article:publisher\" content=\"https:\/\/www.facebook.com\/Rex-Articoli-Tecnici-SA-538626436317023\/?fref=ts\" \/>\n<meta property=\"article:modified_time\" content=\"2020-01-09T15:26:49+00:00\" \/>\n<meta property=\"og:image\" content=\"https:\/\/borflex-rex.ch\/wp-content\/uploads\/2014\/09\/ferrovia-infra-PL-resina-322x240.jpg\" \/>\n\t<meta property=\"og:image:width\" content=\"322\" \/>\n\t<meta property=\"og:image:height\" content=\"240\" \/>\n<meta name=\"twitter:label1\" content=\"Gesch\u00e4tzte Lesezeit\" \/>\n\t<meta name=\"twitter:data1\" content=\"2\u00a0Minuten\" \/>\n<script type=\"application\/ld+json\" class=\"yoast-schema-graph\">{\"@context\":\"https:\/\/schema.org\",\"@graph\":[{\"@type\":\"Organization\",\"@id\":\"https:\/\/borflex-rex.ch\/de\/#organization\",\"name\":\"Borflex Rex SA\",\"url\":\"https:\/\/borflex-rex.ch\/de\/\",\"sameAs\":[\"https:\/\/www.facebook.com\/Rex-Articoli-Tecnici-SA-538626436317023\/?fref=ts\",\"https:\/\/www.linkedin.com\/company\/rex-articoli-tecnici-sa\",\"https:\/\/www.youtube.com\/channel\/UC5bX_Xfx-7axBmeRH-N7JXQ\"],\"logo\":{\"@type\":\"ImageObject\",\"@id\":\"https:\/\/borflex-rex.ch\/de\/#logo\",\"inLanguage\":\"de\",\"url\":\"https:\/\/borflex-rex.ch\/wp-content\/uploads\/2016\/05\/Rex-Logo.png\",\"contentUrl\":\"https:\/\/borflex-rex.ch\/wp-content\/uploads\/2016\/05\/Rex-Logo.png\",\"width\":172,\"height\":50,\"caption\":\"Borflex Rex SA\"},\"image\":{\"@id\":\"https:\/\/borflex-rex.ch\/de\/#logo\"}},{\"@type\":\"WebSite\",\"@id\":\"https:\/\/borflex-rex.ch\/de\/#website\",\"url\":\"https:\/\/borflex-rex.ch\/de\/\",\"name\":\"Borflex Rex SA\",\"description\":\"\",\"publisher\":{\"@id\":\"https:\/\/borflex-rex.ch\/de\/#organization\"},\"potentialAction\":[{\"@type\":\"SearchAction\",\"target\":{\"@type\":\"EntryPoint\",\"urlTemplate\":\"https:\/\/borflex-rex.ch\/de\/?s={search_term_string}\"},\"query-input\":\"required name=search_term_string\"}],\"inLanguage\":\"de\"},{\"@type\":\"ImageObject\",\"@id\":\"https:\/\/borflex-rex.ch\/de\/schienen-infrastruktur\/bahnuebergang\/kunstharz-bahnuebergang\/#primaryimage\",\"inLanguage\":\"de\",\"url\":\"https:\/\/borflex-rex.ch\/wp-content\/uploads\/2014\/09\/ferrovia-infra-PL-resina-322x240.jpg\",\"contentUrl\":\"https:\/\/borflex-rex.ch\/wp-content\/uploads\/2014\/09\/ferrovia-infra-PL-resina-322x240.jpg\",\"width\":322,\"height\":240},{\"@type\":\"WebPage\",\"@id\":\"https:\/\/borflex-rex.ch\/de\/schienen-infrastruktur\/bahnuebergang\/kunstharz-bahnuebergang\/#webpage\",\"url\":\"https:\/\/borflex-rex.ch\/de\/schienen-infrastruktur\/bahnuebergang\/kunstharz-bahnuebergang\/\",\"name\":\"Kunstharz Bahn\\u00fcbergang by REX Articoli Tecnici SA f\\u00fcr Personenverkehr\",\"isPartOf\":{\"@id\":\"https:\/\/borflex-rex.ch\/de\/#website\"},\"primaryImageOfPage\":{\"@id\":\"https:\/\/borflex-rex.ch\/de\/schienen-infrastruktur\/bahnuebergang\/kunstharz-bahnuebergang\/#primaryimage\"},\"datePublished\":\"2016-07-25T21:11:19+00:00\",\"dateModified\":\"2020-01-09T15:26:49+00:00\",\"description\":\"Swisscross Kunstharz Bahn\\u00fcbergang ist besonders geeignet f\\u00fcr Service-\\u00dcberg\\u00e4nge in Bahnh\\u00f6fen, Fluchtwege in U-Bahnen sowie an Tunnelausg\\u00e4ngen.\",\"breadcrumb\":{\"@id\":\"https:\/\/borflex-rex.ch\/de\/schienen-infrastruktur\/bahnuebergang\/kunstharz-bahnuebergang\/#breadcrumb\"},\"inLanguage\":\"de\",\"potentialAction\":[{\"@type\":\"ReadAction\",\"target\":[\"https:\/\/borflex-rex.ch\/de\/schienen-infrastruktur\/bahnuebergang\/kunstharz-bahnuebergang\/\"]}]},{\"@type\":\"BreadcrumbList\",\"@id\":\"https:\/\/borflex-rex.ch\/de\/schienen-infrastruktur\/bahnuebergang\/kunstharz-bahnuebergang\/#breadcrumb\",\"itemListElement\":[{\"@type\":\"ListItem\",\"position\":1,\"name\":\"Home\",\"item\":\"https:\/\/borflex-rex.ch\/de\/\"},{\"@type\":\"ListItem\",\"position\":2,\"name\":\"Schieneninfrastruktur | Bahn\\u00fcberg\\u00e4nge, Gleisbettung &#038; Gleiskomponenten\",\"item\":\"https:\/\/borflex-rex.ch\/de\/schienen-infrastruktur\/\"},{\"@type\":\"ListItem\",\"position\":3,\"name\":\"Bahn\\u00fcbergang\",\"item\":\"https:\/\/borflex-rex.ch\/de\/schienen-infrastruktur\/bahnuebergang\/\"},{\"@type\":\"ListItem\",\"position\":4,\"name\":\"Kunstharz Bahn\\u00fcbergang (GFK)\"}]}]}<\/script>\n<!-- \/ Yoast SEO plugin. -->","yoast_head_json":{"title":"Kunstharz Bahn\u00fcbergang by REX Articoli Tecnici SA f\u00fcr Personenverkehr","description":"Swisscross Kunstharz Bahn\u00fcbergang ist besonders geeignet f\u00fcr Service-\u00dcberg\u00e4nge in Bahnh\u00f6fen, Fluchtwege in U-Bahnen sowie an Tunnelausg\u00e4ngen.","robots":{"index":"index","follow":"follow","max-snippet":"max-snippet:-1","max-image-preview":"max-image-preview:large","max-video-preview":"max-video-preview:-1"},"canonical":"https:\/\/borflex-rex.ch\/de\/schienen-infrastruktur\/bahnuebergang\/kunstharz-bahnuebergang\/","og_locale":"de_DE","og_type":"article","og_title":"Kunstharz Bahn\u00fcbergang by REX Articoli Tecnici SA f\u00fcr Personenverkehr","og_description":"Swisscross Kunstharz Bahn\u00fcbergang ist besonders geeignet f\u00fcr Service-\u00dcberg\u00e4nge in Bahnh\u00f6fen, Fluchtwege in U-Bahnen sowie an Tunnelausg\u00e4ngen.","og_url":"https:\/\/borflex-rex.ch\/de\/schienen-infrastruktur\/bahnuebergang\/kunstharz-bahnuebergang\/","og_site_name":"Borflex Rex SA","article_publisher":"https:\/\/www.facebook.com\/Rex-Articoli-Tecnici-SA-538626436317023\/?fref=ts","article_modified_time":"2020-01-09T15:26:49+00:00","og_image":[{"width":322,"height":240,"url":"https:\/\/borflex-rex.ch\/wp-content\/uploads\/2014\/09\/ferrovia-infra-PL-resina-322x240.jpg","type":"image\/jpeg"}],"twitter_misc":{"Gesch\u00e4tzte Lesezeit":"2\u00a0Minuten"},"schema":{"@context":"https:\/\/schema.org","@graph":[{"@type":"Organization","@id":"https:\/\/borflex-rex.ch\/de\/#organization","name":"Borflex Rex SA","url":"https:\/\/borflex-rex.ch\/de\/","sameAs":["https:\/\/www.facebook.com\/Rex-Articoli-Tecnici-SA-538626436317023\/?fref=ts","https:\/\/www.linkedin.com\/company\/rex-articoli-tecnici-sa","https:\/\/www.youtube.com\/channel\/UC5bX_Xfx-7axBmeRH-N7JXQ"],"logo":{"@type":"ImageObject","@id":"https:\/\/borflex-rex.ch\/de\/#logo","inLanguage":"de","url":"https:\/\/borflex-rex.ch\/wp-content\/uploads\/2016\/05\/Rex-Logo.png","contentUrl":"https:\/\/borflex-rex.ch\/wp-content\/uploads\/2016\/05\/Rex-Logo.png","width":172,"height":50,"caption":"Borflex Rex SA"},"image":{"@id":"https:\/\/borflex-rex.ch\/de\/#logo"}},{"@type":"WebSite","@id":"https:\/\/borflex-rex.ch\/de\/#website","url":"https:\/\/borflex-rex.ch\/de\/","name":"Borflex Rex SA","description":"","publisher":{"@id":"https:\/\/borflex-rex.ch\/de\/#organization"},"potentialAction":[{"@type":"SearchAction","target":{"@type":"EntryPoint","urlTemplate":"https:\/\/borflex-rex.ch\/de\/?s={search_term_string}"},"query-input":"required name=search_term_string"}],"inLanguage":"de"},{"@type":"ImageObject","@id":"https:\/\/borflex-rex.ch\/de\/schienen-infrastruktur\/bahnuebergang\/kunstharz-bahnuebergang\/#primaryimage","inLanguage":"de","url":"https:\/\/borflex-rex.ch\/wp-content\/uploads\/2014\/09\/ferrovia-infra-PL-resina-322x240.jpg","contentUrl":"https:\/\/borflex-rex.ch\/wp-content\/uploads\/2014\/09\/ferrovia-infra-PL-resina-322x240.jpg","width":322,"height":240},{"@type":"WebPage","@id":"https:\/\/borflex-rex.ch\/de\/schienen-infrastruktur\/bahnuebergang\/kunstharz-bahnuebergang\/#webpage","url":"https:\/\/borflex-rex.ch\/de\/schienen-infrastruktur\/bahnuebergang\/kunstharz-bahnuebergang\/","name":"Kunstharz Bahn\u00fcbergang by REX Articoli Tecnici SA f\u00fcr Personenverkehr","isPartOf":{"@id":"https:\/\/borflex-rex.ch\/de\/#website"},"primaryImageOfPage":{"@id":"https:\/\/borflex-rex.ch\/de\/schienen-infrastruktur\/bahnuebergang\/kunstharz-bahnuebergang\/#primaryimage"},"datePublished":"2016-07-25T21:11:19+00:00","dateModified":"2020-01-09T15:26:49+00:00","description":"Swisscross Kunstharz Bahn\u00fcbergang ist besonders geeignet f\u00fcr Service-\u00dcberg\u00e4nge in Bahnh\u00f6fen, Fluchtwege in U-Bahnen sowie an Tunnelausg\u00e4ngen.","breadcrumb":{"@id":"https:\/\/borflex-rex.ch\/de\/schienen-infrastruktur\/bahnuebergang\/kunstharz-bahnuebergang\/#breadcrumb"},"inLanguage":"de","potentialAction":[{"@type":"ReadAction","target":["https:\/\/borflex-rex.ch\/de\/schienen-infrastruktur\/bahnuebergang\/kunstharz-bahnuebergang\/"]}]},{"@type":"BreadcrumbList","@id":"https:\/\/borflex-rex.ch\/de\/schienen-infrastruktur\/bahnuebergang\/kunstharz-bahnuebergang\/#breadcrumb","itemListElement":[{"@type":"ListItem","position":1,"name":"Home","item":"https:\/\/borflex-rex.ch\/de\/"},{"@type":"ListItem","position":2,"name":"Schieneninfrastruktur | Bahn\u00fcberg\u00e4nge, Gleisbettung &#038; Gleiskomponenten","item":"https:\/\/borflex-rex.ch\/de\/schienen-infrastruktur\/"},{"@type":"ListItem","position":3,"name":"Bahn\u00fcbergang","item":"https:\/\/borflex-rex.ch\/de\/schienen-infrastruktur\/bahnuebergang\/"},{"@type":"ListItem","position":4,"name":"Kunstharz Bahn\u00fcbergang (GFK)"}]}]}},"_links":{"self":[{"href":"https:\/\/borflex-rex.ch\/de\/wp-json\/wp\/v2\/pages\/21863"}],"collection":[{"href":"https:\/\/borflex-rex.ch\/de\/wp-json\/wp\/v2\/pages"}],"about":[{"href":"https:\/\/borflex-rex.ch\/de\/wp-json\/wp\/v2\/types\/page"}],"author":[{"embeddable":true,"href":"https:\/\/borflex-rex.ch\/de\/wp-json\/wp\/v2\/users\/23"}],"replies":[{"embeddable":true,"href":"https:\/\/borflex-rex.ch\/de\/wp-json\/wp\/v2\/comments?post=21863"}],"version-history":[{"count":3,"href":"https:\/\/borflex-rex.ch\/de\/wp-json\/wp\/v2\/pages\/21863\/revisions"}],"predecessor-version":[{"id":33985,"href":"https:\/\/borflex-rex.ch\/de\/wp-json\/wp\/v2\/pages\/21863\/revisions\/33985"}],"up":[{"embeddable":true,"href":"https:\/\/borflex-rex.ch\/de\/wp-json\/wp\/v2\/pages\/21980"}],"wp:featuredmedia":[{"embeddable":true,"href":"https:\/\/borflex-rex.ch\/de\/wp-json\/wp\/v2\/media\/21601"}],"wp:attachment":[{"href":"https:\/\/borflex-rex.ch\/de\/wp-json\/wp\/v2\/media?parent=21863"}],"curies":[{"name":"wp","href":"https:\/\/api.w.org\/{rel}","templated":true}]}}