{"id":21959,"date":"2016-08-10T14:39:30","date_gmt":"2016-08-10T14:39:30","guid":{"rendered":"https:\/\/borflex-rex.ch\/de\/rail-infrastructure\/track-components\/under-ballast\/"},"modified":"2016-08-21T09:15:08","modified_gmt":"2016-08-21T09:15:08","slug":"unterschotterplatten","status":"publish","type":"page","link":"https:\/\/borflex-rex.ch\/de\/schienen-infrastruktur\/gleiskomponenten\/unterschotterplatten\/","title":{"rendered":"Unterschotterplatten f\u00fcr den Schienenballast"},"content":{"rendered":"<p>[vc_row][vc_column][vc_empty_space height=&#8221;20px&#8221;][vc_custom_heading text=&#8221;Unterschotterplatten f\u00fcr den Schienenballast&#8221; font_container=&#8221;tag:h1|text_align:left&#8221; use_theme_fonts=&#8221;yes&#8221;][\/vc_column][\/vc_row][vc_row][vc_column width=&#8221;1\/2&#8243;][vc_column_text]<\/p>\n<p>Die Unterschotterplatten sind aus Gummi-Agglomeraten mit Polyurethan gemischt hergestellt und\u00a0 speziell f\u00fcr Eisenbahnkonstruktionen getestet. Wir liefern die Unterschotterplatten auch mit einem &#8220;Fabric-Finish&#8221; oder einer kompakten Gummioberfl\u00e4che.<\/p>\n<p>Klicken Sie hier f\u00fcr eine <a href=\"\/?page_id=21807\">\u00dcbersicht \u00fcber unsere Gleiskomponenten<\/a>.<\/p>\n<p>[\/vc_column_text][vc_cta h2=&#8221;Nehmen Sie jetzt Kontakt auf&#8221; h4=&#8221;Schienen Unterschotterplatten&#8221; color=&#8221;green&#8221; add_button=&#8221;bottom&#8221; btn_title=&#8221;Request more information&#8221; btn_align=&#8221;center&#8221; btn_i_icon_fontawesome=&#8221;fa fa-arrow-circle-right&#8221; add_icon=&#8221;top&#8221; i_icon_fontawesome=&#8221;fa fa-envelope-o&#8221; i_color=&#8221;green&#8221; i_background_style=&#8221;rounded&#8221; btn_link=&#8221;url:https%3A%2F%2Fborflex-rex.ch%2Fcontacts%2F||&#8221; btn_button_block=&#8221;true&#8221; i_on_border=&#8221;true&#8221; i_link=&#8221;url:https%3A%2F%2Fborflex-rex.ch%2Fcontacts%2F||&#8221; btn_add_icon=&#8221;true&#8221; css=&#8221;.vc_custom_1471614468780{background-color: #ffffff !important;}&#8221;][\/vc_cta][\/vc_column][vc_column width=&#8221;1\/2&#8243;][vc_gallery type=&#8221;flexslider_slide&#8221; interval=&#8221;10&#8243; images=&#8221;21140,21142&#8243; img_size=&#8221;large&#8221;][\/vc_column][\/vc_row]<\/p>\n","protected":false},"excerpt":{"rendered":"<p>[vc_row][vc_column][vc_empty_space height=&#8221;20px&#8221;][vc_custom_heading text=&#8221;Unterschotterplatten f\u00fcr den Schienenballast&#8221; font_container=&#8221;tag:h1|text_align:left&#8221; use_theme_fonts=&#8221;yes&#8221;][\/vc_column][\/vc_row][vc_row][vc_column width=&#8221;1\/2&#8243;][vc_column_text] Die Unterschotterplatten sind aus Gummi-Agglomeraten mit Polyurethan gemischt hergestellt und\u00a0 speziell f\u00fcr Eisenbahnkonstruktionen getestet. Wir liefern die Unterschotterplatten auch mit einem &#8220;Fabric-Finish&#8221; oder einer kompakten Gummioberfl\u00e4che. Klicken Sie hier f\u00fcr eine \u00dcbersicht \u00fcber unsere Gleiskomponenten. [\/vc_column_text][vc_cta h2=&#8221;Nehmen Sie jetzt Kontakt auf&#8221; h4=&#8221;Schienen Unterschotterplatten&#8221; color=&#8221;green&#8221; add_button=&#8221;bottom&#8221; btn_title=&#8221;Request [&hellip;]<\/p>\n","protected":false},"author":23,"featured_media":21142,"parent":21984,"menu_order":0,"comment_status":"closed","ping_status":"open","template":"","meta":[],"yoast_head":"<!-- This site is optimized with the Yoast SEO plugin v17.3 - https:\/\/yoast.com\/wordpress\/plugins\/seo\/ -->\n<title>Unterschotterplatten f\u00fcr den Schienenballast von REX Articoli Tecnici SA<\/title>\n<meta name=\"description\" content=\"Die Unterschotterplatten sind aus Gummi-Agglomeraten mit Polyurethan gemischt hergestellt und speziell f\u00fcr Eisenbahnkonstruktionen getestet.\" \/>\n<meta name=\"robots\" content=\"index, follow, max-snippet:-1, max-image-preview:large, max-video-preview:-1\" \/>\n<link rel=\"canonical\" href=\"https:\/\/borflex-rex.ch\/de\/schienen-infrastruktur\/gleiskomponenten\/unterschotterplatten\/\" \/>\n<meta property=\"og:locale\" content=\"de_DE\" \/>\n<meta property=\"og:type\" content=\"article\" \/>\n<meta property=\"og:title\" content=\"Unterschotterplatten f\u00fcr den Schienenballast von REX Articoli Tecnici SA\" \/>\n<meta property=\"og:description\" content=\"Die Unterschotterplatten sind aus Gummi-Agglomeraten mit Polyurethan gemischt hergestellt und speziell f\u00fcr Eisenbahnkonstruktionen getestet.\" \/>\n<meta property=\"og:url\" content=\"https:\/\/borflex-rex.ch\/de\/schienen-infrastruktur\/gleiskomponenten\/unterschotterplatten\/\" \/>\n<meta property=\"og:site_name\" content=\"Borflex Rex SA\" \/>\n<meta property=\"article:publisher\" content=\"https:\/\/www.facebook.com\/Rex-Articoli-Tecnici-SA-538626436317023\/?fref=ts\" \/>\n<meta property=\"article:modified_time\" content=\"2016-08-21T09:15:08+00:00\" \/>\n<meta property=\"og:image\" content=\"https:\/\/borflex-rex.ch\/wp-content\/uploads\/2014\/07\/F39-003-D3.jpg\" \/>\n\t<meta property=\"og:image:width\" content=\"969\" \/>\n\t<meta property=\"og:image:height\" content=\"969\" \/>\n<meta name=\"twitter:label1\" content=\"Gesch\u00e4tzte Lesezeit\" \/>\n\t<meta name=\"twitter:data1\" content=\"1\u00a0Minute\" \/>\n<script type=\"application\/ld+json\" class=\"yoast-schema-graph\">{\"@context\":\"https:\/\/schema.org\",\"@graph\":[{\"@type\":\"Organization\",\"@id\":\"https:\/\/borflex-rex.ch\/de\/#organization\",\"name\":\"Borflex Rex SA\",\"url\":\"https:\/\/borflex-rex.ch\/de\/\",\"sameAs\":[\"https:\/\/www.facebook.com\/Rex-Articoli-Tecnici-SA-538626436317023\/?fref=ts\",\"https:\/\/www.linkedin.com\/company\/rex-articoli-tecnici-sa\",\"https:\/\/www.youtube.com\/channel\/UC5bX_Xfx-7axBmeRH-N7JXQ\"],\"logo\":{\"@type\":\"ImageObject\",\"@id\":\"https:\/\/borflex-rex.ch\/de\/#logo\",\"inLanguage\":\"de\",\"url\":\"https:\/\/borflex-rex.ch\/wp-content\/uploads\/2016\/05\/Rex-Logo.png\",\"contentUrl\":\"https:\/\/borflex-rex.ch\/wp-content\/uploads\/2016\/05\/Rex-Logo.png\",\"width\":172,\"height\":50,\"caption\":\"Borflex Rex SA\"},\"image\":{\"@id\":\"https:\/\/borflex-rex.ch\/de\/#logo\"}},{\"@type\":\"WebSite\",\"@id\":\"https:\/\/borflex-rex.ch\/de\/#website\",\"url\":\"https:\/\/borflex-rex.ch\/de\/\",\"name\":\"Borflex Rex SA\",\"description\":\"\",\"publisher\":{\"@id\":\"https:\/\/borflex-rex.ch\/de\/#organization\"},\"potentialAction\":[{\"@type\":\"SearchAction\",\"target\":{\"@type\":\"EntryPoint\",\"urlTemplate\":\"https:\/\/borflex-rex.ch\/de\/?s={search_term_string}\"},\"query-input\":\"required name=search_term_string\"}],\"inLanguage\":\"de\"},{\"@type\":\"ImageObject\",\"@id\":\"https:\/\/borflex-rex.ch\/de\/schienen-infrastruktur\/gleiskomponenten\/unterschotterplatten\/#primaryimage\",\"inLanguage\":\"de\",\"url\":\"https:\/\/borflex-rex.ch\/wp-content\/uploads\/2014\/07\/F39-003-D3.jpg\",\"contentUrl\":\"https:\/\/borflex-rex.ch\/wp-content\/uploads\/2014\/07\/F39-003-D3.jpg\",\"width\":969,\"height\":969,\"caption\":\"Under-Ballast\"},{\"@type\":\"WebPage\",\"@id\":\"https:\/\/borflex-rex.ch\/de\/schienen-infrastruktur\/gleiskomponenten\/unterschotterplatten\/#webpage\",\"url\":\"https:\/\/borflex-rex.ch\/de\/schienen-infrastruktur\/gleiskomponenten\/unterschotterplatten\/\",\"name\":\"Unterschotterplatten f\\u00fcr den Schienenballast von REX Articoli Tecnici SA\",\"isPartOf\":{\"@id\":\"https:\/\/borflex-rex.ch\/de\/#website\"},\"primaryImageOfPage\":{\"@id\":\"https:\/\/borflex-rex.ch\/de\/schienen-infrastruktur\/gleiskomponenten\/unterschotterplatten\/#primaryimage\"},\"datePublished\":\"2016-08-10T14:39:30+00:00\",\"dateModified\":\"2016-08-21T09:15:08+00:00\",\"description\":\"Die Unterschotterplatten sind aus Gummi-Agglomeraten mit Polyurethan gemischt hergestellt und speziell f\\u00fcr Eisenbahnkonstruktionen getestet.\",\"breadcrumb\":{\"@id\":\"https:\/\/borflex-rex.ch\/de\/schienen-infrastruktur\/gleiskomponenten\/unterschotterplatten\/#breadcrumb\"},\"inLanguage\":\"de\",\"potentialAction\":[{\"@type\":\"ReadAction\",\"target\":[\"https:\/\/borflex-rex.ch\/de\/schienen-infrastruktur\/gleiskomponenten\/unterschotterplatten\/\"]}]},{\"@type\":\"BreadcrumbList\",\"@id\":\"https:\/\/borflex-rex.ch\/de\/schienen-infrastruktur\/gleiskomponenten\/unterschotterplatten\/#breadcrumb\",\"itemListElement\":[{\"@type\":\"ListItem\",\"position\":1,\"name\":\"Home\",\"item\":\"https:\/\/borflex-rex.ch\/de\/\"},{\"@type\":\"ListItem\",\"position\":2,\"name\":\"Schieneninfrastruktur | Bahn\\u00fcberg\\u00e4nge, Gleisbettung &#038; Gleiskomponenten\",\"item\":\"https:\/\/borflex-rex.ch\/de\/schienen-infrastruktur\/\"},{\"@type\":\"ListItem\",\"position\":3,\"name\":\"Gleiskomponenten\",\"item\":\"https:\/\/borflex-rex.ch\/de\/schienen-infrastruktur\/gleiskomponenten\/\"},{\"@type\":\"ListItem\",\"position\":4,\"name\":\"Unterschotterplatten f\\u00fcr den Schienenballast\"}]}]}<\/script>\n<!-- \/ Yoast SEO plugin. -->","yoast_head_json":{"title":"Unterschotterplatten f\u00fcr den Schienenballast von REX Articoli Tecnici SA","description":"Die Unterschotterplatten sind aus Gummi-Agglomeraten mit Polyurethan gemischt hergestellt und speziell f\u00fcr Eisenbahnkonstruktionen getestet.","robots":{"index":"index","follow":"follow","max-snippet":"max-snippet:-1","max-image-preview":"max-image-preview:large","max-video-preview":"max-video-preview:-1"},"canonical":"https:\/\/borflex-rex.ch\/de\/schienen-infrastruktur\/gleiskomponenten\/unterschotterplatten\/","og_locale":"de_DE","og_type":"article","og_title":"Unterschotterplatten f\u00fcr den Schienenballast von REX Articoli Tecnici SA","og_description":"Die Unterschotterplatten sind aus Gummi-Agglomeraten mit Polyurethan gemischt hergestellt und speziell f\u00fcr Eisenbahnkonstruktionen getestet.","og_url":"https:\/\/borflex-rex.ch\/de\/schienen-infrastruktur\/gleiskomponenten\/unterschotterplatten\/","og_site_name":"Borflex Rex SA","article_publisher":"https:\/\/www.facebook.com\/Rex-Articoli-Tecnici-SA-538626436317023\/?fref=ts","article_modified_time":"2016-08-21T09:15:08+00:00","og_image":[{"width":969,"height":969,"url":"https:\/\/borflex-rex.ch\/wp-content\/uploads\/2014\/07\/F39-003-D3.jpg","type":"image\/jpeg"}],"twitter_misc":{"Gesch\u00e4tzte Lesezeit":"1\u00a0Minute"},"schema":{"@context":"https:\/\/schema.org","@graph":[{"@type":"Organization","@id":"https:\/\/borflex-rex.ch\/de\/#organization","name":"Borflex Rex SA","url":"https:\/\/borflex-rex.ch\/de\/","sameAs":["https:\/\/www.facebook.com\/Rex-Articoli-Tecnici-SA-538626436317023\/?fref=ts","https:\/\/www.linkedin.com\/company\/rex-articoli-tecnici-sa","https:\/\/www.youtube.com\/channel\/UC5bX_Xfx-7axBmeRH-N7JXQ"],"logo":{"@type":"ImageObject","@id":"https:\/\/borflex-rex.ch\/de\/#logo","inLanguage":"de","url":"https:\/\/borflex-rex.ch\/wp-content\/uploads\/2016\/05\/Rex-Logo.png","contentUrl":"https:\/\/borflex-rex.ch\/wp-content\/uploads\/2016\/05\/Rex-Logo.png","width":172,"height":50,"caption":"Borflex Rex SA"},"image":{"@id":"https:\/\/borflex-rex.ch\/de\/#logo"}},{"@type":"WebSite","@id":"https:\/\/borflex-rex.ch\/de\/#website","url":"https:\/\/borflex-rex.ch\/de\/","name":"Borflex Rex SA","description":"","publisher":{"@id":"https:\/\/borflex-rex.ch\/de\/#organization"},"potentialAction":[{"@type":"SearchAction","target":{"@type":"EntryPoint","urlTemplate":"https:\/\/borflex-rex.ch\/de\/?s={search_term_string}"},"query-input":"required name=search_term_string"}],"inLanguage":"de"},{"@type":"ImageObject","@id":"https:\/\/borflex-rex.ch\/de\/schienen-infrastruktur\/gleiskomponenten\/unterschotterplatten\/#primaryimage","inLanguage":"de","url":"https:\/\/borflex-rex.ch\/wp-content\/uploads\/2014\/07\/F39-003-D3.jpg","contentUrl":"https:\/\/borflex-rex.ch\/wp-content\/uploads\/2014\/07\/F39-003-D3.jpg","width":969,"height":969,"caption":"Under-Ballast"},{"@type":"WebPage","@id":"https:\/\/borflex-rex.ch\/de\/schienen-infrastruktur\/gleiskomponenten\/unterschotterplatten\/#webpage","url":"https:\/\/borflex-rex.ch\/de\/schienen-infrastruktur\/gleiskomponenten\/unterschotterplatten\/","name":"Unterschotterplatten f\u00fcr den Schienenballast von REX Articoli Tecnici SA","isPartOf":{"@id":"https:\/\/borflex-rex.ch\/de\/#website"},"primaryImageOfPage":{"@id":"https:\/\/borflex-rex.ch\/de\/schienen-infrastruktur\/gleiskomponenten\/unterschotterplatten\/#primaryimage"},"datePublished":"2016-08-10T14:39:30+00:00","dateModified":"2016-08-21T09:15:08+00:00","description":"Die Unterschotterplatten sind aus Gummi-Agglomeraten mit Polyurethan gemischt hergestellt und speziell f\u00fcr Eisenbahnkonstruktionen getestet.","breadcrumb":{"@id":"https:\/\/borflex-rex.ch\/de\/schienen-infrastruktur\/gleiskomponenten\/unterschotterplatten\/#breadcrumb"},"inLanguage":"de","potentialAction":[{"@type":"ReadAction","target":["https:\/\/borflex-rex.ch\/de\/schienen-infrastruktur\/gleiskomponenten\/unterschotterplatten\/"]}]},{"@type":"BreadcrumbList","@id":"https:\/\/borflex-rex.ch\/de\/schienen-infrastruktur\/gleiskomponenten\/unterschotterplatten\/#breadcrumb","itemListElement":[{"@type":"ListItem","position":1,"name":"Home","item":"https:\/\/borflex-rex.ch\/de\/"},{"@type":"ListItem","position":2,"name":"Schieneninfrastruktur | Bahn\u00fcberg\u00e4nge, Gleisbettung &#038; Gleiskomponenten","item":"https:\/\/borflex-rex.ch\/de\/schienen-infrastruktur\/"},{"@type":"ListItem","position":3,"name":"Gleiskomponenten","item":"https:\/\/borflex-rex.ch\/de\/schienen-infrastruktur\/gleiskomponenten\/"},{"@type":"ListItem","position":4,"name":"Unterschotterplatten f\u00fcr den Schienenballast"}]}]}},"_links":{"self":[{"href":"https:\/\/borflex-rex.ch\/de\/wp-json\/wp\/v2\/pages\/21959"}],"collection":[{"href":"https:\/\/borflex-rex.ch\/de\/wp-json\/wp\/v2\/pages"}],"about":[{"href":"https:\/\/borflex-rex.ch\/de\/wp-json\/wp\/v2\/types\/page"}],"author":[{"embeddable":true,"href":"https:\/\/borflex-rex.ch\/de\/wp-json\/wp\/v2\/users\/23"}],"replies":[{"embeddable":true,"href":"https:\/\/borflex-rex.ch\/de\/wp-json\/wp\/v2\/comments?post=21959"}],"version-history":[{"count":0,"href":"https:\/\/borflex-rex.ch\/de\/wp-json\/wp\/v2\/pages\/21959\/revisions"}],"up":[{"embeddable":true,"href":"https:\/\/borflex-rex.ch\/de\/wp-json\/wp\/v2\/pages\/21984"}],"wp:featuredmedia":[{"embeddable":true,"href":"https:\/\/borflex-rex.ch\/de\/wp-json\/wp\/v2\/media\/21142"}],"wp:attachment":[{"href":"https:\/\/borflex-rex.ch\/de\/wp-json\/wp\/v2\/media?parent=21959"}],"curies":[{"name":"wp","href":"https:\/\/api.w.org\/{rel}","templated":true}]}}