{"id":21972,"date":"2016-08-09T15:00:51","date_gmt":"2016-08-09T15:00:51","guid":{"rendered":"https:\/\/borflex-rex.ch\/de\/rail-infrastructure\/ballastless-tracks\/underground-tramway-tracks\/"},"modified":"2016-08-20T16:45:10","modified_gmt":"2016-08-20T16:45:10","slug":"gummifuesse-und-polster-strassenbahn-u-bahn","status":"publish","type":"page","link":"https:\/\/borflex-rex.ch\/de\/schienen-infrastruktur\/schotterlose-gleisbettung\/gummifuesse-und-polster-strassenbahn-u-bahn\/","title":{"rendered":"Gummif\u00fc\u00dfe und Polster f\u00fcr Stra\u00dfen- und U-bahn"},"content":{"rendered":"<p>[vc_row][vc_column][vc_empty_space height=&#8221;20px&#8221;][vc_custom_heading text=&#8221;Gummif\u00fc\u00dfe und Polster f\u00fcr Stra\u00dfen- und U-bahn&#8221; font_container=&#8221;tag:h1|text_align:left&#8221; use_theme_fonts=&#8221;yes&#8221;][\/vc_column][\/vc_row][vc_row][vc_column width=&#8221;1\/2&#8243;][vc_column_text]<\/p>\n<p>Borflex Rex SA produziert Gummif\u00fc\u00dfe und mikrozellulare Polster mit statischer und dynamischer Steifheit, die au\u00dfergew\u00f6hnlich interessant f\u00fcr unsere Kunden im Bereich der Gleisbettung f\u00fcr Stra\u00dfen- und U-bahn sind. Unsere speziellen Gummif\u00fc\u00dfe werden in der Gleisbettung mit besonderen Profilen eingesetzt, die maximale Vibrationsd\u00e4mpfung erm\u00f6glichen. Unsere Labore erlauben uns genaue Simulationen und Tests, die diese minimale Vibrations- und Ger\u00e4uscherzeugung in jedem Projekt garantieren. Damit steuern wir unseren Teil zu ihrem Stra\u00dfen- und U-bahn Projekt bei.<\/p>\n<p>Klicken Sie hier f\u00fcr eine \u00dcbersicht unserer <a href=\"https:\/\/borflex-rex.ch\/de\/schienen-infrastruktur\/schotterlose-gleisbettung\/\">Produkte f\u00fcr Schotterlose Gleisbettung<\/a>.<\/p>\n<p>[\/vc_column_text][vc_cta h2=&#8221;Kontaktieren Sie uns jetzt zu:&#8221; h4=&#8221;Gummif\u00fc\u00dfe und Polster f\u00fcr Stra\u00dfen- und U-bahn&#8221; color=&#8221;green&#8221; add_button=&#8221;bottom&#8221; btn_title=&#8221;Informationen anfordern&#8221; btn_align=&#8221;center&#8221; btn_i_icon_fontawesome=&#8221;fa fa-arrow-circle-right&#8221; add_icon=&#8221;top&#8221; i_icon_fontawesome=&#8221;fa fa-envelope-o&#8221; i_color=&#8221;green&#8221; i_background_style=&#8221;rounded&#8221; btn_link=&#8221;url:https%3A%2F%2Fborflex-rex.ch%2Fcontacts%2F||&#8221; btn_button_block=&#8221;true&#8221; i_on_border=&#8221;true&#8221; i_link=&#8221;url:https%3A%2F%2Fborflex-rex.ch%2Fcontacts%2F||&#8221; btn_add_icon=&#8221;true&#8221; css=&#8221;.vc_custom_1471707069260{background-color: #ffffff !important;}&#8221;][\/vc_cta][\/vc_column][vc_column width=&#8221;1\/2&#8243;][vc_single_image image=&#8221;21133&#8243; img_size=&#8221;medium&#8221; alignment=&#8221;center&#8221;][vc_gallery type=&#8221;flexslider_slide&#8221; interval=&#8221;10&#8243; images=&#8221;21131,19642,21130&#8243; img_size=&#8221;large&#8221;][\/vc_column][\/vc_row]<\/p>\n","protected":false},"excerpt":{"rendered":"<p>[vc_row][vc_column][vc_empty_space height=&#8221;20px&#8221;][vc_custom_heading text=&#8221;Gummif\u00fc\u00dfe und Polster f\u00fcr Stra\u00dfen- und U-bahn&#8221; font_container=&#8221;tag:h1|text_align:left&#8221; use_theme_fonts=&#8221;yes&#8221;][\/vc_column][\/vc_row][vc_row][vc_column width=&#8221;1\/2&#8243;][vc_column_text] Borflex Rex SA produziert Gummif\u00fc\u00dfe und mikrozellulare Polster mit statischer und dynamischer Steifheit, die au\u00dfergew\u00f6hnlich interessant f\u00fcr unsere Kunden im Bereich der Gleisbettung f\u00fcr Stra\u00dfen- und U-bahn sind. Unsere speziellen Gummif\u00fc\u00dfe werden in der Gleisbettung mit besonderen Profilen eingesetzt, die maximale Vibrationsd\u00e4mpfung erm\u00f6glichen. [&hellip;]<\/p>\n","protected":false},"author":23,"featured_media":19685,"parent":21801,"menu_order":0,"comment_status":"closed","ping_status":"open","template":"","meta":[],"yoast_head":"<!-- This site is optimized with the Yoast SEO plugin v17.3 - https:\/\/yoast.com\/wordpress\/plugins\/seo\/ -->\n<title>Gummif\u00fc\u00dfe und Polster f\u00fcr Stra\u00dfen- und U-bahn von REX Articoli Tecnici SA<\/title>\n<meta name=\"description\" content=\"Gummif\u00fc\u00dfe Bahnschwellen Polster, f\u00fcr den Bereich der Gleisbettung von Stra\u00dfen- und U-bahn. Mehr Informationen finden Sie hier.\" \/>\n<meta name=\"robots\" content=\"index, follow, max-snippet:-1, max-image-preview:large, max-video-preview:-1\" \/>\n<link rel=\"canonical\" href=\"https:\/\/borflex-rex.ch\/de\/schienen-infrastruktur\/schotterlose-gleisbettung\/gummifuesse-und-polster-strassenbahn-u-bahn\/\" \/>\n<meta property=\"og:locale\" content=\"de_DE\" \/>\n<meta property=\"og:type\" content=\"article\" \/>\n<meta property=\"og:title\" content=\"Gummif\u00fc\u00dfe und Polster f\u00fcr Stra\u00dfen- und U-bahn von REX Articoli Tecnici SA\" \/>\n<meta property=\"og:description\" content=\"Gummif\u00fc\u00dfe Bahnschwellen Polster, f\u00fcr den Bereich der Gleisbettung von Stra\u00dfen- und U-bahn. Mehr Informationen finden Sie hier.\" \/>\n<meta property=\"og:url\" content=\"https:\/\/borflex-rex.ch\/de\/schienen-infrastruktur\/schotterlose-gleisbettung\/gummifuesse-und-polster-strassenbahn-u-bahn\/\" \/>\n<meta property=\"og:site_name\" content=\"Borflex Rex SA\" \/>\n<meta property=\"article:publisher\" content=\"https:\/\/www.facebook.com\/Rex-Articoli-Tecnici-SA-538626436317023\/?fref=ts\" \/>\n<meta property=\"article:modified_time\" content=\"2016-08-20T16:45:10+00:00\" \/>\n<meta property=\"og:image\" content=\"https:\/\/borflex-rex.ch\/wp-content\/uploads\/2014\/07\/scarpe.jpg\" \/>\n\t<meta property=\"og:image:width\" content=\"640\" \/>\n\t<meta property=\"og:image:height\" content=\"640\" \/>\n<meta name=\"twitter:label1\" content=\"Gesch\u00e4tzte Lesezeit\" \/>\n\t<meta name=\"twitter:data1\" content=\"1\u00a0Minute\" \/>\n<script type=\"application\/ld+json\" class=\"yoast-schema-graph\">{\"@context\":\"https:\/\/schema.org\",\"@graph\":[{\"@type\":\"Organization\",\"@id\":\"https:\/\/borflex-rex.ch\/de\/#organization\",\"name\":\"Borflex Rex SA\",\"url\":\"https:\/\/borflex-rex.ch\/de\/\",\"sameAs\":[\"https:\/\/www.facebook.com\/Rex-Articoli-Tecnici-SA-538626436317023\/?fref=ts\",\"https:\/\/www.linkedin.com\/company\/rex-articoli-tecnici-sa\",\"https:\/\/www.youtube.com\/channel\/UC5bX_Xfx-7axBmeRH-N7JXQ\"],\"logo\":{\"@type\":\"ImageObject\",\"@id\":\"https:\/\/borflex-rex.ch\/de\/#logo\",\"inLanguage\":\"de\",\"url\":\"https:\/\/borflex-rex.ch\/wp-content\/uploads\/2016\/05\/Rex-Logo.png\",\"contentUrl\":\"https:\/\/borflex-rex.ch\/wp-content\/uploads\/2016\/05\/Rex-Logo.png\",\"width\":172,\"height\":50,\"caption\":\"Borflex Rex SA\"},\"image\":{\"@id\":\"https:\/\/borflex-rex.ch\/de\/#logo\"}},{\"@type\":\"WebSite\",\"@id\":\"https:\/\/borflex-rex.ch\/de\/#website\",\"url\":\"https:\/\/borflex-rex.ch\/de\/\",\"name\":\"Borflex Rex SA\",\"description\":\"\",\"publisher\":{\"@id\":\"https:\/\/borflex-rex.ch\/de\/#organization\"},\"potentialAction\":[{\"@type\":\"SearchAction\",\"target\":{\"@type\":\"EntryPoint\",\"urlTemplate\":\"https:\/\/borflex-rex.ch\/de\/?s={search_term_string}\"},\"query-input\":\"required name=search_term_string\"}],\"inLanguage\":\"de\"},{\"@type\":\"ImageObject\",\"@id\":\"https:\/\/borflex-rex.ch\/de\/schienen-infrastruktur\/schotterlose-gleisbettung\/gummifuesse-und-polster-strassenbahn-u-bahn\/#primaryimage\",\"inLanguage\":\"de\",\"url\":\"https:\/\/borflex-rex.ch\/wp-content\/uploads\/2014\/07\/scarpe.jpg\",\"contentUrl\":\"https:\/\/borflex-rex.ch\/wp-content\/uploads\/2014\/07\/scarpe.jpg\",\"width\":640,\"height\":640,\"caption\":\"Underground and Tramway Tracks\"},{\"@type\":\"WebPage\",\"@id\":\"https:\/\/borflex-rex.ch\/de\/schienen-infrastruktur\/schotterlose-gleisbettung\/gummifuesse-und-polster-strassenbahn-u-bahn\/#webpage\",\"url\":\"https:\/\/borflex-rex.ch\/de\/schienen-infrastruktur\/schotterlose-gleisbettung\/gummifuesse-und-polster-strassenbahn-u-bahn\/\",\"name\":\"Gummif\\u00fc\\u00dfe und Polster f\\u00fcr Stra\\u00dfen- und U-bahn von REX Articoli Tecnici SA\",\"isPartOf\":{\"@id\":\"https:\/\/borflex-rex.ch\/de\/#website\"},\"primaryImageOfPage\":{\"@id\":\"https:\/\/borflex-rex.ch\/de\/schienen-infrastruktur\/schotterlose-gleisbettung\/gummifuesse-und-polster-strassenbahn-u-bahn\/#primaryimage\"},\"datePublished\":\"2016-08-09T15:00:51+00:00\",\"dateModified\":\"2016-08-20T16:45:10+00:00\",\"description\":\"Gummif\\u00fc\\u00dfe Bahnschwellen Polster, f\\u00fcr den Bereich der Gleisbettung von Stra\\u00dfen- und U-bahn. Mehr Informationen finden Sie hier.\",\"breadcrumb\":{\"@id\":\"https:\/\/borflex-rex.ch\/de\/schienen-infrastruktur\/schotterlose-gleisbettung\/gummifuesse-und-polster-strassenbahn-u-bahn\/#breadcrumb\"},\"inLanguage\":\"de\",\"potentialAction\":[{\"@type\":\"ReadAction\",\"target\":[\"https:\/\/borflex-rex.ch\/de\/schienen-infrastruktur\/schotterlose-gleisbettung\/gummifuesse-und-polster-strassenbahn-u-bahn\/\"]}]},{\"@type\":\"BreadcrumbList\",\"@id\":\"https:\/\/borflex-rex.ch\/de\/schienen-infrastruktur\/schotterlose-gleisbettung\/gummifuesse-und-polster-strassenbahn-u-bahn\/#breadcrumb\",\"itemListElement\":[{\"@type\":\"ListItem\",\"position\":1,\"name\":\"Home\",\"item\":\"https:\/\/borflex-rex.ch\/de\/\"},{\"@type\":\"ListItem\",\"position\":2,\"name\":\"Schieneninfrastruktur | Bahn\\u00fcberg\\u00e4nge, Gleisbettung &#038; Gleiskomponenten\",\"item\":\"https:\/\/borflex-rex.ch\/de\/schienen-infrastruktur\/\"},{\"@type\":\"ListItem\",\"position\":3,\"name\":\"Schotterlose Gleisbettung &#8211; Product Overview\",\"item\":\"https:\/\/borflex-rex.ch\/de\/schienen-infrastruktur\/schotterlose-gleisbettung\/\"},{\"@type\":\"ListItem\",\"position\":4,\"name\":\"Gummif\\u00fc\\u00dfe und Polster f\\u00fcr Stra\\u00dfen- und U-bahn\"}]}]}<\/script>\n<!-- \/ Yoast SEO plugin. -->","yoast_head_json":{"title":"Gummif\u00fc\u00dfe und Polster f\u00fcr Stra\u00dfen- und U-bahn von REX Articoli Tecnici SA","description":"Gummif\u00fc\u00dfe Bahnschwellen Polster, f\u00fcr den Bereich der Gleisbettung von Stra\u00dfen- und U-bahn. Mehr Informationen finden Sie hier.","robots":{"index":"index","follow":"follow","max-snippet":"max-snippet:-1","max-image-preview":"max-image-preview:large","max-video-preview":"max-video-preview:-1"},"canonical":"https:\/\/borflex-rex.ch\/de\/schienen-infrastruktur\/schotterlose-gleisbettung\/gummifuesse-und-polster-strassenbahn-u-bahn\/","og_locale":"de_DE","og_type":"article","og_title":"Gummif\u00fc\u00dfe und Polster f\u00fcr Stra\u00dfen- und U-bahn von REX Articoli Tecnici SA","og_description":"Gummif\u00fc\u00dfe Bahnschwellen Polster, f\u00fcr den Bereich der Gleisbettung von Stra\u00dfen- und U-bahn. Mehr Informationen finden Sie hier.","og_url":"https:\/\/borflex-rex.ch\/de\/schienen-infrastruktur\/schotterlose-gleisbettung\/gummifuesse-und-polster-strassenbahn-u-bahn\/","og_site_name":"Borflex Rex SA","article_publisher":"https:\/\/www.facebook.com\/Rex-Articoli-Tecnici-SA-538626436317023\/?fref=ts","article_modified_time":"2016-08-20T16:45:10+00:00","og_image":[{"width":640,"height":640,"url":"https:\/\/borflex-rex.ch\/wp-content\/uploads\/2014\/07\/scarpe.jpg","type":"image\/jpeg"}],"twitter_misc":{"Gesch\u00e4tzte Lesezeit":"1\u00a0Minute"},"schema":{"@context":"https:\/\/schema.org","@graph":[{"@type":"Organization","@id":"https:\/\/borflex-rex.ch\/de\/#organization","name":"Borflex Rex SA","url":"https:\/\/borflex-rex.ch\/de\/","sameAs":["https:\/\/www.facebook.com\/Rex-Articoli-Tecnici-SA-538626436317023\/?fref=ts","https:\/\/www.linkedin.com\/company\/rex-articoli-tecnici-sa","https:\/\/www.youtube.com\/channel\/UC5bX_Xfx-7axBmeRH-N7JXQ"],"logo":{"@type":"ImageObject","@id":"https:\/\/borflex-rex.ch\/de\/#logo","inLanguage":"de","url":"https:\/\/borflex-rex.ch\/wp-content\/uploads\/2016\/05\/Rex-Logo.png","contentUrl":"https:\/\/borflex-rex.ch\/wp-content\/uploads\/2016\/05\/Rex-Logo.png","width":172,"height":50,"caption":"Borflex Rex SA"},"image":{"@id":"https:\/\/borflex-rex.ch\/de\/#logo"}},{"@type":"WebSite","@id":"https:\/\/borflex-rex.ch\/de\/#website","url":"https:\/\/borflex-rex.ch\/de\/","name":"Borflex Rex SA","description":"","publisher":{"@id":"https:\/\/borflex-rex.ch\/de\/#organization"},"potentialAction":[{"@type":"SearchAction","target":{"@type":"EntryPoint","urlTemplate":"https:\/\/borflex-rex.ch\/de\/?s={search_term_string}"},"query-input":"required name=search_term_string"}],"inLanguage":"de"},{"@type":"ImageObject","@id":"https:\/\/borflex-rex.ch\/de\/schienen-infrastruktur\/schotterlose-gleisbettung\/gummifuesse-und-polster-strassenbahn-u-bahn\/#primaryimage","inLanguage":"de","url":"https:\/\/borflex-rex.ch\/wp-content\/uploads\/2014\/07\/scarpe.jpg","contentUrl":"https:\/\/borflex-rex.ch\/wp-content\/uploads\/2014\/07\/scarpe.jpg","width":640,"height":640,"caption":"Underground and Tramway Tracks"},{"@type":"WebPage","@id":"https:\/\/borflex-rex.ch\/de\/schienen-infrastruktur\/schotterlose-gleisbettung\/gummifuesse-und-polster-strassenbahn-u-bahn\/#webpage","url":"https:\/\/borflex-rex.ch\/de\/schienen-infrastruktur\/schotterlose-gleisbettung\/gummifuesse-und-polster-strassenbahn-u-bahn\/","name":"Gummif\u00fc\u00dfe und Polster f\u00fcr Stra\u00dfen- und U-bahn von REX Articoli Tecnici SA","isPartOf":{"@id":"https:\/\/borflex-rex.ch\/de\/#website"},"primaryImageOfPage":{"@id":"https:\/\/borflex-rex.ch\/de\/schienen-infrastruktur\/schotterlose-gleisbettung\/gummifuesse-und-polster-strassenbahn-u-bahn\/#primaryimage"},"datePublished":"2016-08-09T15:00:51+00:00","dateModified":"2016-08-20T16:45:10+00:00","description":"Gummif\u00fc\u00dfe Bahnschwellen Polster, f\u00fcr den Bereich der Gleisbettung von Stra\u00dfen- und U-bahn. Mehr Informationen finden Sie hier.","breadcrumb":{"@id":"https:\/\/borflex-rex.ch\/de\/schienen-infrastruktur\/schotterlose-gleisbettung\/gummifuesse-und-polster-strassenbahn-u-bahn\/#breadcrumb"},"inLanguage":"de","potentialAction":[{"@type":"ReadAction","target":["https:\/\/borflex-rex.ch\/de\/schienen-infrastruktur\/schotterlose-gleisbettung\/gummifuesse-und-polster-strassenbahn-u-bahn\/"]}]},{"@type":"BreadcrumbList","@id":"https:\/\/borflex-rex.ch\/de\/schienen-infrastruktur\/schotterlose-gleisbettung\/gummifuesse-und-polster-strassenbahn-u-bahn\/#breadcrumb","itemListElement":[{"@type":"ListItem","position":1,"name":"Home","item":"https:\/\/borflex-rex.ch\/de\/"},{"@type":"ListItem","position":2,"name":"Schieneninfrastruktur | Bahn\u00fcberg\u00e4nge, Gleisbettung &#038; Gleiskomponenten","item":"https:\/\/borflex-rex.ch\/de\/schienen-infrastruktur\/"},{"@type":"ListItem","position":3,"name":"Schotterlose Gleisbettung &#8211; Product Overview","item":"https:\/\/borflex-rex.ch\/de\/schienen-infrastruktur\/schotterlose-gleisbettung\/"},{"@type":"ListItem","position":4,"name":"Gummif\u00fc\u00dfe und Polster f\u00fcr Stra\u00dfen- und U-bahn"}]}]}},"_links":{"self":[{"href":"https:\/\/borflex-rex.ch\/de\/wp-json\/wp\/v2\/pages\/21972"}],"collection":[{"href":"https:\/\/borflex-rex.ch\/de\/wp-json\/wp\/v2\/pages"}],"about":[{"href":"https:\/\/borflex-rex.ch\/de\/wp-json\/wp\/v2\/types\/page"}],"author":[{"embeddable":true,"href":"https:\/\/borflex-rex.ch\/de\/wp-json\/wp\/v2\/users\/23"}],"replies":[{"embeddable":true,"href":"https:\/\/borflex-rex.ch\/de\/wp-json\/wp\/v2\/comments?post=21972"}],"version-history":[{"count":0,"href":"https:\/\/borflex-rex.ch\/de\/wp-json\/wp\/v2\/pages\/21972\/revisions"}],"up":[{"embeddable":true,"href":"https:\/\/borflex-rex.ch\/de\/wp-json\/wp\/v2\/pages\/21801"}],"wp:featuredmedia":[{"embeddable":true,"href":"https:\/\/borflex-rex.ch\/de\/wp-json\/wp\/v2\/media\/19685"}],"wp:attachment":[{"href":"https:\/\/borflex-rex.ch\/de\/wp-json\/wp\/v2\/media?parent=21972"}],"curies":[{"name":"wp","href":"https:\/\/api.w.org\/{rel}","templated":true}]}}