{"id":21977,"date":"2016-08-09T14:52:00","date_gmt":"2016-08-09T14:52:00","guid":{"rendered":"https:\/\/borflex-rex.ch\/de\/rail-infrastructure\/ballastless-tracks\/rubber-boots-biblock-sleeper-tracks-without-connection-bar\/"},"modified":"2016-08-20T16:44:29","modified_gmt":"2016-08-20T16:44:29","slug":"gummifuesse-bahnschwellen-ohne-verbindungsstueck","status":"publish","type":"page","link":"https:\/\/borflex-rex.ch\/de\/schienen-infrastruktur\/schotterlose-gleisbettung\/gummifuesse-bahnschwellen-ohne-verbindungsstueck\/","title":{"rendered":"Gummif\u00fc\u00dfe f\u00fcr Bi-Block Bahnschwellen ohne Verbindungsst\u00fcck"},"content":{"rendered":"<p>[vc_row][vc_column][vc_empty_space height=&#8221;20px&#8221;][vc_custom_heading text=&#8221;Gummif\u00fc\u00dfe f\u00fcr Bi-Block Bahnschwellen ohne Verbindungsst\u00fcck&#8221; font_container=&#8221;tag:h1|text_align:left&#8221; use_theme_fonts=&#8221;yes&#8221;][\/vc_column][\/vc_row][vc_row][vc_column width=&#8221;1\/2&#8243;][vc_column_text]<\/p>\n<p>Gummif\u00fc\u00dfe f\u00fcr Bi-Block Bahnschwellen ohne Verbindungsst\u00fcck des LVT Typs wurden in den Projekten der Transalpinen Gleisstrecke erfolgreich eingesetzt (Zimmerberg, L\u00f6tschberg and Gotthard). Unsere innovativen Gummif\u00fc\u00dfe f\u00fcr Eisenbahnschwellen werden auch im Ausland weit verbreitet eingesetzt (The Channel Tunnel, Hong Kong, Taiwan, Brazil and the USA).<\/p>\n<p>Klicken Sie hier f\u00fcr eine \u00dcbersicht unserer <a href=\"https:\/\/borflex-rex.ch\/de\/schienen-infrastruktur\/schotterlose-gleisbettung\/\">Produkte f\u00fcr Schotterlose Gleisbettung<\/a>.<\/p>\n<p>[\/vc_column_text][vc_cta h2=&#8221;Kontaktieren Sie uns jetzt zu:&#8221; h4=&#8221;Gummif\u00fc\u00dfe f\u00fcr Bi-Block Schwellengleise ohne Verbindungsst\u00fcck&#8221; color=&#8221;green&#8221; add_button=&#8221;bottom&#8221; btn_title=&#8221;Informationen anfordern&#8221; btn_align=&#8221;center&#8221; btn_i_icon_fontawesome=&#8221;fa fa-arrow-circle-right&#8221; add_icon=&#8221;top&#8221; i_icon_fontawesome=&#8221;fa fa-envelope-o&#8221; i_color=&#8221;green&#8221; i_background_style=&#8221;rounded&#8221; btn_link=&#8221;url:https%3A%2F%2Fborflex-rex.ch%2Fcontacts%2F||&#8221; btn_button_block=&#8221;true&#8221; i_on_border=&#8221;true&#8221; i_link=&#8221;url:https%3A%2F%2Fborflex-rex.ch%2Fcontacts%2F||&#8221; btn_add_icon=&#8221;true&#8221; css=&#8221;.vc_custom_1471706999610{background-color: #ffffff !important;}&#8221;][\/vc_cta][\/vc_column][vc_column width=&#8221;1\/2&#8243;][vc_gallery type=&#8221;flexslider_slide&#8221; interval=&#8221;10&#8243; images=&#8221;21799,21798&#8243; img_size=&#8221;large&#8221;][\/vc_column][\/vc_row]<\/p>\n","protected":false},"excerpt":{"rendered":"<p>[vc_row][vc_column][vc_empty_space height=&#8221;20px&#8221;][vc_custom_heading text=&#8221;Gummif\u00fc\u00dfe f\u00fcr Bi-Block Bahnschwellen ohne Verbindungsst\u00fcck&#8221; font_container=&#8221;tag:h1|text_align:left&#8221; use_theme_fonts=&#8221;yes&#8221;][\/vc_column][\/vc_row][vc_row][vc_column width=&#8221;1\/2&#8243;][vc_column_text] Gummif\u00fc\u00dfe f\u00fcr Bi-Block Bahnschwellen ohne Verbindungsst\u00fcck des LVT Typs wurden in den Projekten der Transalpinen Gleisstrecke erfolgreich eingesetzt (Zimmerberg, L\u00f6tschberg and Gotthard). Unsere innovativen Gummif\u00fc\u00dfe f\u00fcr Eisenbahnschwellen werden auch im Ausland weit verbreitet eingesetzt (The Channel Tunnel, Hong Kong, Taiwan, Brazil and the USA). [&hellip;]<\/p>\n","protected":false},"author":23,"featured_media":21799,"parent":21801,"menu_order":0,"comment_status":"closed","ping_status":"open","template":"","meta":[],"yoast_head":"<!-- This site is optimized with the Yoast SEO plugin v17.3 - https:\/\/yoast.com\/wordpress\/plugins\/seo\/ -->\n<title>Gummif\u00fc\u00dfe f\u00fcr Bi-Block Bahnschwellen ohne Verbindungsst\u00fcck<\/title>\n<meta name=\"description\" content=\"REX innovative Gummif\u00fc\u00dfe f\u00fcr Bi-Block Bahnschwellen ohne Verbindungsst\u00fcck werden im Gotthard-Tunnel eingesetzt. Mehr Informationen finden Sie hier.\" \/>\n<meta name=\"robots\" content=\"index, follow, max-snippet:-1, max-image-preview:large, max-video-preview:-1\" \/>\n<link rel=\"canonical\" href=\"https:\/\/borflex-rex.ch\/de\/schienen-infrastruktur\/schotterlose-gleisbettung\/gummifuesse-bahnschwellen-ohne-verbindungsstueck\/\" \/>\n<meta property=\"og:locale\" content=\"de_DE\" \/>\n<meta property=\"og:type\" content=\"article\" \/>\n<meta property=\"og:title\" content=\"Gummif\u00fc\u00dfe f\u00fcr Bi-Block Bahnschwellen ohne Verbindungsst\u00fcck\" \/>\n<meta property=\"og:description\" content=\"REX innovative Gummif\u00fc\u00dfe f\u00fcr Bi-Block Bahnschwellen ohne Verbindungsst\u00fcck werden im Gotthard-Tunnel eingesetzt. Mehr Informationen finden Sie hier.\" \/>\n<meta property=\"og:url\" content=\"https:\/\/borflex-rex.ch\/de\/schienen-infrastruktur\/schotterlose-gleisbettung\/gummifuesse-bahnschwellen-ohne-verbindungsstueck\/\" \/>\n<meta property=\"og:site_name\" content=\"Borflex Rex SA\" \/>\n<meta property=\"article:publisher\" content=\"https:\/\/www.facebook.com\/Rex-Articoli-Tecnici-SA-538626436317023\/?fref=ts\" \/>\n<meta property=\"article:modified_time\" content=\"2016-08-20T16:44:29+00:00\" \/>\n<meta property=\"og:image\" content=\"https:\/\/borflex-rex.ch\/wp-content\/uploads\/2016\/07\/LVT.jpg\" \/>\n\t<meta property=\"og:image:width\" content=\"800\" \/>\n\t<meta property=\"og:image:height\" content=\"600\" \/>\n<meta name=\"twitter:label1\" content=\"Gesch\u00e4tzte Lesezeit\" \/>\n\t<meta name=\"twitter:data1\" content=\"1\u00a0Minute\" \/>\n<script type=\"application\/ld+json\" class=\"yoast-schema-graph\">{\"@context\":\"https:\/\/schema.org\",\"@graph\":[{\"@type\":\"Organization\",\"@id\":\"https:\/\/borflex-rex.ch\/de\/#organization\",\"name\":\"Borflex Rex SA\",\"url\":\"https:\/\/borflex-rex.ch\/de\/\",\"sameAs\":[\"https:\/\/www.facebook.com\/Rex-Articoli-Tecnici-SA-538626436317023\/?fref=ts\",\"https:\/\/www.linkedin.com\/company\/rex-articoli-tecnici-sa\",\"https:\/\/www.youtube.com\/channel\/UC5bX_Xfx-7axBmeRH-N7JXQ\"],\"logo\":{\"@type\":\"ImageObject\",\"@id\":\"https:\/\/borflex-rex.ch\/de\/#logo\",\"inLanguage\":\"de\",\"url\":\"https:\/\/borflex-rex.ch\/wp-content\/uploads\/2016\/05\/Rex-Logo.png\",\"contentUrl\":\"https:\/\/borflex-rex.ch\/wp-content\/uploads\/2016\/05\/Rex-Logo.png\",\"width\":172,\"height\":50,\"caption\":\"Borflex Rex SA\"},\"image\":{\"@id\":\"https:\/\/borflex-rex.ch\/de\/#logo\"}},{\"@type\":\"WebSite\",\"@id\":\"https:\/\/borflex-rex.ch\/de\/#website\",\"url\":\"https:\/\/borflex-rex.ch\/de\/\",\"name\":\"Borflex Rex SA\",\"description\":\"\",\"publisher\":{\"@id\":\"https:\/\/borflex-rex.ch\/de\/#organization\"},\"potentialAction\":[{\"@type\":\"SearchAction\",\"target\":{\"@type\":\"EntryPoint\",\"urlTemplate\":\"https:\/\/borflex-rex.ch\/de\/?s={search_term_string}\"},\"query-input\":\"required name=search_term_string\"}],\"inLanguage\":\"de\"},{\"@type\":\"ImageObject\",\"@id\":\"https:\/\/borflex-rex.ch\/de\/schienen-infrastruktur\/schotterlose-gleisbettung\/gummifuesse-bahnschwellen-ohne-verbindungsstueck\/#primaryimage\",\"inLanguage\":\"de\",\"url\":\"https:\/\/borflex-rex.ch\/wp-content\/uploads\/2016\/07\/LVT.jpg\",\"contentUrl\":\"https:\/\/borflex-rex.ch\/wp-content\/uploads\/2016\/07\/LVT.jpg\",\"width\":800,\"height\":600,\"caption\":\"Biblock Sleeper Tracks without Connection Bar\"},{\"@type\":\"WebPage\",\"@id\":\"https:\/\/borflex-rex.ch\/de\/schienen-infrastruktur\/schotterlose-gleisbettung\/gummifuesse-bahnschwellen-ohne-verbindungsstueck\/#webpage\",\"url\":\"https:\/\/borflex-rex.ch\/de\/schienen-infrastruktur\/schotterlose-gleisbettung\/gummifuesse-bahnschwellen-ohne-verbindungsstueck\/\",\"name\":\"Gummif\\u00fc\\u00dfe f\\u00fcr Bi-Block Bahnschwellen ohne Verbindungsst\\u00fcck\",\"isPartOf\":{\"@id\":\"https:\/\/borflex-rex.ch\/de\/#website\"},\"primaryImageOfPage\":{\"@id\":\"https:\/\/borflex-rex.ch\/de\/schienen-infrastruktur\/schotterlose-gleisbettung\/gummifuesse-bahnschwellen-ohne-verbindungsstueck\/#primaryimage\"},\"datePublished\":\"2016-08-09T14:52:00+00:00\",\"dateModified\":\"2016-08-20T16:44:29+00:00\",\"description\":\"REX innovative Gummif\\u00fc\\u00dfe f\\u00fcr Bi-Block Bahnschwellen ohne Verbindungsst\\u00fcck werden im Gotthard-Tunnel eingesetzt. Mehr Informationen finden Sie hier.\",\"breadcrumb\":{\"@id\":\"https:\/\/borflex-rex.ch\/de\/schienen-infrastruktur\/schotterlose-gleisbettung\/gummifuesse-bahnschwellen-ohne-verbindungsstueck\/#breadcrumb\"},\"inLanguage\":\"de\",\"potentialAction\":[{\"@type\":\"ReadAction\",\"target\":[\"https:\/\/borflex-rex.ch\/de\/schienen-infrastruktur\/schotterlose-gleisbettung\/gummifuesse-bahnschwellen-ohne-verbindungsstueck\/\"]}]},{\"@type\":\"BreadcrumbList\",\"@id\":\"https:\/\/borflex-rex.ch\/de\/schienen-infrastruktur\/schotterlose-gleisbettung\/gummifuesse-bahnschwellen-ohne-verbindungsstueck\/#breadcrumb\",\"itemListElement\":[{\"@type\":\"ListItem\",\"position\":1,\"name\":\"Home\",\"item\":\"https:\/\/borflex-rex.ch\/de\/\"},{\"@type\":\"ListItem\",\"position\":2,\"name\":\"Schieneninfrastruktur | Bahn\\u00fcberg\\u00e4nge, Gleisbettung &#038; Gleiskomponenten\",\"item\":\"https:\/\/borflex-rex.ch\/de\/schienen-infrastruktur\/\"},{\"@type\":\"ListItem\",\"position\":3,\"name\":\"Schotterlose Gleisbettung &#8211; Product Overview\",\"item\":\"https:\/\/borflex-rex.ch\/de\/schienen-infrastruktur\/schotterlose-gleisbettung\/\"},{\"@type\":\"ListItem\",\"position\":4,\"name\":\"Gummif\\u00fc\\u00dfe f\\u00fcr Bi-Block Bahnschwellen ohne Verbindungsst\\u00fcck\"}]}]}<\/script>\n<!-- \/ Yoast SEO plugin. -->","yoast_head_json":{"title":"Gummif\u00fc\u00dfe f\u00fcr Bi-Block Bahnschwellen ohne Verbindungsst\u00fcck","description":"REX innovative Gummif\u00fc\u00dfe f\u00fcr Bi-Block Bahnschwellen ohne Verbindungsst\u00fcck werden im Gotthard-Tunnel eingesetzt. Mehr Informationen finden Sie hier.","robots":{"index":"index","follow":"follow","max-snippet":"max-snippet:-1","max-image-preview":"max-image-preview:large","max-video-preview":"max-video-preview:-1"},"canonical":"https:\/\/borflex-rex.ch\/de\/schienen-infrastruktur\/schotterlose-gleisbettung\/gummifuesse-bahnschwellen-ohne-verbindungsstueck\/","og_locale":"de_DE","og_type":"article","og_title":"Gummif\u00fc\u00dfe f\u00fcr Bi-Block Bahnschwellen ohne Verbindungsst\u00fcck","og_description":"REX innovative Gummif\u00fc\u00dfe f\u00fcr Bi-Block Bahnschwellen ohne Verbindungsst\u00fcck werden im Gotthard-Tunnel eingesetzt. Mehr Informationen finden Sie hier.","og_url":"https:\/\/borflex-rex.ch\/de\/schienen-infrastruktur\/schotterlose-gleisbettung\/gummifuesse-bahnschwellen-ohne-verbindungsstueck\/","og_site_name":"Borflex Rex SA","article_publisher":"https:\/\/www.facebook.com\/Rex-Articoli-Tecnici-SA-538626436317023\/?fref=ts","article_modified_time":"2016-08-20T16:44:29+00:00","og_image":[{"width":800,"height":600,"url":"https:\/\/borflex-rex.ch\/wp-content\/uploads\/2016\/07\/LVT.jpg","type":"image\/jpeg"}],"twitter_misc":{"Gesch\u00e4tzte Lesezeit":"1\u00a0Minute"},"schema":{"@context":"https:\/\/schema.org","@graph":[{"@type":"Organization","@id":"https:\/\/borflex-rex.ch\/de\/#organization","name":"Borflex Rex SA","url":"https:\/\/borflex-rex.ch\/de\/","sameAs":["https:\/\/www.facebook.com\/Rex-Articoli-Tecnici-SA-538626436317023\/?fref=ts","https:\/\/www.linkedin.com\/company\/rex-articoli-tecnici-sa","https:\/\/www.youtube.com\/channel\/UC5bX_Xfx-7axBmeRH-N7JXQ"],"logo":{"@type":"ImageObject","@id":"https:\/\/borflex-rex.ch\/de\/#logo","inLanguage":"de","url":"https:\/\/borflex-rex.ch\/wp-content\/uploads\/2016\/05\/Rex-Logo.png","contentUrl":"https:\/\/borflex-rex.ch\/wp-content\/uploads\/2016\/05\/Rex-Logo.png","width":172,"height":50,"caption":"Borflex Rex SA"},"image":{"@id":"https:\/\/borflex-rex.ch\/de\/#logo"}},{"@type":"WebSite","@id":"https:\/\/borflex-rex.ch\/de\/#website","url":"https:\/\/borflex-rex.ch\/de\/","name":"Borflex Rex SA","description":"","publisher":{"@id":"https:\/\/borflex-rex.ch\/de\/#organization"},"potentialAction":[{"@type":"SearchAction","target":{"@type":"EntryPoint","urlTemplate":"https:\/\/borflex-rex.ch\/de\/?s={search_term_string}"},"query-input":"required name=search_term_string"}],"inLanguage":"de"},{"@type":"ImageObject","@id":"https:\/\/borflex-rex.ch\/de\/schienen-infrastruktur\/schotterlose-gleisbettung\/gummifuesse-bahnschwellen-ohne-verbindungsstueck\/#primaryimage","inLanguage":"de","url":"https:\/\/borflex-rex.ch\/wp-content\/uploads\/2016\/07\/LVT.jpg","contentUrl":"https:\/\/borflex-rex.ch\/wp-content\/uploads\/2016\/07\/LVT.jpg","width":800,"height":600,"caption":"Biblock Sleeper Tracks without Connection Bar"},{"@type":"WebPage","@id":"https:\/\/borflex-rex.ch\/de\/schienen-infrastruktur\/schotterlose-gleisbettung\/gummifuesse-bahnschwellen-ohne-verbindungsstueck\/#webpage","url":"https:\/\/borflex-rex.ch\/de\/schienen-infrastruktur\/schotterlose-gleisbettung\/gummifuesse-bahnschwellen-ohne-verbindungsstueck\/","name":"Gummif\u00fc\u00dfe f\u00fcr Bi-Block Bahnschwellen ohne Verbindungsst\u00fcck","isPartOf":{"@id":"https:\/\/borflex-rex.ch\/de\/#website"},"primaryImageOfPage":{"@id":"https:\/\/borflex-rex.ch\/de\/schienen-infrastruktur\/schotterlose-gleisbettung\/gummifuesse-bahnschwellen-ohne-verbindungsstueck\/#primaryimage"},"datePublished":"2016-08-09T14:52:00+00:00","dateModified":"2016-08-20T16:44:29+00:00","description":"REX innovative Gummif\u00fc\u00dfe f\u00fcr Bi-Block Bahnschwellen ohne Verbindungsst\u00fcck werden im Gotthard-Tunnel eingesetzt. Mehr Informationen finden Sie hier.","breadcrumb":{"@id":"https:\/\/borflex-rex.ch\/de\/schienen-infrastruktur\/schotterlose-gleisbettung\/gummifuesse-bahnschwellen-ohne-verbindungsstueck\/#breadcrumb"},"inLanguage":"de","potentialAction":[{"@type":"ReadAction","target":["https:\/\/borflex-rex.ch\/de\/schienen-infrastruktur\/schotterlose-gleisbettung\/gummifuesse-bahnschwellen-ohne-verbindungsstueck\/"]}]},{"@type":"BreadcrumbList","@id":"https:\/\/borflex-rex.ch\/de\/schienen-infrastruktur\/schotterlose-gleisbettung\/gummifuesse-bahnschwellen-ohne-verbindungsstueck\/#breadcrumb","itemListElement":[{"@type":"ListItem","position":1,"name":"Home","item":"https:\/\/borflex-rex.ch\/de\/"},{"@type":"ListItem","position":2,"name":"Schieneninfrastruktur | Bahn\u00fcberg\u00e4nge, Gleisbettung &#038; Gleiskomponenten","item":"https:\/\/borflex-rex.ch\/de\/schienen-infrastruktur\/"},{"@type":"ListItem","position":3,"name":"Schotterlose Gleisbettung &#8211; Product Overview","item":"https:\/\/borflex-rex.ch\/de\/schienen-infrastruktur\/schotterlose-gleisbettung\/"},{"@type":"ListItem","position":4,"name":"Gummif\u00fc\u00dfe f\u00fcr Bi-Block Bahnschwellen ohne Verbindungsst\u00fcck"}]}]}},"_links":{"self":[{"href":"https:\/\/borflex-rex.ch\/de\/wp-json\/wp\/v2\/pages\/21977"}],"collection":[{"href":"https:\/\/borflex-rex.ch\/de\/wp-json\/wp\/v2\/pages"}],"about":[{"href":"https:\/\/borflex-rex.ch\/de\/wp-json\/wp\/v2\/types\/page"}],"author":[{"embeddable":true,"href":"https:\/\/borflex-rex.ch\/de\/wp-json\/wp\/v2\/users\/23"}],"replies":[{"embeddable":true,"href":"https:\/\/borflex-rex.ch\/de\/wp-json\/wp\/v2\/comments?post=21977"}],"version-history":[{"count":0,"href":"https:\/\/borflex-rex.ch\/de\/wp-json\/wp\/v2\/pages\/21977\/revisions"}],"up":[{"embeddable":true,"href":"https:\/\/borflex-rex.ch\/de\/wp-json\/wp\/v2\/pages\/21801"}],"wp:featuredmedia":[{"embeddable":true,"href":"https:\/\/borflex-rex.ch\/de\/wp-json\/wp\/v2\/media\/21799"}],"wp:attachment":[{"href":"https:\/\/borflex-rex.ch\/de\/wp-json\/wp\/v2\/media?parent=21977"}],"curies":[{"name":"wp","href":"https:\/\/api.w.org\/{rel}","templated":true}]}}