{"id":21980,"date":"2016-08-08T14:12:11","date_gmt":"2016-08-08T14:12:11","guid":{"rendered":"https:\/\/borflex-rex.ch\/de\/rail-infrastructure\/level-crossing\/"},"modified":"2020-01-09T16:29:29","modified_gmt":"2020-01-09T15:29:29","slug":"bahnuebergang","status":"publish","type":"page","link":"https:\/\/borflex-rex.ch\/de\/schienen-infrastruktur\/bahnuebergang\/","title":{"rendered":"Bahn\u00fcbergang"},"content":{"rendered":"<p>[vc_row][vc_column][vc_empty_space height=&#8221;20px&#8221;][vc_column_text]<\/p>\n<h1>Bahn\u00fcberg\u00e4nge<\/h1>\n<p>Die Swisscross-Bahn\u00fcberg\u00e4nge zeichnen sich durch ihre hohe Widerstandsf\u00e4higkeit und ihre einfache und schnelle Montage aus.<\/p>\n<p>Wir bieten Ihnen innovative und individuelle L\u00f6sungen f\u00fcr Ihren Bahn\u00fcbergang an. Dabei k\u00f6nnen je nach Bedarf verschiedene Materialien zum Einsatz kommen, z.B. Gummi, GFK oder eine Kombination aus Gummi und Beton.<\/p>\n<p>[\/vc_column_text][vc_raw_html]PHA+PGlmcmFtZSBzcmM9Imh0dHBzOi8vYm9yZmxleC1yZXguY2gvZ2FsbGVyeS8iIHdpZHRoPSIxMDAlIiBoZWlnaHQ9IjgwNXB4Ij48L2lmcmFtZT48L3A+[\/vc_raw_html][\/vc_column][\/vc_row][vc_row][vc_column][vc_custom_heading text=&#8221;Swisscross RUBE\u00ae: Rubber-Beton Bahnu\u0308berg\u00e4nge&#8221; use_theme_fonts=&#8221;yes&#8221; link=&#8221;url:https%3A%2F%2Fborflex-rex.ch%2Fde%2Fschienen-infrastruktur%2Fbahnuebergang%2Fgummi-beton-bahnuebergang%2F|title:Swisscross%20RUBE%C2%AE%3A%20Rubber-Beton%20Bahnu%CC%88berg%C3%A4nge|&#8221;][vc_row_inner][vc_column_inner width=&#8221;1\/2&#8243;][vc_single_image image=&#8221;27857&#8243; img_size=&#8221;large&#8221;][\/vc_column_inner][vc_column_inner width=&#8221;1\/2&#8243;][vc_column_text] <\/p>\n<p>Das neue Modell Swisscross RUBE\u00ae f\u00fcr Betonschwellengeleise verbindet die Vorteile des Beton-Bahn\u00fcberganges mit derjenigen des Gummi-Bahn\u00fcberganges mit bester Vibrationsd\u00e4mpfung und L\u00e4rmschutz, erh\u00f6hter Tragkraft und Verminderung der Verformung, schneller und rationeller Montage und Demontage, erh\u00f6hter Lebensdauer, bestem Verhalten bei Frost und Regen, erh\u00f6hter Stabilit\u00e4t und elektrischer Isolierung zwischen den beiden Schienen. Die Belastungen werden auf 3 Schwellen verteilt.<\/p>\n<p> [\/vc_column_text][vc_btn title=&#8221;Vollst\u00e4ndige Produktbeschreibung&#8221; align=&#8221;center&#8221; css_animation=&#8221;left-to-right&#8221; link=&#8221;url:https%3A%2F%2Fborflex-rex.ch%2Fde%2Fschienen-infrastruktur%2Fbahnuebergang%2Fgummi-beton-bahnuebergang%2F|&#8221; button_block=&#8221;true&#8221;][\/vc_column_inner][\/vc_row_inner][\/vc_column][\/vc_row][vc_row][vc_column][vc_custom_heading text=&#8221;Swisscross HD: Heavy Duty &#8211; Bahnu\u0308berg\u00e4nge&#8221; use_theme_fonts=&#8221;yes&#8221; link=&#8221;url:https%3A%2F%2Fborflex-rex.ch%2Fde%2Fschienen-infrastruktur%2Fbahnuebergang%2Fgummi-bahnuebergang%2F|title:Swisscross%20RUBE%C2%AE%3A%20Rubber-Beton%20Bahnu%CC%88berg%C3%A4nge|&#8221;][vc_row_inner][vc_column_inner width=&#8221;1\/2&#8243;][vc_single_image image=&#8221;21850&#8243; img_size=&#8221;large&#8221; css_animation=&#8221;appear&#8221;][\/vc_column_inner][vc_column_inner width=&#8221;1\/2&#8243;][vc_column_text] <\/p>\n<p>Befahrbar auch mit Fahrzeugen mit \u00fcber 35 t Gesamtgewicht. Die Verbindung zwischen dem Stra\u00dfenbelag und dem externen Element l\u00e4sst sich durch ein Zusatzelement aus armiertem Beton sch\u00fctzen, welches direkt bei der Firma erh\u00e4ltlich ist. Die spezielle Verzahnung macht die montierte Plattform besonders solide, robust und gleichm\u00e4\u00dfig.<\/p>\n<p> [\/vc_column_text][vc_btn title=&#8221;Vollst\u00e4ndige Produktbeschreibung&#8221; align=&#8221;center&#8221; css_animation=&#8221;left-to-right&#8221; link=&#8221;url:https%3A%2F%2Fborflex-rex.ch%2Fde%2Fschienen-infrastruktur%2Fbahnuebergang%2Fgummi-bahnuebergang%2F|&#8221; button_block=&#8221;true&#8221;][\/vc_column_inner][\/vc_row_inner][\/vc_column][\/vc_row][vc_row][vc_column][vc_column_text]<\/p>\n<p>[\/vc_column_text][\/vc_column][\/vc_row][vc_row][vc_column][vc_custom_heading text=&#8221;Swisscross GFK: Dienst-, Flucht- und Gehwege&#8221; use_theme_fonts=&#8221;yes&#8221; link=&#8221;url:https%3A%2F%2Fborflex-rex.ch%2Fde%2Fschienen-infrastruktur%2Fbahnuebergang%2Fkunstharz-bahnuebergang%2F|title:Swisscross%20GFK%3A%20Dienst-%2C%20Flucht-%20und%20Gehwege|&#8221;][vc_row_inner][vc_column_inner width=&#8221;1\/2&#8243;][vc_single_image image=&#8221;28331&#8243; img_size=&#8221;large&#8221; css_animation=&#8221;appear&#8221;][\/vc_column_inner][vc_column_inner width=&#8221;1\/2&#8243;][vc_column_text] <\/p>\n<p>Swisscross-Kunstharzbahnu\u0308berg\u00e4nge sind in der Ausfu\u0308hrung als Gitterroste oder geschlossene Platten lieferbar und eignen sich insbesondere als Dienstwege in Bahnh\u00f6fen, als Fluchtwege in U-Bahnen oder an den \u00dcberg\u00e4ngen zwischen Tunnel und freiem Gel\u00e4nde.<\/p>\n<p> [\/vc_column_text][vc_btn title=&#8221;Vollst\u00e4ndige Produktbeschreibung&#8221; align=&#8221;center&#8221; css_animation=&#8221;left-to-right&#8221; link=&#8221;url:https%3A%2F%2Fborflex-rex.ch%2Fde%2Fschienen-infrastruktur%2Fbahnuebergang%2Fkunstharz-bahnuebergang%2F|&#8221; button_block=&#8221;true&#8221;][\/vc_column_inner][\/vc_row_inner][\/vc_column][\/vc_row]<\/p>\n","protected":false},"excerpt":{"rendered":"<p>[vc_row][vc_column][vc_empty_space height=&#8221;20px&#8221;][vc_column_text] Bahn\u00fcberg\u00e4nge Die Swisscross-Bahn\u00fcberg\u00e4nge zeichnen sich durch ihre hohe Widerstandsf\u00e4higkeit und ihre einfache und schnelle Montage aus. Wir bieten Ihnen innovative und individuelle L\u00f6sungen f\u00fcr Ihren Bahn\u00fcbergang an. Dabei k\u00f6nnen je nach Bedarf verschiedene Materialien zum Einsatz kommen, z.B. Gummi, GFK oder eine Kombination aus Gummi und Beton. [\/vc_column_text][vc_raw_html]PHA+PGlmcmFtZSBzcmM9Imh0dHBzOi8vYm9yZmxleC1yZXguY2gvZ2FsbGVyeS8iIHdpZHRoPSIxMDAlIiBoZWlnaHQ9IjgwNXB4Ij48L2lmcmFtZT48L3A+[\/vc_raw_html][\/vc_column][\/vc_row][vc_row][vc_column][vc_custom_heading text=&#8221;Swisscross RUBE\u00ae: Rubber-Beton Bahnu\u0308berg\u00e4nge&#8221; use_theme_fonts=&#8221;yes&#8221; [&hellip;]<\/p>\n","protected":false},"author":23,"featured_media":0,"parent":20693,"menu_order":0,"comment_status":"closed","ping_status":"closed","template":"","meta":[],"yoast_head":"<!-- This site is optimized with the Yoast SEO plugin v17.3 - https:\/\/yoast.com\/wordpress\/plugins\/seo\/ -->\n<title>Bahn\u00fcberg\u00e4nge | Product Overview by REX Articoli Tecnici SA<\/title>\n<meta name=\"description\" content=\"Product Overview for our innovative rail level crossing: rubber level crossing, rubber concrete level crossing and pedestrian resin level crossing.\" \/>\n<meta name=\"robots\" content=\"index, follow, max-snippet:-1, max-image-preview:large, max-video-preview:-1\" \/>\n<link rel=\"canonical\" href=\"https:\/\/borflex-rex.ch\/de\/schienen-infrastruktur\/bahnuebergang\/\" \/>\n<meta property=\"og:locale\" content=\"de_DE\" \/>\n<meta property=\"og:type\" content=\"article\" \/>\n<meta property=\"og:title\" content=\"Bahn\u00fcberg\u00e4nge | Product Overview by REX Articoli Tecnici SA\" \/>\n<meta property=\"og:description\" content=\"Product Overview for our innovative rail level crossing: rubber level crossing, rubber concrete level crossing and pedestrian resin level crossing.\" \/>\n<meta property=\"og:url\" content=\"https:\/\/borflex-rex.ch\/de\/schienen-infrastruktur\/bahnuebergang\/\" \/>\n<meta property=\"og:site_name\" content=\"Borflex Rex SA\" \/>\n<meta property=\"article:publisher\" content=\"https:\/\/www.facebook.com\/Rex-Articoli-Tecnici-SA-538626436317023\/?fref=ts\" \/>\n<meta property=\"article:modified_time\" content=\"2020-01-09T15:29:29+00:00\" \/>\n<meta name=\"twitter:label1\" content=\"Gesch\u00e4tzte Lesezeit\" \/>\n\t<meta name=\"twitter:data1\" content=\"3\u00a0Minuten\" \/>\n<script type=\"application\/ld+json\" class=\"yoast-schema-graph\">{\"@context\":\"https:\/\/schema.org\",\"@graph\":[{\"@type\":\"Organization\",\"@id\":\"https:\/\/borflex-rex.ch\/de\/#organization\",\"name\":\"Borflex Rex SA\",\"url\":\"https:\/\/borflex-rex.ch\/de\/\",\"sameAs\":[\"https:\/\/www.facebook.com\/Rex-Articoli-Tecnici-SA-538626436317023\/?fref=ts\",\"https:\/\/www.linkedin.com\/company\/rex-articoli-tecnici-sa\",\"https:\/\/www.youtube.com\/channel\/UC5bX_Xfx-7axBmeRH-N7JXQ\"],\"logo\":{\"@type\":\"ImageObject\",\"@id\":\"https:\/\/borflex-rex.ch\/de\/#logo\",\"inLanguage\":\"de\",\"url\":\"https:\/\/borflex-rex.ch\/wp-content\/uploads\/2016\/05\/Rex-Logo.png\",\"contentUrl\":\"https:\/\/borflex-rex.ch\/wp-content\/uploads\/2016\/05\/Rex-Logo.png\",\"width\":172,\"height\":50,\"caption\":\"Borflex Rex SA\"},\"image\":{\"@id\":\"https:\/\/borflex-rex.ch\/de\/#logo\"}},{\"@type\":\"WebSite\",\"@id\":\"https:\/\/borflex-rex.ch\/de\/#website\",\"url\":\"https:\/\/borflex-rex.ch\/de\/\",\"name\":\"Borflex Rex SA\",\"description\":\"\",\"publisher\":{\"@id\":\"https:\/\/borflex-rex.ch\/de\/#organization\"},\"potentialAction\":[{\"@type\":\"SearchAction\",\"target\":{\"@type\":\"EntryPoint\",\"urlTemplate\":\"https:\/\/borflex-rex.ch\/de\/?s={search_term_string}\"},\"query-input\":\"required name=search_term_string\"}],\"inLanguage\":\"de\"},{\"@type\":\"WebPage\",\"@id\":\"https:\/\/borflex-rex.ch\/de\/schienen-infrastruktur\/bahnuebergang\/#webpage\",\"url\":\"https:\/\/borflex-rex.ch\/de\/schienen-infrastruktur\/bahnuebergang\/\",\"name\":\"Bahn\\u00fcberg\\u00e4nge | Product Overview by REX Articoli Tecnici SA\",\"isPartOf\":{\"@id\":\"https:\/\/borflex-rex.ch\/de\/#website\"},\"datePublished\":\"2016-08-08T14:12:11+00:00\",\"dateModified\":\"2020-01-09T15:29:29+00:00\",\"description\":\"Product Overview for our innovative rail level crossing: rubber level crossing, rubber concrete level crossing and pedestrian resin level crossing.\",\"breadcrumb\":{\"@id\":\"https:\/\/borflex-rex.ch\/de\/schienen-infrastruktur\/bahnuebergang\/#breadcrumb\"},\"inLanguage\":\"de\",\"potentialAction\":[{\"@type\":\"ReadAction\",\"target\":[\"https:\/\/borflex-rex.ch\/de\/schienen-infrastruktur\/bahnuebergang\/\"]}]},{\"@type\":\"BreadcrumbList\",\"@id\":\"https:\/\/borflex-rex.ch\/de\/schienen-infrastruktur\/bahnuebergang\/#breadcrumb\",\"itemListElement\":[{\"@type\":\"ListItem\",\"position\":1,\"name\":\"Home\",\"item\":\"https:\/\/borflex-rex.ch\/de\/\"},{\"@type\":\"ListItem\",\"position\":2,\"name\":\"Schieneninfrastruktur | Bahn\\u00fcberg\\u00e4nge, Gleisbettung &#038; Gleiskomponenten\",\"item\":\"https:\/\/borflex-rex.ch\/de\/schienen-infrastruktur\/\"},{\"@type\":\"ListItem\",\"position\":3,\"name\":\"Bahn\\u00fcbergang\"}]}]}<\/script>\n<!-- \/ Yoast SEO plugin. -->","yoast_head_json":{"title":"Bahn\u00fcberg\u00e4nge | Product Overview by REX Articoli Tecnici SA","description":"Product Overview for our innovative rail level crossing: rubber level crossing, rubber concrete level crossing and pedestrian resin level crossing.","robots":{"index":"index","follow":"follow","max-snippet":"max-snippet:-1","max-image-preview":"max-image-preview:large","max-video-preview":"max-video-preview:-1"},"canonical":"https:\/\/borflex-rex.ch\/de\/schienen-infrastruktur\/bahnuebergang\/","og_locale":"de_DE","og_type":"article","og_title":"Bahn\u00fcberg\u00e4nge | Product Overview by REX Articoli Tecnici SA","og_description":"Product Overview for our innovative rail level crossing: rubber level crossing, rubber concrete level crossing and pedestrian resin level crossing.","og_url":"https:\/\/borflex-rex.ch\/de\/schienen-infrastruktur\/bahnuebergang\/","og_site_name":"Borflex Rex SA","article_publisher":"https:\/\/www.facebook.com\/Rex-Articoli-Tecnici-SA-538626436317023\/?fref=ts","article_modified_time":"2020-01-09T15:29:29+00:00","twitter_misc":{"Gesch\u00e4tzte Lesezeit":"3\u00a0Minuten"},"schema":{"@context":"https:\/\/schema.org","@graph":[{"@type":"Organization","@id":"https:\/\/borflex-rex.ch\/de\/#organization","name":"Borflex Rex SA","url":"https:\/\/borflex-rex.ch\/de\/","sameAs":["https:\/\/www.facebook.com\/Rex-Articoli-Tecnici-SA-538626436317023\/?fref=ts","https:\/\/www.linkedin.com\/company\/rex-articoli-tecnici-sa","https:\/\/www.youtube.com\/channel\/UC5bX_Xfx-7axBmeRH-N7JXQ"],"logo":{"@type":"ImageObject","@id":"https:\/\/borflex-rex.ch\/de\/#logo","inLanguage":"de","url":"https:\/\/borflex-rex.ch\/wp-content\/uploads\/2016\/05\/Rex-Logo.png","contentUrl":"https:\/\/borflex-rex.ch\/wp-content\/uploads\/2016\/05\/Rex-Logo.png","width":172,"height":50,"caption":"Borflex Rex SA"},"image":{"@id":"https:\/\/borflex-rex.ch\/de\/#logo"}},{"@type":"WebSite","@id":"https:\/\/borflex-rex.ch\/de\/#website","url":"https:\/\/borflex-rex.ch\/de\/","name":"Borflex Rex SA","description":"","publisher":{"@id":"https:\/\/borflex-rex.ch\/de\/#organization"},"potentialAction":[{"@type":"SearchAction","target":{"@type":"EntryPoint","urlTemplate":"https:\/\/borflex-rex.ch\/de\/?s={search_term_string}"},"query-input":"required name=search_term_string"}],"inLanguage":"de"},{"@type":"WebPage","@id":"https:\/\/borflex-rex.ch\/de\/schienen-infrastruktur\/bahnuebergang\/#webpage","url":"https:\/\/borflex-rex.ch\/de\/schienen-infrastruktur\/bahnuebergang\/","name":"Bahn\u00fcberg\u00e4nge | Product Overview by REX Articoli Tecnici SA","isPartOf":{"@id":"https:\/\/borflex-rex.ch\/de\/#website"},"datePublished":"2016-08-08T14:12:11+00:00","dateModified":"2020-01-09T15:29:29+00:00","description":"Product Overview for our innovative rail level crossing: rubber level crossing, rubber concrete level crossing and pedestrian resin level crossing.","breadcrumb":{"@id":"https:\/\/borflex-rex.ch\/de\/schienen-infrastruktur\/bahnuebergang\/#breadcrumb"},"inLanguage":"de","potentialAction":[{"@type":"ReadAction","target":["https:\/\/borflex-rex.ch\/de\/schienen-infrastruktur\/bahnuebergang\/"]}]},{"@type":"BreadcrumbList","@id":"https:\/\/borflex-rex.ch\/de\/schienen-infrastruktur\/bahnuebergang\/#breadcrumb","itemListElement":[{"@type":"ListItem","position":1,"name":"Home","item":"https:\/\/borflex-rex.ch\/de\/"},{"@type":"ListItem","position":2,"name":"Schieneninfrastruktur | Bahn\u00fcberg\u00e4nge, Gleisbettung &#038; Gleiskomponenten","item":"https:\/\/borflex-rex.ch\/de\/schienen-infrastruktur\/"},{"@type":"ListItem","position":3,"name":"Bahn\u00fcbergang"}]}]}},"_links":{"self":[{"href":"https:\/\/borflex-rex.ch\/de\/wp-json\/wp\/v2\/pages\/21980"}],"collection":[{"href":"https:\/\/borflex-rex.ch\/de\/wp-json\/wp\/v2\/pages"}],"about":[{"href":"https:\/\/borflex-rex.ch\/de\/wp-json\/wp\/v2\/types\/page"}],"author":[{"embeddable":true,"href":"https:\/\/borflex-rex.ch\/de\/wp-json\/wp\/v2\/users\/23"}],"replies":[{"embeddable":true,"href":"https:\/\/borflex-rex.ch\/de\/wp-json\/wp\/v2\/comments?post=21980"}],"version-history":[{"count":12,"href":"https:\/\/borflex-rex.ch\/de\/wp-json\/wp\/v2\/pages\/21980\/revisions"}],"predecessor-version":[{"id":33988,"href":"https:\/\/borflex-rex.ch\/de\/wp-json\/wp\/v2\/pages\/21980\/revisions\/33988"}],"up":[{"embeddable":true,"href":"https:\/\/borflex-rex.ch\/de\/wp-json\/wp\/v2\/pages\/20693"}],"wp:attachment":[{"href":"https:\/\/borflex-rex.ch\/de\/wp-json\/wp\/v2\/media?parent=21980"}],"curies":[{"name":"wp","href":"https:\/\/api.w.org\/{rel}","templated":true}]}}