{"id":21984,"date":"2016-07-22T07:32:18","date_gmt":"2016-07-22T07:32:18","guid":{"rendered":"https:\/\/borflex-rex.ch\/de\/rail-infrastructure\/track-components\/"},"modified":"2017-01-19T20:11:30","modified_gmt":"2017-01-19T20:11:30","slug":"gleiskomponenten","status":"publish","type":"page","link":"https:\/\/borflex-rex.ch\/de\/schienen-infrastruktur\/gleiskomponenten\/","title":{"rendered":"Gleiskomponenten"},"content":{"rendered":"<p>[vc_row][vc_column][vc_empty_space height=&#8221;20px&#8221;][vc_column_text]<\/p>\n<h1>Gleiskomponenten \u2013 Produkt\u00fcbersicht<\/h1>\n<p>Wir unterst\u00fctzen und f\u00f6rdern unsere Ingenieure bei der Auswahl und Weiterentwicklung der Materialen. Unsere weitreichende Simulationssysteme und voll ausgestatteten Labore sind speziell auf die Analyse und Optimierungsvorgaben unserer Kunden ausgelegt. Wir arbeiten in enger Kooperation mit den weltweit anerkannten Instituten aus der Eisenbahn-Industrie.<\/p>\n<p>Besondere Sorgfalt legen wir auf einen rationalen und optimierten Materialeinsatz, beste Energieeinsparungen, Einsatz modernster Verfahren, Umweltvertr\u00e4glichkeit, sowie Nachhaltigkeit. Wir sind \u00fcberzeugt, dass unser Gleiskomponenten optimal sind und dabei auch wirtschaftlich f\u00fcr unsere Kunden bleiben.<\/p>\n<p>Klicken Sie hier f\u00fcr eine <a href=\"https:\/\/borflex-rex.ch\/de\/schienen-infrastruktur\/track-components\/under-ballast\/\">\u00dcbersicht \u00fcber unsere Produkte aus der Schieneninfrastruktur.<\/a><\/p>\n<p>[\/vc_column_text][\/vc_column][\/vc_row][vc_row][vc_column][vc_custom_heading text=&#8221;Gleispolster und Grundplatten&#8221; use_theme_fonts=&#8221;yes&#8221; link=&#8221;url:https%3A%2F%2Fborflex-rex.ch%2Fde%2Fschienen-infrastruktur%2Fgleiskomponenten%2Fgleispolster-grundplatten%2F|title:Railpads%20and%20Base%20Plates|&#8221;][vc_row_inner][vc_column_inner width=&#8221;1\/2&#8243;][vc_single_image image=&#8221;19638&#8243; img_size=&#8221;large&#8221;][\/vc_column_inner][vc_column_inner width=&#8221;1\/2&#8243;][vc_column_text] REX Gleispolster und Grundplatten werden aus hoch qualitativem Gummi- und Plastikmaterial hergestellt. Sie reduzieren die Schockenergie von vorbeifahrenden Z\u00fcgen. Neben den hervorragenden mechanischn Eigenschaften und Langlebigkeit, sind unsere Schock-Absorber f\u00fcr die jeweiligen Anwendungsf\u00e4lle und strukturellen Anforderungen optimiert. [\/vc_column_text][vc_btn title=&#8221;Zur Produktbeschreibung&#8221; align=&#8221;center&#8221; css_animation=&#8221;left-to-right&#8221; link=&#8221;url:https%3A%2F%2Fborflex-rex.ch%2Ftrack-components%2Frailpads-base-plates%2F||&#8221; button_block=&#8221;true&#8221;][\/vc_column_inner][\/vc_row_inner][\/vc_column][\/vc_row][vc_row][vc_column][vc_custom_heading text=&#8221;Schienenschallschutz&#8221; use_theme_fonts=&#8221;yes&#8221; link=&#8221;url:https%3A%2F%2Fborflex-rex.ch%2Fde%2Fschienen-infrastruktur%2Fgleiskomponenten%2Fschienenschallschutz%2F||&#8221;][vc_row_inner][vc_column_inner width=&#8221;1\/2&#8243;][vc_single_image image=&#8221;21137&#8243; img_size=&#8221;large&#8221; css_animation=&#8221;appear&#8221;][\/vc_column_inner][vc_column_inner width=&#8221;1\/2&#8243;][vc_column_text] Reduzieren Sie die Ger\u00e4uschentwicklung durch unser speziellen Schienschallschutz-Produkte. Diese werden auf den Gleisen angewendet und resultieren in eine Schallreduktion von 4 bis 5 Dezibel. [\/vc_column_text][vc_btn title=&#8221;Zur Produktbeschreibung&#8221; align=&#8221;center&#8221; css_animation=&#8221;left-to-right&#8221; link=&#8221;url:https%3A%2F%2Fborflex-rex.ch%2Fde%2Fschienen-infrastruktur%2Fgleiskomponenten%2Fschienenschallschutz%2F||&#8221; button_block=&#8221;true&#8221;][\/vc_column_inner][\/vc_row_inner][\/vc_column][\/vc_row][vc_row][vc_column][vc_custom_heading text=&#8221;Schienenkissen&#8221; use_theme_fonts=&#8221;yes&#8221; link=&#8221;url:https%3A%2F%2Fborflex-rex.ch%2Fde%2Fschienen-infrastruktur%2Fgleiskomponenten%2Fschienenkissen%2F|title:Rail%20Cushions|&#8221;][vc_row_inner][vc_column_inner width=&#8221;1\/2&#8243;][vc_single_image image=&#8221;21141&#8243; img_size=&#8221;large&#8221; css_animation=&#8221;appear&#8221;][\/vc_column_inner][vc_column_inner width=&#8221;1\/2&#8243;][vc_column_text] Schienenkissen aus speziellen Gummi-Agglomeraten verringern die L\u00e4rm-Emissionen der Schienen betr\u00e4chtlich. Eine spezielle Variante ist ebenfalls erh\u00e4ltlich, die die Ausbreitung von Streustrom verhindert. [\/vc_column_text][vc_btn title=&#8221;Zur Produktbeschreibung&#8221; align=&#8221;center&#8221; css_animation=&#8221;left-to-right&#8221; link=&#8221;url:https%3A%2F%2Fborflex-rex.ch%2Fde%2Fschienen-infrastruktur%2Fgleiskomponenten%2Fschienenkissen%2F||&#8221; button_block=&#8221;true&#8221;][\/vc_column_inner][\/vc_row_inner][\/vc_column][\/vc_row][vc_row][vc_column][vc_custom_heading text=&#8221;Unterschotterplatten f\u00fcr den Schienenballast&#8221; use_theme_fonts=&#8221;yes&#8221; link=&#8221;url:https%3A%2F%2Fborflex-rex.ch%2Fde%2Fschienen-infrastruktur%2Fgleiskomponenten%2Funterschotterplatten%2F|title:Under-Ballast|&#8221;][vc_row_inner][vc_column_inner width=&#8221;1\/2&#8243;][vc_single_image image=&#8221;21140&#8243; img_size=&#8221;large&#8221; css_animation=&#8221;appear&#8221;][\/vc_column_inner][vc_column_inner width=&#8221;1\/2&#8243;][vc_column_text] Die Unterschotterplatten sind aus Gummi-Agglomeraten mit Polyurethan gemischt hergestellt und\u00a0 speziell f\u00fcr Eisenbahnkonstruktionen getestet. Wir liefern die Unterschotterplatten auch mit einem \u201cFabric-Finish\u201d oder einer kompakten Gummioberfl\u00e4che. [\/vc_column_text][vc_btn title=&#8221;Zur Produktbeschreibung&#8221; align=&#8221;center&#8221; css_animation=&#8221;left-to-right&#8221; link=&#8221;url:https%3A%2F%2Fborflex-rex.ch%2Fde%2Fschienen-infrastruktur%2Fgleiskomponenten%2Funterschotterplatten%2F||&#8221; button_block=&#8221;true&#8221;][\/vc_column_inner][\/vc_row_inner][\/vc_column][\/vc_row]<\/p>\n","protected":false},"excerpt":{"rendered":"<p>[vc_row][vc_column][vc_empty_space height=&#8221;20px&#8221;][vc_column_text] Gleiskomponenten \u2013 Produkt\u00fcbersicht Wir unterst\u00fctzen und f\u00f6rdern unsere Ingenieure bei der Auswahl und Weiterentwicklung der Materialen. Unsere weitreichende Simulationssysteme und voll ausgestatteten Labore sind speziell auf die Analyse und Optimierungsvorgaben unserer Kunden ausgelegt. Wir arbeiten in enger Kooperation mit den weltweit anerkannten Instituten aus der Eisenbahn-Industrie. Besondere Sorgfalt legen wir auf einen rationalen [&hellip;]<\/p>\n","protected":false},"author":23,"featured_media":0,"parent":20693,"menu_order":0,"comment_status":"closed","ping_status":"closed","template":"","meta":[],"yoast_head":"<!-- This site is optimized with the Yoast SEO plugin v17.3 - https:\/\/yoast.com\/wordpress\/plugins\/seo\/ -->\n<title>Gleiskomponenten f\u00fcr Eisenbahn von REX Articoli Tecnici SA<\/title>\n<meta name=\"description\" content=\"Wir entwickeln und produzieren eine gro\u00dfe Auswahl von Gleiskomponenten: Gleispolster und Grundplatten, Schienenschallschutz, Gummi-Eck-Elemente und andere.\" \/>\n<meta name=\"robots\" content=\"index, follow, max-snippet:-1, max-image-preview:large, max-video-preview:-1\" \/>\n<link rel=\"canonical\" href=\"https:\/\/borflex-rex.ch\/de\/schienen-infrastruktur\/gleiskomponenten\/\" \/>\n<meta property=\"og:locale\" content=\"de_DE\" \/>\n<meta property=\"og:type\" content=\"article\" \/>\n<meta property=\"og:title\" content=\"Gleiskomponenten f\u00fcr Eisenbahn von REX Articoli Tecnici SA\" \/>\n<meta property=\"og:description\" content=\"Wir entwickeln und produzieren eine gro\u00dfe Auswahl von Gleiskomponenten: Gleispolster und Grundplatten, Schienenschallschutz, Gummi-Eck-Elemente und andere.\" \/>\n<meta property=\"og:url\" content=\"https:\/\/borflex-rex.ch\/de\/schienen-infrastruktur\/gleiskomponenten\/\" \/>\n<meta property=\"og:site_name\" content=\"Borflex Rex SA\" \/>\n<meta property=\"article:publisher\" content=\"https:\/\/www.facebook.com\/Rex-Articoli-Tecnici-SA-538626436317023\/?fref=ts\" \/>\n<meta property=\"article:modified_time\" content=\"2017-01-19T20:11:30+00:00\" \/>\n<meta name=\"twitter:label1\" content=\"Gesch\u00e4tzte Lesezeit\" \/>\n\t<meta name=\"twitter:data1\" content=\"3\u00a0Minuten\" \/>\n<script type=\"application\/ld+json\" class=\"yoast-schema-graph\">{\"@context\":\"https:\/\/schema.org\",\"@graph\":[{\"@type\":\"Organization\",\"@id\":\"https:\/\/borflex-rex.ch\/de\/#organization\",\"name\":\"Borflex Rex SA\",\"url\":\"https:\/\/borflex-rex.ch\/de\/\",\"sameAs\":[\"https:\/\/www.facebook.com\/Rex-Articoli-Tecnici-SA-538626436317023\/?fref=ts\",\"https:\/\/www.linkedin.com\/company\/rex-articoli-tecnici-sa\",\"https:\/\/www.youtube.com\/channel\/UC5bX_Xfx-7axBmeRH-N7JXQ\"],\"logo\":{\"@type\":\"ImageObject\",\"@id\":\"https:\/\/borflex-rex.ch\/de\/#logo\",\"inLanguage\":\"de\",\"url\":\"https:\/\/borflex-rex.ch\/wp-content\/uploads\/2016\/05\/Rex-Logo.png\",\"contentUrl\":\"https:\/\/borflex-rex.ch\/wp-content\/uploads\/2016\/05\/Rex-Logo.png\",\"width\":172,\"height\":50,\"caption\":\"Borflex Rex SA\"},\"image\":{\"@id\":\"https:\/\/borflex-rex.ch\/de\/#logo\"}},{\"@type\":\"WebSite\",\"@id\":\"https:\/\/borflex-rex.ch\/de\/#website\",\"url\":\"https:\/\/borflex-rex.ch\/de\/\",\"name\":\"Borflex Rex SA\",\"description\":\"\",\"publisher\":{\"@id\":\"https:\/\/borflex-rex.ch\/de\/#organization\"},\"potentialAction\":[{\"@type\":\"SearchAction\",\"target\":{\"@type\":\"EntryPoint\",\"urlTemplate\":\"https:\/\/borflex-rex.ch\/de\/?s={search_term_string}\"},\"query-input\":\"required name=search_term_string\"}],\"inLanguage\":\"de\"},{\"@type\":\"WebPage\",\"@id\":\"https:\/\/borflex-rex.ch\/de\/schienen-infrastruktur\/gleiskomponenten\/#webpage\",\"url\":\"https:\/\/borflex-rex.ch\/de\/schienen-infrastruktur\/gleiskomponenten\/\",\"name\":\"Gleiskomponenten f\\u00fcr Eisenbahn von REX Articoli Tecnici SA\",\"isPartOf\":{\"@id\":\"https:\/\/borflex-rex.ch\/de\/#website\"},\"datePublished\":\"2016-07-22T07:32:18+00:00\",\"dateModified\":\"2017-01-19T20:11:30+00:00\",\"description\":\"Wir entwickeln und produzieren eine gro\\u00dfe Auswahl von Gleiskomponenten: Gleispolster und Grundplatten, Schienenschallschutz, Gummi-Eck-Elemente und andere.\",\"breadcrumb\":{\"@id\":\"https:\/\/borflex-rex.ch\/de\/schienen-infrastruktur\/gleiskomponenten\/#breadcrumb\"},\"inLanguage\":\"de\",\"potentialAction\":[{\"@type\":\"ReadAction\",\"target\":[\"https:\/\/borflex-rex.ch\/de\/schienen-infrastruktur\/gleiskomponenten\/\"]}]},{\"@type\":\"BreadcrumbList\",\"@id\":\"https:\/\/borflex-rex.ch\/de\/schienen-infrastruktur\/gleiskomponenten\/#breadcrumb\",\"itemListElement\":[{\"@type\":\"ListItem\",\"position\":1,\"name\":\"Home\",\"item\":\"https:\/\/borflex-rex.ch\/de\/\"},{\"@type\":\"ListItem\",\"position\":2,\"name\":\"Schieneninfrastruktur | Bahn\\u00fcberg\\u00e4nge, Gleisbettung &#038; Gleiskomponenten\",\"item\":\"https:\/\/borflex-rex.ch\/de\/schienen-infrastruktur\/\"},{\"@type\":\"ListItem\",\"position\":3,\"name\":\"Gleiskomponenten\"}]}]}<\/script>\n<!-- \/ Yoast SEO plugin. -->","yoast_head_json":{"title":"Gleiskomponenten f\u00fcr Eisenbahn von REX Articoli Tecnici SA","description":"Wir entwickeln und produzieren eine gro\u00dfe Auswahl von Gleiskomponenten: Gleispolster und Grundplatten, Schienenschallschutz, Gummi-Eck-Elemente und andere.","robots":{"index":"index","follow":"follow","max-snippet":"max-snippet:-1","max-image-preview":"max-image-preview:large","max-video-preview":"max-video-preview:-1"},"canonical":"https:\/\/borflex-rex.ch\/de\/schienen-infrastruktur\/gleiskomponenten\/","og_locale":"de_DE","og_type":"article","og_title":"Gleiskomponenten f\u00fcr Eisenbahn von REX Articoli Tecnici SA","og_description":"Wir entwickeln und produzieren eine gro\u00dfe Auswahl von Gleiskomponenten: Gleispolster und Grundplatten, Schienenschallschutz, Gummi-Eck-Elemente und andere.","og_url":"https:\/\/borflex-rex.ch\/de\/schienen-infrastruktur\/gleiskomponenten\/","og_site_name":"Borflex Rex SA","article_publisher":"https:\/\/www.facebook.com\/Rex-Articoli-Tecnici-SA-538626436317023\/?fref=ts","article_modified_time":"2017-01-19T20:11:30+00:00","twitter_misc":{"Gesch\u00e4tzte Lesezeit":"3\u00a0Minuten"},"schema":{"@context":"https:\/\/schema.org","@graph":[{"@type":"Organization","@id":"https:\/\/borflex-rex.ch\/de\/#organization","name":"Borflex Rex SA","url":"https:\/\/borflex-rex.ch\/de\/","sameAs":["https:\/\/www.facebook.com\/Rex-Articoli-Tecnici-SA-538626436317023\/?fref=ts","https:\/\/www.linkedin.com\/company\/rex-articoli-tecnici-sa","https:\/\/www.youtube.com\/channel\/UC5bX_Xfx-7axBmeRH-N7JXQ"],"logo":{"@type":"ImageObject","@id":"https:\/\/borflex-rex.ch\/de\/#logo","inLanguage":"de","url":"https:\/\/borflex-rex.ch\/wp-content\/uploads\/2016\/05\/Rex-Logo.png","contentUrl":"https:\/\/borflex-rex.ch\/wp-content\/uploads\/2016\/05\/Rex-Logo.png","width":172,"height":50,"caption":"Borflex Rex SA"},"image":{"@id":"https:\/\/borflex-rex.ch\/de\/#logo"}},{"@type":"WebSite","@id":"https:\/\/borflex-rex.ch\/de\/#website","url":"https:\/\/borflex-rex.ch\/de\/","name":"Borflex Rex SA","description":"","publisher":{"@id":"https:\/\/borflex-rex.ch\/de\/#organization"},"potentialAction":[{"@type":"SearchAction","target":{"@type":"EntryPoint","urlTemplate":"https:\/\/borflex-rex.ch\/de\/?s={search_term_string}"},"query-input":"required name=search_term_string"}],"inLanguage":"de"},{"@type":"WebPage","@id":"https:\/\/borflex-rex.ch\/de\/schienen-infrastruktur\/gleiskomponenten\/#webpage","url":"https:\/\/borflex-rex.ch\/de\/schienen-infrastruktur\/gleiskomponenten\/","name":"Gleiskomponenten f\u00fcr Eisenbahn von REX Articoli Tecnici SA","isPartOf":{"@id":"https:\/\/borflex-rex.ch\/de\/#website"},"datePublished":"2016-07-22T07:32:18+00:00","dateModified":"2017-01-19T20:11:30+00:00","description":"Wir entwickeln und produzieren eine gro\u00dfe Auswahl von Gleiskomponenten: Gleispolster und Grundplatten, Schienenschallschutz, Gummi-Eck-Elemente und andere.","breadcrumb":{"@id":"https:\/\/borflex-rex.ch\/de\/schienen-infrastruktur\/gleiskomponenten\/#breadcrumb"},"inLanguage":"de","potentialAction":[{"@type":"ReadAction","target":["https:\/\/borflex-rex.ch\/de\/schienen-infrastruktur\/gleiskomponenten\/"]}]},{"@type":"BreadcrumbList","@id":"https:\/\/borflex-rex.ch\/de\/schienen-infrastruktur\/gleiskomponenten\/#breadcrumb","itemListElement":[{"@type":"ListItem","position":1,"name":"Home","item":"https:\/\/borflex-rex.ch\/de\/"},{"@type":"ListItem","position":2,"name":"Schieneninfrastruktur | Bahn\u00fcberg\u00e4nge, Gleisbettung &#038; Gleiskomponenten","item":"https:\/\/borflex-rex.ch\/de\/schienen-infrastruktur\/"},{"@type":"ListItem","position":3,"name":"Gleiskomponenten"}]}]}},"_links":{"self":[{"href":"https:\/\/borflex-rex.ch\/de\/wp-json\/wp\/v2\/pages\/21984"}],"collection":[{"href":"https:\/\/borflex-rex.ch\/de\/wp-json\/wp\/v2\/pages"}],"about":[{"href":"https:\/\/borflex-rex.ch\/de\/wp-json\/wp\/v2\/types\/page"}],"author":[{"embeddable":true,"href":"https:\/\/borflex-rex.ch\/de\/wp-json\/wp\/v2\/users\/23"}],"replies":[{"embeddable":true,"href":"https:\/\/borflex-rex.ch\/de\/wp-json\/wp\/v2\/comments?post=21984"}],"version-history":[{"count":0,"href":"https:\/\/borflex-rex.ch\/de\/wp-json\/wp\/v2\/pages\/21984\/revisions"}],"up":[{"embeddable":true,"href":"https:\/\/borflex-rex.ch\/de\/wp-json\/wp\/v2\/pages\/20693"}],"wp:attachment":[{"href":"https:\/\/borflex-rex.ch\/de\/wp-json\/wp\/v2\/media?parent=21984"}],"curies":[{"name":"wp","href":"https:\/\/api.w.org\/{rel}","templated":true}]}}