{"id":22024,"date":"2014-09-10T01:31:55","date_gmt":"2014-09-10T01:31:55","guid":{"rendered":"https:\/\/borflex-rex.ch\/de\/machinery\/"},"modified":"2016-08-23T16:31:11","modified_gmt":"2016-08-23T16:31:11","slug":"maschinen","status":"publish","type":"page","link":"https:\/\/borflex-rex.ch\/de\/maschinen\/","title":{"rendered":"Maschinen-Industrie"},"content":{"rendered":"<p>[vc_row][vc_column][vc_empty_space height=&#8221;20px&#8221;][vc_custom_heading text=&#8221;Maschinen-Industrie&#8221; font_container=&#8221;tag:h1|text_align:left&#8221; use_theme_fonts=&#8221;yes&#8221;][\/vc_column][\/vc_row][vc_row][vc_column width=&#8221;1\/2&#8243;][vc_column_text]<\/p>\n<p>F\u00fcr Borflex Rex SA ist es stets wichtig, dass das bestm\u00f6gliche Material an der richtigen Stelle eingesetzt wird. Da es manchmal nicht m\u00f6glich ist, alle optimalen Merkmale in einem einzigen Stoff anzutreffen, m\u00fcssen verschiedene Produkte kombiniert und in einem Artikel zusammengef\u00fchrt werden. Die M\u00f6glichkeit, in ein und demselben St\u00fcck einen festen, metallischen Anteil und einen elastischen Stoff zu kombinieren, ist bereits seit Jahren bekannt. Im Betrieb wurden verschiedene Verfahren entwickelt, bei denen Elastomere mit anderen Materialien &#8211; wie z.B. Plastik, Teflon, Harzen und sogar Holz &#8211; kombiniert werden k\u00f6nnen.<\/p>\n<p>Was die Artikel in den Bereichen Schwingungsd\u00e4mpfung und Schutz gegen Beben betrifft, ist es dank der optimalen Einf\u00fcgung von metallischen Teilen m\u00f6glich, allzu gro\u00dfe Verformungen vorzubeugen, die zu einer verfr\u00fchten Abnutzung des Stoffes f\u00fchren w\u00fcrden.<\/p>\n<p>Durch die Einf\u00fchrung der Spritzgie\u00dftechnik bei elastischen Thermoplasten (TPE) hat Borflex Rex SA eine Alternative zur Herstellung von Gummi-Metall Artikeln geschaffen. Das kombinierte Spritzgie\u00dfen von zwei oder mehr Stoffen (2K und Overmolding) erfolgt in der Kunststoffabteilung (TPE) des Betriebs.<\/p>\n<p>Klicken Sie hier f\u00fcr eine <a href=\"https:\/\/borflex-rex.ch\/de\/rex-produkte\/\">\u00dcbersicht \u00fcber alle REX Produkte<\/a>.<\/p>\n<p>[\/vc_column_text][vc_cta h2=&#8221;Kontaktieren Sie uns jetzt zu:&#8221; h4=&#8221;Maschinen&#8221; color=&#8221;green&#8221; add_button=&#8221;bottom&#8221; btn_title=&#8221;Informationen anfordern&#8221; btn_align=&#8221;center&#8221; btn_i_icon_fontawesome=&#8221;fa fa-arrow-circle-right&#8221; add_icon=&#8221;top&#8221; i_icon_fontawesome=&#8221;fa fa-envelope-o&#8221; i_color=&#8221;green&#8221; i_background_style=&#8221;rounded&#8221; btn_link=&#8221;url:https%3A%2F%2Fborflex-rex.ch%2Fcontacts%2F||&#8221; btn_button_block=&#8221;true&#8221; i_on_border=&#8221;true&#8221; i_link=&#8221;url:https%3A%2F%2Fborflex-rex.ch%2Fcontacts%2F||&#8221; btn_add_icon=&#8221;true&#8221; css=&#8221;.vc_custom_1471862724890{background-color: #ffffff !important;}&#8221;][\/vc_cta][\/vc_column][vc_column width=&#8221;1\/2&#8243;][vc_gallery type=&#8221;flexslider_slide&#8221; interval=&#8221;10&#8243; images=&#8221;1719,21147,21121,21113&#8243; img_size=&#8221;large&#8221;][\/vc_column][\/vc_row]<\/p>\n","protected":false},"excerpt":{"rendered":"<p>[vc_row][vc_column][vc_empty_space height=&#8221;20px&#8221;][vc_custom_heading text=&#8221;Maschinen-Industrie&#8221; font_container=&#8221;tag:h1|text_align:left&#8221; use_theme_fonts=&#8221;yes&#8221;][\/vc_column][\/vc_row][vc_row][vc_column width=&#8221;1\/2&#8243;][vc_column_text] F\u00fcr Borflex Rex SA ist es stets wichtig, dass das bestm\u00f6gliche Material an der richtigen Stelle eingesetzt wird. Da es manchmal nicht m\u00f6glich ist, alle optimalen Merkmale in einem einzigen Stoff anzutreffen, m\u00fcssen verschiedene Produkte kombiniert und in einem Artikel zusammengef\u00fchrt werden. Die M\u00f6glichkeit, in ein und demselben St\u00fcck [&hellip;]<\/p>\n","protected":false},"author":23,"featured_media":22078,"parent":0,"menu_order":0,"comment_status":"closed","ping_status":"open","template":"","meta":[],"yoast_head":"<!-- This site is optimized with the Yoast SEO plugin v17.3 - https:\/\/yoast.com\/wordpress\/plugins\/seo\/ -->\n<title>Bauteile f\u00fcr die Maschinen-Industrie REX Articoli Tecnici SA<\/title>\n<meta name=\"description\" content=\"Unsere Spritzgie\u00dftechnik mit elastischen Thermoplasten f\u00fcr Maschinen Bauteile hat REX eine Alternative zur Herstellung von Gummi-Metall Artikeln geschaffen.\" \/>\n<meta name=\"robots\" content=\"index, follow, max-snippet:-1, max-image-preview:large, max-video-preview:-1\" \/>\n<link rel=\"canonical\" href=\"https:\/\/borflex-rex.ch\/de\/maschinen\/\" \/>\n<meta property=\"og:locale\" content=\"de_DE\" \/>\n<meta property=\"og:type\" content=\"article\" \/>\n<meta property=\"og:title\" content=\"Bauteile f\u00fcr die Maschinen-Industrie REX Articoli Tecnici SA\" \/>\n<meta property=\"og:description\" content=\"Unsere Spritzgie\u00dftechnik mit elastischen Thermoplasten f\u00fcr Maschinen Bauteile hat REX eine Alternative zur Herstellung von Gummi-Metall Artikeln geschaffen.\" \/>\n<meta property=\"og:url\" content=\"https:\/\/borflex-rex.ch\/de\/maschinen\/\" \/>\n<meta property=\"og:site_name\" content=\"Borflex Rex SA\" \/>\n<meta property=\"article:publisher\" content=\"https:\/\/www.facebook.com\/Rex-Articoli-Tecnici-SA-538626436317023\/?fref=ts\" \/>\n<meta property=\"article:modified_time\" content=\"2016-08-23T16:31:11+00:00\" \/>\n<meta property=\"og:image\" content=\"https:\/\/borflex-rex.ch\/wp-content\/uploads\/2016\/08\/machinery2.jpg\" \/>\n\t<meta property=\"og:image:width\" content=\"388\" \/>\n\t<meta property=\"og:image:height\" content=\"282\" \/>\n<meta name=\"twitter:label1\" content=\"Gesch\u00e4tzte Lesezeit\" \/>\n\t<meta name=\"twitter:data1\" content=\"2\u00a0Minuten\" \/>\n<script type=\"application\/ld+json\" class=\"yoast-schema-graph\">{\"@context\":\"https:\/\/schema.org\",\"@graph\":[{\"@type\":\"Organization\",\"@id\":\"https:\/\/borflex-rex.ch\/de\/#organization\",\"name\":\"Borflex Rex SA\",\"url\":\"https:\/\/borflex-rex.ch\/de\/\",\"sameAs\":[\"https:\/\/www.facebook.com\/Rex-Articoli-Tecnici-SA-538626436317023\/?fref=ts\",\"https:\/\/www.linkedin.com\/company\/rex-articoli-tecnici-sa\",\"https:\/\/www.youtube.com\/channel\/UC5bX_Xfx-7axBmeRH-N7JXQ\"],\"logo\":{\"@type\":\"ImageObject\",\"@id\":\"https:\/\/borflex-rex.ch\/de\/#logo\",\"inLanguage\":\"de\",\"url\":\"https:\/\/borflex-rex.ch\/wp-content\/uploads\/2016\/05\/Rex-Logo.png\",\"contentUrl\":\"https:\/\/borflex-rex.ch\/wp-content\/uploads\/2016\/05\/Rex-Logo.png\",\"width\":172,\"height\":50,\"caption\":\"Borflex Rex SA\"},\"image\":{\"@id\":\"https:\/\/borflex-rex.ch\/de\/#logo\"}},{\"@type\":\"WebSite\",\"@id\":\"https:\/\/borflex-rex.ch\/de\/#website\",\"url\":\"https:\/\/borflex-rex.ch\/de\/\",\"name\":\"Borflex Rex SA\",\"description\":\"\",\"publisher\":{\"@id\":\"https:\/\/borflex-rex.ch\/de\/#organization\"},\"potentialAction\":[{\"@type\":\"SearchAction\",\"target\":{\"@type\":\"EntryPoint\",\"urlTemplate\":\"https:\/\/borflex-rex.ch\/de\/?s={search_term_string}\"},\"query-input\":\"required name=search_term_string\"}],\"inLanguage\":\"de\"},{\"@type\":\"ImageObject\",\"@id\":\"https:\/\/borflex-rex.ch\/de\/maschinen\/#primaryimage\",\"inLanguage\":\"de\",\"url\":\"https:\/\/borflex-rex.ch\/wp-content\/uploads\/2016\/08\/machinery2.jpg\",\"contentUrl\":\"https:\/\/borflex-rex.ch\/wp-content\/uploads\/2016\/08\/machinery2.jpg\",\"width\":388,\"height\":282,\"caption\":\"Macchinari\"},{\"@type\":\"WebPage\",\"@id\":\"https:\/\/borflex-rex.ch\/de\/maschinen\/#webpage\",\"url\":\"https:\/\/borflex-rex.ch\/de\/maschinen\/\",\"name\":\"Bauteile f\\u00fcr die Maschinen-Industrie REX Articoli Tecnici SA\",\"isPartOf\":{\"@id\":\"https:\/\/borflex-rex.ch\/de\/#website\"},\"primaryImageOfPage\":{\"@id\":\"https:\/\/borflex-rex.ch\/de\/maschinen\/#primaryimage\"},\"datePublished\":\"2014-09-10T01:31:55+00:00\",\"dateModified\":\"2016-08-23T16:31:11+00:00\",\"description\":\"Unsere Spritzgie\\u00dftechnik mit elastischen Thermoplasten f\\u00fcr Maschinen Bauteile hat REX eine Alternative zur Herstellung von Gummi-Metall Artikeln geschaffen.\",\"breadcrumb\":{\"@id\":\"https:\/\/borflex-rex.ch\/de\/maschinen\/#breadcrumb\"},\"inLanguage\":\"de\",\"potentialAction\":[{\"@type\":\"ReadAction\",\"target\":[\"https:\/\/borflex-rex.ch\/de\/maschinen\/\"]}]},{\"@type\":\"BreadcrumbList\",\"@id\":\"https:\/\/borflex-rex.ch\/de\/maschinen\/#breadcrumb\",\"itemListElement\":[{\"@type\":\"ListItem\",\"position\":1,\"name\":\"Home\",\"item\":\"https:\/\/borflex-rex.ch\/de\/\"},{\"@type\":\"ListItem\",\"position\":2,\"name\":\"Maschinen-Industrie\"}]}]}<\/script>\n<!-- \/ Yoast SEO plugin. -->","yoast_head_json":{"title":"Bauteile f\u00fcr die Maschinen-Industrie REX Articoli Tecnici SA","description":"Unsere Spritzgie\u00dftechnik mit elastischen Thermoplasten f\u00fcr Maschinen Bauteile hat REX eine Alternative zur Herstellung von Gummi-Metall Artikeln geschaffen.","robots":{"index":"index","follow":"follow","max-snippet":"max-snippet:-1","max-image-preview":"max-image-preview:large","max-video-preview":"max-video-preview:-1"},"canonical":"https:\/\/borflex-rex.ch\/de\/maschinen\/","og_locale":"de_DE","og_type":"article","og_title":"Bauteile f\u00fcr die Maschinen-Industrie REX Articoli Tecnici SA","og_description":"Unsere Spritzgie\u00dftechnik mit elastischen Thermoplasten f\u00fcr Maschinen Bauteile hat REX eine Alternative zur Herstellung von Gummi-Metall Artikeln geschaffen.","og_url":"https:\/\/borflex-rex.ch\/de\/maschinen\/","og_site_name":"Borflex Rex SA","article_publisher":"https:\/\/www.facebook.com\/Rex-Articoli-Tecnici-SA-538626436317023\/?fref=ts","article_modified_time":"2016-08-23T16:31:11+00:00","og_image":[{"width":388,"height":282,"url":"https:\/\/borflex-rex.ch\/wp-content\/uploads\/2016\/08\/machinery2.jpg","type":"image\/jpeg"}],"twitter_misc":{"Gesch\u00e4tzte Lesezeit":"2\u00a0Minuten"},"schema":{"@context":"https:\/\/schema.org","@graph":[{"@type":"Organization","@id":"https:\/\/borflex-rex.ch\/de\/#organization","name":"Borflex Rex SA","url":"https:\/\/borflex-rex.ch\/de\/","sameAs":["https:\/\/www.facebook.com\/Rex-Articoli-Tecnici-SA-538626436317023\/?fref=ts","https:\/\/www.linkedin.com\/company\/rex-articoli-tecnici-sa","https:\/\/www.youtube.com\/channel\/UC5bX_Xfx-7axBmeRH-N7JXQ"],"logo":{"@type":"ImageObject","@id":"https:\/\/borflex-rex.ch\/de\/#logo","inLanguage":"de","url":"https:\/\/borflex-rex.ch\/wp-content\/uploads\/2016\/05\/Rex-Logo.png","contentUrl":"https:\/\/borflex-rex.ch\/wp-content\/uploads\/2016\/05\/Rex-Logo.png","width":172,"height":50,"caption":"Borflex Rex SA"},"image":{"@id":"https:\/\/borflex-rex.ch\/de\/#logo"}},{"@type":"WebSite","@id":"https:\/\/borflex-rex.ch\/de\/#website","url":"https:\/\/borflex-rex.ch\/de\/","name":"Borflex Rex SA","description":"","publisher":{"@id":"https:\/\/borflex-rex.ch\/de\/#organization"},"potentialAction":[{"@type":"SearchAction","target":{"@type":"EntryPoint","urlTemplate":"https:\/\/borflex-rex.ch\/de\/?s={search_term_string}"},"query-input":"required name=search_term_string"}],"inLanguage":"de"},{"@type":"ImageObject","@id":"https:\/\/borflex-rex.ch\/de\/maschinen\/#primaryimage","inLanguage":"de","url":"https:\/\/borflex-rex.ch\/wp-content\/uploads\/2016\/08\/machinery2.jpg","contentUrl":"https:\/\/borflex-rex.ch\/wp-content\/uploads\/2016\/08\/machinery2.jpg","width":388,"height":282,"caption":"Macchinari"},{"@type":"WebPage","@id":"https:\/\/borflex-rex.ch\/de\/maschinen\/#webpage","url":"https:\/\/borflex-rex.ch\/de\/maschinen\/","name":"Bauteile f\u00fcr die Maschinen-Industrie REX Articoli Tecnici SA","isPartOf":{"@id":"https:\/\/borflex-rex.ch\/de\/#website"},"primaryImageOfPage":{"@id":"https:\/\/borflex-rex.ch\/de\/maschinen\/#primaryimage"},"datePublished":"2014-09-10T01:31:55+00:00","dateModified":"2016-08-23T16:31:11+00:00","description":"Unsere Spritzgie\u00dftechnik mit elastischen Thermoplasten f\u00fcr Maschinen Bauteile hat REX eine Alternative zur Herstellung von Gummi-Metall Artikeln geschaffen.","breadcrumb":{"@id":"https:\/\/borflex-rex.ch\/de\/maschinen\/#breadcrumb"},"inLanguage":"de","potentialAction":[{"@type":"ReadAction","target":["https:\/\/borflex-rex.ch\/de\/maschinen\/"]}]},{"@type":"BreadcrumbList","@id":"https:\/\/borflex-rex.ch\/de\/maschinen\/#breadcrumb","itemListElement":[{"@type":"ListItem","position":1,"name":"Home","item":"https:\/\/borflex-rex.ch\/de\/"},{"@type":"ListItem","position":2,"name":"Maschinen-Industrie"}]}]}},"_links":{"self":[{"href":"https:\/\/borflex-rex.ch\/de\/wp-json\/wp\/v2\/pages\/22024"}],"collection":[{"href":"https:\/\/borflex-rex.ch\/de\/wp-json\/wp\/v2\/pages"}],"about":[{"href":"https:\/\/borflex-rex.ch\/de\/wp-json\/wp\/v2\/types\/page"}],"author":[{"embeddable":true,"href":"https:\/\/borflex-rex.ch\/de\/wp-json\/wp\/v2\/users\/23"}],"replies":[{"embeddable":true,"href":"https:\/\/borflex-rex.ch\/de\/wp-json\/wp\/v2\/comments?post=22024"}],"version-history":[{"count":0,"href":"https:\/\/borflex-rex.ch\/de\/wp-json\/wp\/v2\/pages\/22024\/revisions"}],"wp:featuredmedia":[{"embeddable":true,"href":"https:\/\/borflex-rex.ch\/de\/wp-json\/wp\/v2\/media\/22078"}],"wp:attachment":[{"href":"https:\/\/borflex-rex.ch\/de\/wp-json\/wp\/v2\/media?parent=22024"}],"curies":[{"name":"wp","href":"https:\/\/api.w.org\/{rel}","templated":true}]}}