{"id":22051,"date":"2014-09-09T23:30:36","date_gmt":"2014-09-09T23:30:36","guid":{"rendered":"https:\/\/borflex-rex.ch\/de\/rail-rolling-stock\/"},"modified":"2017-01-19T20:12:52","modified_gmt":"2017-01-19T20:12:52","slug":"bahnrollmaterial","status":"publish","type":"page","link":"https:\/\/borflex-rex.ch\/de\/bahnrollmaterial\/","title":{"rendered":"Bahnrollmaterial | Sto\u00dfd\u00e4mpfer, Schutzabdeckungen, Faltenb\u00e4lge &#038; Flexible Kupplungsverbindungen"},"content":{"rendered":"<p>[vc_row][vc_column][vc_empty_space height=&#8221;20px&#8221;][vc_custom_heading text=&#8221;Bahnrollmaterial&#8221; font_container=&#8221;tag:h1|text_align:left&#8221; use_theme_fonts=&#8221;yes&#8221;][vc_custom_heading text=&#8221;Shock Absorbers, Protective Covers, Rail Bellows &amp; Flexible Connections for Rail&#8221; font_container=&#8221;tag:h4|text_align:left|color:%23ffffff&#8221; use_theme_fonts=&#8221;yes&#8221;][\/vc_column][\/vc_row][vc_row][vc_column][vc_column_text]<\/p>\n<p><img loading=\"lazy\" class=\"alignright wp-image-19631 size-medium\" src=\"https:\/\/borflex-rex.ch\/wp-content\/uploads\/2014\/09\/soffietti-300x300.jpg\" alt=\"Rail Bellows - Rail Rolling Stock\" width=\"300\" height=\"300\" srcset=\"https:\/\/borflex-rex.ch\/wp-content\/uploads\/2014\/09\/soffietti-300x300.jpg 300w, https:\/\/borflex-rex.ch\/wp-content\/uploads\/2014\/09\/soffietti-150x150.jpg 150w, https:\/\/borflex-rex.ch\/wp-content\/uploads\/2014\/09\/soffietti-42x42.jpg 42w, https:\/\/borflex-rex.ch\/wp-content\/uploads\/2014\/09\/soffietti.jpg 640w\" sizes=\"(max-width: 300px) 100vw, 300px\" \/>REX Technical Articles SA entwickelt und produziert eine Reihe von Produkten im Bahnrollmaterial Segment in der Bahnindustrie. REX produziert auch im Bereich der Schieneninfrastruktur.<\/p>\n<p>Wir produzieren Antivibrations Elemente f\u00fcr verschiedene Anwendungsf\u00e4lle. Im Bereich der Bahnfahrzeuge arbeiten wir immer eng mit den Ingenieuren zusammen um die probleme der Vibrationspropagation zu minimieren.<\/p>\n<p>F\u00fcr Drehgestelle produzieren wir spezielle Gummi-Metall Elemente wie Federn, Orientierungen und Sto\u00dfd\u00e4mpfer. Ein spezielles Verfahren zur Metallbehandlung reduziert Korrosionen, selbst in extremen Umgebungen. Alle unsere Materialien wurden ausgiebig getestet, intern entwickelt und f\u00fcr den jeweiligen Anwendungsfall optimiert.<\/p>\n<p>[\/vc_column_text][\/vc_column][\/vc_row][vc_row content_placement=&#8221;middle&#8221;][vc_column][vc_custom_heading text=&#8221;Unsere Produkte f\u00fcr Bahnrollmaterialien&#8221; use_theme_fonts=&#8221;yes&#8221;][vc_masonry_grid post_type=&#8221;page&#8221; max_items=&#8221;-1&#8243; element_width=&#8221;6&#8243; gap=&#8221;15&#8243; orderby=&#8221;rand&#8221; item=&#8221;21916&#8243; initial_loading_animation=&#8221;fadeIn&#8221; grid_id=&#8221;vc_gid:1471801744579-021c02c3-a297-3&#8243; taxonomies=&#8221;30&#8243;][\/vc_column][\/vc_row]<\/p>\n","protected":false},"excerpt":{"rendered":"<p>[vc_row][vc_column][vc_empty_space height=&#8221;20px&#8221;][vc_custom_heading text=&#8221;Bahnrollmaterial&#8221; font_container=&#8221;tag:h1|text_align:left&#8221; use_theme_fonts=&#8221;yes&#8221;][vc_custom_heading text=&#8221;Shock Absorbers, Protective Covers, Rail Bellows &amp; Flexible Connections for Rail&#8221; font_container=&#8221;tag:h4|text_align:left|color:%23ffffff&#8221; use_theme_fonts=&#8221;yes&#8221;][\/vc_column][\/vc_row][vc_row][vc_column][vc_column_text] REX Technical Articles SA entwickelt und produziert eine Reihe von Produkten im Bahnrollmaterial Segment in der Bahnindustrie. REX produziert auch im Bereich der Schieneninfrastruktur. Wir produzieren Antivibrations Elemente f\u00fcr verschiedene Anwendungsf\u00e4lle. Im Bereich der Bahnfahrzeuge arbeiten wir [&hellip;]<\/p>\n","protected":false},"author":23,"featured_media":0,"parent":0,"menu_order":0,"comment_status":"closed","ping_status":"closed","template":"","meta":[],"yoast_head":"<!-- This site is optimized with the Yoast SEO plugin v17.3 - https:\/\/yoast.com\/wordpress\/plugins\/seo\/ -->\n<title>Bahnrollmaterial Produkt\u00fcbersicht von REX Technical Articles SA<\/title>\n<meta name=\"description\" content=\"REX Technical Articles SA entwickelt und produziert eine Reihe von Produkten im Bahnrollmaterial Segment in der Bahnindustrie.\" \/>\n<meta name=\"robots\" content=\"index, follow, max-snippet:-1, max-image-preview:large, max-video-preview:-1\" \/>\n<link rel=\"canonical\" href=\"https:\/\/borflex-rex.ch\/de\/bahnrollmaterial\/\" \/>\n<meta property=\"og:locale\" content=\"de_DE\" \/>\n<meta property=\"og:type\" content=\"article\" \/>\n<meta property=\"og:title\" content=\"Bahnrollmaterial Produkt\u00fcbersicht von REX Technical Articles SA\" \/>\n<meta property=\"og:description\" content=\"REX Technical Articles SA entwickelt und produziert eine Reihe von Produkten im Bahnrollmaterial Segment in der Bahnindustrie.\" \/>\n<meta property=\"og:url\" content=\"https:\/\/borflex-rex.ch\/de\/bahnrollmaterial\/\" \/>\n<meta property=\"og:site_name\" content=\"Borflex Rex SA\" \/>\n<meta property=\"article:publisher\" content=\"https:\/\/www.facebook.com\/Rex-Articoli-Tecnici-SA-538626436317023\/?fref=ts\" \/>\n<meta property=\"article:modified_time\" content=\"2017-01-19T20:12:52+00:00\" \/>\n<meta property=\"og:image\" content=\"https:\/\/borflex-rex.ch\/wp-content\/uploads\/2014\/09\/soffietti-300x300.jpg\" \/>\n<meta name=\"twitter:label1\" content=\"Gesch\u00e4tzte Lesezeit\" \/>\n\t<meta name=\"twitter:data1\" content=\"1\u00a0Minute\" \/>\n<script type=\"application\/ld+json\" class=\"yoast-schema-graph\">{\"@context\":\"https:\/\/schema.org\",\"@graph\":[{\"@type\":\"Organization\",\"@id\":\"https:\/\/borflex-rex.ch\/de\/#organization\",\"name\":\"Borflex Rex SA\",\"url\":\"https:\/\/borflex-rex.ch\/de\/\",\"sameAs\":[\"https:\/\/www.facebook.com\/Rex-Articoli-Tecnici-SA-538626436317023\/?fref=ts\",\"https:\/\/www.linkedin.com\/company\/rex-articoli-tecnici-sa\",\"https:\/\/www.youtube.com\/channel\/UC5bX_Xfx-7axBmeRH-N7JXQ\"],\"logo\":{\"@type\":\"ImageObject\",\"@id\":\"https:\/\/borflex-rex.ch\/de\/#logo\",\"inLanguage\":\"de\",\"url\":\"https:\/\/borflex-rex.ch\/wp-content\/uploads\/2016\/05\/Rex-Logo.png\",\"contentUrl\":\"https:\/\/borflex-rex.ch\/wp-content\/uploads\/2016\/05\/Rex-Logo.png\",\"width\":172,\"height\":50,\"caption\":\"Borflex Rex SA\"},\"image\":{\"@id\":\"https:\/\/borflex-rex.ch\/de\/#logo\"}},{\"@type\":\"WebSite\",\"@id\":\"https:\/\/borflex-rex.ch\/de\/#website\",\"url\":\"https:\/\/borflex-rex.ch\/de\/\",\"name\":\"Borflex Rex SA\",\"description\":\"\",\"publisher\":{\"@id\":\"https:\/\/borflex-rex.ch\/de\/#organization\"},\"potentialAction\":[{\"@type\":\"SearchAction\",\"target\":{\"@type\":\"EntryPoint\",\"urlTemplate\":\"https:\/\/borflex-rex.ch\/de\/?s={search_term_string}\"},\"query-input\":\"required name=search_term_string\"}],\"inLanguage\":\"de\"},{\"@type\":\"ImageObject\",\"@id\":\"https:\/\/borflex-rex.ch\/de\/bahnrollmaterial\/#primaryimage\",\"inLanguage\":\"de\",\"url\":\"https:\/\/borflex-rex.ch\/wp-content\/uploads\/2014\/09\/soffietti.jpg\",\"contentUrl\":\"https:\/\/borflex-rex.ch\/wp-content\/uploads\/2014\/09\/soffietti.jpg\",\"width\":640,\"height\":640,\"caption\":\"Rail Bellows - Rolling Stock\"},{\"@type\":\"WebPage\",\"@id\":\"https:\/\/borflex-rex.ch\/de\/bahnrollmaterial\/#webpage\",\"url\":\"https:\/\/borflex-rex.ch\/de\/bahnrollmaterial\/\",\"name\":\"Bahnrollmaterial Produkt\\u00fcbersicht von REX Technical Articles SA\",\"isPartOf\":{\"@id\":\"https:\/\/borflex-rex.ch\/de\/#website\"},\"primaryImageOfPage\":{\"@id\":\"https:\/\/borflex-rex.ch\/de\/bahnrollmaterial\/#primaryimage\"},\"datePublished\":\"2014-09-09T23:30:36+00:00\",\"dateModified\":\"2017-01-19T20:12:52+00:00\",\"description\":\"REX Technical Articles SA entwickelt und produziert eine Reihe von Produkten im Bahnrollmaterial Segment in der Bahnindustrie.\",\"breadcrumb\":{\"@id\":\"https:\/\/borflex-rex.ch\/de\/bahnrollmaterial\/#breadcrumb\"},\"inLanguage\":\"de\",\"potentialAction\":[{\"@type\":\"ReadAction\",\"target\":[\"https:\/\/borflex-rex.ch\/de\/bahnrollmaterial\/\"]}]},{\"@type\":\"BreadcrumbList\",\"@id\":\"https:\/\/borflex-rex.ch\/de\/bahnrollmaterial\/#breadcrumb\",\"itemListElement\":[{\"@type\":\"ListItem\",\"position\":1,\"name\":\"Home\",\"item\":\"https:\/\/borflex-rex.ch\/de\/\"},{\"@type\":\"ListItem\",\"position\":2,\"name\":\"Bahnrollmaterial | Sto\\u00dfd\\u00e4mpfer, Schutzabdeckungen, Faltenb\\u00e4lge &#038; Flexible Kupplungsverbindungen\"}]}]}<\/script>\n<!-- \/ Yoast SEO plugin. -->","yoast_head_json":{"title":"Bahnrollmaterial Produkt\u00fcbersicht von REX Technical Articles SA","description":"REX Technical Articles SA entwickelt und produziert eine Reihe von Produkten im Bahnrollmaterial Segment in der Bahnindustrie.","robots":{"index":"index","follow":"follow","max-snippet":"max-snippet:-1","max-image-preview":"max-image-preview:large","max-video-preview":"max-video-preview:-1"},"canonical":"https:\/\/borflex-rex.ch\/de\/bahnrollmaterial\/","og_locale":"de_DE","og_type":"article","og_title":"Bahnrollmaterial Produkt\u00fcbersicht von REX Technical Articles SA","og_description":"REX Technical Articles SA entwickelt und produziert eine Reihe von Produkten im Bahnrollmaterial Segment in der Bahnindustrie.","og_url":"https:\/\/borflex-rex.ch\/de\/bahnrollmaterial\/","og_site_name":"Borflex Rex SA","article_publisher":"https:\/\/www.facebook.com\/Rex-Articoli-Tecnici-SA-538626436317023\/?fref=ts","article_modified_time":"2017-01-19T20:12:52+00:00","og_image":[{"url":"https:\/\/borflex-rex.ch\/wp-content\/uploads\/2014\/09\/soffietti-300x300.jpg"}],"twitter_misc":{"Gesch\u00e4tzte Lesezeit":"1\u00a0Minute"},"schema":{"@context":"https:\/\/schema.org","@graph":[{"@type":"Organization","@id":"https:\/\/borflex-rex.ch\/de\/#organization","name":"Borflex Rex SA","url":"https:\/\/borflex-rex.ch\/de\/","sameAs":["https:\/\/www.facebook.com\/Rex-Articoli-Tecnici-SA-538626436317023\/?fref=ts","https:\/\/www.linkedin.com\/company\/rex-articoli-tecnici-sa","https:\/\/www.youtube.com\/channel\/UC5bX_Xfx-7axBmeRH-N7JXQ"],"logo":{"@type":"ImageObject","@id":"https:\/\/borflex-rex.ch\/de\/#logo","inLanguage":"de","url":"https:\/\/borflex-rex.ch\/wp-content\/uploads\/2016\/05\/Rex-Logo.png","contentUrl":"https:\/\/borflex-rex.ch\/wp-content\/uploads\/2016\/05\/Rex-Logo.png","width":172,"height":50,"caption":"Borflex Rex SA"},"image":{"@id":"https:\/\/borflex-rex.ch\/de\/#logo"}},{"@type":"WebSite","@id":"https:\/\/borflex-rex.ch\/de\/#website","url":"https:\/\/borflex-rex.ch\/de\/","name":"Borflex Rex SA","description":"","publisher":{"@id":"https:\/\/borflex-rex.ch\/de\/#organization"},"potentialAction":[{"@type":"SearchAction","target":{"@type":"EntryPoint","urlTemplate":"https:\/\/borflex-rex.ch\/de\/?s={search_term_string}"},"query-input":"required name=search_term_string"}],"inLanguage":"de"},{"@type":"ImageObject","@id":"https:\/\/borflex-rex.ch\/de\/bahnrollmaterial\/#primaryimage","inLanguage":"de","url":"https:\/\/borflex-rex.ch\/wp-content\/uploads\/2014\/09\/soffietti.jpg","contentUrl":"https:\/\/borflex-rex.ch\/wp-content\/uploads\/2014\/09\/soffietti.jpg","width":640,"height":640,"caption":"Rail Bellows - Rolling Stock"},{"@type":"WebPage","@id":"https:\/\/borflex-rex.ch\/de\/bahnrollmaterial\/#webpage","url":"https:\/\/borflex-rex.ch\/de\/bahnrollmaterial\/","name":"Bahnrollmaterial Produkt\u00fcbersicht von REX Technical Articles SA","isPartOf":{"@id":"https:\/\/borflex-rex.ch\/de\/#website"},"primaryImageOfPage":{"@id":"https:\/\/borflex-rex.ch\/de\/bahnrollmaterial\/#primaryimage"},"datePublished":"2014-09-09T23:30:36+00:00","dateModified":"2017-01-19T20:12:52+00:00","description":"REX Technical Articles SA entwickelt und produziert eine Reihe von Produkten im Bahnrollmaterial Segment in der Bahnindustrie.","breadcrumb":{"@id":"https:\/\/borflex-rex.ch\/de\/bahnrollmaterial\/#breadcrumb"},"inLanguage":"de","potentialAction":[{"@type":"ReadAction","target":["https:\/\/borflex-rex.ch\/de\/bahnrollmaterial\/"]}]},{"@type":"BreadcrumbList","@id":"https:\/\/borflex-rex.ch\/de\/bahnrollmaterial\/#breadcrumb","itemListElement":[{"@type":"ListItem","position":1,"name":"Home","item":"https:\/\/borflex-rex.ch\/de\/"},{"@type":"ListItem","position":2,"name":"Bahnrollmaterial | Sto\u00dfd\u00e4mpfer, Schutzabdeckungen, Faltenb\u00e4lge &#038; Flexible Kupplungsverbindungen"}]}]}},"_links":{"self":[{"href":"https:\/\/borflex-rex.ch\/de\/wp-json\/wp\/v2\/pages\/22051"}],"collection":[{"href":"https:\/\/borflex-rex.ch\/de\/wp-json\/wp\/v2\/pages"}],"about":[{"href":"https:\/\/borflex-rex.ch\/de\/wp-json\/wp\/v2\/types\/page"}],"author":[{"embeddable":true,"href":"https:\/\/borflex-rex.ch\/de\/wp-json\/wp\/v2\/users\/23"}],"replies":[{"embeddable":true,"href":"https:\/\/borflex-rex.ch\/de\/wp-json\/wp\/v2\/comments?post=22051"}],"version-history":[{"count":0,"href":"https:\/\/borflex-rex.ch\/de\/wp-json\/wp\/v2\/pages\/22051\/revisions"}],"wp:attachment":[{"href":"https:\/\/borflex-rex.ch\/de\/wp-json\/wp\/v2\/media?parent=22051"}],"curies":[{"name":"wp","href":"https:\/\/api.w.org\/{rel}","templated":true}]}}