{"id":22056,"date":"2014-09-10T02:21:08","date_gmt":"2014-09-10T02:21:08","guid":{"rendered":"https:\/\/borflex-rex.ch\/de\/bahnrollmaterial\/flexible-connections\/"},"modified":"2016-08-21T17:15:21","modified_gmt":"2016-08-21T17:15:21","slug":"flexibele-kupplungsverbindungen-zuege","status":"publish","type":"page","link":"https:\/\/borflex-rex.ch\/de\/bahnrollmaterial\/flexibele-kupplungsverbindungen-zuege\/","title":{"rendered":"Flexibele Kupplungsverbindungen f\u00fcr Z\u00fcge, Pumpen und Fahrr\u00e4der"},"content":{"rendered":"<p>[vc_row][vc_column][vc_empty_space height=&#8221;20px&#8221;][vc_custom_heading text=&#8221;Flexibele Kupplungsverbindungen f\u00fcr Z\u00fcge &#8211; Bahnrollmaterial&#8221; font_container=&#8221;tag:h1|text_align:left&#8221; use_theme_fonts=&#8221;yes&#8221;][\/vc_column][\/vc_row][vc_row content_placement=&#8221;middle&#8221;][vc_column width=&#8221;1\/2&#8243;][vc_gallery interval=&#8221;10&#8243; images=&#8221;19742,1238&#8243; img_size=&#8221;large&#8221;][\/vc_column][vc_column width=&#8221;1\/2&#8243;][vc_column_text] Borflex Rex SA produziert verschiedene flexibele Kupplungsverbindungen f\u00fcr Z\u00fcge. Wir bieten ausf\u00fchrliche Analysen, Simulationen und Produktindividualisierung an die Kundenbed\u00fcrfnisse. Wenn Sie in einem Eisenbahnprojekt beteiligt sind, nehemen Sie zu uns Kontakt auf und erhalten Sie umgehend weitere Informationen \u00fcber unsere Produkte. [\/vc_column_text][vc_cta h2=&#8221;Kontaktieren Sie uns jetzt zu:&#8221; h4=&#8221;Flexibele Kupplungsverbindungen f\u00fcr Z\u00fcge&#8221; color=&#8221;green&#8221; add_button=&#8221;bottom&#8221; btn_title=&#8221;Informationen anfordern&#8221; btn_align=&#8221;center&#8221; btn_i_icon_fontawesome=&#8221;fa fa-arrow-circle-right&#8221; add_icon=&#8221;top&#8221; i_icon_fontawesome=&#8221;fa fa-envelope-o&#8221; i_color=&#8221;green&#8221; i_background_style=&#8221;rounded&#8221; btn_link=&#8221;url:https%3A%2F%2Fborflex-rex.ch%2Fcontacts%2F||&#8221; btn_button_block=&#8221;true&#8221; i_on_border=&#8221;true&#8221; i_link=&#8221;url:https%3A%2F%2Fborflex-rex.ch%2Fcontacts%2F||&#8221; btn_add_icon=&#8221;true&#8221; css=&#8221;.vc_custom_1471792823475{background-color: #ffffff !important;}&#8221;][\/vc_cta][vc_column_text]<\/p>\n<p>Klicken Sie hier f\u00fcr eine <a href=\"https:\/\/borflex-rex.ch\/de\/bahnrollmaterial\/\">\u00dcbersicht \u00fcber unsere Bahnrollmaterialien<\/a>.<\/p>\n<p>[\/vc_column_text][\/vc_column][\/vc_row]<\/p>\n","protected":false},"excerpt":{"rendered":"<p>[vc_row][vc_column][vc_empty_space height=&#8221;20px&#8221;][vc_custom_heading text=&#8221;Flexibele Kupplungsverbindungen f\u00fcr Z\u00fcge &#8211; Bahnrollmaterial&#8221; font_container=&#8221;tag:h1|text_align:left&#8221; use_theme_fonts=&#8221;yes&#8221;][\/vc_column][\/vc_row][vc_row content_placement=&#8221;middle&#8221;][vc_column width=&#8221;1\/2&#8243;][vc_gallery interval=&#8221;10&#8243; images=&#8221;19742,1238&#8243; img_size=&#8221;large&#8221;][\/vc_column][vc_column width=&#8221;1\/2&#8243;][vc_column_text] Borflex Rex SA produziert verschiedene flexibele Kupplungsverbindungen f\u00fcr Z\u00fcge. Wir bieten ausf\u00fchrliche Analysen, Simulationen und Produktindividualisierung an die Kundenbed\u00fcrfnisse. Wenn Sie in einem Eisenbahnprojekt beteiligt sind, nehemen Sie zu uns Kontakt auf und erhalten Sie umgehend weitere Informationen \u00fcber [&hellip;]<\/p>\n","protected":false},"author":23,"featured_media":19742,"parent":22051,"menu_order":0,"comment_status":"closed","ping_status":"closed","template":"","meta":[],"yoast_head":"<!-- This site is optimized with the Yoast SEO plugin v17.3 - https:\/\/yoast.com\/wordpress\/plugins\/seo\/ -->\n<title>Flexibele Kupplungsverbindungen f\u00fcr Z\u00fcge von REX Articoli Tecnici SA<\/title>\n<meta name=\"description\" content=\"Wir produzieren verschiedene flexibele Kupplungsverbindungen f\u00fcr Z\u00fcge individuell auf Ihre Projektanforderungen zugeschnitten. Mehr Informationen hier.\" \/>\n<meta name=\"robots\" content=\"index, follow, max-snippet:-1, max-image-preview:large, max-video-preview:-1\" \/>\n<link rel=\"canonical\" href=\"https:\/\/borflex-rex.ch\/de\/bahnrollmaterial\/flexibele-kupplungsverbindungen-zuege\/\" \/>\n<meta property=\"og:locale\" content=\"de_DE\" \/>\n<meta property=\"og:type\" content=\"article\" \/>\n<meta property=\"og:title\" content=\"Flexibele Kupplungsverbindungen f\u00fcr Z\u00fcge von REX Articoli Tecnici SA\" \/>\n<meta property=\"og:description\" content=\"Wir produzieren verschiedene flexibele Kupplungsverbindungen f\u00fcr Z\u00fcge individuell auf Ihre Projektanforderungen zugeschnitten. Mehr Informationen hier.\" \/>\n<meta property=\"og:url\" content=\"https:\/\/borflex-rex.ch\/de\/bahnrollmaterial\/flexibele-kupplungsverbindungen-zuege\/\" \/>\n<meta property=\"og:site_name\" content=\"Borflex Rex SA\" \/>\n<meta property=\"article:publisher\" content=\"https:\/\/www.facebook.com\/Rex-Articoli-Tecnici-SA-538626436317023\/?fref=ts\" \/>\n<meta property=\"article:modified_time\" content=\"2016-08-21T17:15:21+00:00\" \/>\n<meta property=\"og:image\" content=\"https:\/\/borflex-rex.ch\/wp-content\/uploads\/2014\/09\/connessioni-flessibili.jpg\" \/>\n\t<meta property=\"og:image:width\" content=\"640\" \/>\n\t<meta property=\"og:image:height\" content=\"640\" \/>\n<meta name=\"twitter:label1\" content=\"Gesch\u00e4tzte Lesezeit\" \/>\n\t<meta name=\"twitter:data1\" content=\"1\u00a0Minute\" \/>\n<script type=\"application\/ld+json\" class=\"yoast-schema-graph\">{\"@context\":\"https:\/\/schema.org\",\"@graph\":[{\"@type\":\"Organization\",\"@id\":\"https:\/\/borflex-rex.ch\/de\/#organization\",\"name\":\"Borflex Rex SA\",\"url\":\"https:\/\/borflex-rex.ch\/de\/\",\"sameAs\":[\"https:\/\/www.facebook.com\/Rex-Articoli-Tecnici-SA-538626436317023\/?fref=ts\",\"https:\/\/www.linkedin.com\/company\/rex-articoli-tecnici-sa\",\"https:\/\/www.youtube.com\/channel\/UC5bX_Xfx-7axBmeRH-N7JXQ\"],\"logo\":{\"@type\":\"ImageObject\",\"@id\":\"https:\/\/borflex-rex.ch\/de\/#logo\",\"inLanguage\":\"de\",\"url\":\"https:\/\/borflex-rex.ch\/wp-content\/uploads\/2016\/05\/Rex-Logo.png\",\"contentUrl\":\"https:\/\/borflex-rex.ch\/wp-content\/uploads\/2016\/05\/Rex-Logo.png\",\"width\":172,\"height\":50,\"caption\":\"Borflex Rex SA\"},\"image\":{\"@id\":\"https:\/\/borflex-rex.ch\/de\/#logo\"}},{\"@type\":\"WebSite\",\"@id\":\"https:\/\/borflex-rex.ch\/de\/#website\",\"url\":\"https:\/\/borflex-rex.ch\/de\/\",\"name\":\"Borflex Rex SA\",\"description\":\"\",\"publisher\":{\"@id\":\"https:\/\/borflex-rex.ch\/de\/#organization\"},\"potentialAction\":[{\"@type\":\"SearchAction\",\"target\":{\"@type\":\"EntryPoint\",\"urlTemplate\":\"https:\/\/borflex-rex.ch\/de\/?s={search_term_string}\"},\"query-input\":\"required name=search_term_string\"}],\"inLanguage\":\"de\"},{\"@type\":\"ImageObject\",\"@id\":\"https:\/\/borflex-rex.ch\/de\/bahnrollmaterial\/flexibele-kupplungsverbindungen-zuege\/#primaryimage\",\"inLanguage\":\"de\",\"url\":\"https:\/\/borflex-rex.ch\/wp-content\/uploads\/2014\/09\/connessioni-flessibili.jpg\",\"contentUrl\":\"https:\/\/borflex-rex.ch\/wp-content\/uploads\/2014\/09\/connessioni-flessibili.jpg\",\"width\":640,\"height\":640,\"caption\":\"Flexible Connections for Rail Coupling - Rolling Stock\"},{\"@type\":\"WebPage\",\"@id\":\"https:\/\/borflex-rex.ch\/de\/bahnrollmaterial\/flexibele-kupplungsverbindungen-zuege\/#webpage\",\"url\":\"https:\/\/borflex-rex.ch\/de\/bahnrollmaterial\/flexibele-kupplungsverbindungen-zuege\/\",\"name\":\"Flexibele Kupplungsverbindungen f\\u00fcr Z\\u00fcge von REX Articoli Tecnici SA\",\"isPartOf\":{\"@id\":\"https:\/\/borflex-rex.ch\/de\/#website\"},\"primaryImageOfPage\":{\"@id\":\"https:\/\/borflex-rex.ch\/de\/bahnrollmaterial\/flexibele-kupplungsverbindungen-zuege\/#primaryimage\"},\"datePublished\":\"2014-09-10T02:21:08+00:00\",\"dateModified\":\"2016-08-21T17:15:21+00:00\",\"description\":\"Wir produzieren verschiedene flexibele Kupplungsverbindungen f\\u00fcr Z\\u00fcge individuell auf Ihre Projektanforderungen zugeschnitten. Mehr Informationen hier.\",\"breadcrumb\":{\"@id\":\"https:\/\/borflex-rex.ch\/de\/bahnrollmaterial\/flexibele-kupplungsverbindungen-zuege\/#breadcrumb\"},\"inLanguage\":\"de\",\"potentialAction\":[{\"@type\":\"ReadAction\",\"target\":[\"https:\/\/borflex-rex.ch\/de\/bahnrollmaterial\/flexibele-kupplungsverbindungen-zuege\/\"]}]},{\"@type\":\"BreadcrumbList\",\"@id\":\"https:\/\/borflex-rex.ch\/de\/bahnrollmaterial\/flexibele-kupplungsverbindungen-zuege\/#breadcrumb\",\"itemListElement\":[{\"@type\":\"ListItem\",\"position\":1,\"name\":\"Home\",\"item\":\"https:\/\/borflex-rex.ch\/de\/\"},{\"@type\":\"ListItem\",\"position\":2,\"name\":\"Bahnrollmaterial | Sto\\u00dfd\\u00e4mpfer, Schutzabdeckungen, Faltenb\\u00e4lge &#038; Flexible Kupplungsverbindungen\",\"item\":\"https:\/\/borflex-rex.ch\/de\/bahnrollmaterial\/\"},{\"@type\":\"ListItem\",\"position\":3,\"name\":\"Flexibele Kupplungsverbindungen f\\u00fcr Z\\u00fcge, Pumpen und Fahrr\\u00e4der\"}]}]}<\/script>\n<!-- \/ Yoast SEO plugin. -->","yoast_head_json":{"title":"Flexibele Kupplungsverbindungen f\u00fcr Z\u00fcge von REX Articoli Tecnici SA","description":"Wir produzieren verschiedene flexibele Kupplungsverbindungen f\u00fcr Z\u00fcge individuell auf Ihre Projektanforderungen zugeschnitten. Mehr Informationen hier.","robots":{"index":"index","follow":"follow","max-snippet":"max-snippet:-1","max-image-preview":"max-image-preview:large","max-video-preview":"max-video-preview:-1"},"canonical":"https:\/\/borflex-rex.ch\/de\/bahnrollmaterial\/flexibele-kupplungsverbindungen-zuege\/","og_locale":"de_DE","og_type":"article","og_title":"Flexibele Kupplungsverbindungen f\u00fcr Z\u00fcge von REX Articoli Tecnici SA","og_description":"Wir produzieren verschiedene flexibele Kupplungsverbindungen f\u00fcr Z\u00fcge individuell auf Ihre Projektanforderungen zugeschnitten. Mehr Informationen hier.","og_url":"https:\/\/borflex-rex.ch\/de\/bahnrollmaterial\/flexibele-kupplungsverbindungen-zuege\/","og_site_name":"Borflex Rex SA","article_publisher":"https:\/\/www.facebook.com\/Rex-Articoli-Tecnici-SA-538626436317023\/?fref=ts","article_modified_time":"2016-08-21T17:15:21+00:00","og_image":[{"width":640,"height":640,"url":"https:\/\/borflex-rex.ch\/wp-content\/uploads\/2014\/09\/connessioni-flessibili.jpg","type":"image\/jpeg"}],"twitter_misc":{"Gesch\u00e4tzte Lesezeit":"1\u00a0Minute"},"schema":{"@context":"https:\/\/schema.org","@graph":[{"@type":"Organization","@id":"https:\/\/borflex-rex.ch\/de\/#organization","name":"Borflex Rex SA","url":"https:\/\/borflex-rex.ch\/de\/","sameAs":["https:\/\/www.facebook.com\/Rex-Articoli-Tecnici-SA-538626436317023\/?fref=ts","https:\/\/www.linkedin.com\/company\/rex-articoli-tecnici-sa","https:\/\/www.youtube.com\/channel\/UC5bX_Xfx-7axBmeRH-N7JXQ"],"logo":{"@type":"ImageObject","@id":"https:\/\/borflex-rex.ch\/de\/#logo","inLanguage":"de","url":"https:\/\/borflex-rex.ch\/wp-content\/uploads\/2016\/05\/Rex-Logo.png","contentUrl":"https:\/\/borflex-rex.ch\/wp-content\/uploads\/2016\/05\/Rex-Logo.png","width":172,"height":50,"caption":"Borflex Rex SA"},"image":{"@id":"https:\/\/borflex-rex.ch\/de\/#logo"}},{"@type":"WebSite","@id":"https:\/\/borflex-rex.ch\/de\/#website","url":"https:\/\/borflex-rex.ch\/de\/","name":"Borflex Rex SA","description":"","publisher":{"@id":"https:\/\/borflex-rex.ch\/de\/#organization"},"potentialAction":[{"@type":"SearchAction","target":{"@type":"EntryPoint","urlTemplate":"https:\/\/borflex-rex.ch\/de\/?s={search_term_string}"},"query-input":"required name=search_term_string"}],"inLanguage":"de"},{"@type":"ImageObject","@id":"https:\/\/borflex-rex.ch\/de\/bahnrollmaterial\/flexibele-kupplungsverbindungen-zuege\/#primaryimage","inLanguage":"de","url":"https:\/\/borflex-rex.ch\/wp-content\/uploads\/2014\/09\/connessioni-flessibili.jpg","contentUrl":"https:\/\/borflex-rex.ch\/wp-content\/uploads\/2014\/09\/connessioni-flessibili.jpg","width":640,"height":640,"caption":"Flexible Connections for Rail Coupling - Rolling Stock"},{"@type":"WebPage","@id":"https:\/\/borflex-rex.ch\/de\/bahnrollmaterial\/flexibele-kupplungsverbindungen-zuege\/#webpage","url":"https:\/\/borflex-rex.ch\/de\/bahnrollmaterial\/flexibele-kupplungsverbindungen-zuege\/","name":"Flexibele Kupplungsverbindungen f\u00fcr Z\u00fcge von REX Articoli Tecnici SA","isPartOf":{"@id":"https:\/\/borflex-rex.ch\/de\/#website"},"primaryImageOfPage":{"@id":"https:\/\/borflex-rex.ch\/de\/bahnrollmaterial\/flexibele-kupplungsverbindungen-zuege\/#primaryimage"},"datePublished":"2014-09-10T02:21:08+00:00","dateModified":"2016-08-21T17:15:21+00:00","description":"Wir produzieren verschiedene flexibele Kupplungsverbindungen f\u00fcr Z\u00fcge individuell auf Ihre Projektanforderungen zugeschnitten. Mehr Informationen hier.","breadcrumb":{"@id":"https:\/\/borflex-rex.ch\/de\/bahnrollmaterial\/flexibele-kupplungsverbindungen-zuege\/#breadcrumb"},"inLanguage":"de","potentialAction":[{"@type":"ReadAction","target":["https:\/\/borflex-rex.ch\/de\/bahnrollmaterial\/flexibele-kupplungsverbindungen-zuege\/"]}]},{"@type":"BreadcrumbList","@id":"https:\/\/borflex-rex.ch\/de\/bahnrollmaterial\/flexibele-kupplungsverbindungen-zuege\/#breadcrumb","itemListElement":[{"@type":"ListItem","position":1,"name":"Home","item":"https:\/\/borflex-rex.ch\/de\/"},{"@type":"ListItem","position":2,"name":"Bahnrollmaterial | Sto\u00dfd\u00e4mpfer, Schutzabdeckungen, Faltenb\u00e4lge &#038; Flexible Kupplungsverbindungen","item":"https:\/\/borflex-rex.ch\/de\/bahnrollmaterial\/"},{"@type":"ListItem","position":3,"name":"Flexibele Kupplungsverbindungen f\u00fcr Z\u00fcge, Pumpen und Fahrr\u00e4der"}]}]}},"_links":{"self":[{"href":"https:\/\/borflex-rex.ch\/de\/wp-json\/wp\/v2\/pages\/22056"}],"collection":[{"href":"https:\/\/borflex-rex.ch\/de\/wp-json\/wp\/v2\/pages"}],"about":[{"href":"https:\/\/borflex-rex.ch\/de\/wp-json\/wp\/v2\/types\/page"}],"author":[{"embeddable":true,"href":"https:\/\/borflex-rex.ch\/de\/wp-json\/wp\/v2\/users\/23"}],"replies":[{"embeddable":true,"href":"https:\/\/borflex-rex.ch\/de\/wp-json\/wp\/v2\/comments?post=22056"}],"version-history":[{"count":0,"href":"https:\/\/borflex-rex.ch\/de\/wp-json\/wp\/v2\/pages\/22056\/revisions"}],"up":[{"embeddable":true,"href":"https:\/\/borflex-rex.ch\/de\/wp-json\/wp\/v2\/pages\/22051"}],"wp:featuredmedia":[{"embeddable":true,"href":"https:\/\/borflex-rex.ch\/de\/wp-json\/wp\/v2\/media\/19742"}],"wp:attachment":[{"href":"https:\/\/borflex-rex.ch\/de\/wp-json\/wp\/v2\/media?parent=22056"}],"curies":[{"name":"wp","href":"https:\/\/api.w.org\/{rel}","templated":true}]}}