{"id":22063,"date":"2014-09-10T02:18:46","date_gmt":"2014-09-10T02:18:46","guid":{"rendered":"https:\/\/borflex-rex.ch\/de\/bahnrollmaterial\/protective-cover-rail\/"},"modified":"2017-01-19T20:21:57","modified_gmt":"2017-01-19T20:21:57","slug":"schutzabdeckungen-fuer-eisenbahnraedern","status":"publish","type":"page","link":"https:\/\/borflex-rex.ch\/de\/bahnrollmaterial\/schutzabdeckungen-fuer-eisenbahnraedern\/","title":{"rendered":"Schutzabdeckungen f\u00fcr Eisenbahnr\u00e4dern"},"content":{"rendered":"<p>[vc_row][vc_column][vc_empty_space height=&#8221;20px&#8221;][vc_custom_heading text=&#8221;Schutzabdeckungen f\u00fcr Eisenbahnr\u00e4dern&#8221; font_container=&#8221;tag:h1|text_align:left&#8221; use_theme_fonts=&#8221;yes&#8221;][\/vc_column][\/vc_row][vc_row][vc_column width=&#8221;1\/2&#8243;][vc_column_text]<\/p>\n<p>Borflex Rex SA produziert eine Reihe an Schutzabdeckungen aus Gummi f\u00fcr die Bahnindustrie. Das Enteisungsschutz Bremssystem und der Gummischutz f\u00fcr Eisenbahn Radset sind Schutzabdeckungsprodukte auf dem letzten Stand der Technik aus unserem Bahnrollmaterial Segment. Wir bieten ausf\u00fchrliche Analysen, Simulationen und Produktindividualisierung an die Kundenbed\u00fcrfnisse. Wenn Sie in einem Eisenbahnprojekt beteiligt sind, nehemen Sie zu uns Kontakt auf und erhalten Sie umgehend weitere Informationen \u00fcber unsere Produkte.<\/p>\n<p>[\/vc_column_text][vc_column_text]<\/p>\n<p>Klicken Sie hier f\u00fcr eine <a href=\"https:\/\/borflex-rex.ch\/de\/bahnrollmaterial\/\">\u00dcbersicht \u00fcber unsere Bahnrollmaterialien<\/a>.<\/p>\n<p>[\/vc_column_text][\/vc_column][vc_column width=&#8221;1\/2&#8243;][vc_cta h2=&#8221;Kontaktieren Sie uns jetzt zu:&#8221; h4=&#8221;Schutzabdeckungen f\u00fcr Eisenbahnr\u00e4dern&#8221; color=&#8221;green&#8221; add_button=&#8221;bottom&#8221; btn_title=&#8221;Informationen anfordern&#8221; btn_align=&#8221;center&#8221; btn_i_icon_fontawesome=&#8221;fa fa-arrow-circle-right&#8221; add_icon=&#8221;top&#8221; i_icon_fontawesome=&#8221;fa fa-envelope-o&#8221; i_color=&#8221;green&#8221; i_background_style=&#8221;rounded&#8221; btn_link=&#8221;url:https%3A%2F%2Fborflex-rex.ch%2Fcontacts%2F||&#8221; btn_button_block=&#8221;true&#8221; i_on_border=&#8221;true&#8221; i_link=&#8221;url:https%3A%2F%2Fborflex-rex.ch%2Fcontacts%2F||&#8221; btn_add_icon=&#8221;true&#8221; css=&#8221;.vc_custom_1471800051496{background-color: #ffffff !important;}&#8221;][\/vc_cta][\/vc_column][\/vc_row][vc_row content_placement=&#8221;middle&#8221;][vc_column width=&#8221;1\/2&#8243;][vc_custom_heading text=&#8221;Enteisungsschutz Bremssystem&#8221; use_theme_fonts=&#8221;yes&#8221;][vc_single_image image=&#8221;21385&#8243; img_size=&#8221;medium&#8221; alignment=&#8221;center&#8221;][\/vc_column][vc_column width=&#8221;1\/2&#8243;][vc_custom_heading text=&#8221;Gummischutz f\u00fcr Eisenbahn Radset&#8221; use_theme_fonts=&#8221;yes&#8221;][vc_single_image image=&#8221;19734&#8243; img_size=&#8221;medium&#8221; alignment=&#8221;center&#8221;][\/vc_column][\/vc_row]<\/p>\n","protected":false},"excerpt":{"rendered":"<p>[vc_row][vc_column][vc_empty_space height=&#8221;20px&#8221;][vc_custom_heading text=&#8221;Schutzabdeckungen f\u00fcr Eisenbahnr\u00e4dern&#8221; font_container=&#8221;tag:h1|text_align:left&#8221; use_theme_fonts=&#8221;yes&#8221;][\/vc_column][\/vc_row][vc_row][vc_column width=&#8221;1\/2&#8243;][vc_column_text] Borflex Rex SA produziert eine Reihe an Schutzabdeckungen aus Gummi f\u00fcr die Bahnindustrie. Das Enteisungsschutz Bremssystem und der Gummischutz f\u00fcr Eisenbahn Radset sind Schutzabdeckungsprodukte auf dem letzten Stand der Technik aus unserem Bahnrollmaterial Segment. Wir bieten ausf\u00fchrliche Analysen, Simulationen und Produktindividualisierung an die Kundenbed\u00fcrfnisse. Wenn Sie in [&hellip;]<\/p>\n","protected":false},"author":23,"featured_media":19734,"parent":22051,"menu_order":0,"comment_status":"closed","ping_status":"open","template":"","meta":[],"yoast_head":"<!-- This site is optimized with the Yoast SEO plugin v17.3 - https:\/\/yoast.com\/wordpress\/plugins\/seo\/ -->\n<title>Schutzabdeckungen f\u00fcr Eisenbahnr\u00e4dern von REX Articoli Tecnici SA<\/title>\n<meta name=\"description\" content=\"Wir stellen Schutzabdeckungen f\u00fcr Eisenbahnr\u00e4dern aus Gummi her. Unsere Laborsimulationen optimieren unsere Produkte auf Ihren Anwendungsfall.\" \/>\n<meta name=\"robots\" content=\"index, follow, max-snippet:-1, max-image-preview:large, max-video-preview:-1\" \/>\n<link rel=\"canonical\" href=\"https:\/\/borflex-rex.ch\/de\/bahnrollmaterial\/schutzabdeckungen-fuer-eisenbahnraedern\/\" \/>\n<meta property=\"og:locale\" content=\"de_DE\" \/>\n<meta property=\"og:type\" content=\"article\" \/>\n<meta property=\"og:title\" content=\"Schutzabdeckungen f\u00fcr Eisenbahnr\u00e4dern von REX Articoli Tecnici SA\" \/>\n<meta property=\"og:description\" content=\"Wir stellen Schutzabdeckungen f\u00fcr Eisenbahnr\u00e4dern aus Gummi her. Unsere Laborsimulationen optimieren unsere Produkte auf Ihren Anwendungsfall.\" \/>\n<meta property=\"og:url\" content=\"https:\/\/borflex-rex.ch\/de\/bahnrollmaterial\/schutzabdeckungen-fuer-eisenbahnraedern\/\" \/>\n<meta property=\"og:site_name\" content=\"Borflex Rex SA\" \/>\n<meta property=\"article:publisher\" content=\"https:\/\/www.facebook.com\/Rex-Articoli-Tecnici-SA-538626436317023\/?fref=ts\" \/>\n<meta property=\"article:modified_time\" content=\"2017-01-19T20:21:57+00:00\" \/>\n<meta property=\"og:image\" content=\"https:\/\/borflex-rex.ch\/wp-content\/uploads\/2014\/09\/wheel-set-protection1.jpg\" \/>\n\t<meta property=\"og:image:width\" content=\"640\" \/>\n\t<meta property=\"og:image:height\" content=\"640\" \/>\n<meta name=\"twitter:label1\" content=\"Gesch\u00e4tzte Lesezeit\" \/>\n\t<meta name=\"twitter:data1\" content=\"1\u00a0Minute\" \/>\n<script type=\"application\/ld+json\" class=\"yoast-schema-graph\">{\"@context\":\"https:\/\/schema.org\",\"@graph\":[{\"@type\":\"Organization\",\"@id\":\"https:\/\/borflex-rex.ch\/de\/#organization\",\"name\":\"Borflex Rex SA\",\"url\":\"https:\/\/borflex-rex.ch\/de\/\",\"sameAs\":[\"https:\/\/www.facebook.com\/Rex-Articoli-Tecnici-SA-538626436317023\/?fref=ts\",\"https:\/\/www.linkedin.com\/company\/rex-articoli-tecnici-sa\",\"https:\/\/www.youtube.com\/channel\/UC5bX_Xfx-7axBmeRH-N7JXQ\"],\"logo\":{\"@type\":\"ImageObject\",\"@id\":\"https:\/\/borflex-rex.ch\/de\/#logo\",\"inLanguage\":\"de\",\"url\":\"https:\/\/borflex-rex.ch\/wp-content\/uploads\/2016\/05\/Rex-Logo.png\",\"contentUrl\":\"https:\/\/borflex-rex.ch\/wp-content\/uploads\/2016\/05\/Rex-Logo.png\",\"width\":172,\"height\":50,\"caption\":\"Borflex Rex SA\"},\"image\":{\"@id\":\"https:\/\/borflex-rex.ch\/de\/#logo\"}},{\"@type\":\"WebSite\",\"@id\":\"https:\/\/borflex-rex.ch\/de\/#website\",\"url\":\"https:\/\/borflex-rex.ch\/de\/\",\"name\":\"Borflex Rex SA\",\"description\":\"\",\"publisher\":{\"@id\":\"https:\/\/borflex-rex.ch\/de\/#organization\"},\"potentialAction\":[{\"@type\":\"SearchAction\",\"target\":{\"@type\":\"EntryPoint\",\"urlTemplate\":\"https:\/\/borflex-rex.ch\/de\/?s={search_term_string}\"},\"query-input\":\"required name=search_term_string\"}],\"inLanguage\":\"de\"},{\"@type\":\"ImageObject\",\"@id\":\"https:\/\/borflex-rex.ch\/de\/bahnrollmaterial\/schutzabdeckungen-fuer-eisenbahnraedern\/#primaryimage\",\"inLanguage\":\"de\",\"url\":\"https:\/\/borflex-rex.ch\/wp-content\/uploads\/2014\/09\/wheel-set-protection1.jpg\",\"contentUrl\":\"https:\/\/borflex-rex.ch\/wp-content\/uploads\/2014\/09\/wheel-set-protection1.jpg\",\"width\":640,\"height\":640,\"caption\":\"Wheel Set Protection - Protective Cover for Rail\"},{\"@type\":\"WebPage\",\"@id\":\"https:\/\/borflex-rex.ch\/de\/bahnrollmaterial\/schutzabdeckungen-fuer-eisenbahnraedern\/#webpage\",\"url\":\"https:\/\/borflex-rex.ch\/de\/bahnrollmaterial\/schutzabdeckungen-fuer-eisenbahnraedern\/\",\"name\":\"Schutzabdeckungen f\\u00fcr Eisenbahnr\\u00e4dern von REX Articoli Tecnici SA\",\"isPartOf\":{\"@id\":\"https:\/\/borflex-rex.ch\/de\/#website\"},\"primaryImageOfPage\":{\"@id\":\"https:\/\/borflex-rex.ch\/de\/bahnrollmaterial\/schutzabdeckungen-fuer-eisenbahnraedern\/#primaryimage\"},\"datePublished\":\"2014-09-10T02:18:46+00:00\",\"dateModified\":\"2017-01-19T20:21:57+00:00\",\"description\":\"Wir stellen Schutzabdeckungen f\\u00fcr Eisenbahnr\\u00e4dern aus Gummi her. Unsere Laborsimulationen optimieren unsere Produkte auf Ihren Anwendungsfall.\",\"breadcrumb\":{\"@id\":\"https:\/\/borflex-rex.ch\/de\/bahnrollmaterial\/schutzabdeckungen-fuer-eisenbahnraedern\/#breadcrumb\"},\"inLanguage\":\"de\",\"potentialAction\":[{\"@type\":\"ReadAction\",\"target\":[\"https:\/\/borflex-rex.ch\/de\/bahnrollmaterial\/schutzabdeckungen-fuer-eisenbahnraedern\/\"]}]},{\"@type\":\"BreadcrumbList\",\"@id\":\"https:\/\/borflex-rex.ch\/de\/bahnrollmaterial\/schutzabdeckungen-fuer-eisenbahnraedern\/#breadcrumb\",\"itemListElement\":[{\"@type\":\"ListItem\",\"position\":1,\"name\":\"Home\",\"item\":\"https:\/\/borflex-rex.ch\/de\/\"},{\"@type\":\"ListItem\",\"position\":2,\"name\":\"Bahnrollmaterial | Sto\\u00dfd\\u00e4mpfer, Schutzabdeckungen, Faltenb\\u00e4lge &#038; Flexible Kupplungsverbindungen\",\"item\":\"https:\/\/borflex-rex.ch\/de\/bahnrollmaterial\/\"},{\"@type\":\"ListItem\",\"position\":3,\"name\":\"Schutzabdeckungen f\\u00fcr Eisenbahnr\\u00e4dern\"}]}]}<\/script>\n<!-- \/ Yoast SEO plugin. -->","yoast_head_json":{"title":"Schutzabdeckungen f\u00fcr Eisenbahnr\u00e4dern von REX Articoli Tecnici SA","description":"Wir stellen Schutzabdeckungen f\u00fcr Eisenbahnr\u00e4dern aus Gummi her. Unsere Laborsimulationen optimieren unsere Produkte auf Ihren Anwendungsfall.","robots":{"index":"index","follow":"follow","max-snippet":"max-snippet:-1","max-image-preview":"max-image-preview:large","max-video-preview":"max-video-preview:-1"},"canonical":"https:\/\/borflex-rex.ch\/de\/bahnrollmaterial\/schutzabdeckungen-fuer-eisenbahnraedern\/","og_locale":"de_DE","og_type":"article","og_title":"Schutzabdeckungen f\u00fcr Eisenbahnr\u00e4dern von REX Articoli Tecnici SA","og_description":"Wir stellen Schutzabdeckungen f\u00fcr Eisenbahnr\u00e4dern aus Gummi her. Unsere Laborsimulationen optimieren unsere Produkte auf Ihren Anwendungsfall.","og_url":"https:\/\/borflex-rex.ch\/de\/bahnrollmaterial\/schutzabdeckungen-fuer-eisenbahnraedern\/","og_site_name":"Borflex Rex SA","article_publisher":"https:\/\/www.facebook.com\/Rex-Articoli-Tecnici-SA-538626436317023\/?fref=ts","article_modified_time":"2017-01-19T20:21:57+00:00","og_image":[{"width":640,"height":640,"url":"https:\/\/borflex-rex.ch\/wp-content\/uploads\/2014\/09\/wheel-set-protection1.jpg","type":"image\/jpeg"}],"twitter_misc":{"Gesch\u00e4tzte Lesezeit":"1\u00a0Minute"},"schema":{"@context":"https:\/\/schema.org","@graph":[{"@type":"Organization","@id":"https:\/\/borflex-rex.ch\/de\/#organization","name":"Borflex Rex SA","url":"https:\/\/borflex-rex.ch\/de\/","sameAs":["https:\/\/www.facebook.com\/Rex-Articoli-Tecnici-SA-538626436317023\/?fref=ts","https:\/\/www.linkedin.com\/company\/rex-articoli-tecnici-sa","https:\/\/www.youtube.com\/channel\/UC5bX_Xfx-7axBmeRH-N7JXQ"],"logo":{"@type":"ImageObject","@id":"https:\/\/borflex-rex.ch\/de\/#logo","inLanguage":"de","url":"https:\/\/borflex-rex.ch\/wp-content\/uploads\/2016\/05\/Rex-Logo.png","contentUrl":"https:\/\/borflex-rex.ch\/wp-content\/uploads\/2016\/05\/Rex-Logo.png","width":172,"height":50,"caption":"Borflex Rex SA"},"image":{"@id":"https:\/\/borflex-rex.ch\/de\/#logo"}},{"@type":"WebSite","@id":"https:\/\/borflex-rex.ch\/de\/#website","url":"https:\/\/borflex-rex.ch\/de\/","name":"Borflex Rex SA","description":"","publisher":{"@id":"https:\/\/borflex-rex.ch\/de\/#organization"},"potentialAction":[{"@type":"SearchAction","target":{"@type":"EntryPoint","urlTemplate":"https:\/\/borflex-rex.ch\/de\/?s={search_term_string}"},"query-input":"required name=search_term_string"}],"inLanguage":"de"},{"@type":"ImageObject","@id":"https:\/\/borflex-rex.ch\/de\/bahnrollmaterial\/schutzabdeckungen-fuer-eisenbahnraedern\/#primaryimage","inLanguage":"de","url":"https:\/\/borflex-rex.ch\/wp-content\/uploads\/2014\/09\/wheel-set-protection1.jpg","contentUrl":"https:\/\/borflex-rex.ch\/wp-content\/uploads\/2014\/09\/wheel-set-protection1.jpg","width":640,"height":640,"caption":"Wheel Set Protection - Protective Cover for Rail"},{"@type":"WebPage","@id":"https:\/\/borflex-rex.ch\/de\/bahnrollmaterial\/schutzabdeckungen-fuer-eisenbahnraedern\/#webpage","url":"https:\/\/borflex-rex.ch\/de\/bahnrollmaterial\/schutzabdeckungen-fuer-eisenbahnraedern\/","name":"Schutzabdeckungen f\u00fcr Eisenbahnr\u00e4dern von REX Articoli Tecnici SA","isPartOf":{"@id":"https:\/\/borflex-rex.ch\/de\/#website"},"primaryImageOfPage":{"@id":"https:\/\/borflex-rex.ch\/de\/bahnrollmaterial\/schutzabdeckungen-fuer-eisenbahnraedern\/#primaryimage"},"datePublished":"2014-09-10T02:18:46+00:00","dateModified":"2017-01-19T20:21:57+00:00","description":"Wir stellen Schutzabdeckungen f\u00fcr Eisenbahnr\u00e4dern aus Gummi her. Unsere Laborsimulationen optimieren unsere Produkte auf Ihren Anwendungsfall.","breadcrumb":{"@id":"https:\/\/borflex-rex.ch\/de\/bahnrollmaterial\/schutzabdeckungen-fuer-eisenbahnraedern\/#breadcrumb"},"inLanguage":"de","potentialAction":[{"@type":"ReadAction","target":["https:\/\/borflex-rex.ch\/de\/bahnrollmaterial\/schutzabdeckungen-fuer-eisenbahnraedern\/"]}]},{"@type":"BreadcrumbList","@id":"https:\/\/borflex-rex.ch\/de\/bahnrollmaterial\/schutzabdeckungen-fuer-eisenbahnraedern\/#breadcrumb","itemListElement":[{"@type":"ListItem","position":1,"name":"Home","item":"https:\/\/borflex-rex.ch\/de\/"},{"@type":"ListItem","position":2,"name":"Bahnrollmaterial | Sto\u00dfd\u00e4mpfer, Schutzabdeckungen, Faltenb\u00e4lge &#038; Flexible Kupplungsverbindungen","item":"https:\/\/borflex-rex.ch\/de\/bahnrollmaterial\/"},{"@type":"ListItem","position":3,"name":"Schutzabdeckungen f\u00fcr Eisenbahnr\u00e4dern"}]}]}},"_links":{"self":[{"href":"https:\/\/borflex-rex.ch\/de\/wp-json\/wp\/v2\/pages\/22063"}],"collection":[{"href":"https:\/\/borflex-rex.ch\/de\/wp-json\/wp\/v2\/pages"}],"about":[{"href":"https:\/\/borflex-rex.ch\/de\/wp-json\/wp\/v2\/types\/page"}],"author":[{"embeddable":true,"href":"https:\/\/borflex-rex.ch\/de\/wp-json\/wp\/v2\/users\/23"}],"replies":[{"embeddable":true,"href":"https:\/\/borflex-rex.ch\/de\/wp-json\/wp\/v2\/comments?post=22063"}],"version-history":[{"count":0,"href":"https:\/\/borflex-rex.ch\/de\/wp-json\/wp\/v2\/pages\/22063\/revisions"}],"up":[{"embeddable":true,"href":"https:\/\/borflex-rex.ch\/de\/wp-json\/wp\/v2\/pages\/22051"}],"wp:featuredmedia":[{"embeddable":true,"href":"https:\/\/borflex-rex.ch\/de\/wp-json\/wp\/v2\/media\/19734"}],"wp:attachment":[{"href":"https:\/\/borflex-rex.ch\/de\/wp-json\/wp\/v2\/media?parent=22063"}],"curies":[{"name":"wp","href":"https:\/\/api.w.org\/{rel}","templated":true}]}}