{"id":22068,"date":"2014-07-03T13:03:20","date_gmt":"2014-07-03T13:03:20","guid":{"rendered":"https:\/\/borflex-rex.ch\/de\/bicycle-brakes-pads\/"},"modified":"2016-08-23T16:50:01","modified_gmt":"2016-08-23T16:50:01","slug":"fahrradbremsbelaege","status":"publish","type":"page","link":"https:\/\/borflex-rex.ch\/de\/fahrradbremsbelaege\/","title":{"rendered":"Fahrradbremsbel\u00e4ge &#8211; Swissstop\u00ae Qualit\u00e4t"},"content":{"rendered":"<p>[vc_row][vc_column][vc_empty_space height=&#8221;20px&#8221;][vc_custom_heading text=&#8221;Fahrradbremsbel\u00e4ge &#8211; Swissstop\u00ae&#8221; font_container=&#8221;tag:h1|text_align:left&#8221; use_theme_fonts=&#8221;yes&#8221;][\/vc_column][\/vc_row][vc_row][vc_column width=&#8221;1\/2&#8243;][vc_single_image image=&#8221;178&#8243; img_size=&#8221;full&#8221; alignment=&#8221;center&#8221; onclick=&#8221;custom_link&#8221; img_link_target=&#8221;_blank&#8221; link=&#8221;http:\/\/www.swissstop.ch&#8221;][vc_column_text]<\/p>\n<p>Bereits im Jahre 1970, produzierte Borflex Rex SA, Bremsbel\u00e4ge f\u00fcr eine bedeutende Schweizer Fahrradbremsenhersteller. Nachdem jenes<br \/>Unternehmen die Produktion eingestellt hatte, fasste Borflex Rex SA den Beschluss, sein Know-how auf dem Gebiet zu nutzen, um dem Ersatzteilmarkt sein Produkt anzubieten: so entstand die Marke swissstop\u00ae. Das positive Feedback des Marktes hat die Techniker dazu ermutigt, weitere Artikel herzustellen und L\u00f6sungen f\u00fcr s\u00e4mtliche Felgentypen und -ausf\u00fchrungen zu schaffen.<\/p>\n<p>Die Einf\u00fchrung des Scheibenbremssystems bei Mountain Bikes hat den Betrieb dazu veranlasst, sich auch im Sektor der Scheibenbremsbel\u00e4ge einzuf\u00fcgen. Das bereits breite Spektrum der Verkaufsangebote wurde substantiell erweitert.<\/p>\n<p>Klicken Sie hier f\u00fcr eine <a href=\"https:\/\/borflex-rex.ch\/de\/rex-produkte\/\">\u00dcbersicht \u00fcber alle REX Produkte<\/a>.<\/p>\n<p>[\/vc_column_text][vc_cta h2=&#8221;Kontaktieren Sie uns jetzt zu:&#8221; h4=&#8221;Swissstop\u00ae Fahrradbremsbel\u00e4ge&#8221; color=&#8221;green&#8221; add_button=&#8221;bottom&#8221; btn_title=&#8221;Informationen anfordern&#8221; btn_align=&#8221;center&#8221; btn_i_icon_fontawesome=&#8221;fa fa-arrow-circle-right&#8221; add_icon=&#8221;top&#8221; i_icon_fontawesome=&#8221;fa fa-envelope-o&#8221; i_color=&#8221;green&#8221; i_background_style=&#8221;rounded&#8221; btn_link=&#8221;url:https%3A%2F%2Fborflex-rex.ch%2Fcontacts%2F||&#8221; btn_button_block=&#8221;true&#8221; i_on_border=&#8221;true&#8221; i_link=&#8221;url:https%3A%2F%2Fborflex-rex.ch%2Fcontacts%2F||&#8221; btn_add_icon=&#8221;true&#8221; css=&#8221;.vc_custom_1471811894818{background-color: #ffffff !important;}&#8221;][\/vc_cta][\/vc_column][vc_column width=&#8221;1\/2&#8243;][vc_gallery type=&#8221;flexslider_slide&#8221; interval=&#8221;10&#8243; images=&#8221;18768,1681&#8243; img_size=&#8221;large&#8221;][vc_column_text]<\/p>\n<p>Swissstop\u00ae geh\u00f6rt heute zu den bekanntesten Herstellern von Fahrradbremsbel\u00e4gen und vertreibt Ersatzteile f\u00fcr jegliche Bremssysteme. Im Bereich der Bremsbel\u00e4ge f\u00fcr Carbonlaufr\u00e4der ist Borflex Rex SA eines der f\u00fchrenden Unternehmen weltweit und besitzt ein internationales Verkaufsnetz.<\/p>\n<p>[\/vc_column_text][vc_btn title=&#8221;Zur Swissstop\u00ae Webseite&#8221; align=&#8221;center&#8221; i_icon_fontawesome=&#8221;fa fa-share&#8221; link=&#8221;url:http%3A%2F%2Fwww.swissstop.ch||target:%20_blank&#8221; add_icon=&#8221;true&#8221; button_block=&#8221;true&#8221;][\/vc_column][\/vc_row][vc_row][vc_column][vc_custom_heading text=&#8221;Sehen Sie sich unser Swissstop\u00ae Fahrradbremsen Video an&#8221; font_container=&#8221;tag:h3|text_align:left&#8221; use_theme_fonts=&#8221;yes&#8221;][vc_video link=&#8221;http:\/\/www.youtube.com\/watch?v=TkEP59xNRhc&#8221;][\/vc_column][\/vc_row]<\/p>\n","protected":false},"excerpt":{"rendered":"<p>[vc_row][vc_column][vc_empty_space height=&#8221;20px&#8221;][vc_custom_heading text=&#8221;Fahrradbremsbel\u00e4ge &#8211; Swissstop\u00ae&#8221; font_container=&#8221;tag:h1|text_align:left&#8221; use_theme_fonts=&#8221;yes&#8221;][\/vc_column][\/vc_row][vc_row][vc_column width=&#8221;1\/2&#8243;][vc_single_image image=&#8221;178&#8243; img_size=&#8221;full&#8221; alignment=&#8221;center&#8221; onclick=&#8221;custom_link&#8221; img_link_target=&#8221;_blank&#8221; link=&#8221;http:\/\/www.swissstop.ch&#8221;][vc_column_text] Bereits im Jahre 1970, produzierte Borflex Rex SA, Bremsbel\u00e4ge f\u00fcr eine bedeutende Schweizer Fahrradbremsenhersteller. Nachdem jenesUnternehmen die Produktion eingestellt hatte, fasste Borflex Rex SA den Beschluss, sein Know-how auf dem Gebiet zu nutzen, um dem Ersatzteilmarkt sein Produkt anzubieten: so entstand [&hellip;]<\/p>\n","protected":false},"author":23,"featured_media":18768,"parent":0,"menu_order":0,"comment_status":"closed","ping_status":"closed","template":"","meta":[],"yoast_head":"<!-- This site is optimized with the Yoast SEO plugin v17.3 - https:\/\/yoast.com\/wordpress\/plugins\/seo\/ -->\n<title>Swissstop\u00ae Fahrradbremsbel\u00e4ge von REX Articoli Tecnici SA<\/title>\n<meta name=\"description\" content=\"Swissstop\u00ae geh\u00f6rt heute zu den bekanntesten Herstellern von Fahrradbremsbel\u00e4gen und vertreibt Ersatzteile f\u00fcr jegliche Bremssysteme.\" \/>\n<meta name=\"robots\" content=\"index, follow, max-snippet:-1, max-image-preview:large, max-video-preview:-1\" \/>\n<link rel=\"canonical\" href=\"https:\/\/borflex-rex.ch\/de\/fahrradbremsbelaege\/\" \/>\n<meta property=\"og:locale\" content=\"de_DE\" \/>\n<meta property=\"og:type\" content=\"article\" \/>\n<meta property=\"og:title\" content=\"Swissstop\u00ae Fahrradbremsbel\u00e4ge von REX Articoli Tecnici SA\" \/>\n<meta property=\"og:description\" content=\"Swissstop\u00ae geh\u00f6rt heute zu den bekanntesten Herstellern von Fahrradbremsbel\u00e4gen und vertreibt Ersatzteile f\u00fcr jegliche Bremssysteme.\" \/>\n<meta property=\"og:url\" content=\"https:\/\/borflex-rex.ch\/de\/fahrradbremsbelaege\/\" \/>\n<meta property=\"og:site_name\" content=\"Borflex Rex SA\" \/>\n<meta property=\"article:publisher\" content=\"https:\/\/www.facebook.com\/Rex-Articoli-Tecnici-SA-538626436317023\/?fref=ts\" \/>\n<meta property=\"article:modified_time\" content=\"2016-08-23T16:50:01+00:00\" \/>\n<meta property=\"og:image\" content=\"https:\/\/borflex-rex.ch\/wp-content\/uploads\/2014\/09\/swissstop2-340x240.jpg\" \/>\n\t<meta property=\"og:image:width\" content=\"340\" \/>\n\t<meta property=\"og:image:height\" content=\"240\" \/>\n<meta name=\"twitter:label1\" content=\"Gesch\u00e4tzte Lesezeit\" \/>\n\t<meta name=\"twitter:data1\" content=\"2\u00a0Minuten\" \/>\n<script type=\"application\/ld+json\" class=\"yoast-schema-graph\">{\"@context\":\"https:\/\/schema.org\",\"@graph\":[{\"@type\":\"Organization\",\"@id\":\"https:\/\/borflex-rex.ch\/de\/#organization\",\"name\":\"Borflex Rex SA\",\"url\":\"https:\/\/borflex-rex.ch\/de\/\",\"sameAs\":[\"https:\/\/www.facebook.com\/Rex-Articoli-Tecnici-SA-538626436317023\/?fref=ts\",\"https:\/\/www.linkedin.com\/company\/rex-articoli-tecnici-sa\",\"https:\/\/www.youtube.com\/channel\/UC5bX_Xfx-7axBmeRH-N7JXQ\"],\"logo\":{\"@type\":\"ImageObject\",\"@id\":\"https:\/\/borflex-rex.ch\/de\/#logo\",\"inLanguage\":\"de\",\"url\":\"https:\/\/borflex-rex.ch\/wp-content\/uploads\/2016\/05\/Rex-Logo.png\",\"contentUrl\":\"https:\/\/borflex-rex.ch\/wp-content\/uploads\/2016\/05\/Rex-Logo.png\",\"width\":172,\"height\":50,\"caption\":\"Borflex Rex SA\"},\"image\":{\"@id\":\"https:\/\/borflex-rex.ch\/de\/#logo\"}},{\"@type\":\"WebSite\",\"@id\":\"https:\/\/borflex-rex.ch\/de\/#website\",\"url\":\"https:\/\/borflex-rex.ch\/de\/\",\"name\":\"Borflex Rex SA\",\"description\":\"\",\"publisher\":{\"@id\":\"https:\/\/borflex-rex.ch\/de\/#organization\"},\"potentialAction\":[{\"@type\":\"SearchAction\",\"target\":{\"@type\":\"EntryPoint\",\"urlTemplate\":\"https:\/\/borflex-rex.ch\/de\/?s={search_term_string}\"},\"query-input\":\"required name=search_term_string\"}],\"inLanguage\":\"de\"},{\"@type\":\"ImageObject\",\"@id\":\"https:\/\/borflex-rex.ch\/de\/fahrradbremsbelaege\/#primaryimage\",\"inLanguage\":\"de\",\"url\":\"https:\/\/borflex-rex.ch\/wp-content\/uploads\/2014\/09\/swissstop2-340x240.jpg\",\"contentUrl\":\"https:\/\/borflex-rex.ch\/wp-content\/uploads\/2014\/09\/swissstop2-340x240.jpg\",\"width\":340,\"height\":240,\"caption\":\"Swissstop\\u00ae Brake Pads\"},{\"@type\":\"WebPage\",\"@id\":\"https:\/\/borflex-rex.ch\/de\/fahrradbremsbelaege\/#webpage\",\"url\":\"https:\/\/borflex-rex.ch\/de\/fahrradbremsbelaege\/\",\"name\":\"Swissstop\\u00ae Fahrradbremsbel\\u00e4ge von REX Articoli Tecnici SA\",\"isPartOf\":{\"@id\":\"https:\/\/borflex-rex.ch\/de\/#website\"},\"primaryImageOfPage\":{\"@id\":\"https:\/\/borflex-rex.ch\/de\/fahrradbremsbelaege\/#primaryimage\"},\"datePublished\":\"2014-07-03T13:03:20+00:00\",\"dateModified\":\"2016-08-23T16:50:01+00:00\",\"description\":\"Swissstop\\u00ae geh\\u00f6rt heute zu den bekanntesten Herstellern von Fahrradbremsbel\\u00e4gen und vertreibt Ersatzteile f\\u00fcr jegliche Bremssysteme.\",\"breadcrumb\":{\"@id\":\"https:\/\/borflex-rex.ch\/de\/fahrradbremsbelaege\/#breadcrumb\"},\"inLanguage\":\"de\",\"potentialAction\":[{\"@type\":\"ReadAction\",\"target\":[\"https:\/\/borflex-rex.ch\/de\/fahrradbremsbelaege\/\"]}]},{\"@type\":\"BreadcrumbList\",\"@id\":\"https:\/\/borflex-rex.ch\/de\/fahrradbremsbelaege\/#breadcrumb\",\"itemListElement\":[{\"@type\":\"ListItem\",\"position\":1,\"name\":\"Home\",\"item\":\"https:\/\/borflex-rex.ch\/de\/\"},{\"@type\":\"ListItem\",\"position\":2,\"name\":\"Fahrradbremsbel\\u00e4ge &#8211; Swissstop\\u00ae Qualit\\u00e4t\"}]}]}<\/script>\n<!-- \/ Yoast SEO plugin. -->","yoast_head_json":{"title":"Swissstop\u00ae Fahrradbremsbel\u00e4ge von REX Articoli Tecnici SA","description":"Swissstop\u00ae geh\u00f6rt heute zu den bekanntesten Herstellern von Fahrradbremsbel\u00e4gen und vertreibt Ersatzteile f\u00fcr jegliche Bremssysteme.","robots":{"index":"index","follow":"follow","max-snippet":"max-snippet:-1","max-image-preview":"max-image-preview:large","max-video-preview":"max-video-preview:-1"},"canonical":"https:\/\/borflex-rex.ch\/de\/fahrradbremsbelaege\/","og_locale":"de_DE","og_type":"article","og_title":"Swissstop\u00ae Fahrradbremsbel\u00e4ge von REX Articoli Tecnici SA","og_description":"Swissstop\u00ae geh\u00f6rt heute zu den bekanntesten Herstellern von Fahrradbremsbel\u00e4gen und vertreibt Ersatzteile f\u00fcr jegliche Bremssysteme.","og_url":"https:\/\/borflex-rex.ch\/de\/fahrradbremsbelaege\/","og_site_name":"Borflex Rex SA","article_publisher":"https:\/\/www.facebook.com\/Rex-Articoli-Tecnici-SA-538626436317023\/?fref=ts","article_modified_time":"2016-08-23T16:50:01+00:00","og_image":[{"width":340,"height":240,"url":"https:\/\/borflex-rex.ch\/wp-content\/uploads\/2014\/09\/swissstop2-340x240.jpg","type":"image\/jpeg"}],"twitter_misc":{"Gesch\u00e4tzte Lesezeit":"2\u00a0Minuten"},"schema":{"@context":"https:\/\/schema.org","@graph":[{"@type":"Organization","@id":"https:\/\/borflex-rex.ch\/de\/#organization","name":"Borflex Rex SA","url":"https:\/\/borflex-rex.ch\/de\/","sameAs":["https:\/\/www.facebook.com\/Rex-Articoli-Tecnici-SA-538626436317023\/?fref=ts","https:\/\/www.linkedin.com\/company\/rex-articoli-tecnici-sa","https:\/\/www.youtube.com\/channel\/UC5bX_Xfx-7axBmeRH-N7JXQ"],"logo":{"@type":"ImageObject","@id":"https:\/\/borflex-rex.ch\/de\/#logo","inLanguage":"de","url":"https:\/\/borflex-rex.ch\/wp-content\/uploads\/2016\/05\/Rex-Logo.png","contentUrl":"https:\/\/borflex-rex.ch\/wp-content\/uploads\/2016\/05\/Rex-Logo.png","width":172,"height":50,"caption":"Borflex Rex SA"},"image":{"@id":"https:\/\/borflex-rex.ch\/de\/#logo"}},{"@type":"WebSite","@id":"https:\/\/borflex-rex.ch\/de\/#website","url":"https:\/\/borflex-rex.ch\/de\/","name":"Borflex Rex SA","description":"","publisher":{"@id":"https:\/\/borflex-rex.ch\/de\/#organization"},"potentialAction":[{"@type":"SearchAction","target":{"@type":"EntryPoint","urlTemplate":"https:\/\/borflex-rex.ch\/de\/?s={search_term_string}"},"query-input":"required name=search_term_string"}],"inLanguage":"de"},{"@type":"ImageObject","@id":"https:\/\/borflex-rex.ch\/de\/fahrradbremsbelaege\/#primaryimage","inLanguage":"de","url":"https:\/\/borflex-rex.ch\/wp-content\/uploads\/2014\/09\/swissstop2-340x240.jpg","contentUrl":"https:\/\/borflex-rex.ch\/wp-content\/uploads\/2014\/09\/swissstop2-340x240.jpg","width":340,"height":240,"caption":"Swissstop\u00ae Brake Pads"},{"@type":"WebPage","@id":"https:\/\/borflex-rex.ch\/de\/fahrradbremsbelaege\/#webpage","url":"https:\/\/borflex-rex.ch\/de\/fahrradbremsbelaege\/","name":"Swissstop\u00ae Fahrradbremsbel\u00e4ge von REX Articoli Tecnici SA","isPartOf":{"@id":"https:\/\/borflex-rex.ch\/de\/#website"},"primaryImageOfPage":{"@id":"https:\/\/borflex-rex.ch\/de\/fahrradbremsbelaege\/#primaryimage"},"datePublished":"2014-07-03T13:03:20+00:00","dateModified":"2016-08-23T16:50:01+00:00","description":"Swissstop\u00ae geh\u00f6rt heute zu den bekanntesten Herstellern von Fahrradbremsbel\u00e4gen und vertreibt Ersatzteile f\u00fcr jegliche Bremssysteme.","breadcrumb":{"@id":"https:\/\/borflex-rex.ch\/de\/fahrradbremsbelaege\/#breadcrumb"},"inLanguage":"de","potentialAction":[{"@type":"ReadAction","target":["https:\/\/borflex-rex.ch\/de\/fahrradbremsbelaege\/"]}]},{"@type":"BreadcrumbList","@id":"https:\/\/borflex-rex.ch\/de\/fahrradbremsbelaege\/#breadcrumb","itemListElement":[{"@type":"ListItem","position":1,"name":"Home","item":"https:\/\/borflex-rex.ch\/de\/"},{"@type":"ListItem","position":2,"name":"Fahrradbremsbel\u00e4ge &#8211; Swissstop\u00ae Qualit\u00e4t"}]}]}},"_links":{"self":[{"href":"https:\/\/borflex-rex.ch\/de\/wp-json\/wp\/v2\/pages\/22068"}],"collection":[{"href":"https:\/\/borflex-rex.ch\/de\/wp-json\/wp\/v2\/pages"}],"about":[{"href":"https:\/\/borflex-rex.ch\/de\/wp-json\/wp\/v2\/types\/page"}],"author":[{"embeddable":true,"href":"https:\/\/borflex-rex.ch\/de\/wp-json\/wp\/v2\/users\/23"}],"replies":[{"embeddable":true,"href":"https:\/\/borflex-rex.ch\/de\/wp-json\/wp\/v2\/comments?post=22068"}],"version-history":[{"count":0,"href":"https:\/\/borflex-rex.ch\/de\/wp-json\/wp\/v2\/pages\/22068\/revisions"}],"wp:featuredmedia":[{"embeddable":true,"href":"https:\/\/borflex-rex.ch\/de\/wp-json\/wp\/v2\/media\/18768"}],"wp:attachment":[{"href":"https:\/\/borflex-rex.ch\/de\/wp-json\/wp\/v2\/media?parent=22068"}],"curies":[{"name":"wp","href":"https:\/\/api.w.org\/{rel}","templated":true}]}}