{"id":22071,"date":"2014-09-10T01:37:48","date_gmt":"2014-09-10T01:37:48","guid":{"rendered":"https:\/\/borflex-rex.ch\/de\/tube-cable-protection\/"},"modified":"2022-02-24T10:41:11","modified_gmt":"2022-02-24T09:41:11","slug":"faltbare-schlauch-und-kabelbruecke","status":"publish","type":"page","link":"https:\/\/borflex-rex.ch\/de\/faltbare-schlauch-und-kabelbruecke\/","title":{"rendered":"Faltbare Schlauch- und Kabelbr\u00fccke"},"content":{"rendered":"<p>[vc_row][vc_column][vc_empty_space height=&#8221;20px&#8221;][\/vc_column][\/vc_row][vc_row][vc_column width=&#8221;1\/2&#8243;][vc_column_text]<\/p>\n<p>Unsere faltbare Schlauch- und Kabelbr\u00fccke ist extrem robust und belastbar. Die Br\u00fccken werden mit Seitenlappen geliefert, damit sie nicht auseinanderfallen, wenn sie aufgestellt werden. Die faltbaren Vollgummi-Br\u00fccken k\u00f6nnen in Sekunden aufgestellt werden. Beide Seiten werden mit einem nicht-rostenden Kabel zusammengehalten, so dass sie sich elastisch auch auf unebenem Boden anpassen.<\/p>\n<p>Klicken Sie hier f\u00fcr eine\u00a0<a href=\"https:\/\/borflex-rex.ch\/de\/rex-produkte\/\">\u00dcbersicht \u00fcber alle Borflex Rex Produkte<\/a>.<\/p>\n<p>[\/vc_column_text][vc_cta h2=&#8221;Kontaktieren Sie uns jetzt zu:&#8221; h4=&#8221;Faltbare Schlauch- und Kabelbr\u00fccke&#8221; color=&#8221;green&#8221; add_button=&#8221;bottom&#8221; btn_title=&#8221;Informationen anfordern&#8221; btn_align=&#8221;center&#8221; btn_i_icon_fontawesome=&#8221;fa fa-arrow-circle-right&#8221; add_icon=&#8221;top&#8221; i_icon_fontawesome=&#8221;fa fa-envelope-o&#8221; i_color=&#8221;green&#8221; i_background_style=&#8221;rounded&#8221; btn_link=&#8221;url:https%3A%2F%2Fborflex-rex.ch%2Fde%2Fkontakt%2F|&#8221; btn_button_block=&#8221;true&#8221; i_on_border=&#8221;true&#8221; i_link=&#8221;url:https%3A%2F%2Fborflex-rex.ch%2Fde%2Fkontakt%2F|&#8221; btn_add_icon=&#8221;true&#8221; css=&#8221;.vc_custom_1484857502311{background-color: #ffffff !important;}&#8221;][\/vc_cta][\/vc_column][vc_column width=&#8221;1\/2&#8243;][vc_gallery type=&#8221;flexslider_slide&#8221; interval=&#8221;10&#8243; images=&#8221;27928,27929,27927,27925,22357,22394,22393,22363,22362,22359,22358&#8243; img_size=&#8221;large&#8221;][\/vc_column][\/vc_row][vc_row][vc_column][vc_video link=&#8221;https:\/\/youtu.be\/4c0L1_qN7BI&#8221;][vc_empty_space height=&#8221;20px&#8221;][vc_custom_heading text=&#8221;Anwendung&#8221; use_theme_fonts=&#8221;yes&#8221;][vc_column_text]<main class=\"site-main post-22071 page type-page status-publish has-post-thumbnail hentry\" role=\"main\"><\/p>\n<div class=\"page-content\">\n<div class=\"vc_row wpb_row vc_row-fluid\">\n<div class=\"wpb_column vc_column_container vc_col-sm-12\">\n<div class=\"vc_column-inner \">\n<div class=\"wpb_wrapper\">\n<div class=\"wpb_text_column wpb_content_element \">\n<div class=\"wpb_wrapper\"><main class=\"site-main post-22071 page type-page status-publish has-post-thumbnail hentry\" role=\"main\"><\/p>\n<div class=\"page-content\">\n<div class=\"vc_row wpb_row vc_row-fluid\">\n<div class=\"wpb_column vc_column_container vc_col-sm-12\">\n<div class=\"vc_column-inner \">\n<div class=\"wpb_wrapper\">\n<div class=\"wpb_text_column wpb_content_element \">\n<div class=\"wpb_wrapper\">\n<p>Unsere faltbaren Schlauch- und Kabelbr\u00fccken sind ideal f\u00fcr Feuerwehren, Industrieunternehmen und Veranstalter. Als Schutzkan\u00e4le f\u00fcr elektrische Kabel, Stromleitungen und verschiedene andere Kabelsysteme. Zus\u00e4tzliche Abdeckungen f\u00fcr Schutzkan\u00e4le sind separat erh\u00e4ltlich. Der Deckel ist aufklappbar und schlie\u00dfbar. Falls erforderlich, kann der Deckel mit einer zentralen Schraube fixiert werden.<\/p>\n<\/div>\n<\/div>\n<\/div>\n<\/div>\n<\/div>\n<\/div>\n<\/div>\n<p><\/main><\/div>\n<\/div>\n<\/div>\n<\/div>\n<\/div>\n<\/div>\n<\/div>\n<p><\/main>[\/vc_column_text][\/vc_column][\/vc_row]<\/p>\n","protected":false},"excerpt":{"rendered":"<p>[vc_row][vc_column][vc_empty_space height=&#8221;20px&#8221;][\/vc_column][\/vc_row][vc_row][vc_column width=&#8221;1\/2&#8243;][vc_column_text] Unsere faltbare Schlauch- und Kabelbr\u00fccke ist extrem robust und belastbar. Die Br\u00fccken werden mit Seitenlappen geliefert, damit sie nicht auseinanderfallen, wenn sie aufgestellt werden. Die faltbaren Vollgummi-Br\u00fccken k\u00f6nnen in Sekunden aufgestellt werden. Beide Seiten werden mit einem nicht-rostenden Kabel zusammengehalten, so dass sie sich elastisch auch auf unebenem Boden anpassen. Klicken Sie [&hellip;]<\/p>\n","protected":false},"author":23,"featured_media":21925,"parent":0,"menu_order":0,"comment_status":"closed","ping_status":"open","template":"","meta":[],"yoast_head":"<!-- This site is optimized with the Yoast SEO plugin v17.3 - https:\/\/yoast.com\/wordpress\/plugins\/seo\/ -->\n<title>Hose and Cable Protection by REX Articoli Tecnici SA<\/title>\n<meta name=\"description\" content=\"We manufacture tube and cable protection for fire brigades and event organizations. Additional covers for protective channels are available separately.\" \/>\n<meta name=\"robots\" content=\"index, follow, max-snippet:-1, max-image-preview:large, max-video-preview:-1\" \/>\n<link rel=\"canonical\" href=\"https:\/\/borflex-rex.ch\/de\/faltbare-schlauch-und-kabelbruecke\/\" \/>\n<meta property=\"og:locale\" content=\"de_DE\" \/>\n<meta property=\"og:type\" content=\"article\" \/>\n<meta property=\"og:title\" content=\"Hose and Cable Protection by REX Articoli Tecnici SA\" \/>\n<meta property=\"og:description\" content=\"We manufacture tube and cable protection for fire brigades and event organizations. Additional covers for protective channels are available separately.\" \/>\n<meta property=\"og:url\" content=\"https:\/\/borflex-rex.ch\/de\/faltbare-schlauch-und-kabelbruecke\/\" \/>\n<meta property=\"og:site_name\" content=\"Borflex Rex SA\" \/>\n<meta property=\"article:publisher\" content=\"https:\/\/www.facebook.com\/Rex-Articoli-Tecnici-SA-538626436317023\/?fref=ts\" \/>\n<meta property=\"article:modified_time\" content=\"2022-02-24T09:41:11+00:00\" \/>\n<meta property=\"og:image\" content=\"https:\/\/borflex-rex.ch\/wp-content\/uploads\/2014\/09\/firehose_protection.jpg\" \/>\n\t<meta property=\"og:image:width\" content=\"318\" \/>\n\t<meta property=\"og:image:height\" content=\"316\" \/>\n<meta name=\"twitter:label1\" content=\"Gesch\u00e4tzte Lesezeit\" \/>\n\t<meta name=\"twitter:data1\" content=\"1\u00a0Minute\" \/>\n<script type=\"application\/ld+json\" class=\"yoast-schema-graph\">{\"@context\":\"https:\/\/schema.org\",\"@graph\":[{\"@type\":\"Organization\",\"@id\":\"https:\/\/borflex-rex.ch\/de\/#organization\",\"name\":\"Borflex Rex SA\",\"url\":\"https:\/\/borflex-rex.ch\/de\/\",\"sameAs\":[\"https:\/\/www.facebook.com\/Rex-Articoli-Tecnici-SA-538626436317023\/?fref=ts\",\"https:\/\/www.linkedin.com\/company\/rex-articoli-tecnici-sa\",\"https:\/\/www.youtube.com\/channel\/UC5bX_Xfx-7axBmeRH-N7JXQ\"],\"logo\":{\"@type\":\"ImageObject\",\"@id\":\"https:\/\/borflex-rex.ch\/de\/#logo\",\"inLanguage\":\"de\",\"url\":\"https:\/\/borflex-rex.ch\/wp-content\/uploads\/2016\/05\/Rex-Logo.png\",\"contentUrl\":\"https:\/\/borflex-rex.ch\/wp-content\/uploads\/2016\/05\/Rex-Logo.png\",\"width\":172,\"height\":50,\"caption\":\"Borflex Rex SA\"},\"image\":{\"@id\":\"https:\/\/borflex-rex.ch\/de\/#logo\"}},{\"@type\":\"WebSite\",\"@id\":\"https:\/\/borflex-rex.ch\/de\/#website\",\"url\":\"https:\/\/borflex-rex.ch\/de\/\",\"name\":\"Borflex Rex SA\",\"description\":\"\",\"publisher\":{\"@id\":\"https:\/\/borflex-rex.ch\/de\/#organization\"},\"potentialAction\":[{\"@type\":\"SearchAction\",\"target\":{\"@type\":\"EntryPoint\",\"urlTemplate\":\"https:\/\/borflex-rex.ch\/de\/?s={search_term_string}\"},\"query-input\":\"required name=search_term_string\"}],\"inLanguage\":\"de\"},{\"@type\":\"ImageObject\",\"@id\":\"https:\/\/borflex-rex.ch\/de\/faltbare-schlauch-und-kabelbruecke\/#primaryimage\",\"inLanguage\":\"de\",\"url\":\"https:\/\/borflex-rex.ch\/wp-content\/uploads\/2014\/09\/firehose_protection.jpg\",\"contentUrl\":\"https:\/\/borflex-rex.ch\/wp-content\/uploads\/2014\/09\/firehose_protection.jpg\",\"width\":318,\"height\":316,\"caption\":\"Tube and Cable Protection\"},{\"@type\":\"WebPage\",\"@id\":\"https:\/\/borflex-rex.ch\/de\/faltbare-schlauch-und-kabelbruecke\/#webpage\",\"url\":\"https:\/\/borflex-rex.ch\/de\/faltbare-schlauch-und-kabelbruecke\/\",\"name\":\"Hose and Cable Protection by REX Articoli Tecnici SA\",\"isPartOf\":{\"@id\":\"https:\/\/borflex-rex.ch\/de\/#website\"},\"primaryImageOfPage\":{\"@id\":\"https:\/\/borflex-rex.ch\/de\/faltbare-schlauch-und-kabelbruecke\/#primaryimage\"},\"datePublished\":\"2014-09-10T01:37:48+00:00\",\"dateModified\":\"2022-02-24T09:41:11+00:00\",\"description\":\"We manufacture tube and cable protection for fire brigades and event organizations. Additional covers for protective channels are available separately.\",\"breadcrumb\":{\"@id\":\"https:\/\/borflex-rex.ch\/de\/faltbare-schlauch-und-kabelbruecke\/#breadcrumb\"},\"inLanguage\":\"de\",\"potentialAction\":[{\"@type\":\"ReadAction\",\"target\":[\"https:\/\/borflex-rex.ch\/de\/faltbare-schlauch-und-kabelbruecke\/\"]}]},{\"@type\":\"BreadcrumbList\",\"@id\":\"https:\/\/borflex-rex.ch\/de\/faltbare-schlauch-und-kabelbruecke\/#breadcrumb\",\"itemListElement\":[{\"@type\":\"ListItem\",\"position\":1,\"name\":\"Home\",\"item\":\"https:\/\/borflex-rex.ch\/de\/\"},{\"@type\":\"ListItem\",\"position\":2,\"name\":\"Faltbare Schlauch- und Kabelbr\\u00fccke\"}]}]}<\/script>\n<!-- \/ Yoast SEO plugin. -->","yoast_head_json":{"title":"Hose and Cable Protection by REX Articoli Tecnici SA","description":"We manufacture tube and cable protection for fire brigades and event organizations. Additional covers for protective channels are available separately.","robots":{"index":"index","follow":"follow","max-snippet":"max-snippet:-1","max-image-preview":"max-image-preview:large","max-video-preview":"max-video-preview:-1"},"canonical":"https:\/\/borflex-rex.ch\/de\/faltbare-schlauch-und-kabelbruecke\/","og_locale":"de_DE","og_type":"article","og_title":"Hose and Cable Protection by REX Articoli Tecnici SA","og_description":"We manufacture tube and cable protection for fire brigades and event organizations. Additional covers for protective channels are available separately.","og_url":"https:\/\/borflex-rex.ch\/de\/faltbare-schlauch-und-kabelbruecke\/","og_site_name":"Borflex Rex SA","article_publisher":"https:\/\/www.facebook.com\/Rex-Articoli-Tecnici-SA-538626436317023\/?fref=ts","article_modified_time":"2022-02-24T09:41:11+00:00","og_image":[{"width":318,"height":316,"url":"https:\/\/borflex-rex.ch\/wp-content\/uploads\/2014\/09\/firehose_protection.jpg","type":"image\/jpeg"}],"twitter_misc":{"Gesch\u00e4tzte Lesezeit":"1\u00a0Minute"},"schema":{"@context":"https:\/\/schema.org","@graph":[{"@type":"Organization","@id":"https:\/\/borflex-rex.ch\/de\/#organization","name":"Borflex Rex SA","url":"https:\/\/borflex-rex.ch\/de\/","sameAs":["https:\/\/www.facebook.com\/Rex-Articoli-Tecnici-SA-538626436317023\/?fref=ts","https:\/\/www.linkedin.com\/company\/rex-articoli-tecnici-sa","https:\/\/www.youtube.com\/channel\/UC5bX_Xfx-7axBmeRH-N7JXQ"],"logo":{"@type":"ImageObject","@id":"https:\/\/borflex-rex.ch\/de\/#logo","inLanguage":"de","url":"https:\/\/borflex-rex.ch\/wp-content\/uploads\/2016\/05\/Rex-Logo.png","contentUrl":"https:\/\/borflex-rex.ch\/wp-content\/uploads\/2016\/05\/Rex-Logo.png","width":172,"height":50,"caption":"Borflex Rex SA"},"image":{"@id":"https:\/\/borflex-rex.ch\/de\/#logo"}},{"@type":"WebSite","@id":"https:\/\/borflex-rex.ch\/de\/#website","url":"https:\/\/borflex-rex.ch\/de\/","name":"Borflex Rex SA","description":"","publisher":{"@id":"https:\/\/borflex-rex.ch\/de\/#organization"},"potentialAction":[{"@type":"SearchAction","target":{"@type":"EntryPoint","urlTemplate":"https:\/\/borflex-rex.ch\/de\/?s={search_term_string}"},"query-input":"required name=search_term_string"}],"inLanguage":"de"},{"@type":"ImageObject","@id":"https:\/\/borflex-rex.ch\/de\/faltbare-schlauch-und-kabelbruecke\/#primaryimage","inLanguage":"de","url":"https:\/\/borflex-rex.ch\/wp-content\/uploads\/2014\/09\/firehose_protection.jpg","contentUrl":"https:\/\/borflex-rex.ch\/wp-content\/uploads\/2014\/09\/firehose_protection.jpg","width":318,"height":316,"caption":"Tube and Cable Protection"},{"@type":"WebPage","@id":"https:\/\/borflex-rex.ch\/de\/faltbare-schlauch-und-kabelbruecke\/#webpage","url":"https:\/\/borflex-rex.ch\/de\/faltbare-schlauch-und-kabelbruecke\/","name":"Hose and Cable Protection by REX Articoli Tecnici SA","isPartOf":{"@id":"https:\/\/borflex-rex.ch\/de\/#website"},"primaryImageOfPage":{"@id":"https:\/\/borflex-rex.ch\/de\/faltbare-schlauch-und-kabelbruecke\/#primaryimage"},"datePublished":"2014-09-10T01:37:48+00:00","dateModified":"2022-02-24T09:41:11+00:00","description":"We manufacture tube and cable protection for fire brigades and event organizations. Additional covers for protective channels are available separately.","breadcrumb":{"@id":"https:\/\/borflex-rex.ch\/de\/faltbare-schlauch-und-kabelbruecke\/#breadcrumb"},"inLanguage":"de","potentialAction":[{"@type":"ReadAction","target":["https:\/\/borflex-rex.ch\/de\/faltbare-schlauch-und-kabelbruecke\/"]}]},{"@type":"BreadcrumbList","@id":"https:\/\/borflex-rex.ch\/de\/faltbare-schlauch-und-kabelbruecke\/#breadcrumb","itemListElement":[{"@type":"ListItem","position":1,"name":"Home","item":"https:\/\/borflex-rex.ch\/de\/"},{"@type":"ListItem","position":2,"name":"Faltbare Schlauch- und Kabelbr\u00fccke"}]}]}},"_links":{"self":[{"href":"https:\/\/borflex-rex.ch\/de\/wp-json\/wp\/v2\/pages\/22071"}],"collection":[{"href":"https:\/\/borflex-rex.ch\/de\/wp-json\/wp\/v2\/pages"}],"about":[{"href":"https:\/\/borflex-rex.ch\/de\/wp-json\/wp\/v2\/types\/page"}],"author":[{"embeddable":true,"href":"https:\/\/borflex-rex.ch\/de\/wp-json\/wp\/v2\/users\/23"}],"replies":[{"embeddable":true,"href":"https:\/\/borflex-rex.ch\/de\/wp-json\/wp\/v2\/comments?post=22071"}],"version-history":[{"count":8,"href":"https:\/\/borflex-rex.ch\/de\/wp-json\/wp\/v2\/pages\/22071\/revisions"}],"predecessor-version":[{"id":34769,"href":"https:\/\/borflex-rex.ch\/de\/wp-json\/wp\/v2\/pages\/22071\/revisions\/34769"}],"wp:featuredmedia":[{"embeddable":true,"href":"https:\/\/borflex-rex.ch\/de\/wp-json\/wp\/v2\/media\/21925"}],"wp:attachment":[{"href":"https:\/\/borflex-rex.ch\/de\/wp-json\/wp\/v2\/media?parent=22071"}],"curies":[{"name":"wp","href":"https:\/\/api.w.org\/{rel}","templated":true}]}}