{"id":22085,"date":"2014-09-10T01:27:45","date_gmt":"2014-09-10T01:27:45","guid":{"rendered":"https:\/\/borflex-rex.ch\/de\/rex-applications\/construction\/"},"modified":"2017-01-19T19:59:13","modified_gmt":"2017-01-19T19:59:13","slug":"bauindustrie","status":"publish","type":"page","link":"https:\/\/borflex-rex.ch\/de\/bauindustrie\/","title":{"rendered":"Bauindustrie"},"content":{"rendered":"<p>[vc_row][vc_column][vc_empty_space height=&#8221;20px&#8221;][vc_custom_heading text=&#8221;Bauindustrie&#8221; font_container=&#8221;tag:h1|text_align:left&#8221; use_theme_fonts=&#8221;yes&#8221;][\/vc_column][\/vc_row][vc_row][vc_column width=&#8221;1\/2&#8243;][vc_column_text]<\/p>\n<p><span id=\"result_box\" class=\"\" lang=\"de\" tabindex=\"-1\">Die umfangreichen Erfahrungen aus anderen Branchen flie\u00dfen in die L\u00f6sungen f\u00fcr die Bauindustrie ein, Insbesondere bei Komponenten, die auf Elastizit\u00e4t in rauen Umgebungsbedingungen ausgelegt sein m\u00fcssen oder Temperaturschwankungen ausgesetzt sind.<\/span><\/p>\n<p>Die Witterungseinfl\u00fcsse denen Bauwerke ausgesetzt sind, stellen hohe Anforderungen. REX hat entsprechende Materialien und Produktionsverfahren entwickelt, um geeignete Produkte f\u00fcr die Bauindustrie herzustellen, die den Temperaturschwankungen, Umgebungseinfl\u00fcssen und dynamischen Anforderungen standhalten.<\/p>\n<p>F\u00fcr schwingungsd\u00e4mpfende Anwendungen und den Schutz gegen Beben, ist es Dank des optimalen Einf\u00fcgens von metallischen Teilen m\u00f6glich, unerw\u00fcnschte Verformungen vorzubeugen, die zu einer verfr\u00fchten Abnutzung des Elastomers f\u00fchren w\u00fcrden. Die Konstrukteure von REX sorgen vor Beginn der serienm\u00e4ssigen Produktion, durch Simulationen und Prototyping, f\u00fcr die entsprechende Optimierung und Best\u00e4ndigkeit der Schwingungselemente.<\/p>\n<p>Klicken Sie hier f\u00fcr eine <a href=\"https:\/\/borflex-rex.ch\/de\/rex-produkte\/\">\u00dcbersicht \u00fcber alle REX Produkte<\/a>.<\/p>\n<p>[\/vc_column_text][\/vc_column][vc_column width=&#8221;1\/2&#8243;][vc_single_image image=&#8221;1722&#8243; img_size=&#8221;full&#8221; alignment=&#8221;center&#8221; onclick=&#8221;link_image&#8221;][vc_cta h2=&#8221;Kontaktieren Sie uns zu:&#8221; h4=&#8221;Bauindustrie&#8221; color=&#8221;green&#8221; add_button=&#8221;bottom&#8221; btn_title=&#8221;Informationen anfordern&#8221; btn_align=&#8221;center&#8221; btn_i_icon_fontawesome=&#8221;fa fa-arrow-circle-right&#8221; add_icon=&#8221;top&#8221; i_icon_fontawesome=&#8221;fa fa-envelope-o&#8221; i_color=&#8221;green&#8221; i_background_style=&#8221;rounded&#8221; btn_link=&#8221;url:https%3A%2F%2Fborflex-rex.ch%2Fcontacts%2F||&#8221; btn_button_block=&#8221;true&#8221; i_on_border=&#8221;true&#8221; i_link=&#8221;url:https%3A%2F%2Fborflex-rex.ch%2Fcontacts%2F||&#8221; btn_add_icon=&#8221;true&#8221; css=&#8221;.vc_custom_1471963967449{background-color: #ffffff !important;}&#8221;][\/vc_cta][\/vc_column][\/vc_row]<\/p>\n","protected":false},"excerpt":{"rendered":"<p>[vc_row][vc_column][vc_empty_space height=&#8221;20px&#8221;][vc_custom_heading text=&#8221;Bauindustrie&#8221; font_container=&#8221;tag:h1|text_align:left&#8221; use_theme_fonts=&#8221;yes&#8221;][\/vc_column][\/vc_row][vc_row][vc_column width=&#8221;1\/2&#8243;][vc_column_text] Die umfangreichen Erfahrungen aus anderen Branchen flie\u00dfen in die L\u00f6sungen f\u00fcr die Bauindustrie ein, Insbesondere bei Komponenten, die auf Elastizit\u00e4t in rauen Umgebungsbedingungen ausgelegt sein m\u00fcssen oder Temperaturschwankungen ausgesetzt sind. Die Witterungseinfl\u00fcsse denen Bauwerke ausgesetzt sind, stellen hohe Anforderungen. REX hat entsprechende Materialien und Produktionsverfahren entwickelt, um geeignete Produkte [&hellip;]<\/p>\n","protected":false},"author":23,"featured_media":22079,"parent":0,"menu_order":0,"comment_status":"closed","ping_status":"open","template":"","meta":[],"yoast_head":"<!-- This site is optimized with the Yoast SEO plugin v17.3 - https:\/\/yoast.com\/wordpress\/plugins\/seo\/ -->\n<title>Elastic construction materials by Rex<\/title>\n<meta name=\"description\" content=\"Elastic construction materials by REX is a perfect solution for elasticity in harsh enviromental conditions, varying temperatures and cyclic stress.\" \/>\n<meta name=\"robots\" content=\"index, follow, max-snippet:-1, max-image-preview:large, max-video-preview:-1\" \/>\n<link rel=\"canonical\" href=\"https:\/\/borflex-rex.ch\/de\/bauindustrie\/\" \/>\n<meta property=\"og:locale\" content=\"de_DE\" \/>\n<meta property=\"og:type\" content=\"article\" \/>\n<meta property=\"og:title\" content=\"Elastic construction materials by Rex\" \/>\n<meta property=\"og:description\" content=\"Elastic construction materials by REX is a perfect solution for elasticity in harsh enviromental conditions, varying temperatures and cyclic stress.\" \/>\n<meta property=\"og:url\" content=\"https:\/\/borflex-rex.ch\/de\/bauindustrie\/\" \/>\n<meta property=\"og:site_name\" content=\"Borflex Rex SA\" \/>\n<meta property=\"article:publisher\" content=\"https:\/\/www.facebook.com\/Rex-Articoli-Tecnici-SA-538626436317023\/?fref=ts\" \/>\n<meta property=\"article:modified_time\" content=\"2017-01-19T19:59:13+00:00\" \/>\n<meta property=\"og:image\" content=\"https:\/\/borflex-rex.ch\/wp-content\/uploads\/2016\/08\/construction.jpg\" \/>\n\t<meta property=\"og:image:width\" content=\"319\" \/>\n\t<meta property=\"og:image:height\" content=\"282\" \/>\n<meta name=\"twitter:label1\" content=\"Gesch\u00e4tzte Lesezeit\" \/>\n\t<meta name=\"twitter:data1\" content=\"1\u00a0Minute\" \/>\n<script type=\"application\/ld+json\" class=\"yoast-schema-graph\">{\"@context\":\"https:\/\/schema.org\",\"@graph\":[{\"@type\":\"Organization\",\"@id\":\"https:\/\/borflex-rex.ch\/de\/#organization\",\"name\":\"Borflex Rex SA\",\"url\":\"https:\/\/borflex-rex.ch\/de\/\",\"sameAs\":[\"https:\/\/www.facebook.com\/Rex-Articoli-Tecnici-SA-538626436317023\/?fref=ts\",\"https:\/\/www.linkedin.com\/company\/rex-articoli-tecnici-sa\",\"https:\/\/www.youtube.com\/channel\/UC5bX_Xfx-7axBmeRH-N7JXQ\"],\"logo\":{\"@type\":\"ImageObject\",\"@id\":\"https:\/\/borflex-rex.ch\/de\/#logo\",\"inLanguage\":\"de\",\"url\":\"https:\/\/borflex-rex.ch\/wp-content\/uploads\/2016\/05\/Rex-Logo.png\",\"contentUrl\":\"https:\/\/borflex-rex.ch\/wp-content\/uploads\/2016\/05\/Rex-Logo.png\",\"width\":172,\"height\":50,\"caption\":\"Borflex Rex SA\"},\"image\":{\"@id\":\"https:\/\/borflex-rex.ch\/de\/#logo\"}},{\"@type\":\"WebSite\",\"@id\":\"https:\/\/borflex-rex.ch\/de\/#website\",\"url\":\"https:\/\/borflex-rex.ch\/de\/\",\"name\":\"Borflex Rex SA\",\"description\":\"\",\"publisher\":{\"@id\":\"https:\/\/borflex-rex.ch\/de\/#organization\"},\"potentialAction\":[{\"@type\":\"SearchAction\",\"target\":{\"@type\":\"EntryPoint\",\"urlTemplate\":\"https:\/\/borflex-rex.ch\/de\/?s={search_term_string}\"},\"query-input\":\"required name=search_term_string\"}],\"inLanguage\":\"de\"},{\"@type\":\"ImageObject\",\"@id\":\"https:\/\/borflex-rex.ch\/de\/bauindustrie\/#primaryimage\",\"inLanguage\":\"de\",\"url\":\"https:\/\/borflex-rex.ch\/wp-content\/uploads\/2016\/08\/construction.jpg\",\"contentUrl\":\"https:\/\/borflex-rex.ch\/wp-content\/uploads\/2016\/08\/construction.jpg\",\"width\":319,\"height\":282},{\"@type\":\"WebPage\",\"@id\":\"https:\/\/borflex-rex.ch\/de\/bauindustrie\/#webpage\",\"url\":\"https:\/\/borflex-rex.ch\/de\/bauindustrie\/\",\"name\":\"Elastic construction materials by Rex\",\"isPartOf\":{\"@id\":\"https:\/\/borflex-rex.ch\/de\/#website\"},\"primaryImageOfPage\":{\"@id\":\"https:\/\/borflex-rex.ch\/de\/bauindustrie\/#primaryimage\"},\"datePublished\":\"2014-09-10T01:27:45+00:00\",\"dateModified\":\"2017-01-19T19:59:13+00:00\",\"description\":\"Elastic construction materials by REX is a perfect solution for elasticity in harsh enviromental conditions, varying temperatures and cyclic stress.\",\"breadcrumb\":{\"@id\":\"https:\/\/borflex-rex.ch\/de\/bauindustrie\/#breadcrumb\"},\"inLanguage\":\"de\",\"potentialAction\":[{\"@type\":\"ReadAction\",\"target\":[\"https:\/\/borflex-rex.ch\/de\/bauindustrie\/\"]}]},{\"@type\":\"BreadcrumbList\",\"@id\":\"https:\/\/borflex-rex.ch\/de\/bauindustrie\/#breadcrumb\",\"itemListElement\":[{\"@type\":\"ListItem\",\"position\":1,\"name\":\"Home\",\"item\":\"https:\/\/borflex-rex.ch\/de\/\"},{\"@type\":\"ListItem\",\"position\":2,\"name\":\"Bauindustrie\"}]}]}<\/script>\n<!-- \/ Yoast SEO plugin. -->","yoast_head_json":{"title":"Elastic construction materials by Rex","description":"Elastic construction materials by REX is a perfect solution for elasticity in harsh enviromental conditions, varying temperatures and cyclic stress.","robots":{"index":"index","follow":"follow","max-snippet":"max-snippet:-1","max-image-preview":"max-image-preview:large","max-video-preview":"max-video-preview:-1"},"canonical":"https:\/\/borflex-rex.ch\/de\/bauindustrie\/","og_locale":"de_DE","og_type":"article","og_title":"Elastic construction materials by Rex","og_description":"Elastic construction materials by REX is a perfect solution for elasticity in harsh enviromental conditions, varying temperatures and cyclic stress.","og_url":"https:\/\/borflex-rex.ch\/de\/bauindustrie\/","og_site_name":"Borflex Rex SA","article_publisher":"https:\/\/www.facebook.com\/Rex-Articoli-Tecnici-SA-538626436317023\/?fref=ts","article_modified_time":"2017-01-19T19:59:13+00:00","og_image":[{"width":319,"height":282,"url":"https:\/\/borflex-rex.ch\/wp-content\/uploads\/2016\/08\/construction.jpg","type":"image\/jpeg"}],"twitter_misc":{"Gesch\u00e4tzte Lesezeit":"1\u00a0Minute"},"schema":{"@context":"https:\/\/schema.org","@graph":[{"@type":"Organization","@id":"https:\/\/borflex-rex.ch\/de\/#organization","name":"Borflex Rex SA","url":"https:\/\/borflex-rex.ch\/de\/","sameAs":["https:\/\/www.facebook.com\/Rex-Articoli-Tecnici-SA-538626436317023\/?fref=ts","https:\/\/www.linkedin.com\/company\/rex-articoli-tecnici-sa","https:\/\/www.youtube.com\/channel\/UC5bX_Xfx-7axBmeRH-N7JXQ"],"logo":{"@type":"ImageObject","@id":"https:\/\/borflex-rex.ch\/de\/#logo","inLanguage":"de","url":"https:\/\/borflex-rex.ch\/wp-content\/uploads\/2016\/05\/Rex-Logo.png","contentUrl":"https:\/\/borflex-rex.ch\/wp-content\/uploads\/2016\/05\/Rex-Logo.png","width":172,"height":50,"caption":"Borflex Rex SA"},"image":{"@id":"https:\/\/borflex-rex.ch\/de\/#logo"}},{"@type":"WebSite","@id":"https:\/\/borflex-rex.ch\/de\/#website","url":"https:\/\/borflex-rex.ch\/de\/","name":"Borflex Rex SA","description":"","publisher":{"@id":"https:\/\/borflex-rex.ch\/de\/#organization"},"potentialAction":[{"@type":"SearchAction","target":{"@type":"EntryPoint","urlTemplate":"https:\/\/borflex-rex.ch\/de\/?s={search_term_string}"},"query-input":"required name=search_term_string"}],"inLanguage":"de"},{"@type":"ImageObject","@id":"https:\/\/borflex-rex.ch\/de\/bauindustrie\/#primaryimage","inLanguage":"de","url":"https:\/\/borflex-rex.ch\/wp-content\/uploads\/2016\/08\/construction.jpg","contentUrl":"https:\/\/borflex-rex.ch\/wp-content\/uploads\/2016\/08\/construction.jpg","width":319,"height":282},{"@type":"WebPage","@id":"https:\/\/borflex-rex.ch\/de\/bauindustrie\/#webpage","url":"https:\/\/borflex-rex.ch\/de\/bauindustrie\/","name":"Elastic construction materials by Rex","isPartOf":{"@id":"https:\/\/borflex-rex.ch\/de\/#website"},"primaryImageOfPage":{"@id":"https:\/\/borflex-rex.ch\/de\/bauindustrie\/#primaryimage"},"datePublished":"2014-09-10T01:27:45+00:00","dateModified":"2017-01-19T19:59:13+00:00","description":"Elastic construction materials by REX is a perfect solution for elasticity in harsh enviromental conditions, varying temperatures and cyclic stress.","breadcrumb":{"@id":"https:\/\/borflex-rex.ch\/de\/bauindustrie\/#breadcrumb"},"inLanguage":"de","potentialAction":[{"@type":"ReadAction","target":["https:\/\/borflex-rex.ch\/de\/bauindustrie\/"]}]},{"@type":"BreadcrumbList","@id":"https:\/\/borflex-rex.ch\/de\/bauindustrie\/#breadcrumb","itemListElement":[{"@type":"ListItem","position":1,"name":"Home","item":"https:\/\/borflex-rex.ch\/de\/"},{"@type":"ListItem","position":2,"name":"Bauindustrie"}]}]}},"_links":{"self":[{"href":"https:\/\/borflex-rex.ch\/de\/wp-json\/wp\/v2\/pages\/22085"}],"collection":[{"href":"https:\/\/borflex-rex.ch\/de\/wp-json\/wp\/v2\/pages"}],"about":[{"href":"https:\/\/borflex-rex.ch\/de\/wp-json\/wp\/v2\/types\/page"}],"author":[{"embeddable":true,"href":"https:\/\/borflex-rex.ch\/de\/wp-json\/wp\/v2\/users\/23"}],"replies":[{"embeddable":true,"href":"https:\/\/borflex-rex.ch\/de\/wp-json\/wp\/v2\/comments?post=22085"}],"version-history":[{"count":0,"href":"https:\/\/borflex-rex.ch\/de\/wp-json\/wp\/v2\/pages\/22085\/revisions"}],"wp:featuredmedia":[{"embeddable":true,"href":"https:\/\/borflex-rex.ch\/de\/wp-json\/wp\/v2\/media\/22079"}],"wp:attachment":[{"href":"https:\/\/borflex-rex.ch\/de\/wp-json\/wp\/v2\/media?parent=22085"}],"curies":[{"name":"wp","href":"https:\/\/api.w.org\/{rel}","templated":true}]}}