{"id":22096,"date":"2014-09-10T01:25:11","date_gmt":"2014-09-10T01:25:11","guid":{"rendered":"https:\/\/borflex-rex.ch\/de\/anwendungen\/food-industry\/"},"modified":"2016-08-23T16:17:45","modified_gmt":"2016-08-23T16:17:45","slug":"lebensmittelindustrie","status":"publish","type":"page","link":"https:\/\/borflex-rex.ch\/de\/lebensmittelindustrie\/","title":{"rendered":"Lebensmittelindustrie"},"content":{"rendered":"<p>[vc_row][vc_column][vc_empty_space height=&#8221;20px&#8221;][vc_custom_heading text=&#8221;Lebensmittelindustrie&#8221; font_container=&#8221;tag:h1|text_align:left&#8221; use_theme_fonts=&#8221;yes&#8221;][\/vc_column][\/vc_row][vc_row][vc_column width=&#8221;1\/2&#8243;][vc_column_text]<\/p>\n<p>Borflex Rex SA hat eine spezielle Abteilung f\u00fcr die Herstellung von Produkten in der Lebensmittelindustrie. Unsere Entwicklungs-, Design- und Produktionsstandards sind an dem HACCP-Konzept orientiert und gew\u00e4hrleisten h\u00f6chste Qualit\u00e4t. Wir erforschen und entwickeln wir Technologien, die speziell in lebensmittelbezogenen Anwendungen eingesetzt werden. Durch unsere Qualit\u00e4tssicherungsmethoden, wie z.B. unsere Hygiene und Kontroll-Abteilung, k\u00f6nnen wir reine Produkte gew\u00e4hrleisten, die direkt in der Lebensmittelindustrie zum Einsatz kommen k\u00f6nnen.<\/p>\n<p>Klicken Sie hier f\u00fcr eine <a href=\"https:\/\/borflex-rex.ch\/de\/rex-produkte\/\">\u00dcbersicht \u00fcber alle REX Produkte<\/a>.<\/p>\n<p>[\/vc_column_text][vc_cta h2=&#8221;Kontaktieren Sie uns zu:&#8221; h4=&#8221;Lebensmittelindustrie&#8221; color=&#8221;green&#8221; add_button=&#8221;bottom&#8221; btn_title=&#8221;Informationen anfordern&#8221; btn_align=&#8221;center&#8221; btn_i_icon_fontawesome=&#8221;fa fa-arrow-circle-right&#8221; add_icon=&#8221;top&#8221; i_icon_fontawesome=&#8221;fa fa-envelope-o&#8221; i_color=&#8221;green&#8221; i_background_style=&#8221;rounded&#8221; btn_link=&#8221;url:https%3A%2F%2Fborflex-rex.ch%2Fcontacts%2F||&#8221; btn_button_block=&#8221;true&#8221; i_on_border=&#8221;true&#8221; i_link=&#8221;url:https%3A%2F%2Fborflex-rex.ch%2Fcontacts%2F||&#8221; btn_add_icon=&#8221;true&#8221; css=&#8221;.vc_custom_1471962358642{background-color: #ffffff !important;}&#8221;][\/vc_cta][\/vc_column][vc_column width=&#8221;1\/2&#8243;][vc_single_image image=&#8221;1721&#8243; img_size=&#8221;full&#8221; alignment=&#8221;center&#8221; onclick=&#8221;link_image&#8221;][\/vc_column][\/vc_row]<\/p>\n","protected":false},"excerpt":{"rendered":"<p>[vc_row][vc_column][vc_empty_space height=&#8221;20px&#8221;][vc_custom_heading text=&#8221;Lebensmittelindustrie&#8221; font_container=&#8221;tag:h1|text_align:left&#8221; use_theme_fonts=&#8221;yes&#8221;][\/vc_column][\/vc_row][vc_row][vc_column width=&#8221;1\/2&#8243;][vc_column_text] Borflex Rex SA hat eine spezielle Abteilung f\u00fcr die Herstellung von Produkten in der Lebensmittelindustrie. Unsere Entwicklungs-, Design- und Produktionsstandards sind an dem HACCP-Konzept orientiert und gew\u00e4hrleisten h\u00f6chste Qualit\u00e4t. Wir erforschen und entwickeln wir Technologien, die speziell in lebensmittelbezogenen Anwendungen eingesetzt werden. Durch unsere Qualit\u00e4tssicherungsmethoden, wie z.B. unsere Hygiene [&hellip;]<\/p>\n","protected":false},"author":23,"featured_media":22080,"parent":0,"menu_order":0,"comment_status":"closed","ping_status":"open","template":"","meta":[],"yoast_head":"<!-- This site is optimized with the Yoast SEO plugin v17.3 - https:\/\/yoast.com\/wordpress\/plugins\/seo\/ -->\n<title>Lebensmittelindustrie-Produkte von REX Articoli Tecnici SA<\/title>\n<meta name=\"description\" content=\"Unsere auf die Lebensmittelindustrie spezialisierte Abteilung stellen Produkte im HACCP-Standard her. Besuchen Sie unsere Website, um mehr zu erfahren!\" \/>\n<meta name=\"robots\" content=\"index, follow, max-snippet:-1, max-image-preview:large, max-video-preview:-1\" \/>\n<link rel=\"canonical\" href=\"https:\/\/borflex-rex.ch\/de\/lebensmittelindustrie\/\" \/>\n<meta property=\"og:locale\" content=\"de_DE\" \/>\n<meta property=\"og:type\" content=\"article\" \/>\n<meta property=\"og:title\" content=\"Lebensmittelindustrie-Produkte von REX Articoli Tecnici SA\" \/>\n<meta property=\"og:description\" content=\"Unsere auf die Lebensmittelindustrie spezialisierte Abteilung stellen Produkte im HACCP-Standard her. Besuchen Sie unsere Website, um mehr zu erfahren!\" \/>\n<meta property=\"og:url\" content=\"https:\/\/borflex-rex.ch\/de\/lebensmittelindustrie\/\" \/>\n<meta property=\"og:site_name\" content=\"Borflex Rex SA\" \/>\n<meta property=\"article:publisher\" content=\"https:\/\/www.facebook.com\/Rex-Articoli-Tecnici-SA-538626436317023\/?fref=ts\" \/>\n<meta property=\"article:modified_time\" content=\"2016-08-23T16:17:45+00:00\" \/>\n<meta property=\"og:image\" content=\"https:\/\/borflex-rex.ch\/wp-content\/uploads\/2016\/08\/foodindustry.jpg\" \/>\n\t<meta property=\"og:image:width\" content=\"388\" \/>\n\t<meta property=\"og:image:height\" content=\"282\" \/>\n<meta name=\"twitter:label1\" content=\"Gesch\u00e4tzte Lesezeit\" \/>\n\t<meta name=\"twitter:data1\" content=\"1\u00a0Minute\" \/>\n<script type=\"application\/ld+json\" class=\"yoast-schema-graph\">{\"@context\":\"https:\/\/schema.org\",\"@graph\":[{\"@type\":\"Organization\",\"@id\":\"https:\/\/borflex-rex.ch\/de\/#organization\",\"name\":\"Borflex Rex SA\",\"url\":\"https:\/\/borflex-rex.ch\/de\/\",\"sameAs\":[\"https:\/\/www.facebook.com\/Rex-Articoli-Tecnici-SA-538626436317023\/?fref=ts\",\"https:\/\/www.linkedin.com\/company\/rex-articoli-tecnici-sa\",\"https:\/\/www.youtube.com\/channel\/UC5bX_Xfx-7axBmeRH-N7JXQ\"],\"logo\":{\"@type\":\"ImageObject\",\"@id\":\"https:\/\/borflex-rex.ch\/de\/#logo\",\"inLanguage\":\"de\",\"url\":\"https:\/\/borflex-rex.ch\/wp-content\/uploads\/2016\/05\/Rex-Logo.png\",\"contentUrl\":\"https:\/\/borflex-rex.ch\/wp-content\/uploads\/2016\/05\/Rex-Logo.png\",\"width\":172,\"height\":50,\"caption\":\"Borflex Rex SA\"},\"image\":{\"@id\":\"https:\/\/borflex-rex.ch\/de\/#logo\"}},{\"@type\":\"WebSite\",\"@id\":\"https:\/\/borflex-rex.ch\/de\/#website\",\"url\":\"https:\/\/borflex-rex.ch\/de\/\",\"name\":\"Borflex Rex SA\",\"description\":\"\",\"publisher\":{\"@id\":\"https:\/\/borflex-rex.ch\/de\/#organization\"},\"potentialAction\":[{\"@type\":\"SearchAction\",\"target\":{\"@type\":\"EntryPoint\",\"urlTemplate\":\"https:\/\/borflex-rex.ch\/de\/?s={search_term_string}\"},\"query-input\":\"required name=search_term_string\"}],\"inLanguage\":\"de\"},{\"@type\":\"ImageObject\",\"@id\":\"https:\/\/borflex-rex.ch\/de\/lebensmittelindustrie\/#primaryimage\",\"inLanguage\":\"de\",\"url\":\"https:\/\/borflex-rex.ch\/wp-content\/uploads\/2016\/08\/foodindustry.jpg\",\"contentUrl\":\"https:\/\/borflex-rex.ch\/wp-content\/uploads\/2016\/08\/foodindustry.jpg\",\"width\":388,\"height\":282,\"caption\":\"Food Industry - REX Products\"},{\"@type\":\"WebPage\",\"@id\":\"https:\/\/borflex-rex.ch\/de\/lebensmittelindustrie\/#webpage\",\"url\":\"https:\/\/borflex-rex.ch\/de\/lebensmittelindustrie\/\",\"name\":\"Lebensmittelindustrie-Produkte von REX Articoli Tecnici SA\",\"isPartOf\":{\"@id\":\"https:\/\/borflex-rex.ch\/de\/#website\"},\"primaryImageOfPage\":{\"@id\":\"https:\/\/borflex-rex.ch\/de\/lebensmittelindustrie\/#primaryimage\"},\"datePublished\":\"2014-09-10T01:25:11+00:00\",\"dateModified\":\"2016-08-23T16:17:45+00:00\",\"description\":\"Unsere auf die Lebensmittelindustrie spezialisierte Abteilung stellen Produkte im HACCP-Standard her. Besuchen Sie unsere Website, um mehr zu erfahren!\",\"breadcrumb\":{\"@id\":\"https:\/\/borflex-rex.ch\/de\/lebensmittelindustrie\/#breadcrumb\"},\"inLanguage\":\"de\",\"potentialAction\":[{\"@type\":\"ReadAction\",\"target\":[\"https:\/\/borflex-rex.ch\/de\/lebensmittelindustrie\/\"]}]},{\"@type\":\"BreadcrumbList\",\"@id\":\"https:\/\/borflex-rex.ch\/de\/lebensmittelindustrie\/#breadcrumb\",\"itemListElement\":[{\"@type\":\"ListItem\",\"position\":1,\"name\":\"Home\",\"item\":\"https:\/\/borflex-rex.ch\/de\/\"},{\"@type\":\"ListItem\",\"position\":2,\"name\":\"Lebensmittelindustrie\"}]}]}<\/script>\n<!-- \/ Yoast SEO plugin. -->","yoast_head_json":{"title":"Lebensmittelindustrie-Produkte von REX Articoli Tecnici SA","description":"Unsere auf die Lebensmittelindustrie spezialisierte Abteilung stellen Produkte im HACCP-Standard her. Besuchen Sie unsere Website, um mehr zu erfahren!","robots":{"index":"index","follow":"follow","max-snippet":"max-snippet:-1","max-image-preview":"max-image-preview:large","max-video-preview":"max-video-preview:-1"},"canonical":"https:\/\/borflex-rex.ch\/de\/lebensmittelindustrie\/","og_locale":"de_DE","og_type":"article","og_title":"Lebensmittelindustrie-Produkte von REX Articoli Tecnici SA","og_description":"Unsere auf die Lebensmittelindustrie spezialisierte Abteilung stellen Produkte im HACCP-Standard her. Besuchen Sie unsere Website, um mehr zu erfahren!","og_url":"https:\/\/borflex-rex.ch\/de\/lebensmittelindustrie\/","og_site_name":"Borflex Rex SA","article_publisher":"https:\/\/www.facebook.com\/Rex-Articoli-Tecnici-SA-538626436317023\/?fref=ts","article_modified_time":"2016-08-23T16:17:45+00:00","og_image":[{"width":388,"height":282,"url":"https:\/\/borflex-rex.ch\/wp-content\/uploads\/2016\/08\/foodindustry.jpg","type":"image\/jpeg"}],"twitter_misc":{"Gesch\u00e4tzte Lesezeit":"1\u00a0Minute"},"schema":{"@context":"https:\/\/schema.org","@graph":[{"@type":"Organization","@id":"https:\/\/borflex-rex.ch\/de\/#organization","name":"Borflex Rex SA","url":"https:\/\/borflex-rex.ch\/de\/","sameAs":["https:\/\/www.facebook.com\/Rex-Articoli-Tecnici-SA-538626436317023\/?fref=ts","https:\/\/www.linkedin.com\/company\/rex-articoli-tecnici-sa","https:\/\/www.youtube.com\/channel\/UC5bX_Xfx-7axBmeRH-N7JXQ"],"logo":{"@type":"ImageObject","@id":"https:\/\/borflex-rex.ch\/de\/#logo","inLanguage":"de","url":"https:\/\/borflex-rex.ch\/wp-content\/uploads\/2016\/05\/Rex-Logo.png","contentUrl":"https:\/\/borflex-rex.ch\/wp-content\/uploads\/2016\/05\/Rex-Logo.png","width":172,"height":50,"caption":"Borflex Rex SA"},"image":{"@id":"https:\/\/borflex-rex.ch\/de\/#logo"}},{"@type":"WebSite","@id":"https:\/\/borflex-rex.ch\/de\/#website","url":"https:\/\/borflex-rex.ch\/de\/","name":"Borflex Rex SA","description":"","publisher":{"@id":"https:\/\/borflex-rex.ch\/de\/#organization"},"potentialAction":[{"@type":"SearchAction","target":{"@type":"EntryPoint","urlTemplate":"https:\/\/borflex-rex.ch\/de\/?s={search_term_string}"},"query-input":"required name=search_term_string"}],"inLanguage":"de"},{"@type":"ImageObject","@id":"https:\/\/borflex-rex.ch\/de\/lebensmittelindustrie\/#primaryimage","inLanguage":"de","url":"https:\/\/borflex-rex.ch\/wp-content\/uploads\/2016\/08\/foodindustry.jpg","contentUrl":"https:\/\/borflex-rex.ch\/wp-content\/uploads\/2016\/08\/foodindustry.jpg","width":388,"height":282,"caption":"Food Industry - REX Products"},{"@type":"WebPage","@id":"https:\/\/borflex-rex.ch\/de\/lebensmittelindustrie\/#webpage","url":"https:\/\/borflex-rex.ch\/de\/lebensmittelindustrie\/","name":"Lebensmittelindustrie-Produkte von REX Articoli Tecnici SA","isPartOf":{"@id":"https:\/\/borflex-rex.ch\/de\/#website"},"primaryImageOfPage":{"@id":"https:\/\/borflex-rex.ch\/de\/lebensmittelindustrie\/#primaryimage"},"datePublished":"2014-09-10T01:25:11+00:00","dateModified":"2016-08-23T16:17:45+00:00","description":"Unsere auf die Lebensmittelindustrie spezialisierte Abteilung stellen Produkte im HACCP-Standard her. Besuchen Sie unsere Website, um mehr zu erfahren!","breadcrumb":{"@id":"https:\/\/borflex-rex.ch\/de\/lebensmittelindustrie\/#breadcrumb"},"inLanguage":"de","potentialAction":[{"@type":"ReadAction","target":["https:\/\/borflex-rex.ch\/de\/lebensmittelindustrie\/"]}]},{"@type":"BreadcrumbList","@id":"https:\/\/borflex-rex.ch\/de\/lebensmittelindustrie\/#breadcrumb","itemListElement":[{"@type":"ListItem","position":1,"name":"Home","item":"https:\/\/borflex-rex.ch\/de\/"},{"@type":"ListItem","position":2,"name":"Lebensmittelindustrie"}]}]}},"_links":{"self":[{"href":"https:\/\/borflex-rex.ch\/de\/wp-json\/wp\/v2\/pages\/22096"}],"collection":[{"href":"https:\/\/borflex-rex.ch\/de\/wp-json\/wp\/v2\/pages"}],"about":[{"href":"https:\/\/borflex-rex.ch\/de\/wp-json\/wp\/v2\/types\/page"}],"author":[{"embeddable":true,"href":"https:\/\/borflex-rex.ch\/de\/wp-json\/wp\/v2\/users\/23"}],"replies":[{"embeddable":true,"href":"https:\/\/borflex-rex.ch\/de\/wp-json\/wp\/v2\/comments?post=22096"}],"version-history":[{"count":0,"href":"https:\/\/borflex-rex.ch\/de\/wp-json\/wp\/v2\/pages\/22096\/revisions"}],"wp:featuredmedia":[{"embeddable":true,"href":"https:\/\/borflex-rex.ch\/de\/wp-json\/wp\/v2\/media\/22080"}],"wp:attachment":[{"href":"https:\/\/borflex-rex.ch\/de\/wp-json\/wp\/v2\/media?parent=22096"}],"curies":[{"name":"wp","href":"https:\/\/api.w.org\/{rel}","templated":true}]}}