{"id":27776,"date":"2014-09-10T01:59:35","date_gmt":"2014-09-10T01:59:35","guid":{"rendered":"https:\/\/borflex-rex.ch\/de\/bahnrollmaterial\/rail-bellows\/"},"modified":"2020-01-09T15:57:08","modified_gmt":"2020-01-09T14:57:08","slug":"schienenbaelge","status":"publish","type":"page","link":"https:\/\/borflex-rex.ch\/de\/bahnrollmaterial\/schienenbaelge\/","title":{"rendered":"Schienenb\u00e4lge &#8211; Bahnrollmaterialien"},"content":{"rendered":"<p>[vc_row][vc_column][vc_empty_space height=&#8221;20px&#8221;][vc_custom_heading text=&#8221;Rail Bellows &#8211; Rolling Stock&#8221; font_container=&#8221;tag:h1|text_align:left&#8221; use_theme_fonts=&#8221;yes&#8221;][\/vc_column][\/vc_row][vc_row content_placement=&#8221;middle&#8221;][vc_column width=&#8221;1\/2&#8243;][vc_gallery interval=&#8221;10&#8243; images=&#8221;27543,21159,21157,21156,21153,19722,19652,19651,22431&#8243; img_size=&#8221;large&#8221;][\/vc_column][vc_column width=&#8221;1\/2&#8243;][vc_column_text]<\/p>\n<p>Rex Articoli Tecnici SA produziert Faltenb\u00e4lge in verschiedenen Materialien und Ausf\u00fchrungen. An speziellen, in Zusammenarbeit mit dem Kunden entwickelten Pr\u00fcfst\u00e4nden, wird ihre Festigkeit gepr\u00fcft und der Einsatz im Feld simuliert.<\/p>\n<p>[\/vc_column_text][vc_cta h2=&#8221;Contact Us Now About&#8221; h4=&#8221;Rail Bellows&#8221; color=&#8221;green&#8221; add_button=&#8221;bottom&#8221; btn_title=&#8221;Request more information&#8221; btn_align=&#8221;center&#8221; btn_i_icon_fontawesome=&#8221;fa fa-arrow-circle-right&#8221; add_icon=&#8221;top&#8221; i_icon_fontawesome=&#8221;fa fa-envelope-o&#8221; i_color=&#8221;green&#8221; i_background_style=&#8221;rounded&#8221; btn_link=&#8221;url:https%3A%2F%2Fborflex-rex.ch%2Fcontacts%2F||&#8221; btn_button_block=&#8221;true&#8221; i_on_border=&#8221;true&#8221; i_link=&#8221;url:https%3A%2F%2Fborflex-rex.ch%2Fcontacts%2F||&#8221; btn_add_icon=&#8221;true&#8221; css=&#8221;.vc_custom_1471080922570{background-color: #ffffff !important;}&#8221;] [\/vc_cta][vc_column_text] Click here to\u00a0 go back to the <a href=\"https:\/\/borflex-rex.ch\/de\/bahnrollmaterial\/\">Rail Rolling-Stock Overview Page<\/a>. [\/vc_column_text][\/vc_column][\/vc_row][vc_row][vc_column][vc_empty_space height=&#8221;20px&#8221;][vc_custom_heading text=&#8221;Vorteile unsere Schienenb\u00e4lge&#8221; use_theme_fonts=&#8221;yes&#8221;][\/vc_column][\/vc_row]<\/p>\n<p>[vc_row][vc_column width=&#8221;1\/3&#8243;][vc_column_text]<\/p>\n<ul>\n<li>Kann fast \u00fcberall verwendet werden<\/li>\n<li>Gro\u00dfe Auswahl an Materialien<\/li>\n<li>Standardanschl\u00fcsse<\/li>\n<li>Spezielle Anschl\u00fcsse<\/li>\n<li>Bereitverf\u00fcgbarkeit<\/li>\n<li>Geometrien aller Art<\/li>\n<li>Kleinserien<\/li>\n<li>Serie in Miniatur<\/li>\n<li>Teilbar f\u00fcr nachr\u00fcstbar<\/li>\n<li>Werkzeugspeicher verf\u00fcgbar<\/li>\n<li>Pigmentierung in allen RAL-Farben (ausser Metall)<\/li>\n<li>Tauchen hart und weich<\/li>\n<li>Eintauchen in zwei Farben<\/li>\n<\/ul>\n<p>[\/vc_column_text][\/vc_column][vc_column width=&#8221;1\/3&#8243;][vc_column_text]<\/p>\n<ul>\n<li>Universeller Einsatz<\/li>\n<li>Optimale Materialauswahl<\/li>\n<li>Angriffe Standard<\/li>\n<li>Spezielle Angriffe<\/li>\n<li>Einzelteile<\/li>\n<li>Niedrige Werkzeugkosten<\/li>\n<li>Lange Lebensdauer<\/li>\n<\/ul>\n<p>[\/vc_column_text][\/vc_column][vc_column width=&#8221;1\/3&#8243;][vc_column_text]<\/p>\n<ul>\n<li>Formstabilit\u00e4t<\/li>\n<li>Duktilit\u00e4t der Materialien<\/li>\n<li>Billigkeit<\/li>\n<li>Pr\u00e4zises Falten<\/li>\n<li>Oberfl\u00e4chenbehandlungen am Teflon-Material m\u00f6glich<\/li>\n<li>Gute Chemische Sicherheit<\/li>\n<li>Best\u00e4ndigkeit gegen Ozon- und UV-Strahlen<\/li>\n<li>Hohe Betriebssicherheit<\/li>\n<li>Einfache Montage<\/li>\n<\/ul>\n<p>[\/vc_column_text][\/vc_column][\/vc_row]<\/p>\n","protected":false},"excerpt":{"rendered":"<p>[vc_row][vc_column][vc_empty_space height=&#8221;20px&#8221;][vc_custom_heading text=&#8221;Rail Bellows &#8211; Rolling Stock&#8221; font_container=&#8221;tag:h1|text_align:left&#8221; use_theme_fonts=&#8221;yes&#8221;][\/vc_column][\/vc_row][vc_row content_placement=&#8221;middle&#8221;][vc_column width=&#8221;1\/2&#8243;][vc_gallery interval=&#8221;10&#8243; images=&#8221;27543,21159,21157,21156,21153,19722,19652,19651,22431&#8243; img_size=&#8221;large&#8221;][\/vc_column][vc_column width=&#8221;1\/2&#8243;][vc_column_text] Rex Articoli Tecnici SA produziert Faltenb\u00e4lge in verschiedenen Materialien und Ausf\u00fchrungen. An speziellen, in Zusammenarbeit mit dem Kunden entwickelten Pr\u00fcfst\u00e4nden, wird ihre Festigkeit gepr\u00fcft und der Einsatz im Feld simuliert. [\/vc_column_text][vc_cta h2=&#8221;Contact Us Now About&#8221; h4=&#8221;Rail Bellows&#8221; color=&#8221;green&#8221; add_button=&#8221;bottom&#8221; btn_title=&#8221;Request [&hellip;]<\/p>\n","protected":false},"author":23,"featured_media":27777,"parent":22051,"menu_order":0,"comment_status":"closed","ping_status":"closed","template":"","meta":[],"yoast_head":"<!-- This site is optimized with the Yoast SEO plugin v17.3 - https:\/\/yoast.com\/wordpress\/plugins\/seo\/ -->\n<title>Rail bellows - Rail Rolling-Stock by REX Articoli Tecnici SA<\/title>\n<meta name=\"description\" content=\"REX Articoli Tecnici SA produces all kinds of rail bellows and protections from rubber and different materials. Visit our site to learn more!\" \/>\n<meta name=\"robots\" content=\"index, follow, max-snippet:-1, max-image-preview:large, max-video-preview:-1\" \/>\n<link rel=\"canonical\" href=\"https:\/\/borflex-rex.ch\/de\/bahnrollmaterial\/schienenbaelge\/\" \/>\n<meta property=\"og:locale\" content=\"de_DE\" \/>\n<meta property=\"og:type\" content=\"article\" \/>\n<meta property=\"og:title\" content=\"Rail bellows - Rail Rolling-Stock by REX Articoli Tecnici SA\" \/>\n<meta property=\"og:description\" content=\"REX Articoli Tecnici SA produces all kinds of rail bellows and protections from rubber and different materials. Visit our site to learn more!\" \/>\n<meta property=\"og:url\" content=\"https:\/\/borflex-rex.ch\/de\/bahnrollmaterial\/schienenbaelge\/\" \/>\n<meta property=\"og:site_name\" content=\"Borflex Rex SA\" \/>\n<meta property=\"article:publisher\" content=\"https:\/\/www.facebook.com\/Rex-Articoli-Tecnici-SA-538626436317023\/?fref=ts\" \/>\n<meta property=\"article:modified_time\" content=\"2020-01-09T14:57:08+00:00\" \/>\n<meta property=\"og:image\" content=\"https:\/\/borflex-rex.ch\/wp-content\/uploads\/2014\/09\/soffietti.jpg\" \/>\n\t<meta property=\"og:image:width\" content=\"640\" \/>\n\t<meta property=\"og:image:height\" content=\"640\" \/>\n<meta name=\"twitter:label1\" content=\"Gesch\u00e4tzte Lesezeit\" \/>\n\t<meta name=\"twitter:data1\" content=\"2\u00a0Minuten\" \/>\n<script type=\"application\/ld+json\" class=\"yoast-schema-graph\">{\"@context\":\"https:\/\/schema.org\",\"@graph\":[{\"@type\":\"Organization\",\"@id\":\"https:\/\/borflex-rex.ch\/de\/#organization\",\"name\":\"Borflex Rex SA\",\"url\":\"https:\/\/borflex-rex.ch\/de\/\",\"sameAs\":[\"https:\/\/www.facebook.com\/Rex-Articoli-Tecnici-SA-538626436317023\/?fref=ts\",\"https:\/\/www.linkedin.com\/company\/rex-articoli-tecnici-sa\",\"https:\/\/www.youtube.com\/channel\/UC5bX_Xfx-7axBmeRH-N7JXQ\"],\"logo\":{\"@type\":\"ImageObject\",\"@id\":\"https:\/\/borflex-rex.ch\/de\/#logo\",\"inLanguage\":\"de\",\"url\":\"https:\/\/borflex-rex.ch\/wp-content\/uploads\/2016\/05\/Rex-Logo.png\",\"contentUrl\":\"https:\/\/borflex-rex.ch\/wp-content\/uploads\/2016\/05\/Rex-Logo.png\",\"width\":172,\"height\":50,\"caption\":\"Borflex Rex SA\"},\"image\":{\"@id\":\"https:\/\/borflex-rex.ch\/de\/#logo\"}},{\"@type\":\"WebSite\",\"@id\":\"https:\/\/borflex-rex.ch\/de\/#website\",\"url\":\"https:\/\/borflex-rex.ch\/de\/\",\"name\":\"Borflex Rex SA\",\"description\":\"\",\"publisher\":{\"@id\":\"https:\/\/borflex-rex.ch\/de\/#organization\"},\"potentialAction\":[{\"@type\":\"SearchAction\",\"target\":{\"@type\":\"EntryPoint\",\"urlTemplate\":\"https:\/\/borflex-rex.ch\/de\/?s={search_term_string}\"},\"query-input\":\"required name=search_term_string\"}],\"inLanguage\":\"de\"},{\"@type\":\"ImageObject\",\"@id\":\"https:\/\/borflex-rex.ch\/de\/bahnrollmaterial\/schienenbaelge\/#primaryimage\",\"inLanguage\":\"de\",\"url\":\"https:\/\/borflex-rex.ch\/wp-content\/uploads\/2014\/09\/soffietti.jpg\",\"contentUrl\":\"https:\/\/borflex-rex.ch\/wp-content\/uploads\/2014\/09\/soffietti.jpg\",\"width\":640,\"height\":640},{\"@type\":\"WebPage\",\"@id\":\"https:\/\/borflex-rex.ch\/de\/bahnrollmaterial\/schienenbaelge\/#webpage\",\"url\":\"https:\/\/borflex-rex.ch\/de\/bahnrollmaterial\/schienenbaelge\/\",\"name\":\"Rail bellows - Rail Rolling-Stock by REX Articoli Tecnici SA\",\"isPartOf\":{\"@id\":\"https:\/\/borflex-rex.ch\/de\/#website\"},\"primaryImageOfPage\":{\"@id\":\"https:\/\/borflex-rex.ch\/de\/bahnrollmaterial\/schienenbaelge\/#primaryimage\"},\"datePublished\":\"2014-09-10T01:59:35+00:00\",\"dateModified\":\"2020-01-09T14:57:08+00:00\",\"description\":\"REX Articoli Tecnici SA produces all kinds of rail bellows and protections from rubber and different materials. Visit our site to learn more!\",\"breadcrumb\":{\"@id\":\"https:\/\/borflex-rex.ch\/de\/bahnrollmaterial\/schienenbaelge\/#breadcrumb\"},\"inLanguage\":\"de\",\"potentialAction\":[{\"@type\":\"ReadAction\",\"target\":[\"https:\/\/borflex-rex.ch\/de\/bahnrollmaterial\/schienenbaelge\/\"]}]},{\"@type\":\"BreadcrumbList\",\"@id\":\"https:\/\/borflex-rex.ch\/de\/bahnrollmaterial\/schienenbaelge\/#breadcrumb\",\"itemListElement\":[{\"@type\":\"ListItem\",\"position\":1,\"name\":\"Home\",\"item\":\"https:\/\/borflex-rex.ch\/de\/\"},{\"@type\":\"ListItem\",\"position\":2,\"name\":\"Bahnrollmaterial | Sto\\u00dfd\\u00e4mpfer, Schutzabdeckungen, Faltenb\\u00e4lge &#038; Flexible Kupplungsverbindungen\",\"item\":\"https:\/\/borflex-rex.ch\/de\/bahnrollmaterial\/\"},{\"@type\":\"ListItem\",\"position\":3,\"name\":\"Schienenb\\u00e4lge &#8211; Bahnrollmaterialien\"}]}]}<\/script>\n<!-- \/ Yoast SEO plugin. -->","yoast_head_json":{"title":"Rail bellows - Rail Rolling-Stock by REX Articoli Tecnici SA","description":"REX Articoli Tecnici SA produces all kinds of rail bellows and protections from rubber and different materials. Visit our site to learn more!","robots":{"index":"index","follow":"follow","max-snippet":"max-snippet:-1","max-image-preview":"max-image-preview:large","max-video-preview":"max-video-preview:-1"},"canonical":"https:\/\/borflex-rex.ch\/de\/bahnrollmaterial\/schienenbaelge\/","og_locale":"de_DE","og_type":"article","og_title":"Rail bellows - Rail Rolling-Stock by REX Articoli Tecnici SA","og_description":"REX Articoli Tecnici SA produces all kinds of rail bellows and protections from rubber and different materials. Visit our site to learn more!","og_url":"https:\/\/borflex-rex.ch\/de\/bahnrollmaterial\/schienenbaelge\/","og_site_name":"Borflex Rex SA","article_publisher":"https:\/\/www.facebook.com\/Rex-Articoli-Tecnici-SA-538626436317023\/?fref=ts","article_modified_time":"2020-01-09T14:57:08+00:00","og_image":[{"width":640,"height":640,"url":"https:\/\/borflex-rex.ch\/wp-content\/uploads\/2014\/09\/soffietti.jpg","type":"image\/jpeg"}],"twitter_misc":{"Gesch\u00e4tzte Lesezeit":"2\u00a0Minuten"},"schema":{"@context":"https:\/\/schema.org","@graph":[{"@type":"Organization","@id":"https:\/\/borflex-rex.ch\/de\/#organization","name":"Borflex Rex SA","url":"https:\/\/borflex-rex.ch\/de\/","sameAs":["https:\/\/www.facebook.com\/Rex-Articoli-Tecnici-SA-538626436317023\/?fref=ts","https:\/\/www.linkedin.com\/company\/rex-articoli-tecnici-sa","https:\/\/www.youtube.com\/channel\/UC5bX_Xfx-7axBmeRH-N7JXQ"],"logo":{"@type":"ImageObject","@id":"https:\/\/borflex-rex.ch\/de\/#logo","inLanguage":"de","url":"https:\/\/borflex-rex.ch\/wp-content\/uploads\/2016\/05\/Rex-Logo.png","contentUrl":"https:\/\/borflex-rex.ch\/wp-content\/uploads\/2016\/05\/Rex-Logo.png","width":172,"height":50,"caption":"Borflex Rex SA"},"image":{"@id":"https:\/\/borflex-rex.ch\/de\/#logo"}},{"@type":"WebSite","@id":"https:\/\/borflex-rex.ch\/de\/#website","url":"https:\/\/borflex-rex.ch\/de\/","name":"Borflex Rex SA","description":"","publisher":{"@id":"https:\/\/borflex-rex.ch\/de\/#organization"},"potentialAction":[{"@type":"SearchAction","target":{"@type":"EntryPoint","urlTemplate":"https:\/\/borflex-rex.ch\/de\/?s={search_term_string}"},"query-input":"required name=search_term_string"}],"inLanguage":"de"},{"@type":"ImageObject","@id":"https:\/\/borflex-rex.ch\/de\/bahnrollmaterial\/schienenbaelge\/#primaryimage","inLanguage":"de","url":"https:\/\/borflex-rex.ch\/wp-content\/uploads\/2014\/09\/soffietti.jpg","contentUrl":"https:\/\/borflex-rex.ch\/wp-content\/uploads\/2014\/09\/soffietti.jpg","width":640,"height":640},{"@type":"WebPage","@id":"https:\/\/borflex-rex.ch\/de\/bahnrollmaterial\/schienenbaelge\/#webpage","url":"https:\/\/borflex-rex.ch\/de\/bahnrollmaterial\/schienenbaelge\/","name":"Rail bellows - Rail Rolling-Stock by REX Articoli Tecnici SA","isPartOf":{"@id":"https:\/\/borflex-rex.ch\/de\/#website"},"primaryImageOfPage":{"@id":"https:\/\/borflex-rex.ch\/de\/bahnrollmaterial\/schienenbaelge\/#primaryimage"},"datePublished":"2014-09-10T01:59:35+00:00","dateModified":"2020-01-09T14:57:08+00:00","description":"REX Articoli Tecnici SA produces all kinds of rail bellows and protections from rubber and different materials. Visit our site to learn more!","breadcrumb":{"@id":"https:\/\/borflex-rex.ch\/de\/bahnrollmaterial\/schienenbaelge\/#breadcrumb"},"inLanguage":"de","potentialAction":[{"@type":"ReadAction","target":["https:\/\/borflex-rex.ch\/de\/bahnrollmaterial\/schienenbaelge\/"]}]},{"@type":"BreadcrumbList","@id":"https:\/\/borflex-rex.ch\/de\/bahnrollmaterial\/schienenbaelge\/#breadcrumb","itemListElement":[{"@type":"ListItem","position":1,"name":"Home","item":"https:\/\/borflex-rex.ch\/de\/"},{"@type":"ListItem","position":2,"name":"Bahnrollmaterial | Sto\u00dfd\u00e4mpfer, Schutzabdeckungen, Faltenb\u00e4lge &#038; Flexible Kupplungsverbindungen","item":"https:\/\/borflex-rex.ch\/de\/bahnrollmaterial\/"},{"@type":"ListItem","position":3,"name":"Schienenb\u00e4lge &#8211; Bahnrollmaterialien"}]}]}},"_links":{"self":[{"href":"https:\/\/borflex-rex.ch\/de\/wp-json\/wp\/v2\/pages\/27776"}],"collection":[{"href":"https:\/\/borflex-rex.ch\/de\/wp-json\/wp\/v2\/pages"}],"about":[{"href":"https:\/\/borflex-rex.ch\/de\/wp-json\/wp\/v2\/types\/page"}],"author":[{"embeddable":true,"href":"https:\/\/borflex-rex.ch\/de\/wp-json\/wp\/v2\/users\/23"}],"replies":[{"embeddable":true,"href":"https:\/\/borflex-rex.ch\/de\/wp-json\/wp\/v2\/comments?post=27776"}],"version-history":[{"count":3,"href":"https:\/\/borflex-rex.ch\/de\/wp-json\/wp\/v2\/pages\/27776\/revisions"}],"predecessor-version":[{"id":33956,"href":"https:\/\/borflex-rex.ch\/de\/wp-json\/wp\/v2\/pages\/27776\/revisions\/33956"}],"up":[{"embeddable":true,"href":"https:\/\/borflex-rex.ch\/de\/wp-json\/wp\/v2\/pages\/22051"}],"wp:featuredmedia":[{"embeddable":true,"href":"https:\/\/borflex-rex.ch\/de\/wp-json\/wp\/v2\/media\/27777"}],"wp:attachment":[{"href":"https:\/\/borflex-rex.ch\/de\/wp-json\/wp\/v2\/media?parent=27776"}],"curies":[{"name":"wp","href":"https:\/\/api.w.org\/{rel}","templated":true}]}}