{"id":27841,"date":"2016-10-06T10:42:38","date_gmt":"2016-10-06T10:42:38","guid":{"rendered":"https:\/\/borflex-rex.ch\/de\/sanitary-applications\/"},"modified":"2016-11-10T20:49:06","modified_gmt":"2016-11-10T20:49:06","slug":"sanitaertechnik","status":"publish","type":"page","link":"https:\/\/borflex-rex.ch\/de\/sanitaertechnik\/","title":{"rendered":"Sanit\u00e4rdichtungen aus Gummi und Kunststoffen"},"content":{"rendered":"<p>[vc_row][vc_column][vc_empty_space height=&#8221;20px&#8221;][vc_custom_heading text=&#8221;Sanit\u00e4rdichtungen aus Gummi und Kunststoffen&#8221; font_container=&#8221;tag:h1|text_align:left&#8221; use_theme_fonts=&#8221;yes&#8221;][\/vc_column][\/vc_row][vc_row][vc_column width=&#8221;1\/2&#8243;][vc_column_text]<\/p>\n<p>Borflex Rex SA entwickelt und produziert eine breite Palette von Produkten und Anwendungen f\u00fcr Sanit\u00e4r-, Entw\u00e4sserungs- und Abwasseranlagen. Zum Beispiel Sanit\u00e4rdichtungen, Armaturen und Rohre. Diese Produkte werden von REX in enger Zusammenarbeit mit unseren Kunden entwickelt und produziert. Aufgrund unserer Erfahrung und unserer technischen Ausstattung im Labor und in der Produktion, entwickeln wir die Fertigteile in \u00dcbereinstimmungen mit und zertifizierbar durch die verschiedenen europ\u00e4ischen und internationalen Normen.<\/p>\n<p>In unserem Herstellungsprozess beachtete Normen umfassen:<\/p>\n<ul>\n<li><span class=\"m_-4288827076208702737gmail_msg\" lang=\"FR-CH\">EN681-1 (Elastomer-Dichtungen)<\/span><\/li>\n<li><span class=\"m_-4288827076208702737gmail_msg\" lang=\"FR-CH\">EN 681-2:2000 (Elastomer-Dichtungen &#8211; Werkstoff-Anforderungen f\u00fcr Rohrleitungs-Dichtungen f\u00fcr Anwendungen in der Wasserversorgung und Entw\u00e4sserung)<\/span><\/li>\n<li><span class=\"m_-4288827076208702737gmail_msg\" lang=\"FR-CH\">NSF\/ANSI Std. 51 (Werkstoffe f\u00fcr Anlagen der Lebensmittelindustrie)<\/span><\/li>\n<li>EN 682\u00a0:2002 (Elastomer-Dichtungen &#8211; Werkstoff-Anforderungen f\u00fcr Dichtungen in Versorgungsleitungen und Bauteilen f\u00fcr Gas und fl\u00fcssige Kohlenwasserstoffe (AMD 15837).<\/li>\n<\/ul>\n<p>Klicken Sie hier f\u00fcr eine \u00dcbersicht \u00fcber alle <a href=\"https:\/\/borflex-rex.ch\/de\/produkte\/\">REX Produkte<\/a>.<\/p>\n<p>[\/vc_column_text][\/vc_column][vc_column width=&#8221;1\/2&#8243;][vc_column_text] Unsere Fertigungstechniken beinhalten folgende Verfahren:<\/p>\n<ul>\n<li>Spritzguss-Verfahren (IM)<\/li>\n<li>Press-Verfahren (CM)<\/li>\n<li>Spritzpress-Verfahren (TM)<\/li>\n<li>Injection-Transfer moulding (ITM)<\/li>\n<\/ul>\n<p>[\/vc_column_text][vc_cta h2=&#8221;Kontaktieren Sie uns jetzt zu&#8221; h4=&#8221;Sanit\u00e4rdichtungen&#8221; color=&#8221;green&#8221; add_button=&#8221;bottom&#8221; btn_title=&#8221;Mehr Informationen anfordern&#8221; btn_align=&#8221;center&#8221; btn_i_icon_fontawesome=&#8221;fa fa-arrow-circle-right&#8221; add_icon=&#8221;top&#8221; i_icon_fontawesome=&#8221;fa fa-envelope-o&#8221; i_color=&#8221;green&#8221; i_background_style=&#8221;rounded&#8221; btn_link=&#8221;url:https%3A%2F%2Fborflex-rex.ch%2Fde%2Fkontakt%2F||&#8221; btn_button_block=&#8221;true&#8221; i_on_border=&#8221;true&#8221; i_link=&#8221;url:https%3A%2F%2Fborflex-rex.ch%2Fcontacts%2F||&#8221; btn_add_icon=&#8221;true&#8221; css=&#8221;.vc_custom_1478810849440{background-color: #ffffff !important;}&#8221;][\/vc_cta][\/vc_column][\/vc_row]<\/p>\n","protected":false},"excerpt":{"rendered":"<p>[vc_row][vc_column][vc_empty_space height=&#8221;20px&#8221;][vc_custom_heading text=&#8221;Sanit\u00e4rdichtungen aus Gummi und Kunststoffen&#8221; font_container=&#8221;tag:h1|text_align:left&#8221; use_theme_fonts=&#8221;yes&#8221;][\/vc_column][\/vc_row][vc_row][vc_column width=&#8221;1\/2&#8243;][vc_column_text] Borflex Rex SA entwickelt und produziert eine breite Palette von Produkten und Anwendungen f\u00fcr Sanit\u00e4r-, Entw\u00e4sserungs- und Abwasseranlagen. Zum Beispiel Sanit\u00e4rdichtungen, Armaturen und Rohre. Diese Produkte werden von REX in enger Zusammenarbeit mit unseren Kunden entwickelt und produziert. Aufgrund unserer Erfahrung und unserer technischen Ausstattung [&hellip;]<\/p>\n","protected":false},"author":23,"featured_media":0,"parent":0,"menu_order":0,"comment_status":"closed","ping_status":"open","template":"","meta":[],"yoast_head":"<!-- This site is optimized with the Yoast SEO plugin v17.3 - https:\/\/yoast.com\/wordpress\/plugins\/seo\/ -->\n<title>Sanit\u00e4rtechnik aus Gummi und Kunststoffen by REX<\/title>\n<meta name=\"description\" content=\"Wir fertigen Sanit\u00e4rtechnik aus Gummi und Thermoplaste f\u00fcr Entw\u00e4sserung und Abwasseranwendungen. F\u00fcr mehr Informationen hier klicken.\" \/>\n<meta name=\"robots\" content=\"index, follow, max-snippet:-1, max-image-preview:large, max-video-preview:-1\" \/>\n<link rel=\"canonical\" href=\"https:\/\/borflex-rex.ch\/de\/sanitaertechnik\/\" \/>\n<meta property=\"og:locale\" content=\"de_DE\" \/>\n<meta property=\"og:type\" content=\"article\" \/>\n<meta property=\"og:title\" content=\"Sanit\u00e4rtechnik aus Gummi und Kunststoffen by REX\" \/>\n<meta property=\"og:description\" content=\"Wir fertigen Sanit\u00e4rtechnik aus Gummi und Thermoplaste f\u00fcr Entw\u00e4sserung und Abwasseranwendungen. F\u00fcr mehr Informationen hier klicken.\" \/>\n<meta property=\"og:url\" content=\"https:\/\/borflex-rex.ch\/de\/sanitaertechnik\/\" \/>\n<meta property=\"og:site_name\" content=\"Borflex Rex SA\" \/>\n<meta property=\"article:publisher\" content=\"https:\/\/www.facebook.com\/Rex-Articoli-Tecnici-SA-538626436317023\/?fref=ts\" \/>\n<meta property=\"article:modified_time\" content=\"2016-11-10T20:49:06+00:00\" \/>\n<meta name=\"twitter:label1\" content=\"Gesch\u00e4tzte Lesezeit\" \/>\n\t<meta name=\"twitter:data1\" content=\"1\u00a0Minute\" \/>\n<script type=\"application\/ld+json\" class=\"yoast-schema-graph\">{\"@context\":\"https:\/\/schema.org\",\"@graph\":[{\"@type\":\"Organization\",\"@id\":\"https:\/\/borflex-rex.ch\/de\/#organization\",\"name\":\"Borflex Rex SA\",\"url\":\"https:\/\/borflex-rex.ch\/de\/\",\"sameAs\":[\"https:\/\/www.facebook.com\/Rex-Articoli-Tecnici-SA-538626436317023\/?fref=ts\",\"https:\/\/www.linkedin.com\/company\/rex-articoli-tecnici-sa\",\"https:\/\/www.youtube.com\/channel\/UC5bX_Xfx-7axBmeRH-N7JXQ\"],\"logo\":{\"@type\":\"ImageObject\",\"@id\":\"https:\/\/borflex-rex.ch\/de\/#logo\",\"inLanguage\":\"de\",\"url\":\"https:\/\/borflex-rex.ch\/wp-content\/uploads\/2016\/05\/Rex-Logo.png\",\"contentUrl\":\"https:\/\/borflex-rex.ch\/wp-content\/uploads\/2016\/05\/Rex-Logo.png\",\"width\":172,\"height\":50,\"caption\":\"Borflex Rex SA\"},\"image\":{\"@id\":\"https:\/\/borflex-rex.ch\/de\/#logo\"}},{\"@type\":\"WebSite\",\"@id\":\"https:\/\/borflex-rex.ch\/de\/#website\",\"url\":\"https:\/\/borflex-rex.ch\/de\/\",\"name\":\"Borflex Rex SA\",\"description\":\"\",\"publisher\":{\"@id\":\"https:\/\/borflex-rex.ch\/de\/#organization\"},\"potentialAction\":[{\"@type\":\"SearchAction\",\"target\":{\"@type\":\"EntryPoint\",\"urlTemplate\":\"https:\/\/borflex-rex.ch\/de\/?s={search_term_string}\"},\"query-input\":\"required name=search_term_string\"}],\"inLanguage\":\"de\"},{\"@type\":\"WebPage\",\"@id\":\"https:\/\/borflex-rex.ch\/de\/sanitaertechnik\/#webpage\",\"url\":\"https:\/\/borflex-rex.ch\/de\/sanitaertechnik\/\",\"name\":\"Sanit\\u00e4rtechnik aus Gummi und Kunststoffen by REX\",\"isPartOf\":{\"@id\":\"https:\/\/borflex-rex.ch\/de\/#website\"},\"datePublished\":\"2016-10-06T10:42:38+00:00\",\"dateModified\":\"2016-11-10T20:49:06+00:00\",\"description\":\"Wir fertigen Sanit\\u00e4rtechnik aus Gummi und Thermoplaste f\\u00fcr Entw\\u00e4sserung und Abwasseranwendungen. F\\u00fcr mehr Informationen hier klicken.\",\"breadcrumb\":{\"@id\":\"https:\/\/borflex-rex.ch\/de\/sanitaertechnik\/#breadcrumb\"},\"inLanguage\":\"de\",\"potentialAction\":[{\"@type\":\"ReadAction\",\"target\":[\"https:\/\/borflex-rex.ch\/de\/sanitaertechnik\/\"]}]},{\"@type\":\"BreadcrumbList\",\"@id\":\"https:\/\/borflex-rex.ch\/de\/sanitaertechnik\/#breadcrumb\",\"itemListElement\":[{\"@type\":\"ListItem\",\"position\":1,\"name\":\"Home\",\"item\":\"https:\/\/borflex-rex.ch\/de\/\"},{\"@type\":\"ListItem\",\"position\":2,\"name\":\"Sanit\\u00e4rdichtungen aus Gummi und Kunststoffen\"}]}]}<\/script>\n<!-- \/ Yoast SEO plugin. -->","yoast_head_json":{"title":"Sanit\u00e4rtechnik aus Gummi und Kunststoffen by REX","description":"Wir fertigen Sanit\u00e4rtechnik aus Gummi und Thermoplaste f\u00fcr Entw\u00e4sserung und Abwasseranwendungen. F\u00fcr mehr Informationen hier klicken.","robots":{"index":"index","follow":"follow","max-snippet":"max-snippet:-1","max-image-preview":"max-image-preview:large","max-video-preview":"max-video-preview:-1"},"canonical":"https:\/\/borflex-rex.ch\/de\/sanitaertechnik\/","og_locale":"de_DE","og_type":"article","og_title":"Sanit\u00e4rtechnik aus Gummi und Kunststoffen by REX","og_description":"Wir fertigen Sanit\u00e4rtechnik aus Gummi und Thermoplaste f\u00fcr Entw\u00e4sserung und Abwasseranwendungen. F\u00fcr mehr Informationen hier klicken.","og_url":"https:\/\/borflex-rex.ch\/de\/sanitaertechnik\/","og_site_name":"Borflex Rex SA","article_publisher":"https:\/\/www.facebook.com\/Rex-Articoli-Tecnici-SA-538626436317023\/?fref=ts","article_modified_time":"2016-11-10T20:49:06+00:00","twitter_misc":{"Gesch\u00e4tzte Lesezeit":"1\u00a0Minute"},"schema":{"@context":"https:\/\/schema.org","@graph":[{"@type":"Organization","@id":"https:\/\/borflex-rex.ch\/de\/#organization","name":"Borflex Rex SA","url":"https:\/\/borflex-rex.ch\/de\/","sameAs":["https:\/\/www.facebook.com\/Rex-Articoli-Tecnici-SA-538626436317023\/?fref=ts","https:\/\/www.linkedin.com\/company\/rex-articoli-tecnici-sa","https:\/\/www.youtube.com\/channel\/UC5bX_Xfx-7axBmeRH-N7JXQ"],"logo":{"@type":"ImageObject","@id":"https:\/\/borflex-rex.ch\/de\/#logo","inLanguage":"de","url":"https:\/\/borflex-rex.ch\/wp-content\/uploads\/2016\/05\/Rex-Logo.png","contentUrl":"https:\/\/borflex-rex.ch\/wp-content\/uploads\/2016\/05\/Rex-Logo.png","width":172,"height":50,"caption":"Borflex Rex SA"},"image":{"@id":"https:\/\/borflex-rex.ch\/de\/#logo"}},{"@type":"WebSite","@id":"https:\/\/borflex-rex.ch\/de\/#website","url":"https:\/\/borflex-rex.ch\/de\/","name":"Borflex Rex SA","description":"","publisher":{"@id":"https:\/\/borflex-rex.ch\/de\/#organization"},"potentialAction":[{"@type":"SearchAction","target":{"@type":"EntryPoint","urlTemplate":"https:\/\/borflex-rex.ch\/de\/?s={search_term_string}"},"query-input":"required name=search_term_string"}],"inLanguage":"de"},{"@type":"WebPage","@id":"https:\/\/borflex-rex.ch\/de\/sanitaertechnik\/#webpage","url":"https:\/\/borflex-rex.ch\/de\/sanitaertechnik\/","name":"Sanit\u00e4rtechnik aus Gummi und Kunststoffen by REX","isPartOf":{"@id":"https:\/\/borflex-rex.ch\/de\/#website"},"datePublished":"2016-10-06T10:42:38+00:00","dateModified":"2016-11-10T20:49:06+00:00","description":"Wir fertigen Sanit\u00e4rtechnik aus Gummi und Thermoplaste f\u00fcr Entw\u00e4sserung und Abwasseranwendungen. F\u00fcr mehr Informationen hier klicken.","breadcrumb":{"@id":"https:\/\/borflex-rex.ch\/de\/sanitaertechnik\/#breadcrumb"},"inLanguage":"de","potentialAction":[{"@type":"ReadAction","target":["https:\/\/borflex-rex.ch\/de\/sanitaertechnik\/"]}]},{"@type":"BreadcrumbList","@id":"https:\/\/borflex-rex.ch\/de\/sanitaertechnik\/#breadcrumb","itemListElement":[{"@type":"ListItem","position":1,"name":"Home","item":"https:\/\/borflex-rex.ch\/de\/"},{"@type":"ListItem","position":2,"name":"Sanit\u00e4rdichtungen aus Gummi und Kunststoffen"}]}]}},"_links":{"self":[{"href":"https:\/\/borflex-rex.ch\/de\/wp-json\/wp\/v2\/pages\/27841"}],"collection":[{"href":"https:\/\/borflex-rex.ch\/de\/wp-json\/wp\/v2\/pages"}],"about":[{"href":"https:\/\/borflex-rex.ch\/de\/wp-json\/wp\/v2\/types\/page"}],"author":[{"embeddable":true,"href":"https:\/\/borflex-rex.ch\/de\/wp-json\/wp\/v2\/users\/23"}],"replies":[{"embeddable":true,"href":"https:\/\/borflex-rex.ch\/de\/wp-json\/wp\/v2\/comments?post=27841"}],"version-history":[{"count":0,"href":"https:\/\/borflex-rex.ch\/de\/wp-json\/wp\/v2\/pages\/27841\/revisions"}],"wp:attachment":[{"href":"https:\/\/borflex-rex.ch\/de\/wp-json\/wp\/v2\/media?parent=27841"}],"curies":[{"name":"wp","href":"https:\/\/api.w.org\/{rel}","templated":true}]}}