{"id":33497,"date":"2019-12-19T19:46:27","date_gmt":"2019-12-19T18:46:27","guid":{"rendered":"https:\/\/borflex-rex.ch\/rex-heute-2\/"},"modified":"2021-01-29T13:30:26","modified_gmt":"2021-01-29T12:30:26","slug":"rex-heute","status":"publish","type":"page","link":"https:\/\/borflex-rex.ch\/de\/rex-heute\/","title":{"rendered":"REX heute"},"content":{"rendered":"\t\t<div data-elementor-type=\"wp-page\" data-elementor-id=\"33497\" class=\"elementor elementor-33497 elementor-1960\" data-elementor-settings=\"[]\">\n\t\t\t\t\t\t<div class=\"elementor-inner\">\n\t\t\t\t\t\t\t<div class=\"elementor-section-wrap\">\n\t\t\t\t\t\t\t<section class=\"elementor-section elementor-top-section elementor-element elementor-element-43b338a elementor-section-height-min-height elementor-section-boxed elementor-section-height-default elementor-section-items-middle\" data-id=\"43b338a\" data-element_type=\"section\" data-settings=\"{&quot;background_background&quot;:&quot;classic&quot;}\">\n\t\t\t\t\t\t<div class=\"elementor-container elementor-column-gap-default\">\n\t\t\t\t\t\t\t<div class=\"elementor-row\">\n\t\t\t\t\t<div class=\"elementor-column elementor-col-100 elementor-top-column elementor-element elementor-element-802c1e5\" data-id=\"802c1e5\" data-element_type=\"column\">\n\t\t\t<div class=\"elementor-column-wrap\">\n\t\t\t\t\t\t\t<div class=\"elementor-widget-wrap\">\n\t\t\t\t\t\t\t\t<\/div>\n\t\t\t\t\t<\/div>\n\t\t<\/div>\n\t\t\t\t\t\t\t\t<\/div>\n\t\t\t\t\t<\/div>\n\t\t<\/section>\n\t\t\t\t<section class=\"elementor-section elementor-top-section elementor-element elementor-element-05641ac elementor-section-boxed elementor-section-height-default elementor-section-height-default\" data-id=\"05641ac\" data-element_type=\"section\">\n\t\t\t\t\t\t<div class=\"elementor-container elementor-column-gap-default\">\n\t\t\t\t\t\t\t<div class=\"elementor-row\">\n\t\t\t\t\t<div class=\"elementor-column elementor-col-100 elementor-top-column elementor-element elementor-element-cacfc88\" data-id=\"cacfc88\" data-element_type=\"column\">\n\t\t\t<div class=\"elementor-column-wrap elementor-element-populated\">\n\t\t\t\t\t\t\t<div class=\"elementor-widget-wrap\">\n\t\t\t\t\t\t<div class=\"elementor-element elementor-element-bbb1acf elementor-widget elementor-widget-heading\" data-id=\"bbb1acf\" data-element_type=\"widget\" data-widget_type=\"heading.default\">\n\t\t\t\t<div class=\"elementor-widget-container\">\n\t\t\t<h2 class=\"elementor-heading-title elementor-size-default\">Die firma<\/h2>\t\t<\/div>\n\t\t\t\t<\/div>\n\t\t\t\t\t\t<\/div>\n\t\t\t\t\t<\/div>\n\t\t<\/div>\n\t\t\t\t\t\t\t\t<\/div>\n\t\t\t\t\t<\/div>\n\t\t<\/section>\n\t\t\t\t<section class=\"elementor-section elementor-top-section elementor-element elementor-element-18f44ac elementor-section-boxed elementor-section-height-default elementor-section-height-default\" data-id=\"18f44ac\" data-element_type=\"section\">\n\t\t\t\t\t\t<div class=\"elementor-container elementor-column-gap-default\">\n\t\t\t\t\t\t\t<div class=\"elementor-row\">\n\t\t\t\t\t<div class=\"elementor-column elementor-col-100 elementor-top-column elementor-element elementor-element-84b346b\" data-id=\"84b346b\" data-element_type=\"column\">\n\t\t\t<div class=\"elementor-column-wrap elementor-element-populated\">\n\t\t\t\t\t\t\t<div class=\"elementor-widget-wrap\">\n\t\t\t\t\t\t<div class=\"elementor-element elementor-element-b06f4e5 elementor-widget elementor-widget-text-editor\" data-id=\"b06f4e5\" data-element_type=\"widget\" data-widget_type=\"text-editor.default\">\n\t\t\t\t<div class=\"elementor-widget-container\">\n\t\t\t\t\t\t\t\t<div class=\"elementor-text-editor elementor-clearfix\">\n\t\t\t\t<p>Die Borflex Rex SA ist ein in der zweiten Generation gef\u00fchrtes Familienunternehmen mit Sitz in Mendrisio, Schweiz. Auf einem Areal von \u00fcber 12\u2018000 m2, wovon 6\u2018000 m2 \u00fcberdacht sind, entwickeln und produzieren \u00fcber 100 Mitarbeiter technische Produkte aus Gummi und Thermoplasten.<\/p>\n<div id=\"gtx-trans\" style=\"position: absolute; left: 193px; top: -10px;\">\n<div class=\"gtx-trans-icon\">\u00a0<\/div>\n<\/div>\n\t\t\t\t\t<\/div>\n\t\t\t\t\t\t<\/div>\n\t\t\t\t<\/div>\n\t\t\t\t\t\t<\/div>\n\t\t\t\t\t<\/div>\n\t\t<\/div>\n\t\t\t\t\t\t\t\t<\/div>\n\t\t\t\t\t<\/div>\n\t\t<\/section>\n\t\t\t\t<section class=\"elementor-section elementor-top-section elementor-element elementor-element-561d813 elementor-section-boxed elementor-section-height-default elementor-section-height-default\" data-id=\"561d813\" data-element_type=\"section\">\n\t\t\t\t\t\t<div class=\"elementor-container elementor-column-gap-default\">\n\t\t\t\t\t\t\t<div class=\"elementor-row\">\n\t\t\t\t\t<div class=\"elementor-column elementor-col-50 elementor-top-column elementor-element elementor-element-6a81ca8\" data-id=\"6a81ca8\" data-element_type=\"column\">\n\t\t\t<div class=\"elementor-column-wrap elementor-element-populated\">\n\t\t\t\t\t\t\t<div class=\"elementor-widget-wrap\">\n\t\t\t\t\t\t<div class=\"elementor-element elementor-element-2bc1c5f elementor-widget elementor-widget-heading\" data-id=\"2bc1c5f\" data-element_type=\"widget\" data-widget_type=\"heading.default\">\n\t\t\t\t<div class=\"elementor-widget-container\">\n\t\t\t<h3 class=\"elementor-heading-title elementor-size-default\">Qualit\u00e4t im fokus<\/h3>\t\t<\/div>\n\t\t\t\t<\/div>\n\t\t\t\t<div class=\"elementor-element elementor-element-7f19fbe elementor-widget elementor-widget-text-editor\" data-id=\"7f19fbe\" data-element_type=\"widget\" data-widget_type=\"text-editor.default\">\n\t\t\t\t<div class=\"elementor-widget-container\">\n\t\t\t\t\t\t\t\t<div class=\"elementor-text-editor elementor-clearfix\">\n\t\t\t\t<p>Als Schweizer Unternehmen ist Borflex Rex SA der Qualit\u00e4t verpflichtet. Bereits 1990 zertifizierte sich Borflex Rex SA mit der ISO 9001 Norm und erlangte im Jahr 2010 die IRIS-Zertifizierung, welche strenge Standards f\u00fcr Produkte im Eisenbahnbereich setzt.<\/p>\n<div id=\"gtx-trans\" style=\"position: absolute; left: 216px; top: 14px;\">\n<div class=\"gtx-trans-icon\">\u00a0<\/div>\n<\/div>\n\t\t\t\t\t<\/div>\n\t\t\t\t\t\t<\/div>\n\t\t\t\t<\/div>\n\t\t\t\t<div class=\"elementor-element elementor-element-f47b6e4 elementor-widget elementor-widget-heading\" data-id=\"f47b6e4\" data-element_type=\"widget\" data-widget_type=\"heading.default\">\n\t\t\t\t<div class=\"elementor-widget-container\">\n\t\t\t<h3 class=\"elementor-heading-title elementor-size-default\">Partnerschaft mit den kunden<\/h3>\t\t<\/div>\n\t\t\t\t<\/div>\n\t\t\t\t<div class=\"elementor-element elementor-element-bb3523d elementor-widget elementor-widget-text-editor\" data-id=\"bb3523d\" data-element_type=\"widget\" data-widget_type=\"text-editor.default\">\n\t\t\t\t<div class=\"elementor-widget-container\">\n\t\t\t\t\t\t\t\t<div class=\"elementor-text-editor elementor-clearfix\">\n\t\t\t\t<p>Kundenspezifische Projekte kann REX unkompliziert und effizient umsetzen, da sich die Entwicklung (R&amp;D) und Produktion am selben Standort befinden. Unsere Techniker begleiten unsere Kunden von der Entwurfsphase bis hin zur optimalen Fertigung der Artikel.<\/p>\n\t\t\t\t\t<\/div>\n\t\t\t\t\t\t<\/div>\n\t\t\t\t<\/div>\n\t\t\t\t\t\t<\/div>\n\t\t\t\t\t<\/div>\n\t\t<\/div>\n\t\t\t\t<div class=\"elementor-column elementor-col-50 elementor-top-column elementor-element elementor-element-bc22e30\" data-id=\"bc22e30\" data-element_type=\"column\">\n\t\t\t<div class=\"elementor-column-wrap elementor-element-populated\">\n\t\t\t\t\t\t\t<div class=\"elementor-widget-wrap\">\n\t\t\t\t\t\t<div class=\"elementor-element elementor-element-63229d6 elementor-widget elementor-widget-heading\" data-id=\"63229d6\" data-element_type=\"widget\" data-widget_type=\"heading.default\">\n\t\t\t\t<div class=\"elementor-widget-container\">\n\t\t\t<h3 class=\"elementor-heading-title elementor-size-default\">An der spitze der technologie<\/h3>\t\t<\/div>\n\t\t\t\t<\/div>\n\t\t\t\t<div class=\"elementor-element elementor-element-f1aff9a elementor-widget elementor-widget-text-editor\" data-id=\"f1aff9a\" data-element_type=\"widget\" data-widget_type=\"text-editor.default\">\n\t\t\t\t<div class=\"elementor-widget-container\">\n\t\t\t\t\t\t\t\t<div class=\"elementor-text-editor elementor-clearfix\">\n\t\t\t\t<p>Borflex Rex SA hat \u00fcber 80 Jahre Erfahrung und stellt durch kontinuierliche Investitionen in Produktions- und Laboranlagen sicher, dass unsere Kunden von der technologischen Weiterentwicklung profitieren. Borflex Rex SA arbeitet mit verschiedenen externen technischen Instituten zusammen und f\u00f6rdert, gemeinsam mit Universit\u00e4ten, Initiativen f\u00fcr Studium und Forschung. Borflex Rex SA bildet aktiv Lehrlinge aus.<\/p>\n<div id=\"gtx-trans\" style=\"position: absolute; left: 399px; top: 158px;\">\n<div class=\"gtx-trans-icon\">\u00a0<\/div>\n<\/div>\n\t\t\t\t\t<\/div>\n\t\t\t\t\t\t<\/div>\n\t\t\t\t<\/div>\n\t\t\t\t<div class=\"elementor-element elementor-element-6678dd2 elementor-widget elementor-widget-heading\" data-id=\"6678dd2\" data-element_type=\"widget\" data-widget_type=\"heading.default\">\n\t\t\t\t<div class=\"elementor-widget-container\">\n\t\t\t<h3 class=\"elementor-heading-title elementor-size-default\">Dar nachhaltigkeit verpflichtet<\/h3>\t\t<\/div>\n\t\t\t\t<\/div>\n\t\t\t\t<div class=\"elementor-element elementor-element-63a0c8e elementor-widget elementor-widget-text-editor\" data-id=\"63a0c8e\" data-element_type=\"widget\" data-widget_type=\"text-editor.default\">\n\t\t\t\t<div class=\"elementor-widget-container\">\n\t\t\t\t\t\t\t\t<div class=\"elementor-text-editor elementor-clearfix\">\n\t\t\t\t<p>Mit dem Engagement in \u201eNatural Rubber\u201c Plantagen erm\u00f6glicht Borflex Rex SA faire Einkommen, Arbeitsbedingungen und eine nachhaltige Kautschuk-Bewirtschaftung in Entwicklungsl\u00e4ndern. Gleichzeitig werden damit Versorgungs- und Marktpreisschwankungen abgefedert.<\/p>\n<div id=\"gtx-trans\" style=\"position: absolute; left: 468px; top: 38px;\">\n<div class=\"gtx-trans-icon\">\u00a0<\/div>\n<\/div>\n\t\t\t\t\t<\/div>\n\t\t\t\t\t\t<\/div>\n\t\t\t\t<\/div>\n\t\t\t\t\t\t<\/div>\n\t\t\t\t\t<\/div>\n\t\t<\/div>\n\t\t\t\t\t\t\t\t<\/div>\n\t\t\t\t\t<\/div>\n\t\t<\/section>\n\t\t\t\t\t\t<\/div>\n\t\t\t\t\t\t<\/div>\n\t\t\t\t\t<\/div>\n\t\t","protected":false},"excerpt":{"rendered":"<p>Die firma Die Borflex Rex SA ist ein in der zweiten Generation gef\u00fchrtes Familienunternehmen mit Sitz in Mendrisio, Schweiz. Auf einem Areal von \u00fcber 12\u2018000 m2, wovon 6\u2018000 m2 \u00fcberdacht sind, entwickeln und produzieren \u00fcber 100 Mitarbeiter technische Produkte aus Gummi und Thermoplasten. \u00a0 Qualit\u00e4t im fokus Als Schweizer Unternehmen ist Borflex Rex SA der [&hellip;]<\/p>\n","protected":false},"author":23,"featured_media":0,"parent":0,"menu_order":0,"comment_status":"closed","ping_status":"closed","template":"","meta":[],"yoast_head":"<!-- This site is optimized with the Yoast SEO plugin v17.3 - https:\/\/yoast.com\/wordpress\/plugins\/seo\/ -->\n<title>About Borflex Rex SA Today<\/title>\n<meta name=\"description\" content=\"Read more about Borflex Rex SA today. Our technical and material approach, general information about the company.\" \/>\n<meta name=\"robots\" content=\"index, follow, max-snippet:-1, max-image-preview:large, max-video-preview:-1\" \/>\n<link rel=\"canonical\" href=\"https:\/\/borflex-rex.ch\/de\/rex-heute\/\" \/>\n<meta property=\"og:locale\" content=\"de_DE\" \/>\n<meta property=\"og:type\" content=\"article\" \/>\n<meta property=\"og:title\" content=\"About Borflex Rex SA Today\" \/>\n<meta property=\"og:description\" content=\"Read more about Borflex Rex SA today. Our technical and material approach, general information about the company.\" \/>\n<meta property=\"og:url\" content=\"https:\/\/borflex-rex.ch\/de\/rex-heute\/\" \/>\n<meta property=\"og:site_name\" content=\"Borflex Rex SA\" \/>\n<meta property=\"article:publisher\" content=\"https:\/\/www.facebook.com\/Rex-Articoli-Tecnici-SA-538626436317023\/?fref=ts\" \/>\n<meta property=\"article:modified_time\" content=\"2021-01-29T12:30:26+00:00\" \/>\n<meta name=\"twitter:label1\" content=\"Gesch\u00e4tzte Lesezeit\" \/>\n\t<meta name=\"twitter:data1\" content=\"1\u00a0Minute\" \/>\n<script type=\"application\/ld+json\" class=\"yoast-schema-graph\">{\"@context\":\"https:\/\/schema.org\",\"@graph\":[{\"@type\":\"Organization\",\"@id\":\"https:\/\/borflex-rex.ch\/de\/#organization\",\"name\":\"Borflex Rex SA\",\"url\":\"https:\/\/borflex-rex.ch\/de\/\",\"sameAs\":[\"https:\/\/www.facebook.com\/Rex-Articoli-Tecnici-SA-538626436317023\/?fref=ts\",\"https:\/\/www.linkedin.com\/company\/rex-articoli-tecnici-sa\",\"https:\/\/www.youtube.com\/channel\/UC5bX_Xfx-7axBmeRH-N7JXQ\"],\"logo\":{\"@type\":\"ImageObject\",\"@id\":\"https:\/\/borflex-rex.ch\/de\/#logo\",\"inLanguage\":\"de\",\"url\":\"https:\/\/borflex-rex.ch\/wp-content\/uploads\/2016\/05\/Rex-Logo.png\",\"contentUrl\":\"https:\/\/borflex-rex.ch\/wp-content\/uploads\/2016\/05\/Rex-Logo.png\",\"width\":172,\"height\":50,\"caption\":\"Borflex Rex SA\"},\"image\":{\"@id\":\"https:\/\/borflex-rex.ch\/de\/#logo\"}},{\"@type\":\"WebSite\",\"@id\":\"https:\/\/borflex-rex.ch\/de\/#website\",\"url\":\"https:\/\/borflex-rex.ch\/de\/\",\"name\":\"Borflex Rex SA\",\"description\":\"\",\"publisher\":{\"@id\":\"https:\/\/borflex-rex.ch\/de\/#organization\"},\"potentialAction\":[{\"@type\":\"SearchAction\",\"target\":{\"@type\":\"EntryPoint\",\"urlTemplate\":\"https:\/\/borflex-rex.ch\/de\/?s={search_term_string}\"},\"query-input\":\"required name=search_term_string\"}],\"inLanguage\":\"de\"},{\"@type\":\"WebPage\",\"@id\":\"https:\/\/borflex-rex.ch\/de\/rex-heute\/#webpage\",\"url\":\"https:\/\/borflex-rex.ch\/de\/rex-heute\/\",\"name\":\"About Borflex Rex SA Today\",\"isPartOf\":{\"@id\":\"https:\/\/borflex-rex.ch\/de\/#website\"},\"datePublished\":\"2019-12-19T18:46:27+00:00\",\"dateModified\":\"2021-01-29T12:30:26+00:00\",\"description\":\"Read more about Borflex Rex SA today. Our technical and material approach, general information about the company.\",\"breadcrumb\":{\"@id\":\"https:\/\/borflex-rex.ch\/de\/rex-heute\/#breadcrumb\"},\"inLanguage\":\"de\",\"potentialAction\":[{\"@type\":\"ReadAction\",\"target\":[\"https:\/\/borflex-rex.ch\/de\/rex-heute\/\"]}]},{\"@type\":\"BreadcrumbList\",\"@id\":\"https:\/\/borflex-rex.ch\/de\/rex-heute\/#breadcrumb\",\"itemListElement\":[{\"@type\":\"ListItem\",\"position\":1,\"name\":\"Home\",\"item\":\"https:\/\/borflex-rex.ch\/de\/\"},{\"@type\":\"ListItem\",\"position\":2,\"name\":\"REX heute\"}]}]}<\/script>\n<!-- \/ Yoast SEO plugin. -->","yoast_head_json":{"title":"About Borflex Rex SA Today","description":"Read more about Borflex Rex SA today. Our technical and material approach, general information about the company.","robots":{"index":"index","follow":"follow","max-snippet":"max-snippet:-1","max-image-preview":"max-image-preview:large","max-video-preview":"max-video-preview:-1"},"canonical":"https:\/\/borflex-rex.ch\/de\/rex-heute\/","og_locale":"de_DE","og_type":"article","og_title":"About Borflex Rex SA Today","og_description":"Read more about Borflex Rex SA today. Our technical and material approach, general information about the company.","og_url":"https:\/\/borflex-rex.ch\/de\/rex-heute\/","og_site_name":"Borflex Rex SA","article_publisher":"https:\/\/www.facebook.com\/Rex-Articoli-Tecnici-SA-538626436317023\/?fref=ts","article_modified_time":"2021-01-29T12:30:26+00:00","twitter_misc":{"Gesch\u00e4tzte Lesezeit":"1\u00a0Minute"},"schema":{"@context":"https:\/\/schema.org","@graph":[{"@type":"Organization","@id":"https:\/\/borflex-rex.ch\/de\/#organization","name":"Borflex Rex SA","url":"https:\/\/borflex-rex.ch\/de\/","sameAs":["https:\/\/www.facebook.com\/Rex-Articoli-Tecnici-SA-538626436317023\/?fref=ts","https:\/\/www.linkedin.com\/company\/rex-articoli-tecnici-sa","https:\/\/www.youtube.com\/channel\/UC5bX_Xfx-7axBmeRH-N7JXQ"],"logo":{"@type":"ImageObject","@id":"https:\/\/borflex-rex.ch\/de\/#logo","inLanguage":"de","url":"https:\/\/borflex-rex.ch\/wp-content\/uploads\/2016\/05\/Rex-Logo.png","contentUrl":"https:\/\/borflex-rex.ch\/wp-content\/uploads\/2016\/05\/Rex-Logo.png","width":172,"height":50,"caption":"Borflex Rex SA"},"image":{"@id":"https:\/\/borflex-rex.ch\/de\/#logo"}},{"@type":"WebSite","@id":"https:\/\/borflex-rex.ch\/de\/#website","url":"https:\/\/borflex-rex.ch\/de\/","name":"Borflex Rex SA","description":"","publisher":{"@id":"https:\/\/borflex-rex.ch\/de\/#organization"},"potentialAction":[{"@type":"SearchAction","target":{"@type":"EntryPoint","urlTemplate":"https:\/\/borflex-rex.ch\/de\/?s={search_term_string}"},"query-input":"required name=search_term_string"}],"inLanguage":"de"},{"@type":"WebPage","@id":"https:\/\/borflex-rex.ch\/de\/rex-heute\/#webpage","url":"https:\/\/borflex-rex.ch\/de\/rex-heute\/","name":"About Borflex Rex SA Today","isPartOf":{"@id":"https:\/\/borflex-rex.ch\/de\/#website"},"datePublished":"2019-12-19T18:46:27+00:00","dateModified":"2021-01-29T12:30:26+00:00","description":"Read more about Borflex Rex SA today. Our technical and material approach, general information about the company.","breadcrumb":{"@id":"https:\/\/borflex-rex.ch\/de\/rex-heute\/#breadcrumb"},"inLanguage":"de","potentialAction":[{"@type":"ReadAction","target":["https:\/\/borflex-rex.ch\/de\/rex-heute\/"]}]},{"@type":"BreadcrumbList","@id":"https:\/\/borflex-rex.ch\/de\/rex-heute\/#breadcrumb","itemListElement":[{"@type":"ListItem","position":1,"name":"Home","item":"https:\/\/borflex-rex.ch\/de\/"},{"@type":"ListItem","position":2,"name":"REX heute"}]}]}},"_links":{"self":[{"href":"https:\/\/borflex-rex.ch\/de\/wp-json\/wp\/v2\/pages\/33497"}],"collection":[{"href":"https:\/\/borflex-rex.ch\/de\/wp-json\/wp\/v2\/pages"}],"about":[{"href":"https:\/\/borflex-rex.ch\/de\/wp-json\/wp\/v2\/types\/page"}],"author":[{"embeddable":true,"href":"https:\/\/borflex-rex.ch\/de\/wp-json\/wp\/v2\/users\/23"}],"replies":[{"embeddable":true,"href":"https:\/\/borflex-rex.ch\/de\/wp-json\/wp\/v2\/comments?post=33497"}],"version-history":[{"count":6,"href":"https:\/\/borflex-rex.ch\/de\/wp-json\/wp\/v2\/pages\/33497\/revisions"}],"predecessor-version":[{"id":34308,"href":"https:\/\/borflex-rex.ch\/de\/wp-json\/wp\/v2\/pages\/33497\/revisions\/34308"}],"wp:attachment":[{"href":"https:\/\/borflex-rex.ch\/de\/wp-json\/wp\/v2\/media?parent=33497"}],"curies":[{"name":"wp","href":"https:\/\/api.w.org\/{rel}","templated":true}]}}