{"id":33755,"date":"2019-12-20T12:26:24","date_gmt":"2019-12-20T11:26:24","guid":{"rendered":"https:\/\/borflex-rex.ch\/kompetenz\/"},"modified":"2021-01-21T22:21:00","modified_gmt":"2021-01-21T21:21:00","slug":"kompetenz","status":"publish","type":"page","link":"https:\/\/borflex-rex.ch\/de\/kompetenz\/","title":{"rendered":"Kompetenz"},"content":{"rendered":"\t\t<div data-elementor-type=\"wp-page\" data-elementor-id=\"33755\" class=\"elementor elementor-33755 elementor-1996\" data-elementor-settings=\"[]\">\n\t\t\t\t\t\t<div class=\"elementor-inner\">\n\t\t\t\t\t\t\t<div class=\"elementor-section-wrap\">\n\t\t\t\t\t\t\t<section class=\"elementor-section elementor-top-section elementor-element elementor-element-37600c2 elementor-section-boxed elementor-section-height-default elementor-section-height-default\" data-id=\"37600c2\" data-element_type=\"section\">\n\t\t\t\t\t\t<div class=\"elementor-container elementor-column-gap-default\">\n\t\t\t\t\t\t\t<div class=\"elementor-row\">\n\t\t\t\t\t<div class=\"elementor-column elementor-col-100 elementor-top-column elementor-element elementor-element-5d1f91f\" data-id=\"5d1f91f\" data-element_type=\"column\">\n\t\t\t<div class=\"elementor-column-wrap elementor-element-populated\">\n\t\t\t\t\t\t\t<div class=\"elementor-widget-wrap\">\n\t\t\t\t\t\t<div class=\"elementor-element elementor-element-62cd741 elementor-widget elementor-widget-heading\" data-id=\"62cd741\" data-element_type=\"widget\" data-widget_type=\"heading.default\">\n\t\t\t\t<div class=\"elementor-widget-container\">\n\t\t\t<h2 class=\"elementor-heading-title elementor-size-default\">Unser know-how zu Ihren Diensten<\/h2>\t\t<\/div>\n\t\t\t\t<\/div>\n\t\t\t\t\t\t<\/div>\n\t\t\t\t\t<\/div>\n\t\t<\/div>\n\t\t\t\t\t\t\t\t<\/div>\n\t\t\t\t\t<\/div>\n\t\t<\/section>\n\t\t\t\t<section class=\"elementor-section elementor-top-section elementor-element elementor-element-96c1d55 elementor-section-boxed elementor-section-height-default elementor-section-height-default\" data-id=\"96c1d55\" data-element_type=\"section\">\n\t\t\t\t\t\t<div class=\"elementor-container elementor-column-gap-default\">\n\t\t\t\t\t\t\t<div class=\"elementor-row\">\n\t\t\t\t\t<div class=\"elementor-column elementor-col-100 elementor-top-column elementor-element elementor-element-d513ca4\" data-id=\"d513ca4\" data-element_type=\"column\">\n\t\t\t<div class=\"elementor-column-wrap elementor-element-populated\">\n\t\t\t\t\t\t\t<div class=\"elementor-widget-wrap\">\n\t\t\t\t\t\t<div class=\"elementor-element elementor-element-3fd14af elementor-widget elementor-widget-text-editor\" data-id=\"3fd14af\" data-element_type=\"widget\" data-widget_type=\"text-editor.default\">\n\t\t\t\t<div class=\"elementor-widget-container\">\n\t\t\t\t\t\t\t\t<div class=\"elementor-text-editor elementor-clearfix\">\n\t\t\t\t<p>Im Auftrag unserer Kunden entwickeln wir Formteile mit modernsten 2D und 3D CAD-Systemen, welche direkt mit unserer Produktion verbunden sind, um eine schnelle und pr\u00e4zise Fertigung zu gew\u00e4hrleisten. In Erg\u00e4nzung Zus\u00e4tzlich zu FEA-Systemen k\u00f6nnen deshalb Portotypen innerhalb k\u00fcrzester Zeit realisiert werden.<\/p>\n<p>Borflex Rex SA fertigt Produkte f\u00fcr verschiedene Branchen wie Maschinenbau, Bau, Eisenbahnbau und -Infrastruktur. Spezifische Mischungen, wie auch entsprechende Wasch- und Verpackungsprozesse, in einer staubfreien Umgebung stellen sicher, dass auch Produkte f\u00fcr sensible Anwendungen hergestellt werden k\u00f6nnen; wie zum Beispiel f\u00fcr:<\/p>\n<ul>\n<li>Lebensmittelbereich (HACCP)<\/li>\n<li>Wasseranwendungen (QPlus)<\/li>\n<li>Hydraulik<\/li>\n<li>Pneumatik<\/li>\n<li>Elektronik<\/li>\n<\/ul>\n<p>F\u00fcr die jeweilige Anwendung setzt REX das am besten geeignetste Material ein. Dazu kann REX auf ein breites Portfolio von Elastomeren und Thermoplasten zugreifen und in der hauseigenen Mischerei auch kundenspezifische Mischungen herstellen.<\/p>\n<p>In Erg\u00e4nzung Zus\u00e4tzlich zu traditionellen Gummiartikel fertigt Rex eine breite Palette von technischen Produkten aus Thermoplastischen Elastomeren (TPE) an. Produkte aus Thermoplast werden im Spritzguss-Verfahren hergestellt. TPE-Produkte sind wesentlich formbest\u00e4ndiger als Gummiartikel und eignen sich daher besonders f\u00fcr Artikel mit einer hohen Komplexit\u00e4t und hohen Anforderungen an die Genauigkeit.<\/p>\n<p>Manchmal ist es nicht m\u00f6glich, alle gew\u00fcnschten Eigenschaften mit einem einzigen Material optimal zu erf\u00fcllen. REX kann verschiedene Materialien miteinander kombinieren, um die gesuchten Eigenschaften in einem Produkt zusammenf\u00fchren. Die Kombination von Metallteilen mit Gummi ist seit vielen Jahren allgemein bekannt. REX hat dieses Wissen weiterentwickelt, um Gummi auch mit anderen Materialien wie Kunststoffen, Teflon, harzbasierenden Materialien und sogar Holz zu verbinden.<\/p>\n<p>Durch die Einf\u00fchrung der Spritzgiesstechnik bei elastischen Thermoplasten (TPE) hat REX eine Alternative zur Herstellung von Gummi-Metallteilen geschaffen. Das kombinierte Spritzgiessen von zwei oder mehr Stoffen (2K, Overmolding) erfolgt in der Kunststoffabteilung von Rex.<\/p>\n<div id=\"gtx-trans\" style=\"position: absolute; left: 5px; top: 126px;\">\n<div class=\"gtx-trans-icon\">\u00a0<\/div>\n<\/div>\n\t\t\t\t\t<\/div>\n\t\t\t\t\t\t<\/div>\n\t\t\t\t<\/div>\n\t\t\t\t\t\t<\/div>\n\t\t\t\t\t<\/div>\n\t\t<\/div>\n\t\t\t\t\t\t\t\t<\/div>\n\t\t\t\t\t<\/div>\n\t\t<\/section>\n\t\t\t\t<section class=\"elementor-section elementor-top-section elementor-element elementor-element-6f59ef5 elementor-section-boxed elementor-section-height-default elementor-section-height-default\" data-id=\"6f59ef5\" data-element_type=\"section\">\n\t\t\t\t\t\t<div class=\"elementor-container elementor-column-gap-default\">\n\t\t\t\t\t\t\t<div class=\"elementor-row\">\n\t\t\t\t\t<div class=\"elementor-column elementor-col-100 elementor-top-column elementor-element elementor-element-69cfb2d\" data-id=\"69cfb2d\" data-element_type=\"column\">\n\t\t\t<div class=\"elementor-column-wrap elementor-element-populated\">\n\t\t\t\t\t\t\t<div class=\"elementor-widget-wrap\">\n\t\t\t\t\t\t<div class=\"elementor-element elementor-element-1d34ec3 elementor-widget elementor-widget-gallery\" data-id=\"1d34ec3\" data-element_type=\"widget\" data-settings=\"{&quot;columns&quot;:3,&quot;aspect_ratio&quot;:&quot;1:1&quot;,&quot;lazyload&quot;:&quot;yes&quot;,&quot;gallery_layout&quot;:&quot;grid&quot;,&quot;columns_tablet&quot;:2,&quot;columns_mobile&quot;:1,&quot;gap&quot;:{&quot;unit&quot;:&quot;px&quot;,&quot;size&quot;:10,&quot;sizes&quot;:[]},&quot;gap_tablet&quot;:{&quot;unit&quot;:&quot;px&quot;,&quot;size&quot;:10,&quot;sizes&quot;:[]},&quot;gap_mobile&quot;:{&quot;unit&quot;:&quot;px&quot;,&quot;size&quot;:10,&quot;sizes&quot;:[]},&quot;link_to&quot;:&quot;file&quot;,&quot;overlay_background&quot;:&quot;yes&quot;,&quot;content_hover_animation&quot;:&quot;fade-in&quot;}\" data-widget_type=\"gallery.default\">\n\t\t\t\t<div class=\"elementor-widget-container\">\n\t\t\t\t\t<div class=\"elementor-gallery__container\">\n\t\t\t\t\t\t\t<a class=\"e-gallery-item elementor-gallery-item elementor-animated-content\" href=\"https:\/\/borflex-rex.ch\/wp-content\/uploads\/2014\/07\/panier-capsule.jpg\" data-elementor-open-lightbox=\"yes\" data-elementor-lightbox-slideshow=\"all-1d34ec3\" data-elementor-lightbox-title=\"panier capsule\">\n\t\t\t\t\t<div class=\"e-gallery-image elementor-gallery-item__image\" data-thumbnail=\"https:\/\/borflex-rex.ch\/wp-content\/uploads\/2014\/07\/panier-capsule.jpg\" data-width=\"1024\" data-height=\"768\" alt=\"\" ><\/div>\n\t\t\t\t\t\t\t\t\t\t<div class=\"elementor-gallery-item__overlay\"><\/div>\n\t\t\t\t\t\t\t\t\t\t\t\t\t\t<\/a>\n\t\t\t\t\t\t\t<a class=\"e-gallery-item elementor-gallery-item elementor-animated-content\" href=\"https:\/\/borflex-rex.ch\/wp-content\/uploads\/2014\/07\/PICT0005-B.jpg\" data-elementor-open-lightbox=\"yes\" data-elementor-lightbox-slideshow=\"all-1d34ec3\" data-elementor-lightbox-title=\"PICT0005-B\">\n\t\t\t\t\t<div class=\"e-gallery-image elementor-gallery-item__image\" data-thumbnail=\"https:\/\/borflex-rex.ch\/wp-content\/uploads\/2014\/07\/PICT0005-B.jpg\" data-width=\"1185\" data-height=\"1147\" alt=\"\" ><\/div>\n\t\t\t\t\t\t\t\t\t\t<div class=\"elementor-gallery-item__overlay\"><\/div>\n\t\t\t\t\t\t\t\t\t\t\t\t\t\t<\/a>\n\t\t\t\t\t\t\t<a class=\"e-gallery-item elementor-gallery-item elementor-animated-content\" href=\"https:\/\/borflex-rex.ch\/wp-content\/uploads\/2014\/07\/2898.jpg\" data-elementor-open-lightbox=\"yes\" data-elementor-lightbox-slideshow=\"all-1d34ec3\" data-elementor-lightbox-title=\"2898\">\n\t\t\t\t\t<div class=\"e-gallery-image elementor-gallery-item__image\" data-thumbnail=\"https:\/\/borflex-rex.ch\/wp-content\/uploads\/2014\/07\/2898.jpg\" data-width=\"899\" data-height=\"1348\" alt=\"\" ><\/div>\n\t\t\t\t\t\t\t\t\t\t<div class=\"elementor-gallery-item__overlay\"><\/div>\n\t\t\t\t\t\t\t\t\t\t\t\t\t\t<\/a>\n\t\t\t\t\t\t\t<a class=\"e-gallery-item elementor-gallery-item elementor-animated-content\" href=\"https:\/\/borflex-rex.ch\/wp-content\/uploads\/2014\/07\/O1C08601.jpg\" data-elementor-open-lightbox=\"yes\" data-elementor-lightbox-slideshow=\"all-1d34ec3\" data-elementor-lightbox-title=\"O1C0860\">\n\t\t\t\t\t<div class=\"e-gallery-image elementor-gallery-item__image\" data-thumbnail=\"https:\/\/borflex-rex.ch\/wp-content\/uploads\/2014\/07\/O1C08601.jpg\" data-width=\"1382\" data-height=\"922\" alt=\"\" ><\/div>\n\t\t\t\t\t\t\t\t\t\t<div class=\"elementor-gallery-item__overlay\"><\/div>\n\t\t\t\t\t\t\t\t\t\t\t\t\t\t<\/a>\n\t\t\t\t\t\t\t<a class=\"e-gallery-item elementor-gallery-item elementor-animated-content\" href=\"https:\/\/borflex-rex.ch\/wp-content\/uploads\/2014\/07\/O1C0893.jpg\" data-elementor-open-lightbox=\"yes\" data-elementor-lightbox-slideshow=\"all-1d34ec3\" data-elementor-lightbox-title=\"O1C0893\">\n\t\t\t\t\t<div class=\"e-gallery-image elementor-gallery-item__image\" data-thumbnail=\"https:\/\/borflex-rex.ch\/wp-content\/uploads\/2014\/07\/O1C0893.jpg\" data-width=\"1382\" data-height=\"922\" alt=\"\" ><\/div>\n\t\t\t\t\t\t\t\t\t\t<div class=\"elementor-gallery-item__overlay\"><\/div>\n\t\t\t\t\t\t\t\t\t\t\t\t\t\t<\/a>\n\t\t\t\t\t\t\t<a class=\"e-gallery-item elementor-gallery-item elementor-animated-content\" href=\"https:\/\/borflex-rex.ch\/wp-content\/uploads\/2014\/07\/O1C0894.jpg\" data-elementor-open-lightbox=\"yes\" data-elementor-lightbox-slideshow=\"all-1d34ec3\" data-elementor-lightbox-title=\"O1C0894\">\n\t\t\t\t\t<div class=\"e-gallery-image elementor-gallery-item__image\" data-thumbnail=\"https:\/\/borflex-rex.ch\/wp-content\/uploads\/2014\/07\/O1C0894.jpg\" data-width=\"1382\" data-height=\"922\" alt=\"\" ><\/div>\n\t\t\t\t\t\t\t\t\t\t<div class=\"elementor-gallery-item__overlay\"><\/div>\n\t\t\t\t\t\t\t\t\t\t\t\t\t\t<\/a>\n\t\t\t\t\t\t\t<a class=\"e-gallery-item elementor-gallery-item elementor-animated-content\" href=\"https:\/\/borflex-rex.ch\/wp-content\/uploads\/2014\/07\/2955.jpg\" data-elementor-open-lightbox=\"yes\" data-elementor-lightbox-slideshow=\"all-1d34ec3\" data-elementor-lightbox-title=\"2955\">\n\t\t\t\t\t<div class=\"e-gallery-image elementor-gallery-item__image\" data-thumbnail=\"https:\/\/borflex-rex.ch\/wp-content\/uploads\/2014\/07\/2955.jpg\" data-width=\"899\" data-height=\"1348\" alt=\"\" ><\/div>\n\t\t\t\t\t\t\t\t\t\t<div class=\"elementor-gallery-item__overlay\"><\/div>\n\t\t\t\t\t\t\t\t\t\t\t\t\t\t<\/a>\n\t\t\t\t\t\t\t<a class=\"e-gallery-item elementor-gallery-item elementor-animated-content\" href=\"https:\/\/borflex-rex.ch\/wp-content\/uploads\/2014\/07\/2967.jpg\" data-elementor-open-lightbox=\"yes\" data-elementor-lightbox-slideshow=\"all-1d34ec3\" data-elementor-lightbox-title=\"2967\">\n\t\t\t\t\t<div class=\"e-gallery-image elementor-gallery-item__image\" data-thumbnail=\"https:\/\/borflex-rex.ch\/wp-content\/uploads\/2014\/07\/2967.jpg\" data-width=\"899\" data-height=\"1348\" alt=\"\" ><\/div>\n\t\t\t\t\t\t\t\t\t\t<div class=\"elementor-gallery-item__overlay\"><\/div>\n\t\t\t\t\t\t\t\t\t\t\t\t\t\t<\/a>\n\t\t\t\t\t\t\t<a class=\"e-gallery-item elementor-gallery-item elementor-animated-content\" href=\"https:\/\/borflex-rex.ch\/wp-content\/uploads\/2014\/07\/3281.jpg\" data-elementor-open-lightbox=\"yes\" data-elementor-lightbox-slideshow=\"all-1d34ec3\" data-elementor-lightbox-title=\"3281\">\n\t\t\t\t\t<div class=\"e-gallery-image elementor-gallery-item__image\" data-thumbnail=\"https:\/\/borflex-rex.ch\/wp-content\/uploads\/2014\/07\/3281.jpg\" data-width=\"1123\" data-height=\"1685\" alt=\"\" ><\/div>\n\t\t\t\t\t\t\t\t\t\t<div class=\"elementor-gallery-item__overlay\"><\/div>\n\t\t\t\t\t\t\t\t\t\t\t\t\t\t<\/a>\n\t\t\t\t\t\t\t<a class=\"e-gallery-item elementor-gallery-item elementor-animated-content\" href=\"https:\/\/borflex-rex.ch\/wp-content\/uploads\/2014\/07\/Articoli_gomma-2.jpg\" data-elementor-open-lightbox=\"yes\" data-elementor-lightbox-slideshow=\"all-1d34ec3\" data-elementor-lightbox-title=\"Articoli_gomma-2\">\n\t\t\t\t\t<div class=\"e-gallery-image elementor-gallery-item__image\" data-thumbnail=\"https:\/\/borflex-rex.ch\/wp-content\/uploads\/2014\/07\/Articoli_gomma-2.jpg\" data-width=\"510\" data-height=\"340\" alt=\"\" ><\/div>\n\t\t\t\t\t\t\t\t\t\t<div class=\"elementor-gallery-item__overlay\"><\/div>\n\t\t\t\t\t\t\t\t\t\t\t\t\t\t<\/a>\n\t\t\t\t\t\t\t<a class=\"e-gallery-item elementor-gallery-item elementor-animated-content\" href=\"https:\/\/borflex-rex.ch\/wp-content\/uploads\/2014\/07\/Articoli_gomma.jpg\" data-elementor-open-lightbox=\"yes\" data-elementor-lightbox-slideshow=\"all-1d34ec3\" data-elementor-lightbox-title=\"Articoli_gomma\">\n\t\t\t\t\t<div class=\"e-gallery-image elementor-gallery-item__image\" data-thumbnail=\"https:\/\/borflex-rex.ch\/wp-content\/uploads\/2014\/07\/Articoli_gomma.jpg\" data-width=\"1000\" data-height=\"667\" alt=\"\" ><\/div>\n\t\t\t\t\t\t\t\t\t\t<div class=\"elementor-gallery-item__overlay\"><\/div>\n\t\t\t\t\t\t\t\t\t\t\t\t\t\t<\/a>\n\t\t\t\t\t\t\t<a class=\"e-gallery-item elementor-gallery-item elementor-animated-content\" href=\"https:\/\/borflex-rex.ch\/wp-content\/uploads\/2014\/07\/gomma-metallo3.jpg\" data-elementor-open-lightbox=\"yes\" data-elementor-lightbox-slideshow=\"all-1d34ec3\" data-elementor-lightbox-title=\"gomma-metallo3\">\n\t\t\t\t\t<div class=\"e-gallery-image elementor-gallery-item__image\" data-thumbnail=\"https:\/\/borflex-rex.ch\/wp-content\/uploads\/2014\/07\/gomma-metallo3.jpg\" data-width=\"573\" data-height=\"850\" alt=\"\" ><\/div>\n\t\t\t\t\t\t\t\t\t\t<div class=\"elementor-gallery-item__overlay\"><\/div>\n\t\t\t\t\t\t\t\t\t\t\t\t\t\t<\/a>\n\t\t\t\t\t\t\t<a class=\"e-gallery-item elementor-gallery-item elementor-animated-content\" href=\"https:\/\/borflex-rex.ch\/wp-content\/uploads\/2014\/07\/gomma-metallo2.jpg\" data-elementor-open-lightbox=\"yes\" data-elementor-lightbox-slideshow=\"all-1d34ec3\" data-elementor-lightbox-title=\"gomma-metallo2\">\n\t\t\t\t\t<div class=\"e-gallery-image elementor-gallery-item__image\" data-thumbnail=\"https:\/\/borflex-rex.ch\/wp-content\/uploads\/2014\/07\/gomma-metallo2.jpg\" data-width=\"573\" data-height=\"850\" alt=\"\" ><\/div>\n\t\t\t\t\t\t\t\t\t\t<div class=\"elementor-gallery-item__overlay\"><\/div>\n\t\t\t\t\t\t\t\t\t\t\t\t\t\t<\/a>\n\t\t\t\t\t\t\t<a class=\"e-gallery-item elementor-gallery-item elementor-animated-content\" href=\"https:\/\/borflex-rex.ch\/wp-content\/uploads\/2014\/07\/gomma-metallo4.jpg\" data-elementor-open-lightbox=\"yes\" data-elementor-lightbox-slideshow=\"all-1d34ec3\" data-elementor-lightbox-title=\"gomma-metallo4\">\n\t\t\t\t\t<div class=\"e-gallery-image elementor-gallery-item__image\" data-thumbnail=\"https:\/\/borflex-rex.ch\/wp-content\/uploads\/2014\/07\/gomma-metallo4.jpg\" data-width=\"578\" data-height=\"850\" alt=\"\" ><\/div>\n\t\t\t\t\t\t\t\t\t\t<div class=\"elementor-gallery-item__overlay\"><\/div>\n\t\t\t\t\t\t\t\t\t\t\t\t\t\t<\/a>\n\t\t\t\t\t\t\t<a class=\"e-gallery-item elementor-gallery-item elementor-animated-content\" href=\"https:\/\/borflex-rex.ch\/wp-content\/uploads\/2014\/07\/gomma-metallo5.jpg\" data-elementor-open-lightbox=\"yes\" data-elementor-lightbox-slideshow=\"all-1d34ec3\" data-elementor-lightbox-title=\"gomma-metallo5\">\n\t\t\t\t\t<div class=\"e-gallery-image elementor-gallery-item__image\" data-thumbnail=\"https:\/\/borflex-rex.ch\/wp-content\/uploads\/2014\/07\/gomma-metallo5.jpg\" data-width=\"573\" data-height=\"850\" alt=\"\" ><\/div>\n\t\t\t\t\t\t\t\t\t\t<div class=\"elementor-gallery-item__overlay\"><\/div>\n\t\t\t\t\t\t\t\t\t\t\t\t\t\t<\/a>\n\t\t\t\t\t\t\t<a class=\"e-gallery-item elementor-gallery-item elementor-animated-content\" href=\"https:\/\/borflex-rex.ch\/wp-content\/uploads\/2014\/07\/gomma-metallo1.jpg\" data-elementor-open-lightbox=\"yes\" data-elementor-lightbox-slideshow=\"all-1d34ec3\" data-elementor-lightbox-title=\"gomma-metallo1\">\n\t\t\t\t\t<div class=\"e-gallery-image elementor-gallery-item__image\" data-thumbnail=\"https:\/\/borflex-rex.ch\/wp-content\/uploads\/2014\/07\/gomma-metallo1.jpg\" data-width=\"573\" data-height=\"850\" alt=\"\" ><\/div>\n\t\t\t\t\t\t\t\t\t\t<div class=\"elementor-gallery-item__overlay\"><\/div>\n\t\t\t\t\t\t\t\t\t\t\t\t\t\t<\/a>\n\t\t\t\t\t\t\t<a class=\"e-gallery-item elementor-gallery-item elementor-animated-content\" href=\"https:\/\/borflex-rex.ch\/wp-content\/uploads\/2014\/07\/prodotti-big-02.jpg\" data-elementor-open-lightbox=\"yes\" data-elementor-lightbox-slideshow=\"all-1d34ec3\" data-elementor-lightbox-title=\"prodotti-big-02\">\n\t\t\t\t\t<div class=\"e-gallery-image elementor-gallery-item__image\" data-thumbnail=\"https:\/\/borflex-rex.ch\/wp-content\/uploads\/2014\/07\/prodotti-big-02.jpg\" data-width=\"1920\" data-height=\"600\" alt=\"\" ><\/div>\n\t\t\t\t\t\t\t\t\t\t<div class=\"elementor-gallery-item__overlay\"><\/div>\n\t\t\t\t\t\t\t\t\t\t\t\t\t\t<\/a>\n\t\t\t\t\t<\/div>\n\t\t\t<\/div>\n\t\t\t\t<\/div>\n\t\t\t\t\t\t<\/div>\n\t\t\t\t\t<\/div>\n\t\t<\/div>\n\t\t\t\t\t\t\t\t<\/div>\n\t\t\t\t\t<\/div>\n\t\t<\/section>\n\t\t\t\t\t\t<\/div>\n\t\t\t\t\t\t<\/div>\n\t\t\t\t\t<\/div>\n\t\t","protected":false},"excerpt":{"rendered":"<p>Unser know-how zu Ihren Diensten Im Auftrag unserer Kunden entwickeln wir Formteile mit modernsten 2D und 3D CAD-Systemen, welche direkt mit unserer Produktion verbunden sind, um eine schnelle und pr\u00e4zise Fertigung zu gew\u00e4hrleisten. In Erg\u00e4nzung Zus\u00e4tzlich zu FEA-Systemen k\u00f6nnen deshalb Portotypen innerhalb k\u00fcrzester Zeit realisiert werden. Borflex Rex SA fertigt Produkte f\u00fcr verschiedene Branchen wie [&hellip;]<\/p>\n","protected":false},"author":23,"featured_media":0,"parent":0,"menu_order":0,"comment_status":"closed","ping_status":"closed","template":"","meta":[],"yoast_head":"<!-- This site is optimized with the Yoast SEO plugin v17.3 - https:\/\/yoast.com\/wordpress\/plugins\/seo\/ -->\n<title>Unser know-how zu Ihren Diensten<\/title>\n<meta name=\"description\" content=\"Our know how available to customers. Read more about our thermoplastic elastic and thermoplastic elastomers technologies.\" \/>\n<meta name=\"robots\" content=\"index, follow, max-snippet:-1, max-image-preview:large, max-video-preview:-1\" \/>\n<link rel=\"canonical\" href=\"https:\/\/borflex-rex.ch\/de\/kompetenz\/\" \/>\n<meta property=\"og:locale\" content=\"de_DE\" \/>\n<meta property=\"og:type\" content=\"article\" \/>\n<meta property=\"og:title\" content=\"Unser know-how zu Ihren Diensten\" \/>\n<meta property=\"og:description\" content=\"Our know how available to customers. Read more about our thermoplastic elastic and thermoplastic elastomers technologies.\" \/>\n<meta property=\"og:url\" content=\"https:\/\/borflex-rex.ch\/de\/kompetenz\/\" \/>\n<meta property=\"og:site_name\" content=\"Borflex Rex SA\" \/>\n<meta property=\"article:publisher\" content=\"https:\/\/www.facebook.com\/Rex-Articoli-Tecnici-SA-538626436317023\/?fref=ts\" \/>\n<meta property=\"article:modified_time\" content=\"2021-01-21T21:21:00+00:00\" \/>\n<meta name=\"twitter:label1\" content=\"Gesch\u00e4tzte Lesezeit\" \/>\n\t<meta name=\"twitter:data1\" content=\"1\u00a0Minute\" \/>\n<script type=\"application\/ld+json\" class=\"yoast-schema-graph\">{\"@context\":\"https:\/\/schema.org\",\"@graph\":[{\"@type\":\"Organization\",\"@id\":\"https:\/\/borflex-rex.ch\/de\/#organization\",\"name\":\"Borflex Rex SA\",\"url\":\"https:\/\/borflex-rex.ch\/de\/\",\"sameAs\":[\"https:\/\/www.facebook.com\/Rex-Articoli-Tecnici-SA-538626436317023\/?fref=ts\",\"https:\/\/www.linkedin.com\/company\/rex-articoli-tecnici-sa\",\"https:\/\/www.youtube.com\/channel\/UC5bX_Xfx-7axBmeRH-N7JXQ\"],\"logo\":{\"@type\":\"ImageObject\",\"@id\":\"https:\/\/borflex-rex.ch\/de\/#logo\",\"inLanguage\":\"de\",\"url\":\"https:\/\/borflex-rex.ch\/wp-content\/uploads\/2016\/05\/Rex-Logo.png\",\"contentUrl\":\"https:\/\/borflex-rex.ch\/wp-content\/uploads\/2016\/05\/Rex-Logo.png\",\"width\":172,\"height\":50,\"caption\":\"Borflex Rex SA\"},\"image\":{\"@id\":\"https:\/\/borflex-rex.ch\/de\/#logo\"}},{\"@type\":\"WebSite\",\"@id\":\"https:\/\/borflex-rex.ch\/de\/#website\",\"url\":\"https:\/\/borflex-rex.ch\/de\/\",\"name\":\"Borflex Rex SA\",\"description\":\"\",\"publisher\":{\"@id\":\"https:\/\/borflex-rex.ch\/de\/#organization\"},\"potentialAction\":[{\"@type\":\"SearchAction\",\"target\":{\"@type\":\"EntryPoint\",\"urlTemplate\":\"https:\/\/borflex-rex.ch\/de\/?s={search_term_string}\"},\"query-input\":\"required name=search_term_string\"}],\"inLanguage\":\"de\"},{\"@type\":\"WebPage\",\"@id\":\"https:\/\/borflex-rex.ch\/de\/kompetenz\/#webpage\",\"url\":\"https:\/\/borflex-rex.ch\/de\/kompetenz\/\",\"name\":\"Unser know-how zu Ihren Diensten\",\"isPartOf\":{\"@id\":\"https:\/\/borflex-rex.ch\/de\/#website\"},\"datePublished\":\"2019-12-20T11:26:24+00:00\",\"dateModified\":\"2021-01-21T21:21:00+00:00\",\"description\":\"Our know how available to customers. Read more about our thermoplastic elastic and thermoplastic elastomers technologies.\",\"breadcrumb\":{\"@id\":\"https:\/\/borflex-rex.ch\/de\/kompetenz\/#breadcrumb\"},\"inLanguage\":\"de\",\"potentialAction\":[{\"@type\":\"ReadAction\",\"target\":[\"https:\/\/borflex-rex.ch\/de\/kompetenz\/\"]}]},{\"@type\":\"BreadcrumbList\",\"@id\":\"https:\/\/borflex-rex.ch\/de\/kompetenz\/#breadcrumb\",\"itemListElement\":[{\"@type\":\"ListItem\",\"position\":1,\"name\":\"Home\",\"item\":\"https:\/\/borflex-rex.ch\/de\/\"},{\"@type\":\"ListItem\",\"position\":2,\"name\":\"Kompetenz\"}]}]}<\/script>\n<!-- \/ Yoast SEO plugin. -->","yoast_head_json":{"title":"Unser know-how zu Ihren Diensten","description":"Our know how available to customers. Read more about our thermoplastic elastic and thermoplastic elastomers technologies.","robots":{"index":"index","follow":"follow","max-snippet":"max-snippet:-1","max-image-preview":"max-image-preview:large","max-video-preview":"max-video-preview:-1"},"canonical":"https:\/\/borflex-rex.ch\/de\/kompetenz\/","og_locale":"de_DE","og_type":"article","og_title":"Unser know-how zu Ihren Diensten","og_description":"Our know how available to customers. Read more about our thermoplastic elastic and thermoplastic elastomers technologies.","og_url":"https:\/\/borflex-rex.ch\/de\/kompetenz\/","og_site_name":"Borflex Rex SA","article_publisher":"https:\/\/www.facebook.com\/Rex-Articoli-Tecnici-SA-538626436317023\/?fref=ts","article_modified_time":"2021-01-21T21:21:00+00:00","twitter_misc":{"Gesch\u00e4tzte Lesezeit":"1\u00a0Minute"},"schema":{"@context":"https:\/\/schema.org","@graph":[{"@type":"Organization","@id":"https:\/\/borflex-rex.ch\/de\/#organization","name":"Borflex Rex SA","url":"https:\/\/borflex-rex.ch\/de\/","sameAs":["https:\/\/www.facebook.com\/Rex-Articoli-Tecnici-SA-538626436317023\/?fref=ts","https:\/\/www.linkedin.com\/company\/rex-articoli-tecnici-sa","https:\/\/www.youtube.com\/channel\/UC5bX_Xfx-7axBmeRH-N7JXQ"],"logo":{"@type":"ImageObject","@id":"https:\/\/borflex-rex.ch\/de\/#logo","inLanguage":"de","url":"https:\/\/borflex-rex.ch\/wp-content\/uploads\/2016\/05\/Rex-Logo.png","contentUrl":"https:\/\/borflex-rex.ch\/wp-content\/uploads\/2016\/05\/Rex-Logo.png","width":172,"height":50,"caption":"Borflex Rex SA"},"image":{"@id":"https:\/\/borflex-rex.ch\/de\/#logo"}},{"@type":"WebSite","@id":"https:\/\/borflex-rex.ch\/de\/#website","url":"https:\/\/borflex-rex.ch\/de\/","name":"Borflex Rex SA","description":"","publisher":{"@id":"https:\/\/borflex-rex.ch\/de\/#organization"},"potentialAction":[{"@type":"SearchAction","target":{"@type":"EntryPoint","urlTemplate":"https:\/\/borflex-rex.ch\/de\/?s={search_term_string}"},"query-input":"required name=search_term_string"}],"inLanguage":"de"},{"@type":"WebPage","@id":"https:\/\/borflex-rex.ch\/de\/kompetenz\/#webpage","url":"https:\/\/borflex-rex.ch\/de\/kompetenz\/","name":"Unser know-how zu Ihren Diensten","isPartOf":{"@id":"https:\/\/borflex-rex.ch\/de\/#website"},"datePublished":"2019-12-20T11:26:24+00:00","dateModified":"2021-01-21T21:21:00+00:00","description":"Our know how available to customers. Read more about our thermoplastic elastic and thermoplastic elastomers technologies.","breadcrumb":{"@id":"https:\/\/borflex-rex.ch\/de\/kompetenz\/#breadcrumb"},"inLanguage":"de","potentialAction":[{"@type":"ReadAction","target":["https:\/\/borflex-rex.ch\/de\/kompetenz\/"]}]},{"@type":"BreadcrumbList","@id":"https:\/\/borflex-rex.ch\/de\/kompetenz\/#breadcrumb","itemListElement":[{"@type":"ListItem","position":1,"name":"Home","item":"https:\/\/borflex-rex.ch\/de\/"},{"@type":"ListItem","position":2,"name":"Kompetenz"}]}]}},"_links":{"self":[{"href":"https:\/\/borflex-rex.ch\/de\/wp-json\/wp\/v2\/pages\/33755"}],"collection":[{"href":"https:\/\/borflex-rex.ch\/de\/wp-json\/wp\/v2\/pages"}],"about":[{"href":"https:\/\/borflex-rex.ch\/de\/wp-json\/wp\/v2\/types\/page"}],"author":[{"embeddable":true,"href":"https:\/\/borflex-rex.ch\/de\/wp-json\/wp\/v2\/users\/23"}],"replies":[{"embeddable":true,"href":"https:\/\/borflex-rex.ch\/de\/wp-json\/wp\/v2\/comments?post=33755"}],"version-history":[{"count":2,"href":"https:\/\/borflex-rex.ch\/de\/wp-json\/wp\/v2\/pages\/33755\/revisions"}],"predecessor-version":[{"id":34271,"href":"https:\/\/borflex-rex.ch\/de\/wp-json\/wp\/v2\/pages\/33755\/revisions\/34271"}],"wp:attachment":[{"href":"https:\/\/borflex-rex.ch\/de\/wp-json\/wp\/v2\/media?parent=33755"}],"curies":[{"name":"wp","href":"https:\/\/api.w.org\/{rel}","templated":true}]}}