{"id":21210,"date":"2015-11-06T15:31:03","date_gmt":"2015-11-06T15:31:03","guid":{"rendered":"http:\/\/rex2016.wpengine.com\/core-values-2\/"},"modified":"2020-04-21T08:50:18","modified_gmt":"2020-04-21T07:50:18","slug":"core-values","status":"publish","type":"page","link":"https:\/\/borflex-rex.ch\/it\/core-values\/","title":{"rendered":"Valori Fondamentali"},"content":{"rendered":"\t\t<div data-elementor-type=\"wp-page\" data-elementor-id=\"21210\" class=\"elementor elementor-21210 elementor-21203\" data-elementor-settings=\"[]\">\n\t\t\t\t\t\t<div class=\"elementor-inner\">\n\t\t\t\t\t\t\t<div class=\"elementor-section-wrap\">\n\t\t\t\t\t\t\t<section class=\"elementor-section elementor-top-section elementor-element elementor-element-bcd2658 elementor-section-boxed elementor-section-height-default elementor-section-height-default\" data-id=\"bcd2658\" data-element_type=\"section\">\n\t\t\t\t\t\t<div class=\"elementor-container elementor-column-gap-default\">\n\t\t\t\t\t\t\t<div class=\"elementor-row\">\n\t\t\t\t\t<div class=\"elementor-column elementor-col-100 elementor-top-column elementor-element elementor-element-70cdae2\" data-id=\"70cdae2\" data-element_type=\"column\">\n\t\t\t<div class=\"elementor-column-wrap elementor-element-populated\">\n\t\t\t\t\t\t\t<div class=\"elementor-widget-wrap\">\n\t\t\t\t\t\t<div class=\"elementor-element elementor-element-38b951e elementor-widget elementor-widget-heading\" data-id=\"38b951e\" data-element_type=\"widget\" data-widget_type=\"heading.default\">\n\t\t\t\t<div class=\"elementor-widget-container\">\n\t\t\t<h2 class=\"elementor-heading-title elementor-size-default\">Valori fondamentali<\/h2>\t\t<\/div>\n\t\t\t\t<\/div>\n\t\t\t\t\t\t<\/div>\n\t\t\t\t\t<\/div>\n\t\t<\/div>\n\t\t\t\t\t\t\t\t<\/div>\n\t\t\t\t\t<\/div>\n\t\t<\/section>\n\t\t\t\t<section class=\"elementor-section elementor-top-section elementor-element elementor-element-2fbb8ac elementor-section-height-min-height elementor-section-boxed elementor-section-height-default elementor-section-items-middle\" data-id=\"2fbb8ac\" data-element_type=\"section\">\n\t\t\t\t\t\t<div class=\"elementor-container elementor-column-gap-default\">\n\t\t\t\t\t\t\t<div class=\"elementor-row\">\n\t\t\t\t\t<div class=\"elementor-column elementor-col-25 elementor-top-column elementor-element elementor-element-d1a4a78\" data-id=\"d1a4a78\" data-element_type=\"column\">\n\t\t\t<div class=\"elementor-column-wrap elementor-element-populated\">\n\t\t\t\t\t\t\t<div class=\"elementor-widget-wrap\">\n\t\t\t\t\t\t<div class=\"elementor-element elementor-element-48abe23 elementor-widget elementor-widget-heading\" data-id=\"48abe23\" data-element_type=\"widget\" data-widget_type=\"heading.default\">\n\t\t\t\t<div class=\"elementor-widget-container\">\n\t\t\t<h3 class=\"elementor-heading-title elementor-size-default\">Innovazione<\/h3>\t\t<\/div>\n\t\t\t\t<\/div>\n\t\t\t\t<div class=\"elementor-element elementor-element-a850ed0 elementor-widget elementor-widget-image\" data-id=\"a850ed0\" data-element_type=\"widget\" data-widget_type=\"image.default\">\n\t\t\t\t<div class=\"elementor-widget-container\">\n\t\t\t\t\t\t\t\t<div class=\"elementor-image\">\n\t\t\t\t\t\t\t\t\t\t\t\t<img width=\"650\" height=\"650\" src=\"https:\/\/borflex-rex.ch\/wp-content\/uploads\/2020\/01\/innovation.png\" class=\"attachment-full size-full\" alt=\"\" loading=\"lazy\" srcset=\"https:\/\/borflex-rex.ch\/wp-content\/uploads\/2020\/01\/innovation.png 650w, https:\/\/borflex-rex.ch\/wp-content\/uploads\/2020\/01\/innovation-300x300.png 300w, https:\/\/borflex-rex.ch\/wp-content\/uploads\/2020\/01\/innovation-150x150.png 150w\" sizes=\"(max-width: 650px) 100vw, 650px\" \/>\t\t\t\t\t\t\t\t\t\t\t\t\t\t<\/div>\n\t\t\t\t\t\t<\/div>\n\t\t\t\t<\/div>\n\t\t\t\t<div class=\"elementor-element elementor-element-8eb47db elementor-widget elementor-widget-text-editor\" data-id=\"8eb47db\" data-element_type=\"widget\" data-widget_type=\"text-editor.default\">\n\t\t\t\t<div class=\"elementor-widget-container\">\n\t\t\t\t\t\t\t\t<div class=\"elementor-text-editor elementor-clearfix\">\n\t\t\t\t<p>Continua ricerca e sviluppo con universit\u00e0 per trovare nuove miscele e soluzioni.<\/p>\n\t\t\t\t\t<\/div>\n\t\t\t\t\t\t<\/div>\n\t\t\t\t<\/div>\n\t\t\t\t\t\t<\/div>\n\t\t\t\t\t<\/div>\n\t\t<\/div>\n\t\t\t\t<div class=\"elementor-column elementor-col-25 elementor-top-column elementor-element elementor-element-572cd81\" data-id=\"572cd81\" data-element_type=\"column\">\n\t\t\t<div class=\"elementor-column-wrap elementor-element-populated\">\n\t\t\t\t\t\t\t<div class=\"elementor-widget-wrap\">\n\t\t\t\t\t\t<div class=\"elementor-element elementor-element-9b17743 elementor-widget elementor-widget-heading\" data-id=\"9b17743\" data-element_type=\"widget\" data-widget_type=\"heading.default\">\n\t\t\t\t<div class=\"elementor-widget-container\">\n\t\t\t<h3 class=\"elementor-heading-title elementor-size-default\">Servizio Clienti<\/h3>\t\t<\/div>\n\t\t\t\t<\/div>\n\t\t\t\t<div class=\"elementor-element elementor-element-3aa145e elementor-widget elementor-widget-image\" data-id=\"3aa145e\" data-element_type=\"widget\" data-widget_type=\"image.default\">\n\t\t\t\t<div class=\"elementor-widget-container\">\n\t\t\t\t\t\t\t\t<div class=\"elementor-image\">\n\t\t\t\t\t\t\t\t\t\t\t\t<img width=\"650\" height=\"650\" src=\"https:\/\/borflex-rex.ch\/wp-content\/uploads\/2020\/01\/customer-service.png\" class=\"attachment-full size-full\" alt=\"\" loading=\"lazy\" srcset=\"https:\/\/borflex-rex.ch\/wp-content\/uploads\/2020\/01\/customer-service.png 650w, https:\/\/borflex-rex.ch\/wp-content\/uploads\/2020\/01\/customer-service-300x300.png 300w, https:\/\/borflex-rex.ch\/wp-content\/uploads\/2020\/01\/customer-service-150x150.png 150w\" sizes=\"(max-width: 650px) 100vw, 650px\" \/>\t\t\t\t\t\t\t\t\t\t\t\t\t\t<\/div>\n\t\t\t\t\t\t<\/div>\n\t\t\t\t<\/div>\n\t\t\t\t<div class=\"elementor-element elementor-element-86c0464 elementor-widget elementor-widget-text-editor\" data-id=\"86c0464\" data-element_type=\"widget\" data-widget_type=\"text-editor.default\">\n\t\t\t\t<div class=\"elementor-widget-container\">\n\t\t\t\t\t\t\t\t<div class=\"elementor-text-editor elementor-clearfix\">\n\t\t\t\t<p>Il contatto diretto e continuo col cliente sta al centro del nostro lavoro di produzione e ricerca.<\/p>\n\t\t\t\t\t<\/div>\n\t\t\t\t\t\t<\/div>\n\t\t\t\t<\/div>\n\t\t\t\t\t\t<\/div>\n\t\t\t\t\t<\/div>\n\t\t<\/div>\n\t\t\t\t<div class=\"elementor-column elementor-col-25 elementor-top-column elementor-element elementor-element-256d199\" data-id=\"256d199\" data-element_type=\"column\">\n\t\t\t<div class=\"elementor-column-wrap elementor-element-populated\">\n\t\t\t\t\t\t\t<div class=\"elementor-widget-wrap\">\n\t\t\t\t\t\t<div class=\"elementor-element elementor-element-82d285e elementor-widget elementor-widget-heading\" data-id=\"82d285e\" data-element_type=\"widget\" data-widget_type=\"heading.default\">\n\t\t\t\t<div class=\"elementor-widget-container\">\n\t\t\t<h3 class=\"elementor-heading-title elementor-size-default\">Qualit\u00e0<\/h3>\t\t<\/div>\n\t\t\t\t<\/div>\n\t\t\t\t<div class=\"elementor-element elementor-element-c51dd2c elementor-widget elementor-widget-image\" data-id=\"c51dd2c\" data-element_type=\"widget\" data-widget_type=\"image.default\">\n\t\t\t\t<div class=\"elementor-widget-container\">\n\t\t\t\t\t\t\t\t<div class=\"elementor-image\">\n\t\t\t\t\t\t\t\t\t\t\t\t<img width=\"650\" height=\"650\" src=\"https:\/\/borflex-rex.ch\/wp-content\/uploads\/2020\/01\/quality.png\" class=\"attachment-full size-full\" alt=\"\" loading=\"lazy\" srcset=\"https:\/\/borflex-rex.ch\/wp-content\/uploads\/2020\/01\/quality.png 650w, https:\/\/borflex-rex.ch\/wp-content\/uploads\/2020\/01\/quality-300x300.png 300w, https:\/\/borflex-rex.ch\/wp-content\/uploads\/2020\/01\/quality-150x150.png 150w\" sizes=\"(max-width: 650px) 100vw, 650px\" \/>\t\t\t\t\t\t\t\t\t\t\t\t\t\t<\/div>\n\t\t\t\t\t\t<\/div>\n\t\t\t\t<\/div>\n\t\t\t\t<div class=\"elementor-element elementor-element-2ff9d4d elementor-widget elementor-widget-text-editor\" data-id=\"2ff9d4d\" data-element_type=\"widget\" data-widget_type=\"text-editor.default\">\n\t\t\t\t<div class=\"elementor-widget-container\">\n\t\t\t\t\t\t\t\t<div class=\"elementor-text-editor elementor-clearfix\">\n\t\t\t\t<p>ISO 9001, ISO TS 22163 e un programma interno per una produzione continua di massima qualit\u00e0.<\/p>\n\t\t\t\t\t<\/div>\n\t\t\t\t\t\t<\/div>\n\t\t\t\t<\/div>\n\t\t\t\t\t\t<\/div>\n\t\t\t\t\t<\/div>\n\t\t<\/div>\n\t\t\t\t<div class=\"elementor-column elementor-col-25 elementor-top-column elementor-element elementor-element-a458c37\" data-id=\"a458c37\" data-element_type=\"column\">\n\t\t\t<div class=\"elementor-column-wrap elementor-element-populated\">\n\t\t\t\t\t\t\t<div class=\"elementor-widget-wrap\">\n\t\t\t\t\t\t<div class=\"elementor-element elementor-element-3984fdf elementor-widget elementor-widget-heading\" data-id=\"3984fdf\" data-element_type=\"widget\" data-widget_type=\"heading.default\">\n\t\t\t\t<div class=\"elementor-widget-container\">\n\t\t\t<h3 class=\"elementor-heading-title elementor-size-default\">Sostenibilit\u00e0<\/h3>\t\t<\/div>\n\t\t\t\t<\/div>\n\t\t\t\t<div class=\"elementor-element elementor-element-3fad534 elementor-widget elementor-widget-image\" data-id=\"3fad534\" data-element_type=\"widget\" data-widget_type=\"image.default\">\n\t\t\t\t<div class=\"elementor-widget-container\">\n\t\t\t\t\t\t\t\t<div class=\"elementor-image\">\n\t\t\t\t\t\t\t\t\t\t\t\t<img width=\"650\" height=\"650\" src=\"https:\/\/borflex-rex.ch\/wp-content\/uploads\/2020\/01\/sustainability.png\" class=\"attachment-full size-full\" alt=\"\" loading=\"lazy\" srcset=\"https:\/\/borflex-rex.ch\/wp-content\/uploads\/2020\/01\/sustainability.png 650w, https:\/\/borflex-rex.ch\/wp-content\/uploads\/2020\/01\/sustainability-300x300.png 300w, https:\/\/borflex-rex.ch\/wp-content\/uploads\/2020\/01\/sustainability-150x150.png 150w\" sizes=\"(max-width: 650px) 100vw, 650px\" \/>\t\t\t\t\t\t\t\t\t\t\t\t\t\t<\/div>\n\t\t\t\t\t\t<\/div>\n\t\t\t\t<\/div>\n\t\t\t\t<div class=\"elementor-element elementor-element-8349e70 elementor-widget elementor-widget-text-editor\" data-id=\"8349e70\" data-element_type=\"widget\" data-widget_type=\"text-editor.default\">\n\t\t\t\t<div class=\"elementor-widget-container\">\n\t\t\t\t\t\t\t\t<div class=\"elementor-text-editor elementor-clearfix\">\n\t\t\t\t<p>Ambiente, riciclaggio, fair-trade e la formazione del personale sono molto importanti per noi.<\/p>\n\t\t\t\t\t<\/div>\n\t\t\t\t\t\t<\/div>\n\t\t\t\t<\/div>\n\t\t\t\t\t\t<\/div>\n\t\t\t\t\t<\/div>\n\t\t<\/div>\n\t\t\t\t\t\t\t\t<\/div>\n\t\t\t\t\t<\/div>\n\t\t<\/section>\n\t\t\t\t\t\t<\/div>\n\t\t\t\t\t\t<\/div>\n\t\t\t\t\t<\/div>\n\t\t","protected":false},"excerpt":{"rendered":"<p>Valori fondamentali Innovazione Continua ricerca e sviluppo con universit\u00e0 per trovare nuove miscele e soluzioni. Servizio Clienti Il contatto diretto e continuo col cliente sta al centro del nostro lavoro di produzione e ricerca. Qualit\u00e0 ISO 9001, ISO TS 22163 e un programma interno per una produzione continua di massima qualit\u00e0. Sostenibilit\u00e0 Ambiente, riciclaggio, fair-trade [&hellip;]<\/p>\n","protected":false},"author":23,"featured_media":0,"parent":0,"menu_order":0,"comment_status":"closed","ping_status":"open","template":"","meta":[],"yoast_head":"<!-- This site is optimized with the Yoast SEO plugin v17.3 - https:\/\/yoast.com\/wordpress\/plugins\/seo\/ -->\n<title>Valori Fondamentali<\/title>\n<meta name=\"description\" content=\"Core Values: ISO 9001, TQM and internal programs for continous top quality production. Environment, recycling, fair-trade and staff training...\" \/>\n<meta name=\"robots\" content=\"index, follow, max-snippet:-1, max-image-preview:large, max-video-preview:-1\" \/>\n<link rel=\"canonical\" href=\"https:\/\/borflex-rex.ch\/it\/core-values\/\" \/>\n<meta property=\"og:locale\" content=\"it_IT\" \/>\n<meta property=\"og:type\" content=\"article\" \/>\n<meta property=\"og:title\" content=\"Valori Fondamentali\" \/>\n<meta property=\"og:description\" content=\"Core Values: ISO 9001, TQM and internal programs for continous top quality production. Environment, recycling, fair-trade and staff training...\" \/>\n<meta property=\"og:url\" content=\"https:\/\/borflex-rex.ch\/it\/core-values\/\" \/>\n<meta property=\"og:site_name\" content=\"REX Articoli Tecnici SA\" \/>\n<meta property=\"article:publisher\" content=\"https:\/\/www.facebook.com\/Rex-Articoli-Tecnici-SA-538626436317023\/?fref=ts\" \/>\n<meta property=\"article:modified_time\" content=\"2020-04-21T07:50:18+00:00\" \/>\n<meta property=\"og:image\" content=\"https:\/\/borflex-rex.ch\/wp-content\/uploads\/2020\/01\/innovation.png\" \/>\n<script type=\"application\/ld+json\" class=\"yoast-schema-graph\">{\"@context\":\"https:\/\/schema.org\",\"@graph\":[{\"@type\":\"Organization\",\"@id\":\"https:\/\/borflex-rex.ch\/de\/#organization\",\"name\":\"Borflex Rex SA\",\"url\":\"https:\/\/borflex-rex.ch\/de\/\",\"sameAs\":[\"https:\/\/www.facebook.com\/Rex-Articoli-Tecnici-SA-538626436317023\/?fref=ts\",\"https:\/\/www.linkedin.com\/company\/rex-articoli-tecnici-sa\",\"https:\/\/www.youtube.com\/channel\/UC5bX_Xfx-7axBmeRH-N7JXQ\"],\"logo\":{\"@type\":\"ImageObject\",\"@id\":\"https:\/\/borflex-rex.ch\/de\/#logo\",\"inLanguage\":\"it-IT\",\"url\":\"https:\/\/borflex-rex.ch\/wp-content\/uploads\/2016\/05\/Rex-Logo.png\",\"contentUrl\":\"https:\/\/borflex-rex.ch\/wp-content\/uploads\/2016\/05\/Rex-Logo.png\",\"width\":172,\"height\":50,\"caption\":\"Borflex Rex SA\"},\"image\":{\"@id\":\"https:\/\/borflex-rex.ch\/de\/#logo\"}},{\"@type\":\"WebSite\",\"@id\":\"https:\/\/borflex-rex.ch\/de\/#website\",\"url\":\"https:\/\/borflex-rex.ch\/de\/\",\"name\":\"Borflex Rex SA\",\"description\":\"\",\"publisher\":{\"@id\":\"https:\/\/borflex-rex.ch\/de\/#organization\"},\"potentialAction\":[{\"@type\":\"SearchAction\",\"target\":{\"@type\":\"EntryPoint\",\"urlTemplate\":\"https:\/\/borflex-rex.ch\/de\/?s={search_term_string}\"},\"query-input\":\"required name=search_term_string\"}],\"inLanguage\":\"it-IT\"},{\"@type\":\"ImageObject\",\"@id\":\"https:\/\/borflex-rex.ch\/it\/core-values\/#primaryimage\",\"inLanguage\":\"it-IT\",\"url\":\"https:\/\/borflex-rex.ch\/wp-content\/uploads\/2020\/01\/innovation.png\",\"contentUrl\":\"https:\/\/borflex-rex.ch\/wp-content\/uploads\/2020\/01\/innovation.png\",\"width\":650,\"height\":650},{\"@type\":\"WebPage\",\"@id\":\"https:\/\/borflex-rex.ch\/it\/core-values\/#webpage\",\"url\":\"https:\/\/borflex-rex.ch\/it\/core-values\/\",\"name\":\"Valori Fondamentali\",\"isPartOf\":{\"@id\":\"https:\/\/borflex-rex.ch\/de\/#website\"},\"primaryImageOfPage\":{\"@id\":\"https:\/\/borflex-rex.ch\/it\/core-values\/#primaryimage\"},\"datePublished\":\"2015-11-06T15:31:03+00:00\",\"dateModified\":\"2020-04-21T07:50:18+00:00\",\"description\":\"Core Values: ISO 9001, TQM and internal programs for continous top quality production. Environment, recycling, fair-trade and staff training...\",\"breadcrumb\":{\"@id\":\"https:\/\/borflex-rex.ch\/it\/core-values\/#breadcrumb\"},\"inLanguage\":\"it-IT\",\"potentialAction\":[{\"@type\":\"ReadAction\",\"target\":[\"https:\/\/borflex-rex.ch\/it\/core-values\/\"]}]},{\"@type\":\"BreadcrumbList\",\"@id\":\"https:\/\/borflex-rex.ch\/it\/core-values\/#breadcrumb\",\"itemListElement\":[{\"@type\":\"ListItem\",\"position\":1,\"name\":\"Home\",\"item\":\"https:\/\/borflex-rex.ch\/it\/\"},{\"@type\":\"ListItem\",\"position\":2,\"name\":\"Valori Fondamentali\"}]}]}<\/script>\n<!-- \/ Yoast SEO plugin. -->","yoast_head_json":{"title":"Valori Fondamentali","description":"Core Values: ISO 9001, TQM and internal programs for continous top quality production. Environment, recycling, fair-trade and staff training...","robots":{"index":"index","follow":"follow","max-snippet":"max-snippet:-1","max-image-preview":"max-image-preview:large","max-video-preview":"max-video-preview:-1"},"canonical":"https:\/\/borflex-rex.ch\/it\/core-values\/","og_locale":"it_IT","og_type":"article","og_title":"Valori Fondamentali","og_description":"Core Values: ISO 9001, TQM and internal programs for continous top quality production. Environment, recycling, fair-trade and staff training...","og_url":"https:\/\/borflex-rex.ch\/it\/core-values\/","og_site_name":"REX Articoli Tecnici SA","article_publisher":"https:\/\/www.facebook.com\/Rex-Articoli-Tecnici-SA-538626436317023\/?fref=ts","article_modified_time":"2020-04-21T07:50:18+00:00","og_image":[{"url":"https:\/\/borflex-rex.ch\/wp-content\/uploads\/2020\/01\/innovation.png"}],"schema":{"@context":"https:\/\/schema.org","@graph":[{"@type":"Organization","@id":"https:\/\/borflex-rex.ch\/de\/#organization","name":"Borflex Rex SA","url":"https:\/\/borflex-rex.ch\/de\/","sameAs":["https:\/\/www.facebook.com\/Rex-Articoli-Tecnici-SA-538626436317023\/?fref=ts","https:\/\/www.linkedin.com\/company\/rex-articoli-tecnici-sa","https:\/\/www.youtube.com\/channel\/UC5bX_Xfx-7axBmeRH-N7JXQ"],"logo":{"@type":"ImageObject","@id":"https:\/\/borflex-rex.ch\/de\/#logo","inLanguage":"it-IT","url":"https:\/\/borflex-rex.ch\/wp-content\/uploads\/2016\/05\/Rex-Logo.png","contentUrl":"https:\/\/borflex-rex.ch\/wp-content\/uploads\/2016\/05\/Rex-Logo.png","width":172,"height":50,"caption":"Borflex Rex SA"},"image":{"@id":"https:\/\/borflex-rex.ch\/de\/#logo"}},{"@type":"WebSite","@id":"https:\/\/borflex-rex.ch\/de\/#website","url":"https:\/\/borflex-rex.ch\/de\/","name":"Borflex Rex SA","description":"","publisher":{"@id":"https:\/\/borflex-rex.ch\/de\/#organization"},"potentialAction":[{"@type":"SearchAction","target":{"@type":"EntryPoint","urlTemplate":"https:\/\/borflex-rex.ch\/de\/?s={search_term_string}"},"query-input":"required name=search_term_string"}],"inLanguage":"it-IT"},{"@type":"ImageObject","@id":"https:\/\/borflex-rex.ch\/it\/core-values\/#primaryimage","inLanguage":"it-IT","url":"https:\/\/borflex-rex.ch\/wp-content\/uploads\/2020\/01\/innovation.png","contentUrl":"https:\/\/borflex-rex.ch\/wp-content\/uploads\/2020\/01\/innovation.png","width":650,"height":650},{"@type":"WebPage","@id":"https:\/\/borflex-rex.ch\/it\/core-values\/#webpage","url":"https:\/\/borflex-rex.ch\/it\/core-values\/","name":"Valori Fondamentali","isPartOf":{"@id":"https:\/\/borflex-rex.ch\/de\/#website"},"primaryImageOfPage":{"@id":"https:\/\/borflex-rex.ch\/it\/core-values\/#primaryimage"},"datePublished":"2015-11-06T15:31:03+00:00","dateModified":"2020-04-21T07:50:18+00:00","description":"Core Values: ISO 9001, TQM and internal programs for continous top quality production. Environment, recycling, fair-trade and staff training...","breadcrumb":{"@id":"https:\/\/borflex-rex.ch\/it\/core-values\/#breadcrumb"},"inLanguage":"it-IT","potentialAction":[{"@type":"ReadAction","target":["https:\/\/borflex-rex.ch\/it\/core-values\/"]}]},{"@type":"BreadcrumbList","@id":"https:\/\/borflex-rex.ch\/it\/core-values\/#breadcrumb","itemListElement":[{"@type":"ListItem","position":1,"name":"Home","item":"https:\/\/borflex-rex.ch\/it\/"},{"@type":"ListItem","position":2,"name":"Valori Fondamentali"}]}]}},"_links":{"self":[{"href":"https:\/\/borflex-rex.ch\/it\/wp-json\/wp\/v2\/pages\/21210"}],"collection":[{"href":"https:\/\/borflex-rex.ch\/it\/wp-json\/wp\/v2\/pages"}],"about":[{"href":"https:\/\/borflex-rex.ch\/it\/wp-json\/wp\/v2\/types\/page"}],"author":[{"embeddable":true,"href":"https:\/\/borflex-rex.ch\/it\/wp-json\/wp\/v2\/users\/23"}],"replies":[{"embeddable":true,"href":"https:\/\/borflex-rex.ch\/it\/wp-json\/wp\/v2\/comments?post=21210"}],"version-history":[{"count":7,"href":"https:\/\/borflex-rex.ch\/it\/wp-json\/wp\/v2\/pages\/21210\/revisions"}],"predecessor-version":[{"id":34045,"href":"https:\/\/borflex-rex.ch\/it\/wp-json\/wp\/v2\/pages\/21210\/revisions\/34045"}],"wp:attachment":[{"href":"https:\/\/borflex-rex.ch\/it\/wp-json\/wp\/v2\/media?parent=21210"}],"curies":[{"name":"wp","href":"https:\/\/api.w.org\/{rel}","templated":true}]}}