{"id":21852,"date":"2016-07-25T20:41:07","date_gmt":"2016-07-25T20:41:07","guid":{"rendered":"https:\/\/borflex-rex.ch\/it\/?page_id=21852"},"modified":"2016-08-23T19:51:37","modified_gmt":"2016-08-23T19:51:37","slug":"passaggi-a-livello-in-gomma","status":"publish","type":"page","link":"https:\/\/borflex-rex.ch\/it\/infrastrutture-ferroviarie\/passaggio-a-livello\/passaggi-a-livello-in-gomma\/","title":{"rendered":"Passaggi a Livello in Gomma (HD)"},"content":{"rendered":"<p>[vc_row][vc_column][vc_empty_space height=&#8221;20px&#8221;][vc_custom_heading text=&#8221;Passaggi a Livello in Gomma (HD)&#8221; font_container=&#8221;tag:h1|text_align:left&#8221; use_theme_fonts=&#8221;yes&#8221;][\/vc_column][\/vc_row][vc_row][vc_column width=&#8221;2\/3&#8243;][vc_column_text]<\/p>\n<p><span id=\"result_box\" class=\"\" lang=\"it\" tabindex=\"-1\">Ideale per le rotaie pesanti: Resistente al passaggio di veicoli di oltre 35 tonnellate. Il passaggio tra l&#8217;asfalto e l&#8217;elemento esterno pu\u00f2 essere protetto da un supporto <span class=\"\">in cemento armato<\/span> <span class=\"\">che pu\u00f2 essere fornito<\/span> direttamente dalla societ\u00e0. Cos\u00ec aggiungendo ancora pi\u00f9 <span class=\"\">stabilit\u00e0<\/span> <span class=\"\">e durata nel tempo<\/span>. Il giunto speciale rende la piattaforma montata <span class=\"\">particolarmente solido<\/span><span class=\"\">, di lunga durata<\/span> ed omogenea. L&#8217;incrocio \u00e8 molto <span class=\"\">resistente alle vibrazioni<\/span> <span class=\"\">e assorbe<\/span> un massimo di rumore.<\/span><\/p>\n<p><span id=\"result_box\" class=\"\" lang=\"it\" tabindex=\"-1\">Clicca qui per una panoramica dei prodotti <a href=\"https:\/\/borflex-rex.ch\/it\/infrastrutture-ferroviarie\/passaggio-a-livello\/\"><span class=\"\">passaggi a livello<\/span><\/a>.<\/span><\/p>\n<p>[\/vc_column_text][\/vc_column][vc_column width=&#8221;1\/3&#8243;][vc_single_image image=&#8221;21850&#8243; img_size=&#8221;medium&#8221; alignment=&#8221;center&#8221;][\/vc_column][\/vc_row][vc_row][vc_column width=&#8221;1\/2&#8243;][vc_custom_heading text=&#8221;Casi di utilizzo per Passaggi a Livello in Gomma&#8221; use_theme_fonts=&#8221;yes&#8221;][vc_column_text] <span id=\"result_box\" class=\"\" lang=\"it\" tabindex=\"-1\">Croce svizzera HD il <span class=\"\">passaggio a livello<\/span> di gomma &#8220;dovere in silenzio <span class=\"\">pesante&#8221;<\/span><\/span><\/p>\n<ul>\n<li><span id=\"result_box\" class=\"\" lang=\"it\" tabindex=\"-1\"><span class=\"\">il minimo di vibrazioni e rumore<\/span><\/span><\/li>\n<li><span id=\"result_box\" class=\"\" lang=\"it\" tabindex=\"-1\"><span class=\"\">Per i veicoli pesanti superiori a 35 tonnellate.<\/span><\/span><\/li>\n<li><span id=\"result_box\" class=\"\" lang=\"it\" tabindex=\"-1\"><span class=\"\">Alta stabilit\u00e0 e durata<\/span><\/span><\/li>\n<\/ul>\n<p>[\/vc_column_text][vc_cta h2=&#8221;Contattaci Ora&#8221; h4=&#8221;Passaggi a Livello in Gomma&#8221; color=&#8221;green&#8221; add_button=&#8221;bottom&#8221; btn_title=&#8221;Richiedi maggiori informazioni&#8221; btn_align=&#8221;center&#8221; btn_i_icon_fontawesome=&#8221;fa fa-arrow-circle-right&#8221; add_icon=&#8221;top&#8221; i_icon_fontawesome=&#8221;fa fa-envelope-o&#8221; i_color=&#8221;green&#8221; i_background_style=&#8221;rounded&#8221; btn_link=&#8221;url:https%3A%2F%2Fborflex-rex.ch%2Fcontacts%2F||&#8221; btn_button_block=&#8221;true&#8221; i_on_border=&#8221;true&#8221; i_link=&#8221;url:https%3A%2F%2Fborflex-rex.ch%2Fcontacts%2F||&#8221; btn_add_icon=&#8221;true&#8221; css=&#8221;.vc_custom_1471937576324{background-color: #ffffff !important;}&#8221;][\/vc_cta][\/vc_column][vc_column width=&#8221;1\/2&#8243;][vc_custom_heading text=&#8221;I vantaggi di Passaggi a Livello in Gomma&#8221; use_theme_fonts=&#8221;yes&#8221;][vc_column_text]<\/p>\n<ul>\n<li><span id=\"result_box\" class=\"\" lang=\"it\" tabindex=\"-1\">Buona <span class=\"\">smorzamento delle vibrazioni<\/span> <span class=\"\">e riduzione del rumore<\/span> <\/span><\/li>\n<li><span id=\"result_box\" class=\"\" lang=\"it\" tabindex=\"-1\">Buona <span class=\"\">resistenza di carico<\/span> <span class=\"\">fino a 35<\/span> tonnellate <\/span><\/li>\n<li><span id=\"result_box\" class=\"\" lang=\"it\" tabindex=\"-1\">montaggio <span class=\"\">rapido<\/span> e razionale <span class=\"\">e smontaggio<\/span> <\/span><\/li>\n<li><span id=\"result_box\" class=\"\" lang=\"it\" tabindex=\"-1\">Garantire isolamento elettrico <span class=\"\">tra le due rotaie<\/span> <\/span><\/li>\n<li><span id=\"result_box\" class=\"\" lang=\"it\" tabindex=\"-1\"><span class=\"\">Per<\/span> guache 1.000 millimetri e <span class=\"\">1.435 millimetri<\/span> <\/span><\/li>\n<li><span id=\"result_box\" class=\"\" lang=\"it\" tabindex=\"-1\">Elementi per piccoli raggi di curvatura <span class=\"\">sono disponibili<\/span> <\/span><\/li>\n<li><span id=\"result_box\" class=\"\" lang=\"it\" tabindex=\"-1\">Approvato <span class=\"\">in Svizzera<\/span><\/span><\/li>\n<\/ul>\n<p>[\/vc_column_text][\/vc_column][\/vc_row][vc_row][vc_column][vc_gallery interval=&#8221;5&#8243; images=&#8221;21850,21849,21848,19672,21847&#8243; img_size=&#8221;large&#8221;][\/vc_column][\/vc_row]<\/p>\n","protected":false},"excerpt":{"rendered":"<p>[vc_row][vc_column][vc_empty_space height=&#8221;20px&#8221;][vc_custom_heading text=&#8221;Passaggi a Livello in Gomma (HD)&#8221; font_container=&#8221;tag:h1|text_align:left&#8221; use_theme_fonts=&#8221;yes&#8221;][\/vc_column][\/vc_row][vc_row][vc_column width=&#8221;2\/3&#8243;][vc_column_text] Ideale per le rotaie pesanti: Resistente al passaggio di veicoli di oltre 35 tonnellate. Il passaggio tra l&#8217;asfalto e l&#8217;elemento esterno pu\u00f2 essere protetto da un supporto in cemento armato che pu\u00f2 essere fornito direttamente dalla societ\u00e0. Cos\u00ec aggiungendo ancora pi\u00f9 stabilit\u00e0 e durata [&hellip;]<\/p>\n","protected":false},"author":23,"featured_media":21850,"parent":21981,"menu_order":0,"comment_status":"closed","ping_status":"open","template":"","meta":[],"yoast_head":"<!-- This site is optimized with the Yoast SEO plugin v17.3 - https:\/\/yoast.com\/wordpress\/plugins\/seo\/ -->\n<title>Passaggi a Livello in Gomma di REX Articoli Tecnici SA<\/title>\n<meta name=\"description\" content=\"passaggio a livello in gomma per ferrovia. Ideale per i mezzi pesanti superiori a 35 tonnellate. Adatto a molte applicazioni dove massima riduzione del rumore \u00e8 importante.\" \/>\n<meta name=\"robots\" content=\"index, follow, max-snippet:-1, max-image-preview:large, max-video-preview:-1\" \/>\n<link rel=\"canonical\" href=\"https:\/\/borflex-rex.ch\/it\/infrastrutture-ferroviarie\/passaggio-a-livello\/passaggi-a-livello-in-gomma\/\" \/>\n<meta property=\"og:locale\" content=\"it_IT\" \/>\n<meta property=\"og:type\" content=\"article\" \/>\n<meta property=\"og:title\" content=\"Passaggi a Livello in Gomma di REX Articoli Tecnici SA\" \/>\n<meta property=\"og:description\" content=\"passaggio a livello in gomma per ferrovia. Ideale per i mezzi pesanti superiori a 35 tonnellate. Adatto a molte applicazioni dove massima riduzione del rumore \u00e8 importante.\" \/>\n<meta property=\"og:url\" content=\"https:\/\/borflex-rex.ch\/it\/infrastrutture-ferroviarie\/passaggio-a-livello\/passaggi-a-livello-in-gomma\/\" \/>\n<meta property=\"og:site_name\" content=\"REX Articoli Tecnici SA\" \/>\n<meta property=\"article:publisher\" content=\"https:\/\/www.facebook.com\/Rex-Articoli-Tecnici-SA-538626436317023\/?fref=ts\" \/>\n<meta property=\"article:modified_time\" content=\"2016-08-23T19:51:37+00:00\" \/>\n<meta property=\"og:image\" content=\"https:\/\/borflex-rex.ch\/wp-content\/uploads\/2016\/07\/HD.jpg\" \/>\n\t<meta property=\"og:image:width\" content=\"400\" \/>\n\t<meta property=\"og:image:height\" content=\"256\" \/>\n<meta name=\"twitter:label1\" content=\"Tempo di lettura stimato\" \/>\n\t<meta name=\"twitter:data1\" content=\"2 minuti\" \/>\n<script type=\"application\/ld+json\" class=\"yoast-schema-graph\">{\"@context\":\"https:\/\/schema.org\",\"@graph\":[{\"@type\":\"Organization\",\"@id\":\"https:\/\/borflex-rex.ch\/de\/#organization\",\"name\":\"Borflex Rex SA\",\"url\":\"https:\/\/borflex-rex.ch\/de\/\",\"sameAs\":[\"https:\/\/www.facebook.com\/Rex-Articoli-Tecnici-SA-538626436317023\/?fref=ts\",\"https:\/\/www.linkedin.com\/company\/rex-articoli-tecnici-sa\",\"https:\/\/www.youtube.com\/channel\/UC5bX_Xfx-7axBmeRH-N7JXQ\"],\"logo\":{\"@type\":\"ImageObject\",\"@id\":\"https:\/\/borflex-rex.ch\/de\/#logo\",\"inLanguage\":\"it-IT\",\"url\":\"https:\/\/borflex-rex.ch\/wp-content\/uploads\/2016\/05\/Rex-Logo.png\",\"contentUrl\":\"https:\/\/borflex-rex.ch\/wp-content\/uploads\/2016\/05\/Rex-Logo.png\",\"width\":172,\"height\":50,\"caption\":\"Borflex Rex SA\"},\"image\":{\"@id\":\"https:\/\/borflex-rex.ch\/de\/#logo\"}},{\"@type\":\"WebSite\",\"@id\":\"https:\/\/borflex-rex.ch\/de\/#website\",\"url\":\"https:\/\/borflex-rex.ch\/de\/\",\"name\":\"Borflex Rex SA\",\"description\":\"\",\"publisher\":{\"@id\":\"https:\/\/borflex-rex.ch\/de\/#organization\"},\"potentialAction\":[{\"@type\":\"SearchAction\",\"target\":{\"@type\":\"EntryPoint\",\"urlTemplate\":\"https:\/\/borflex-rex.ch\/de\/?s={search_term_string}\"},\"query-input\":\"required name=search_term_string\"}],\"inLanguage\":\"it-IT\"},{\"@type\":\"ImageObject\",\"@id\":\"https:\/\/borflex-rex.ch\/it\/infrastrutture-ferroviarie\/passaggio-a-livello\/passaggi-a-livello-in-gomma\/#primaryimage\",\"inLanguage\":\"it-IT\",\"url\":\"https:\/\/borflex-rex.ch\/wp-content\/uploads\/2016\/07\/HD.jpg\",\"contentUrl\":\"https:\/\/borflex-rex.ch\/wp-content\/uploads\/2016\/07\/HD.jpg\",\"width\":400,\"height\":256,\"caption\":\"Rubber Level Crossing\"},{\"@type\":\"WebPage\",\"@id\":\"https:\/\/borflex-rex.ch\/it\/infrastrutture-ferroviarie\/passaggio-a-livello\/passaggi-a-livello-in-gomma\/#webpage\",\"url\":\"https:\/\/borflex-rex.ch\/it\/infrastrutture-ferroviarie\/passaggio-a-livello\/passaggi-a-livello-in-gomma\/\",\"name\":\"Passaggi a Livello in Gomma di REX Articoli Tecnici SA\",\"isPartOf\":{\"@id\":\"https:\/\/borflex-rex.ch\/de\/#website\"},\"primaryImageOfPage\":{\"@id\":\"https:\/\/borflex-rex.ch\/it\/infrastrutture-ferroviarie\/passaggio-a-livello\/passaggi-a-livello-in-gomma\/#primaryimage\"},\"datePublished\":\"2016-07-25T20:41:07+00:00\",\"dateModified\":\"2016-08-23T19:51:37+00:00\",\"description\":\"passaggio a livello in gomma per ferrovia. Ideale per i mezzi pesanti superiori a 35 tonnellate. Adatto a molte applicazioni dove massima riduzione del rumore \\u00e8 importante.\",\"breadcrumb\":{\"@id\":\"https:\/\/borflex-rex.ch\/it\/infrastrutture-ferroviarie\/passaggio-a-livello\/passaggi-a-livello-in-gomma\/#breadcrumb\"},\"inLanguage\":\"it-IT\",\"potentialAction\":[{\"@type\":\"ReadAction\",\"target\":[\"https:\/\/borflex-rex.ch\/it\/infrastrutture-ferroviarie\/passaggio-a-livello\/passaggi-a-livello-in-gomma\/\"]}]},{\"@type\":\"BreadcrumbList\",\"@id\":\"https:\/\/borflex-rex.ch\/it\/infrastrutture-ferroviarie\/passaggio-a-livello\/passaggi-a-livello-in-gomma\/#breadcrumb\",\"itemListElement\":[{\"@type\":\"ListItem\",\"position\":1,\"name\":\"Home\",\"item\":\"https:\/\/borflex-rex.ch\/it\/\"},{\"@type\":\"ListItem\",\"position\":2,\"name\":\"Infrastrutture ferroviarie | Passaggi a livello, elementi per binari con o senza-massicciata\",\"item\":\"https:\/\/borflex-rex.ch\/it\/infrastrutture-ferroviarie\/\"},{\"@type\":\"ListItem\",\"position\":3,\"name\":\"Passaggi a livello &#8211; Descrizione del prodotto | RUBE, HD, GFK\",\"item\":\"https:\/\/borflex-rex.ch\/it\/infrastrutture-ferroviarie\/passaggio-a-livello\/\"},{\"@type\":\"ListItem\",\"position\":4,\"name\":\"Passaggi a Livello in Gomma (HD)\"}]}]}<\/script>\n<!-- \/ Yoast SEO plugin. -->","yoast_head_json":{"title":"Passaggi a Livello in Gomma di REX Articoli Tecnici SA","description":"passaggio a livello in gomma per ferrovia. Ideale per i mezzi pesanti superiori a 35 tonnellate. Adatto a molte applicazioni dove massima riduzione del rumore \u00e8 importante.","robots":{"index":"index","follow":"follow","max-snippet":"max-snippet:-1","max-image-preview":"max-image-preview:large","max-video-preview":"max-video-preview:-1"},"canonical":"https:\/\/borflex-rex.ch\/it\/infrastrutture-ferroviarie\/passaggio-a-livello\/passaggi-a-livello-in-gomma\/","og_locale":"it_IT","og_type":"article","og_title":"Passaggi a Livello in Gomma di REX Articoli Tecnici SA","og_description":"passaggio a livello in gomma per ferrovia. Ideale per i mezzi pesanti superiori a 35 tonnellate. Adatto a molte applicazioni dove massima riduzione del rumore \u00e8 importante.","og_url":"https:\/\/borflex-rex.ch\/it\/infrastrutture-ferroviarie\/passaggio-a-livello\/passaggi-a-livello-in-gomma\/","og_site_name":"REX Articoli Tecnici SA","article_publisher":"https:\/\/www.facebook.com\/Rex-Articoli-Tecnici-SA-538626436317023\/?fref=ts","article_modified_time":"2016-08-23T19:51:37+00:00","og_image":[{"width":400,"height":256,"url":"https:\/\/borflex-rex.ch\/wp-content\/uploads\/2016\/07\/HD.jpg","type":"image\/jpeg"}],"twitter_misc":{"Tempo di lettura stimato":"2 minuti"},"schema":{"@context":"https:\/\/schema.org","@graph":[{"@type":"Organization","@id":"https:\/\/borflex-rex.ch\/de\/#organization","name":"Borflex Rex SA","url":"https:\/\/borflex-rex.ch\/de\/","sameAs":["https:\/\/www.facebook.com\/Rex-Articoli-Tecnici-SA-538626436317023\/?fref=ts","https:\/\/www.linkedin.com\/company\/rex-articoli-tecnici-sa","https:\/\/www.youtube.com\/channel\/UC5bX_Xfx-7axBmeRH-N7JXQ"],"logo":{"@type":"ImageObject","@id":"https:\/\/borflex-rex.ch\/de\/#logo","inLanguage":"it-IT","url":"https:\/\/borflex-rex.ch\/wp-content\/uploads\/2016\/05\/Rex-Logo.png","contentUrl":"https:\/\/borflex-rex.ch\/wp-content\/uploads\/2016\/05\/Rex-Logo.png","width":172,"height":50,"caption":"Borflex Rex SA"},"image":{"@id":"https:\/\/borflex-rex.ch\/de\/#logo"}},{"@type":"WebSite","@id":"https:\/\/borflex-rex.ch\/de\/#website","url":"https:\/\/borflex-rex.ch\/de\/","name":"Borflex Rex SA","description":"","publisher":{"@id":"https:\/\/borflex-rex.ch\/de\/#organization"},"potentialAction":[{"@type":"SearchAction","target":{"@type":"EntryPoint","urlTemplate":"https:\/\/borflex-rex.ch\/de\/?s={search_term_string}"},"query-input":"required name=search_term_string"}],"inLanguage":"it-IT"},{"@type":"ImageObject","@id":"https:\/\/borflex-rex.ch\/it\/infrastrutture-ferroviarie\/passaggio-a-livello\/passaggi-a-livello-in-gomma\/#primaryimage","inLanguage":"it-IT","url":"https:\/\/borflex-rex.ch\/wp-content\/uploads\/2016\/07\/HD.jpg","contentUrl":"https:\/\/borflex-rex.ch\/wp-content\/uploads\/2016\/07\/HD.jpg","width":400,"height":256,"caption":"Rubber Level Crossing"},{"@type":"WebPage","@id":"https:\/\/borflex-rex.ch\/it\/infrastrutture-ferroviarie\/passaggio-a-livello\/passaggi-a-livello-in-gomma\/#webpage","url":"https:\/\/borflex-rex.ch\/it\/infrastrutture-ferroviarie\/passaggio-a-livello\/passaggi-a-livello-in-gomma\/","name":"Passaggi a Livello in Gomma di REX Articoli Tecnici SA","isPartOf":{"@id":"https:\/\/borflex-rex.ch\/de\/#website"},"primaryImageOfPage":{"@id":"https:\/\/borflex-rex.ch\/it\/infrastrutture-ferroviarie\/passaggio-a-livello\/passaggi-a-livello-in-gomma\/#primaryimage"},"datePublished":"2016-07-25T20:41:07+00:00","dateModified":"2016-08-23T19:51:37+00:00","description":"passaggio a livello in gomma per ferrovia. Ideale per i mezzi pesanti superiori a 35 tonnellate. Adatto a molte applicazioni dove massima riduzione del rumore \u00e8 importante.","breadcrumb":{"@id":"https:\/\/borflex-rex.ch\/it\/infrastrutture-ferroviarie\/passaggio-a-livello\/passaggi-a-livello-in-gomma\/#breadcrumb"},"inLanguage":"it-IT","potentialAction":[{"@type":"ReadAction","target":["https:\/\/borflex-rex.ch\/it\/infrastrutture-ferroviarie\/passaggio-a-livello\/passaggi-a-livello-in-gomma\/"]}]},{"@type":"BreadcrumbList","@id":"https:\/\/borflex-rex.ch\/it\/infrastrutture-ferroviarie\/passaggio-a-livello\/passaggi-a-livello-in-gomma\/#breadcrumb","itemListElement":[{"@type":"ListItem","position":1,"name":"Home","item":"https:\/\/borflex-rex.ch\/it\/"},{"@type":"ListItem","position":2,"name":"Infrastrutture ferroviarie | Passaggi a livello, elementi per binari con o senza-massicciata","item":"https:\/\/borflex-rex.ch\/it\/infrastrutture-ferroviarie\/"},{"@type":"ListItem","position":3,"name":"Passaggi a livello &#8211; Descrizione del prodotto | RUBE, HD, GFK","item":"https:\/\/borflex-rex.ch\/it\/infrastrutture-ferroviarie\/passaggio-a-livello\/"},{"@type":"ListItem","position":4,"name":"Passaggi a Livello in Gomma (HD)"}]}]}},"_links":{"self":[{"href":"https:\/\/borflex-rex.ch\/it\/wp-json\/wp\/v2\/pages\/21852"}],"collection":[{"href":"https:\/\/borflex-rex.ch\/it\/wp-json\/wp\/v2\/pages"}],"about":[{"href":"https:\/\/borflex-rex.ch\/it\/wp-json\/wp\/v2\/types\/page"}],"author":[{"embeddable":true,"href":"https:\/\/borflex-rex.ch\/it\/wp-json\/wp\/v2\/users\/23"}],"replies":[{"embeddable":true,"href":"https:\/\/borflex-rex.ch\/it\/wp-json\/wp\/v2\/comments?post=21852"}],"version-history":[{"count":0,"href":"https:\/\/borflex-rex.ch\/it\/wp-json\/wp\/v2\/pages\/21852\/revisions"}],"up":[{"embeddable":true,"href":"https:\/\/borflex-rex.ch\/it\/wp-json\/wp\/v2\/pages\/21981"}],"wp:featuredmedia":[{"embeddable":true,"href":"https:\/\/borflex-rex.ch\/it\/wp-json\/wp\/v2\/media\/21850"}],"wp:attachment":[{"href":"https:\/\/borflex-rex.ch\/it\/wp-json\/wp\/v2\/media?parent=21852"}],"curies":[{"name":"wp","href":"https:\/\/api.w.org\/{rel}","templated":true}]}}