{"id":22025,"date":"2014-09-10T01:31:55","date_gmt":"2014-09-10T01:31:55","guid":{"rendered":"https:\/\/borflex-rex.ch\/it\/machinery\/"},"modified":"2016-08-24T08:42:56","modified_gmt":"2016-08-24T08:42:56","slug":"macchinari","status":"publish","type":"page","link":"https:\/\/borflex-rex.ch\/it\/macchinari\/","title":{"rendered":"Macchinari"},"content":{"rendered":"<p>[vc_row][vc_column][vc_empty_space height=&#8221;20px&#8221;][vc_custom_heading text=&#8221;Macchinari&#8221; font_container=&#8221;tag:h1|text_align:left&#8221; use_theme_fonts=&#8221;yes&#8221;][\/vc_column][\/vc_row][vc_row][vc_column width=&#8221;1\/2&#8243;][vc_column_text]<\/p>\n<p>Gli ingegneri presso REX Articoli tecnici SA aiutano il cliente a progettare ed ottenere componenti vari in gomma, thermoplastica o gomma-metallo.<\/p>\n<p>La Borflex Rex SA si \u00e8 sempre occupata di applicare il materiale in modo corretto e nel giusto ambito.<br \/> A volte per\u00f2 il materiale non ha esattamente tutte le caratteristiche specifiche per rispondere alle esigenze di un prodotto. \u00c8 quindi necessario creare una combinazione nello stesso articolo, ad esempio una parte in metallo con una parte in materiale elastomerico. Ci\u00f2 permette di avere contemporaneamente, rigidit\u00e0 e flessibilit\u00e0, in un unico prodotto.<br \/> La ditta ha sviluppato diversi procedimenti, per riuscire a combinare l\u2019elastomero con altri materiali, quali: plastica, Teflon, materiali resinosi e perfino il legno.<\/p>\n<p>La Borflex Rex SA applica pure il costampaggio del termoplastico elastico, un\u2019alternativa alla produzione di articoli vulcanizzati in gomma-metallo.<\/p>\n<p>L\u2019iniezione combinata di due o pi\u00f9 materiali (2K e overmoulding) viene realizzata nel reparto dello stampaggio termoplastico della ditta.<\/p>\n<p>Clicca qui per una panoramica dei <a href=\"https:\/\/borflex-rex.ch\/it\/products\/\">prodotti di REX<\/a>.<\/p>\n<p>[\/vc_column_text][\/vc_column][vc_column width=&#8221;1\/2&#8243;][vc_cta h2=&#8221;Contattaci Ora&#8221; h4=&#8221;Macchinari&#8221; color=&#8221;green&#8221; add_button=&#8221;bottom&#8221; btn_title=&#8221;Richiedi maggiori informazioni&#8221; btn_align=&#8221;center&#8221; btn_i_icon_fontawesome=&#8221;fa fa-arrow-circle-right&#8221; add_icon=&#8221;top&#8221; i_icon_fontawesome=&#8221;fa fa-envelope-o&#8221; i_color=&#8221;green&#8221; i_background_style=&#8221;rounded&#8221; btn_link=&#8221;url:https%3A%2F%2Fborflex-rex.ch%2Fcontacts%2F||&#8221; btn_button_block=&#8221;true&#8221; i_on_border=&#8221;true&#8221; i_link=&#8221;url:https%3A%2F%2Fborflex-rex.ch%2Fcontacts%2F||&#8221; btn_add_icon=&#8221;true&#8221; css=&#8221;.vc_custom_1472028057961{background-color: #ffffff !important;}&#8221;][\/vc_cta][vc_gallery type=&#8221;flexslider_slide&#8221; interval=&#8221;10&#8243; images=&#8221;1719,21147,21121,21113&#8243; img_size=&#8221;large&#8221;][\/vc_column][\/vc_row]<\/p>\n","protected":false},"excerpt":{"rendered":"<p>[vc_row][vc_column][vc_empty_space height=&#8221;20px&#8221;][vc_custom_heading text=&#8221;Macchinari&#8221; font_container=&#8221;tag:h1|text_align:left&#8221; use_theme_fonts=&#8221;yes&#8221;][\/vc_column][\/vc_row][vc_row][vc_column width=&#8221;1\/2&#8243;][vc_column_text] Gli ingegneri presso REX Articoli tecnici SA aiutano il cliente a progettare ed ottenere componenti vari in gomma, thermoplastica o gomma-metallo. La Borflex Rex SA si \u00e8 sempre occupata di applicare il materiale in modo corretto e nel giusto ambito. A volte per\u00f2 il materiale non ha esattamente tutte [&hellip;]<\/p>\n","protected":false},"author":23,"featured_media":22078,"parent":0,"menu_order":0,"comment_status":"closed","ping_status":"open","template":"","meta":[],"yoast_head":"<!-- This site is optimized with the Yoast SEO plugin v17.3 - https:\/\/yoast.com\/wordpress\/plugins\/seo\/ -->\n<title>REX provides wide range of moulding machinery items<\/title>\n<meta name=\"description\" content=\"Moulding machinery items by REX based on various procedures to combine elastomers with other materials like plastics, Teflon, resinous materials, and wood.\" \/>\n<meta name=\"robots\" content=\"index, follow, max-snippet:-1, max-image-preview:large, max-video-preview:-1\" \/>\n<link rel=\"canonical\" href=\"https:\/\/borflex-rex.ch\/it\/macchinari\/\" \/>\n<meta property=\"og:locale\" content=\"it_IT\" \/>\n<meta property=\"og:type\" content=\"article\" \/>\n<meta property=\"og:title\" content=\"REX provides wide range of moulding machinery items\" \/>\n<meta property=\"og:description\" content=\"Moulding machinery items by REX based on various procedures to combine elastomers with other materials like plastics, Teflon, resinous materials, and wood.\" \/>\n<meta property=\"og:url\" content=\"https:\/\/borflex-rex.ch\/it\/macchinari\/\" \/>\n<meta property=\"og:site_name\" content=\"REX Articoli Tecnici SA\" \/>\n<meta property=\"article:publisher\" content=\"https:\/\/www.facebook.com\/Rex-Articoli-Tecnici-SA-538626436317023\/?fref=ts\" \/>\n<meta property=\"article:modified_time\" content=\"2016-08-24T08:42:56+00:00\" \/>\n<meta property=\"og:image\" content=\"https:\/\/borflex-rex.ch\/wp-content\/uploads\/2016\/08\/machinery2.jpg\" \/>\n\t<meta property=\"og:image:width\" content=\"388\" \/>\n\t<meta property=\"og:image:height\" content=\"282\" \/>\n<meta name=\"twitter:label1\" content=\"Tempo di lettura stimato\" \/>\n\t<meta name=\"twitter:data1\" content=\"2 minuti\" \/>\n<script type=\"application\/ld+json\" class=\"yoast-schema-graph\">{\"@context\":\"https:\/\/schema.org\",\"@graph\":[{\"@type\":\"Organization\",\"@id\":\"https:\/\/borflex-rex.ch\/de\/#organization\",\"name\":\"Borflex Rex SA\",\"url\":\"https:\/\/borflex-rex.ch\/de\/\",\"sameAs\":[\"https:\/\/www.facebook.com\/Rex-Articoli-Tecnici-SA-538626436317023\/?fref=ts\",\"https:\/\/www.linkedin.com\/company\/rex-articoli-tecnici-sa\",\"https:\/\/www.youtube.com\/channel\/UC5bX_Xfx-7axBmeRH-N7JXQ\"],\"logo\":{\"@type\":\"ImageObject\",\"@id\":\"https:\/\/borflex-rex.ch\/de\/#logo\",\"inLanguage\":\"it-IT\",\"url\":\"https:\/\/borflex-rex.ch\/wp-content\/uploads\/2016\/05\/Rex-Logo.png\",\"contentUrl\":\"https:\/\/borflex-rex.ch\/wp-content\/uploads\/2016\/05\/Rex-Logo.png\",\"width\":172,\"height\":50,\"caption\":\"Borflex Rex SA\"},\"image\":{\"@id\":\"https:\/\/borflex-rex.ch\/de\/#logo\"}},{\"@type\":\"WebSite\",\"@id\":\"https:\/\/borflex-rex.ch\/de\/#website\",\"url\":\"https:\/\/borflex-rex.ch\/de\/\",\"name\":\"Borflex Rex SA\",\"description\":\"\",\"publisher\":{\"@id\":\"https:\/\/borflex-rex.ch\/de\/#organization\"},\"potentialAction\":[{\"@type\":\"SearchAction\",\"target\":{\"@type\":\"EntryPoint\",\"urlTemplate\":\"https:\/\/borflex-rex.ch\/de\/?s={search_term_string}\"},\"query-input\":\"required name=search_term_string\"}],\"inLanguage\":\"it-IT\"},{\"@type\":\"ImageObject\",\"@id\":\"https:\/\/borflex-rex.ch\/it\/macchinari\/#primaryimage\",\"inLanguage\":\"it-IT\",\"url\":\"https:\/\/borflex-rex.ch\/wp-content\/uploads\/2016\/08\/machinery2.jpg\",\"contentUrl\":\"https:\/\/borflex-rex.ch\/wp-content\/uploads\/2016\/08\/machinery2.jpg\",\"width\":388,\"height\":282,\"caption\":\"Macchinari\"},{\"@type\":\"WebPage\",\"@id\":\"https:\/\/borflex-rex.ch\/it\/macchinari\/#webpage\",\"url\":\"https:\/\/borflex-rex.ch\/it\/macchinari\/\",\"name\":\"REX provides wide range of moulding machinery items\",\"isPartOf\":{\"@id\":\"https:\/\/borflex-rex.ch\/de\/#website\"},\"primaryImageOfPage\":{\"@id\":\"https:\/\/borflex-rex.ch\/it\/macchinari\/#primaryimage\"},\"datePublished\":\"2014-09-10T01:31:55+00:00\",\"dateModified\":\"2016-08-24T08:42:56+00:00\",\"description\":\"Moulding machinery items by REX based on various procedures to combine elastomers with other materials like plastics, Teflon, resinous materials, and wood.\",\"breadcrumb\":{\"@id\":\"https:\/\/borflex-rex.ch\/it\/macchinari\/#breadcrumb\"},\"inLanguage\":\"it-IT\",\"potentialAction\":[{\"@type\":\"ReadAction\",\"target\":[\"https:\/\/borflex-rex.ch\/it\/macchinari\/\"]}]},{\"@type\":\"BreadcrumbList\",\"@id\":\"https:\/\/borflex-rex.ch\/it\/macchinari\/#breadcrumb\",\"itemListElement\":[{\"@type\":\"ListItem\",\"position\":1,\"name\":\"Home\",\"item\":\"https:\/\/borflex-rex.ch\/it\/\"},{\"@type\":\"ListItem\",\"position\":2,\"name\":\"Macchinari\"}]}]}<\/script>\n<!-- \/ Yoast SEO plugin. -->","yoast_head_json":{"title":"REX provides wide range of moulding machinery items","description":"Moulding machinery items by REX based on various procedures to combine elastomers with other materials like plastics, Teflon, resinous materials, and wood.","robots":{"index":"index","follow":"follow","max-snippet":"max-snippet:-1","max-image-preview":"max-image-preview:large","max-video-preview":"max-video-preview:-1"},"canonical":"https:\/\/borflex-rex.ch\/it\/macchinari\/","og_locale":"it_IT","og_type":"article","og_title":"REX provides wide range of moulding machinery items","og_description":"Moulding machinery items by REX based on various procedures to combine elastomers with other materials like plastics, Teflon, resinous materials, and wood.","og_url":"https:\/\/borflex-rex.ch\/it\/macchinari\/","og_site_name":"REX Articoli Tecnici SA","article_publisher":"https:\/\/www.facebook.com\/Rex-Articoli-Tecnici-SA-538626436317023\/?fref=ts","article_modified_time":"2016-08-24T08:42:56+00:00","og_image":[{"width":388,"height":282,"url":"https:\/\/borflex-rex.ch\/wp-content\/uploads\/2016\/08\/machinery2.jpg","type":"image\/jpeg"}],"twitter_misc":{"Tempo di lettura stimato":"2 minuti"},"schema":{"@context":"https:\/\/schema.org","@graph":[{"@type":"Organization","@id":"https:\/\/borflex-rex.ch\/de\/#organization","name":"Borflex Rex SA","url":"https:\/\/borflex-rex.ch\/de\/","sameAs":["https:\/\/www.facebook.com\/Rex-Articoli-Tecnici-SA-538626436317023\/?fref=ts","https:\/\/www.linkedin.com\/company\/rex-articoli-tecnici-sa","https:\/\/www.youtube.com\/channel\/UC5bX_Xfx-7axBmeRH-N7JXQ"],"logo":{"@type":"ImageObject","@id":"https:\/\/borflex-rex.ch\/de\/#logo","inLanguage":"it-IT","url":"https:\/\/borflex-rex.ch\/wp-content\/uploads\/2016\/05\/Rex-Logo.png","contentUrl":"https:\/\/borflex-rex.ch\/wp-content\/uploads\/2016\/05\/Rex-Logo.png","width":172,"height":50,"caption":"Borflex Rex SA"},"image":{"@id":"https:\/\/borflex-rex.ch\/de\/#logo"}},{"@type":"WebSite","@id":"https:\/\/borflex-rex.ch\/de\/#website","url":"https:\/\/borflex-rex.ch\/de\/","name":"Borflex Rex SA","description":"","publisher":{"@id":"https:\/\/borflex-rex.ch\/de\/#organization"},"potentialAction":[{"@type":"SearchAction","target":{"@type":"EntryPoint","urlTemplate":"https:\/\/borflex-rex.ch\/de\/?s={search_term_string}"},"query-input":"required name=search_term_string"}],"inLanguage":"it-IT"},{"@type":"ImageObject","@id":"https:\/\/borflex-rex.ch\/it\/macchinari\/#primaryimage","inLanguage":"it-IT","url":"https:\/\/borflex-rex.ch\/wp-content\/uploads\/2016\/08\/machinery2.jpg","contentUrl":"https:\/\/borflex-rex.ch\/wp-content\/uploads\/2016\/08\/machinery2.jpg","width":388,"height":282,"caption":"Macchinari"},{"@type":"WebPage","@id":"https:\/\/borflex-rex.ch\/it\/macchinari\/#webpage","url":"https:\/\/borflex-rex.ch\/it\/macchinari\/","name":"REX provides wide range of moulding machinery items","isPartOf":{"@id":"https:\/\/borflex-rex.ch\/de\/#website"},"primaryImageOfPage":{"@id":"https:\/\/borflex-rex.ch\/it\/macchinari\/#primaryimage"},"datePublished":"2014-09-10T01:31:55+00:00","dateModified":"2016-08-24T08:42:56+00:00","description":"Moulding machinery items by REX based on various procedures to combine elastomers with other materials like plastics, Teflon, resinous materials, and wood.","breadcrumb":{"@id":"https:\/\/borflex-rex.ch\/it\/macchinari\/#breadcrumb"},"inLanguage":"it-IT","potentialAction":[{"@type":"ReadAction","target":["https:\/\/borflex-rex.ch\/it\/macchinari\/"]}]},{"@type":"BreadcrumbList","@id":"https:\/\/borflex-rex.ch\/it\/macchinari\/#breadcrumb","itemListElement":[{"@type":"ListItem","position":1,"name":"Home","item":"https:\/\/borflex-rex.ch\/it\/"},{"@type":"ListItem","position":2,"name":"Macchinari"}]}]}},"_links":{"self":[{"href":"https:\/\/borflex-rex.ch\/it\/wp-json\/wp\/v2\/pages\/22025"}],"collection":[{"href":"https:\/\/borflex-rex.ch\/it\/wp-json\/wp\/v2\/pages"}],"about":[{"href":"https:\/\/borflex-rex.ch\/it\/wp-json\/wp\/v2\/types\/page"}],"author":[{"embeddable":true,"href":"https:\/\/borflex-rex.ch\/it\/wp-json\/wp\/v2\/users\/23"}],"replies":[{"embeddable":true,"href":"https:\/\/borflex-rex.ch\/it\/wp-json\/wp\/v2\/comments?post=22025"}],"version-history":[{"count":0,"href":"https:\/\/borflex-rex.ch\/it\/wp-json\/wp\/v2\/pages\/22025\/revisions"}],"wp:featuredmedia":[{"embeddable":true,"href":"https:\/\/borflex-rex.ch\/it\/wp-json\/wp\/v2\/media\/22078"}],"wp:attachment":[{"href":"https:\/\/borflex-rex.ch\/it\/wp-json\/wp\/v2\/media?parent=22025"}],"curies":[{"name":"wp","href":"https:\/\/api.w.org\/{rel}","templated":true}]}}