{"id":22072,"date":"2014-09-10T01:37:48","date_gmt":"2014-09-10T01:37:48","guid":{"rendered":"https:\/\/borflex-rex.ch\/it\/tube-cable-protection\/"},"modified":"2022-02-24T10:41:55","modified_gmt":"2022-02-24T09:41:55","slug":"protezione-tubi-cavi","status":"publish","type":"page","link":"https:\/\/borflex-rex.ch\/it\/protezione-tubi-cavi\/","title":{"rendered":"Protezione tubi e cavi"},"content":{"rendered":"<p>[vc_row][vc_column]<\/p>\n<p>[vc_empty_space height=&#8221;20px&#8221;]<\/p>\n<p>[\/vc_column][\/vc_row][vc_row][vc_column width=&#8221;1\/2&#8243;][vc_column_text]<\/p>\n<p>ll ponte per l\u2019alloggiamento di tubi flessibili e cavi \u00e8 estremamente robusto e resistente. I ponti sono dotati di alette laterali per impedire loro di separarsi quando sono montati insieme. La gomma piena e ponti pieghevoli possono essere posizionati in pochi secondi. Entrambe le parti sono tenute insieme con un cavo antiruggine, in modo da rimanere elastico anche su terreni sconnessi.<\/p>\n<div class=\"wpb_text_column wpb_content_element \">\n<div class=\"wpb_wrapper\">\n<p><span id=\"result_box\" class=\"\" lang=\"it\" tabindex=\"-1\">Clicca qui per una\u00a0<a href=\"https:\/\/borflex-rex.ch\/it\/products\/\">panoramica\u00a0<span class=\"\">dei prodotti<\/span> di Borflex Rex<\/a><\/span><\/p>\n<\/div>\n<\/div>\n<p>[\/vc_column_text][vc_cta h2=&#8221;Contattaci Ora&#8221; h4=&#8221;Crocodile: Protezione tubi e cavi&#8221; color=&#8221;green&#8221; add_button=&#8221;bottom&#8221; btn_title=&#8221;Richiedi maggiori informazioni&#8221; btn_align=&#8221;center&#8221; btn_i_icon_fontawesome=&#8221;fa fa-arrow-circle-right&#8221; add_icon=&#8221;top&#8221; i_icon_fontawesome=&#8221;fa fa-envelope-o&#8221; i_color=&#8221;green&#8221; i_background_style=&#8221;rounded&#8221; btn_link=&#8221;url:https%3A%2F%2Fborflex-rex.ch%2Fit%2Fcontatti%2F|&#8221; btn_button_block=&#8221;true&#8221; i_on_border=&#8221;true&#8221; i_link=&#8221;url:https%3A%2F%2Fborflex-rex.ch%2Fit%2Fcontatti%2F|&#8221; btn_add_icon=&#8221;true&#8221; css=&#8221;.vc_custom_1484857502311{background-color: #ffffff !important;}&#8221;][\/vc_cta][\/vc_column][vc_column width=&#8221;1\/2&#8243;][vc_gallery type=&#8221;flexslider_slide&#8221; interval=&#8221;10&#8243; images=&#8221;27934,27935,27933,27931,1121,1264,1263,1128,1127,1123,1122&#8243; img_size=&#8221;large&#8221;][\/vc_column][\/vc_row][vc_row][vc_column][vc_video link=&#8221;https:\/\/youtu.be\/4c0L1_qN7BI&#8221;][vc_empty_space height=&#8221;20px&#8221;][vc_custom_heading text=&#8221;Applicazione&#8221; use_theme_fonts=&#8221;yes&#8221;][vc_column_text]<main class=\"site-main post-22072 page type-page status-publish has-post-thumbnail hentry\" role=\"main\"><\/p>\n<div class=\"page-content\">\n<div class=\"vc_row wpb_row vc_row-fluid\">\n<div class=\"wpb_column vc_column_container vc_col-sm-12\">\n<div class=\"vc_column-inner \">\n<div class=\"wpb_wrapper\">\n<div class=\"wpb_text_column wpb_content_element \">\n<div class=\"wpb_wrapper\">\n<p>Come ponte per tubi flessibili e cavi per vigili del fuoco, imprese industriali o organizzatori di eventi. Come canale di produzione per cavi elettrici, linee elettriche e vari altri cavi. Coperture aggiuntive per i canali di protezione sono disponibili separatamente. Il coperchio \u00e8 incernierato e ben chiuso con uno scatto. Se necessario, questo pu\u00f2 essere fissato con una vite centrale. Il coperchio si adatta sul ponte esistente e pu\u00f2 essere aggiornato dalla pi\u00f9 recente produzione.<\/p>\n<\/div>\n<\/div>\n<\/div>\n<\/div>\n<\/div>\n<\/div>\n<\/div>\n<p><\/main>[\/vc_column_text][\/vc_column][\/vc_row]<\/p>\n","protected":false},"excerpt":{"rendered":"<p>[vc_row][vc_column] [vc_empty_space height=&#8221;20px&#8221;] [\/vc_column][\/vc_row][vc_row][vc_column width=&#8221;1\/2&#8243;][vc_column_text] ll ponte per l\u2019alloggiamento di tubi flessibili e cavi \u00e8 estremamente robusto e resistente. I ponti sono dotati di alette laterali per impedire loro di separarsi quando sono montati insieme. La gomma piena e ponti pieghevoli possono essere posizionati in pochi secondi. Entrambe le parti sono tenute insieme con un [&hellip;]<\/p>\n","protected":false},"author":23,"featured_media":21925,"parent":0,"menu_order":0,"comment_status":"closed","ping_status":"open","template":"","meta":[],"yoast_head":"<!-- This site is optimized with the Yoast SEO plugin v17.3 - https:\/\/yoast.com\/wordpress\/plugins\/seo\/ -->\n<title>Hose and Cable Protection by REX Articoli Tecnici SA<\/title>\n<meta name=\"description\" content=\"We manufacture tube and cable protection for fire brigades and event organizations. Additional covers for protective channels are available separately.\" \/>\n<meta name=\"robots\" content=\"index, follow, max-snippet:-1, max-image-preview:large, max-video-preview:-1\" \/>\n<link rel=\"canonical\" href=\"https:\/\/borflex-rex.ch\/it\/protezione-tubi-cavi\/\" \/>\n<meta property=\"og:locale\" content=\"it_IT\" \/>\n<meta property=\"og:type\" content=\"article\" \/>\n<meta property=\"og:title\" content=\"Hose and Cable Protection by REX Articoli Tecnici SA\" \/>\n<meta property=\"og:description\" content=\"We manufacture tube and cable protection for fire brigades and event organizations. Additional covers for protective channels are available separately.\" \/>\n<meta property=\"og:url\" content=\"https:\/\/borflex-rex.ch\/it\/protezione-tubi-cavi\/\" \/>\n<meta property=\"og:site_name\" content=\"REX Articoli Tecnici SA\" \/>\n<meta property=\"article:publisher\" content=\"https:\/\/www.facebook.com\/Rex-Articoli-Tecnici-SA-538626436317023\/?fref=ts\" \/>\n<meta property=\"article:modified_time\" content=\"2022-02-24T09:41:55+00:00\" \/>\n<meta property=\"og:image\" content=\"https:\/\/borflex-rex.ch\/wp-content\/uploads\/2014\/09\/firehose_protection.jpg\" \/>\n\t<meta property=\"og:image:width\" content=\"318\" \/>\n\t<meta property=\"og:image:height\" content=\"316\" \/>\n<meta name=\"twitter:label1\" content=\"Tempo di lettura stimato\" \/>\n\t<meta name=\"twitter:data1\" content=\"2 minuti\" \/>\n<script type=\"application\/ld+json\" class=\"yoast-schema-graph\">{\"@context\":\"https:\/\/schema.org\",\"@graph\":[{\"@type\":\"Organization\",\"@id\":\"https:\/\/borflex-rex.ch\/de\/#organization\",\"name\":\"Borflex Rex SA\",\"url\":\"https:\/\/borflex-rex.ch\/de\/\",\"sameAs\":[\"https:\/\/www.facebook.com\/Rex-Articoli-Tecnici-SA-538626436317023\/?fref=ts\",\"https:\/\/www.linkedin.com\/company\/rex-articoli-tecnici-sa\",\"https:\/\/www.youtube.com\/channel\/UC5bX_Xfx-7axBmeRH-N7JXQ\"],\"logo\":{\"@type\":\"ImageObject\",\"@id\":\"https:\/\/borflex-rex.ch\/de\/#logo\",\"inLanguage\":\"it-IT\",\"url\":\"https:\/\/borflex-rex.ch\/wp-content\/uploads\/2016\/05\/Rex-Logo.png\",\"contentUrl\":\"https:\/\/borflex-rex.ch\/wp-content\/uploads\/2016\/05\/Rex-Logo.png\",\"width\":172,\"height\":50,\"caption\":\"Borflex Rex SA\"},\"image\":{\"@id\":\"https:\/\/borflex-rex.ch\/de\/#logo\"}},{\"@type\":\"WebSite\",\"@id\":\"https:\/\/borflex-rex.ch\/de\/#website\",\"url\":\"https:\/\/borflex-rex.ch\/de\/\",\"name\":\"Borflex Rex SA\",\"description\":\"\",\"publisher\":{\"@id\":\"https:\/\/borflex-rex.ch\/de\/#organization\"},\"potentialAction\":[{\"@type\":\"SearchAction\",\"target\":{\"@type\":\"EntryPoint\",\"urlTemplate\":\"https:\/\/borflex-rex.ch\/de\/?s={search_term_string}\"},\"query-input\":\"required name=search_term_string\"}],\"inLanguage\":\"it-IT\"},{\"@type\":\"ImageObject\",\"@id\":\"https:\/\/borflex-rex.ch\/it\/protezione-tubi-cavi\/#primaryimage\",\"inLanguage\":\"it-IT\",\"url\":\"https:\/\/borflex-rex.ch\/wp-content\/uploads\/2014\/09\/firehose_protection.jpg\",\"contentUrl\":\"https:\/\/borflex-rex.ch\/wp-content\/uploads\/2014\/09\/firehose_protection.jpg\",\"width\":318,\"height\":316,\"caption\":\"Tube and Cable Protection\"},{\"@type\":\"WebPage\",\"@id\":\"https:\/\/borflex-rex.ch\/it\/protezione-tubi-cavi\/#webpage\",\"url\":\"https:\/\/borflex-rex.ch\/it\/protezione-tubi-cavi\/\",\"name\":\"Hose and Cable Protection by REX Articoli Tecnici SA\",\"isPartOf\":{\"@id\":\"https:\/\/borflex-rex.ch\/de\/#website\"},\"primaryImageOfPage\":{\"@id\":\"https:\/\/borflex-rex.ch\/it\/protezione-tubi-cavi\/#primaryimage\"},\"datePublished\":\"2014-09-10T01:37:48+00:00\",\"dateModified\":\"2022-02-24T09:41:55+00:00\",\"description\":\"We manufacture tube and cable protection for fire brigades and event organizations. Additional covers for protective channels are available separately.\",\"breadcrumb\":{\"@id\":\"https:\/\/borflex-rex.ch\/it\/protezione-tubi-cavi\/#breadcrumb\"},\"inLanguage\":\"it-IT\",\"potentialAction\":[{\"@type\":\"ReadAction\",\"target\":[\"https:\/\/borflex-rex.ch\/it\/protezione-tubi-cavi\/\"]}]},{\"@type\":\"BreadcrumbList\",\"@id\":\"https:\/\/borflex-rex.ch\/it\/protezione-tubi-cavi\/#breadcrumb\",\"itemListElement\":[{\"@type\":\"ListItem\",\"position\":1,\"name\":\"Home\",\"item\":\"https:\/\/borflex-rex.ch\/it\/\"},{\"@type\":\"ListItem\",\"position\":2,\"name\":\"Protezione tubi e cavi\"}]}]}<\/script>\n<!-- \/ Yoast SEO plugin. -->","yoast_head_json":{"title":"Hose and Cable Protection by REX Articoli Tecnici SA","description":"We manufacture tube and cable protection for fire brigades and event organizations. Additional covers for protective channels are available separately.","robots":{"index":"index","follow":"follow","max-snippet":"max-snippet:-1","max-image-preview":"max-image-preview:large","max-video-preview":"max-video-preview:-1"},"canonical":"https:\/\/borflex-rex.ch\/it\/protezione-tubi-cavi\/","og_locale":"it_IT","og_type":"article","og_title":"Hose and Cable Protection by REX Articoli Tecnici SA","og_description":"We manufacture tube and cable protection for fire brigades and event organizations. Additional covers for protective channels are available separately.","og_url":"https:\/\/borflex-rex.ch\/it\/protezione-tubi-cavi\/","og_site_name":"REX Articoli Tecnici SA","article_publisher":"https:\/\/www.facebook.com\/Rex-Articoli-Tecnici-SA-538626436317023\/?fref=ts","article_modified_time":"2022-02-24T09:41:55+00:00","og_image":[{"width":318,"height":316,"url":"https:\/\/borflex-rex.ch\/wp-content\/uploads\/2014\/09\/firehose_protection.jpg","type":"image\/jpeg"}],"twitter_misc":{"Tempo di lettura stimato":"2 minuti"},"schema":{"@context":"https:\/\/schema.org","@graph":[{"@type":"Organization","@id":"https:\/\/borflex-rex.ch\/de\/#organization","name":"Borflex Rex SA","url":"https:\/\/borflex-rex.ch\/de\/","sameAs":["https:\/\/www.facebook.com\/Rex-Articoli-Tecnici-SA-538626436317023\/?fref=ts","https:\/\/www.linkedin.com\/company\/rex-articoli-tecnici-sa","https:\/\/www.youtube.com\/channel\/UC5bX_Xfx-7axBmeRH-N7JXQ"],"logo":{"@type":"ImageObject","@id":"https:\/\/borflex-rex.ch\/de\/#logo","inLanguage":"it-IT","url":"https:\/\/borflex-rex.ch\/wp-content\/uploads\/2016\/05\/Rex-Logo.png","contentUrl":"https:\/\/borflex-rex.ch\/wp-content\/uploads\/2016\/05\/Rex-Logo.png","width":172,"height":50,"caption":"Borflex Rex SA"},"image":{"@id":"https:\/\/borflex-rex.ch\/de\/#logo"}},{"@type":"WebSite","@id":"https:\/\/borflex-rex.ch\/de\/#website","url":"https:\/\/borflex-rex.ch\/de\/","name":"Borflex Rex SA","description":"","publisher":{"@id":"https:\/\/borflex-rex.ch\/de\/#organization"},"potentialAction":[{"@type":"SearchAction","target":{"@type":"EntryPoint","urlTemplate":"https:\/\/borflex-rex.ch\/de\/?s={search_term_string}"},"query-input":"required name=search_term_string"}],"inLanguage":"it-IT"},{"@type":"ImageObject","@id":"https:\/\/borflex-rex.ch\/it\/protezione-tubi-cavi\/#primaryimage","inLanguage":"it-IT","url":"https:\/\/borflex-rex.ch\/wp-content\/uploads\/2014\/09\/firehose_protection.jpg","contentUrl":"https:\/\/borflex-rex.ch\/wp-content\/uploads\/2014\/09\/firehose_protection.jpg","width":318,"height":316,"caption":"Tube and Cable Protection"},{"@type":"WebPage","@id":"https:\/\/borflex-rex.ch\/it\/protezione-tubi-cavi\/#webpage","url":"https:\/\/borflex-rex.ch\/it\/protezione-tubi-cavi\/","name":"Hose and Cable Protection by REX Articoli Tecnici SA","isPartOf":{"@id":"https:\/\/borflex-rex.ch\/de\/#website"},"primaryImageOfPage":{"@id":"https:\/\/borflex-rex.ch\/it\/protezione-tubi-cavi\/#primaryimage"},"datePublished":"2014-09-10T01:37:48+00:00","dateModified":"2022-02-24T09:41:55+00:00","description":"We manufacture tube and cable protection for fire brigades and event organizations. Additional covers for protective channels are available separately.","breadcrumb":{"@id":"https:\/\/borflex-rex.ch\/it\/protezione-tubi-cavi\/#breadcrumb"},"inLanguage":"it-IT","potentialAction":[{"@type":"ReadAction","target":["https:\/\/borflex-rex.ch\/it\/protezione-tubi-cavi\/"]}]},{"@type":"BreadcrumbList","@id":"https:\/\/borflex-rex.ch\/it\/protezione-tubi-cavi\/#breadcrumb","itemListElement":[{"@type":"ListItem","position":1,"name":"Home","item":"https:\/\/borflex-rex.ch\/it\/"},{"@type":"ListItem","position":2,"name":"Protezione tubi e cavi"}]}]}},"_links":{"self":[{"href":"https:\/\/borflex-rex.ch\/it\/wp-json\/wp\/v2\/pages\/22072"}],"collection":[{"href":"https:\/\/borflex-rex.ch\/it\/wp-json\/wp\/v2\/pages"}],"about":[{"href":"https:\/\/borflex-rex.ch\/it\/wp-json\/wp\/v2\/types\/page"}],"author":[{"embeddable":true,"href":"https:\/\/borflex-rex.ch\/it\/wp-json\/wp\/v2\/users\/23"}],"replies":[{"embeddable":true,"href":"https:\/\/borflex-rex.ch\/it\/wp-json\/wp\/v2\/comments?post=22072"}],"version-history":[{"count":8,"href":"https:\/\/borflex-rex.ch\/it\/wp-json\/wp\/v2\/pages\/22072\/revisions"}],"predecessor-version":[{"id":34773,"href":"https:\/\/borflex-rex.ch\/it\/wp-json\/wp\/v2\/pages\/22072\/revisions\/34773"}],"wp:featuredmedia":[{"embeddable":true,"href":"https:\/\/borflex-rex.ch\/it\/wp-json\/wp\/v2\/media\/21925"}],"wp:attachment":[{"href":"https:\/\/borflex-rex.ch\/it\/wp-json\/wp\/v2\/media?parent=22072"}],"curies":[{"name":"wp","href":"https:\/\/api.w.org\/{rel}","templated":true}]}}