{"id":33695,"date":"2019-12-20T11:47:27","date_gmt":"2019-12-20T10:47:27","guid":{"rendered":"https:\/\/borflex-rex.ch\/produzione-2\/"},"modified":"2019-12-20T12:01:38","modified_gmt":"2019-12-20T11:01:38","slug":"produzione-rex","status":"publish","type":"page","link":"https:\/\/borflex-rex.ch\/it\/produzione-rex\/","title":{"rendered":"Produzione"},"content":{"rendered":"\t\t<div data-elementor-type=\"wp-page\" data-elementor-id=\"33695\" class=\"elementor elementor-33695 elementor-33691\" data-elementor-settings=\"[]\">\n\t\t\t\t\t\t<div class=\"elementor-inner\">\n\t\t\t\t\t\t\t<div class=\"elementor-section-wrap\">\n\t\t\t\t\t\t\t<section class=\"elementor-section elementor-top-section elementor-element elementor-element-95d6a91 elementor-section-boxed elementor-section-height-default elementor-section-height-default\" data-id=\"95d6a91\" data-element_type=\"section\">\n\t\t\t\t\t\t<div class=\"elementor-container elementor-column-gap-default\">\n\t\t\t\t\t\t\t<div class=\"elementor-row\">\n\t\t\t\t\t<div class=\"elementor-column elementor-col-100 elementor-top-column elementor-element elementor-element-f5b64e1\" data-id=\"f5b64e1\" data-element_type=\"column\">\n\t\t\t<div class=\"elementor-column-wrap elementor-element-populated\">\n\t\t\t\t\t\t\t<div class=\"elementor-widget-wrap\">\n\t\t\t\t\t\t<div class=\"elementor-element elementor-element-c189674 elementor-widget elementor-widget-heading\" data-id=\"c189674\" data-element_type=\"widget\" data-widget_type=\"heading.default\">\n\t\t\t\t<div class=\"elementor-widget-container\">\n\t\t\t<h2 class=\"elementor-heading-title elementor-size-default\">Produzione<\/h2>\t\t<\/div>\n\t\t\t\t<\/div>\n\t\t\t\t\t\t<\/div>\n\t\t\t\t\t<\/div>\n\t\t<\/div>\n\t\t\t\t\t\t\t\t<\/div>\n\t\t\t\t\t<\/div>\n\t\t<\/section>\n\t\t\t\t<section class=\"elementor-section elementor-top-section elementor-element elementor-element-1a9e600 elementor-section-boxed elementor-section-height-default elementor-section-height-default\" data-id=\"1a9e600\" data-element_type=\"section\">\n\t\t\t\t\t\t<div class=\"elementor-container elementor-column-gap-default\">\n\t\t\t\t\t\t\t<div class=\"elementor-row\">\n\t\t\t\t\t<div class=\"elementor-column elementor-col-50 elementor-top-column elementor-element elementor-element-4469870\" data-id=\"4469870\" data-element_type=\"column\">\n\t\t\t<div class=\"elementor-column-wrap elementor-element-populated\">\n\t\t\t\t\t\t\t<div class=\"elementor-widget-wrap\">\n\t\t\t\t\t\t<div class=\"elementor-element elementor-element-c67dad3 elementor-widget elementor-widget-text-editor\" data-id=\"c67dad3\" data-element_type=\"widget\" data-widget_type=\"text-editor.default\">\n\t\t\t\t<div class=\"elementor-widget-container\">\n\t\t\t\t\t\t\t\t<div class=\"elementor-text-editor elementor-clearfix\">\n\t\t\t\t<p>La fabbricazione si estende su di una superficie di circa 6000 mq. I processi esecutivi dell\u2019azienda si dividono in: mescolazione, vulcanizzazione e stampaggio (per compressione, a transfert ed a iniezione) e rifinitura, montaggio e controllo.<\/p>\n\t\t\t\t\t<\/div>\n\t\t\t\t\t\t<\/div>\n\t\t\t\t<\/div>\n\t\t\t\t<div class=\"elementor-element elementor-element-5d911db elementor-widget elementor-widget-heading\" data-id=\"5d911db\" data-element_type=\"widget\" data-widget_type=\"heading.default\">\n\t\t\t\t<div class=\"elementor-widget-container\">\n\t\t\t<h3 class=\"elementor-heading-title elementor-size-default\">La mescolazione<\/h3>\t\t<\/div>\n\t\t\t\t<\/div>\n\t\t\t\t<div class=\"elementor-element elementor-element-e689d6f elementor-widget elementor-widget-text-editor\" data-id=\"e689d6f\" data-element_type=\"widget\" data-widget_type=\"text-editor.default\">\n\t\t\t\t<div class=\"elementor-widget-container\">\n\t\t\t\t\t\t\t\t<div class=\"elementor-text-editor elementor-clearfix\">\n\t\t\t\t<p>Dopo un\u2019accurata selezione della materia, la mescola viene preparata sulla base di ricette sviluppate, omologate e verificate dall\u2019azienda. Le linee di mescolazione avvengono a camera chiusa e con mescolatori a rulli aperti. Le verifiche del materiale sono standard o concordate con il cliente secondo le esigenze dell\u2019applicazione finale. Il processo \u00e8 monitorato ed \u00e8 possibile rintracciare ogni passo, dalla mescolazione della materia, fino al prodotto finale. \u00c8 data particolare attenzione all\u2019ottimizzazione dei consumi energetici, all\u2019uso della materia prima e ai tempi di esecuzione. L\u2019azienda impiega giornalmente fino a 6000 Kg di materia prima.<\/p>\n\t\t\t\t\t<\/div>\n\t\t\t\t\t\t<\/div>\n\t\t\t\t<\/div>\n\t\t\t\t\t\t<\/div>\n\t\t\t\t\t<\/div>\n\t\t<\/div>\n\t\t\t\t<div class=\"elementor-column elementor-col-50 elementor-top-column elementor-element elementor-element-3ae98d0\" data-id=\"3ae98d0\" data-element_type=\"column\">\n\t\t\t<div class=\"elementor-column-wrap elementor-element-populated\">\n\t\t\t\t\t\t\t<div class=\"elementor-widget-wrap\">\n\t\t\t\t\t\t<div class=\"elementor-element elementor-element-2d84c5e elementor-widget elementor-widget-image\" data-id=\"2d84c5e\" data-element_type=\"widget\" data-widget_type=\"image.default\">\n\t\t\t\t<div class=\"elementor-widget-container\">\n\t\t\t\t\t\t\t\t<div class=\"elementor-image\">\n\t\t\t\t\t\t\t\t\t\t\t\t<img width=\"800\" height=\"533\" src=\"https:\/\/borflex-rex.ch\/wp-content\/uploads\/2019\/12\/production-1.jpg\" class=\"attachment-large size-large\" alt=\"\" loading=\"lazy\" srcset=\"https:\/\/borflex-rex.ch\/wp-content\/uploads\/2019\/12\/production-1.jpg 800w, https:\/\/borflex-rex.ch\/wp-content\/uploads\/2019\/12\/production-1-300x200.jpg 300w, https:\/\/borflex-rex.ch\/wp-content\/uploads\/2019\/12\/production-1-768x512.jpg 768w\" sizes=\"(max-width: 800px) 100vw, 800px\" \/>\t\t\t\t\t\t\t\t\t\t\t\t\t\t<\/div>\n\t\t\t\t\t\t<\/div>\n\t\t\t\t<\/div>\n\t\t\t\t\t\t<\/div>\n\t\t\t\t\t<\/div>\n\t\t<\/div>\n\t\t\t\t\t\t\t\t<\/div>\n\t\t\t\t\t<\/div>\n\t\t<\/section>\n\t\t\t\t<section class=\"elementor-section elementor-top-section elementor-element elementor-element-32938d5 elementor-section-boxed elementor-section-height-default elementor-section-height-default\" data-id=\"32938d5\" data-element_type=\"section\">\n\t\t\t\t\t\t<div class=\"elementor-container elementor-column-gap-default\">\n\t\t\t\t\t\t\t<div class=\"elementor-row\">\n\t\t\t\t\t<div class=\"elementor-column elementor-col-50 elementor-top-column elementor-element elementor-element-4e3eab9\" data-id=\"4e3eab9\" data-element_type=\"column\">\n\t\t\t<div class=\"elementor-column-wrap elementor-element-populated\">\n\t\t\t\t\t\t\t<div class=\"elementor-widget-wrap\">\n\t\t\t\t\t\t<div class=\"elementor-element elementor-element-23240cb elementor-widget elementor-widget-heading\" data-id=\"23240cb\" data-element_type=\"widget\" data-widget_type=\"heading.default\">\n\t\t\t\t<div class=\"elementor-widget-container\">\n\t\t\t<h3 class=\"elementor-heading-title elementor-size-default\">La vulcanizzazione e lo stampaggio<\/h3>\t\t<\/div>\n\t\t\t\t<\/div>\n\t\t\t\t<div class=\"elementor-element elementor-element-76ed6c3 elementor-widget elementor-widget-text-editor\" data-id=\"76ed6c3\" data-element_type=\"widget\" data-widget_type=\"text-editor.default\">\n\t\t\t\t<div class=\"elementor-widget-container\">\n\t\t\t\t\t\t\t\t<div class=\"elementor-text-editor elementor-clearfix\">\n\t\t\t\t<p>L\u2019azienda possiede una vasta gamma di macchinari per un processo ottimale di vulcanizzazione. Nello stampaggio a compressione, la REX Articoli Tecnici SA dispone di oltre una quarantina di presse con una forza di chiusura fino a 10000 KN e piani riscaldanti fino a 1,5 m. Le presse a compressione consentono la produzione di articoli di grande dimensione e con inserti metallici molto ingombranti. Per lo stampaggio ad iniezione, l\u2019azienda si avvale di macchine orizzontali e verticali fino ad una forza di chiusura di 6000 KN e una capacit\u00e0 d\u2019iniezione massima di 6 lt. I dati disponibili in ordine cronologico sono registrati centralmente e la produzione \u00e8 programmata e verificata con un sistema MRP. I dati sono registrati con codici a barre.<\/p>\n\t\t\t\t\t<\/div>\n\t\t\t\t\t\t<\/div>\n\t\t\t\t<\/div>\n\t\t\t\t<div class=\"elementor-element elementor-element-4799922 elementor-widget elementor-widget-heading\" data-id=\"4799922\" data-element_type=\"widget\" data-widget_type=\"heading.default\">\n\t\t\t\t<div class=\"elementor-widget-container\">\n\t\t\t<h3 class=\"elementor-heading-title elementor-size-default\">La rifinitura, il montaggio ed il controllo<\/h3>\t\t<\/div>\n\t\t\t\t<\/div>\n\t\t\t\t<div class=\"elementor-element elementor-element-b5875f0 elementor-widget elementor-widget-text-editor\" data-id=\"b5875f0\" data-element_type=\"widget\" data-widget_type=\"text-editor.default\">\n\t\t\t\t<div class=\"elementor-widget-container\">\n\t\t\t\t\t\t\t\t<div class=\"elementor-text-editor elementor-clearfix\">\n\t\t\t\t<p>La REX Articoli Tecnici SA ha a disposizione diversi sistemi di rifinitura degli articoli stampati su base criogenica; inoltre un reparto di lavaggio e controllo assicura una fornitura di elevata pulizia, soprattutto nel delicato settore alimentare. Il reparto montaggi fornisce sistemi premontati secondo le disposizioni ed esigenze del cliente.<\/p>\n\t\t\t\t\t<\/div>\n\t\t\t\t\t\t<\/div>\n\t\t\t\t<\/div>\n\t\t\t\t\t\t<\/div>\n\t\t\t\t\t<\/div>\n\t\t<\/div>\n\t\t\t\t<div class=\"elementor-column elementor-col-50 elementor-top-column elementor-element elementor-element-18a33dd\" data-id=\"18a33dd\" data-element_type=\"column\">\n\t\t\t<div class=\"elementor-column-wrap elementor-element-populated\">\n\t\t\t\t\t\t\t<div class=\"elementor-widget-wrap\">\n\t\t\t\t\t\t<div class=\"elementor-element elementor-element-7468b1b elementor-widget elementor-widget-image\" data-id=\"7468b1b\" data-element_type=\"widget\" data-widget_type=\"image.default\">\n\t\t\t\t<div class=\"elementor-widget-container\">\n\t\t\t\t\t\t\t\t<div class=\"elementor-image\">\n\t\t\t\t\t\t\t\t\t\t\t\t<img width=\"800\" height=\"533\" src=\"https:\/\/borflex-rex.ch\/wp-content\/uploads\/2019\/12\/production-2.jpg\" class=\"attachment-large size-large\" alt=\"\" loading=\"lazy\" srcset=\"https:\/\/borflex-rex.ch\/wp-content\/uploads\/2019\/12\/production-2.jpg 800w, https:\/\/borflex-rex.ch\/wp-content\/uploads\/2019\/12\/production-2-300x200.jpg 300w, https:\/\/borflex-rex.ch\/wp-content\/uploads\/2019\/12\/production-2-768x512.jpg 768w\" sizes=\"(max-width: 800px) 100vw, 800px\" \/>\t\t\t\t\t\t\t\t\t\t\t\t\t\t<\/div>\n\t\t\t\t\t\t<\/div>\n\t\t\t\t<\/div>\n\t\t\t\t\t\t<\/div>\n\t\t\t\t\t<\/div>\n\t\t<\/div>\n\t\t\t\t\t\t\t\t<\/div>\n\t\t\t\t\t<\/div>\n\t\t<\/section>\n\t\t\t\t\t\t<\/div>\n\t\t\t\t\t\t<\/div>\n\t\t\t\t\t<\/div>\n\t\t","protected":false},"excerpt":{"rendered":"<p>Produzione La fabbricazione si estende su di una superficie di circa 6000 mq. I processi esecutivi dell\u2019azienda si dividono in: mescolazione, vulcanizzazione e stampaggio (per compressione, a transfert ed a iniezione) e rifinitura, montaggio e controllo. La mescolazione Dopo un\u2019accurata selezione della materia, la mescola viene preparata sulla base di ricette sviluppate, omologate e verificate [&hellip;]<\/p>\n","protected":false},"author":22,"featured_media":0,"parent":0,"menu_order":0,"comment_status":"closed","ping_status":"closed","template":"","meta":[],"yoast_head":"<!-- This site is optimized with the Yoast SEO plugin v17.3 - https:\/\/yoast.com\/wordpress\/plugins\/seo\/ -->\n<title>Produzione<\/title>\n<meta name=\"description\" content=\"Produzione La fabbricazione si estende su di una superficie di circa 6000 mq. I processi esecutivi dell\u2019azienda si dividono in: mescolazione,\" \/>\n<meta name=\"robots\" content=\"index, follow, max-snippet:-1, max-image-preview:large, max-video-preview:-1\" \/>\n<link rel=\"canonical\" href=\"https:\/\/borflex-rex.ch\/it\/produzione-rex\/\" \/>\n<meta property=\"og:locale\" content=\"it_IT\" \/>\n<meta property=\"og:type\" content=\"article\" \/>\n<meta property=\"og:title\" content=\"Produzione\" \/>\n<meta property=\"og:description\" content=\"Produzione La fabbricazione si estende su di una superficie di circa 6000 mq. I processi esecutivi dell\u2019azienda si dividono in: mescolazione,\" \/>\n<meta property=\"og:url\" content=\"https:\/\/borflex-rex.ch\/it\/produzione-rex\/\" \/>\n<meta property=\"og:site_name\" content=\"REX Articoli Tecnici SA\" \/>\n<meta property=\"article:publisher\" content=\"https:\/\/www.facebook.com\/Rex-Articoli-Tecnici-SA-538626436317023\/?fref=ts\" \/>\n<meta property=\"article:modified_time\" content=\"2019-12-20T11:01:38+00:00\" \/>\n<meta property=\"og:image\" content=\"https:\/\/borflex-rex.ch\/wp-content\/uploads\/2019\/12\/production-1.jpg\" \/>\n<meta name=\"twitter:label1\" content=\"Tempo di lettura stimato\" \/>\n\t<meta name=\"twitter:data1\" content=\"2 minuti\" \/>\n<script type=\"application\/ld+json\" class=\"yoast-schema-graph\">{\"@context\":\"https:\/\/schema.org\",\"@graph\":[{\"@type\":\"Organization\",\"@id\":\"https:\/\/borflex-rex.ch\/de\/#organization\",\"name\":\"Borflex Rex SA\",\"url\":\"https:\/\/borflex-rex.ch\/de\/\",\"sameAs\":[\"https:\/\/www.facebook.com\/Rex-Articoli-Tecnici-SA-538626436317023\/?fref=ts\",\"https:\/\/www.linkedin.com\/company\/rex-articoli-tecnici-sa\",\"https:\/\/www.youtube.com\/channel\/UC5bX_Xfx-7axBmeRH-N7JXQ\"],\"logo\":{\"@type\":\"ImageObject\",\"@id\":\"https:\/\/borflex-rex.ch\/de\/#logo\",\"inLanguage\":\"it-IT\",\"url\":\"https:\/\/borflex-rex.ch\/wp-content\/uploads\/2016\/05\/Rex-Logo.png\",\"contentUrl\":\"https:\/\/borflex-rex.ch\/wp-content\/uploads\/2016\/05\/Rex-Logo.png\",\"width\":172,\"height\":50,\"caption\":\"Borflex Rex SA\"},\"image\":{\"@id\":\"https:\/\/borflex-rex.ch\/de\/#logo\"}},{\"@type\":\"WebSite\",\"@id\":\"https:\/\/borflex-rex.ch\/de\/#website\",\"url\":\"https:\/\/borflex-rex.ch\/de\/\",\"name\":\"Borflex Rex SA\",\"description\":\"\",\"publisher\":{\"@id\":\"https:\/\/borflex-rex.ch\/de\/#organization\"},\"potentialAction\":[{\"@type\":\"SearchAction\",\"target\":{\"@type\":\"EntryPoint\",\"urlTemplate\":\"https:\/\/borflex-rex.ch\/de\/?s={search_term_string}\"},\"query-input\":\"required name=search_term_string\"}],\"inLanguage\":\"it-IT\"},{\"@type\":\"ImageObject\",\"@id\":\"https:\/\/borflex-rex.ch\/it\/produzione-rex\/#primaryimage\",\"inLanguage\":\"it-IT\",\"url\":\"https:\/\/borflex-rex.ch\/wp-content\/uploads\/2019\/12\/production-1.jpg\",\"contentUrl\":\"https:\/\/borflex-rex.ch\/wp-content\/uploads\/2019\/12\/production-1.jpg\",\"width\":800,\"height\":533},{\"@type\":\"WebPage\",\"@id\":\"https:\/\/borflex-rex.ch\/it\/produzione-rex\/#webpage\",\"url\":\"https:\/\/borflex-rex.ch\/it\/produzione-rex\/\",\"name\":\"Produzione\",\"isPartOf\":{\"@id\":\"https:\/\/borflex-rex.ch\/de\/#website\"},\"primaryImageOfPage\":{\"@id\":\"https:\/\/borflex-rex.ch\/it\/produzione-rex\/#primaryimage\"},\"datePublished\":\"2019-12-20T10:47:27+00:00\",\"dateModified\":\"2019-12-20T11:01:38+00:00\",\"description\":\"Produzione La fabbricazione si estende su di una superficie di circa 6000 mq. I processi esecutivi dell\\u2019azienda si dividono in: mescolazione,\",\"breadcrumb\":{\"@id\":\"https:\/\/borflex-rex.ch\/it\/produzione-rex\/#breadcrumb\"},\"inLanguage\":\"it-IT\",\"potentialAction\":[{\"@type\":\"ReadAction\",\"target\":[\"https:\/\/borflex-rex.ch\/it\/produzione-rex\/\"]}]},{\"@type\":\"BreadcrumbList\",\"@id\":\"https:\/\/borflex-rex.ch\/it\/produzione-rex\/#breadcrumb\",\"itemListElement\":[{\"@type\":\"ListItem\",\"position\":1,\"name\":\"Home\",\"item\":\"https:\/\/borflex-rex.ch\/it\/\"},{\"@type\":\"ListItem\",\"position\":2,\"name\":\"Produzione\"}]}]}<\/script>\n<!-- \/ Yoast SEO plugin. -->","yoast_head_json":{"title":"Produzione","description":"Produzione La fabbricazione si estende su di una superficie di circa 6000 mq. I processi esecutivi dell\u2019azienda si dividono in: mescolazione,","robots":{"index":"index","follow":"follow","max-snippet":"max-snippet:-1","max-image-preview":"max-image-preview:large","max-video-preview":"max-video-preview:-1"},"canonical":"https:\/\/borflex-rex.ch\/it\/produzione-rex\/","og_locale":"it_IT","og_type":"article","og_title":"Produzione","og_description":"Produzione La fabbricazione si estende su di una superficie di circa 6000 mq. I processi esecutivi dell\u2019azienda si dividono in: mescolazione,","og_url":"https:\/\/borflex-rex.ch\/it\/produzione-rex\/","og_site_name":"REX Articoli Tecnici SA","article_publisher":"https:\/\/www.facebook.com\/Rex-Articoli-Tecnici-SA-538626436317023\/?fref=ts","article_modified_time":"2019-12-20T11:01:38+00:00","og_image":[{"url":"https:\/\/borflex-rex.ch\/wp-content\/uploads\/2019\/12\/production-1.jpg"}],"twitter_misc":{"Tempo di lettura stimato":"2 minuti"},"schema":{"@context":"https:\/\/schema.org","@graph":[{"@type":"Organization","@id":"https:\/\/borflex-rex.ch\/de\/#organization","name":"Borflex Rex SA","url":"https:\/\/borflex-rex.ch\/de\/","sameAs":["https:\/\/www.facebook.com\/Rex-Articoli-Tecnici-SA-538626436317023\/?fref=ts","https:\/\/www.linkedin.com\/company\/rex-articoli-tecnici-sa","https:\/\/www.youtube.com\/channel\/UC5bX_Xfx-7axBmeRH-N7JXQ"],"logo":{"@type":"ImageObject","@id":"https:\/\/borflex-rex.ch\/de\/#logo","inLanguage":"it-IT","url":"https:\/\/borflex-rex.ch\/wp-content\/uploads\/2016\/05\/Rex-Logo.png","contentUrl":"https:\/\/borflex-rex.ch\/wp-content\/uploads\/2016\/05\/Rex-Logo.png","width":172,"height":50,"caption":"Borflex Rex SA"},"image":{"@id":"https:\/\/borflex-rex.ch\/de\/#logo"}},{"@type":"WebSite","@id":"https:\/\/borflex-rex.ch\/de\/#website","url":"https:\/\/borflex-rex.ch\/de\/","name":"Borflex Rex SA","description":"","publisher":{"@id":"https:\/\/borflex-rex.ch\/de\/#organization"},"potentialAction":[{"@type":"SearchAction","target":{"@type":"EntryPoint","urlTemplate":"https:\/\/borflex-rex.ch\/de\/?s={search_term_string}"},"query-input":"required name=search_term_string"}],"inLanguage":"it-IT"},{"@type":"ImageObject","@id":"https:\/\/borflex-rex.ch\/it\/produzione-rex\/#primaryimage","inLanguage":"it-IT","url":"https:\/\/borflex-rex.ch\/wp-content\/uploads\/2019\/12\/production-1.jpg","contentUrl":"https:\/\/borflex-rex.ch\/wp-content\/uploads\/2019\/12\/production-1.jpg","width":800,"height":533},{"@type":"WebPage","@id":"https:\/\/borflex-rex.ch\/it\/produzione-rex\/#webpage","url":"https:\/\/borflex-rex.ch\/it\/produzione-rex\/","name":"Produzione","isPartOf":{"@id":"https:\/\/borflex-rex.ch\/de\/#website"},"primaryImageOfPage":{"@id":"https:\/\/borflex-rex.ch\/it\/produzione-rex\/#primaryimage"},"datePublished":"2019-12-20T10:47:27+00:00","dateModified":"2019-12-20T11:01:38+00:00","description":"Produzione La fabbricazione si estende su di una superficie di circa 6000 mq. I processi esecutivi dell\u2019azienda si dividono in: mescolazione,","breadcrumb":{"@id":"https:\/\/borflex-rex.ch\/it\/produzione-rex\/#breadcrumb"},"inLanguage":"it-IT","potentialAction":[{"@type":"ReadAction","target":["https:\/\/borflex-rex.ch\/it\/produzione-rex\/"]}]},{"@type":"BreadcrumbList","@id":"https:\/\/borflex-rex.ch\/it\/produzione-rex\/#breadcrumb","itemListElement":[{"@type":"ListItem","position":1,"name":"Home","item":"https:\/\/borflex-rex.ch\/it\/"},{"@type":"ListItem","position":2,"name":"Produzione"}]}]}},"_links":{"self":[{"href":"https:\/\/borflex-rex.ch\/it\/wp-json\/wp\/v2\/pages\/33695"}],"collection":[{"href":"https:\/\/borflex-rex.ch\/it\/wp-json\/wp\/v2\/pages"}],"about":[{"href":"https:\/\/borflex-rex.ch\/it\/wp-json\/wp\/v2\/types\/page"}],"author":[{"embeddable":true,"href":"https:\/\/borflex-rex.ch\/it\/wp-json\/wp\/v2\/users\/22"}],"replies":[{"embeddable":true,"href":"https:\/\/borflex-rex.ch\/it\/wp-json\/wp\/v2\/comments?post=33695"}],"version-history":[{"count":3,"href":"https:\/\/borflex-rex.ch\/it\/wp-json\/wp\/v2\/pages\/33695\/revisions"}],"predecessor-version":[{"id":33706,"href":"https:\/\/borflex-rex.ch\/it\/wp-json\/wp\/v2\/pages\/33695\/revisions\/33706"}],"wp:attachment":[{"href":"https:\/\/borflex-rex.ch\/it\/wp-json\/wp\/v2\/media?parent=33695"}],"curies":[{"name":"wp","href":"https:\/\/api.w.org\/{rel}","templated":true}]}}